{"id":380,"date":"2022-09-20T11:48:10","date_gmt":"2022-09-20T14:48:10","guid":{"rendered":"https:\/\/brasilsemalergia.com.br\/apoio_farmacia_popular\/?page_id=380"},"modified":"2023-03-07T15:20:18","modified_gmt":"2023-03-07T18:20:18","slug":"blog","status":"publish","type":"page","link":"https:\/\/brasilsemalergia.com.br\/loja_abbaa\/blog\/","title":{"rendered":"Blog"},"content":{"rendered":"\t\t<div data-elementor-type=\"wp-page\" data-elementor-id=\"380\" class=\"elementor elementor-380\" data-elementor-post-type=\"page\">\n\t\t\t\t\t\t<section class=\"elementor-section elementor-top-section elementor-element elementor-element-acdcab4 elementor-section-boxed elementor-section-height-default elementor-section-height-default wd-section-disabled\" data-id=\"acdcab4\" data-element_type=\"section\" data-settings=\"{&quot;background_background&quot;:&quot;classic&quot;}\">\n\t\t\t\t\t\t\t<div class=\"elementor-background-overlay\"><\/div>\n\t\t\t\t\t\t\t<div class=\"elementor-container elementor-column-gap-no\">\n\t\t\t\t\t<div class=\"elementor-column elementor-col-100 elementor-top-column elementor-element elementor-element-d1a362a\" data-id=\"d1a362a\" data-element_type=\"column\">\n\t\t\t<div class=\"elementor-widget-wrap elementor-element-populated\">\n\t\t\t\t\t\t\t<\/div>\n\t\t<\/div>\n\t\t\t\t\t<\/div>\n\t\t<\/section>\n\t\t\t\t<section class=\"elementor-section elementor-top-section elementor-element elementor-element-4acc740 elementor-section-boxed elementor-section-height-default elementor-section-height-default wd-section-disabled\" data-id=\"4acc740\" data-element_type=\"section\">\n\t\t\t\t\t\t<div class=\"elementor-container elementor-column-gap-no\">\n\t\t\t\t\t<div class=\"elementor-column elementor-col-100 elementor-top-column elementor-element elementor-element-cc44a9a\" data-id=\"cc44a9a\" data-element_type=\"column\">\n\t\t\t<div class=\"elementor-widget-wrap elementor-element-populated\">\n\t\t\t\t\t\t<div class=\"elementor-element elementor-element-86bc548 elementor-grid-3 elementor-grid-tablet-2 elementor-grid-mobile-1 elementor-posts--thumbnail-top elementor-invisible elementor-widget elementor-widget-posts\" data-id=\"86bc548\" data-element_type=\"widget\" data-settings=\"{&quot;classic_row_gap&quot;:{&quot;unit&quot;:&quot;px&quot;,&quot;size&quot;:&quot;40&quot;,&quot;sizes&quot;:[]},&quot;_animation&quot;:&quot;fadeInUp&quot;,&quot;classic_columns&quot;:&quot;3&quot;,&quot;classic_columns_tablet&quot;:&quot;2&quot;,&quot;classic_columns_mobile&quot;:&quot;1&quot;,&quot;classic_row_gap_tablet&quot;:{&quot;unit&quot;:&quot;px&quot;,&quot;size&quot;:&quot;&quot;,&quot;sizes&quot;:[]},&quot;classic_row_gap_mobile&quot;:{&quot;unit&quot;:&quot;px&quot;,&quot;size&quot;:&quot;&quot;,&quot;sizes&quot;:[]}}\" data-widget_type=\"posts.classic\">\n\t\t\t\t<div class=\"elementor-widget-container\">\n\t\t\t\t\t<div class=\"elementor-posts-container elementor-posts elementor-posts--skin-classic elementor-grid\">\n\t\t\t\t<article class=\"elementor-post elementor-grid-item post-14542 post type-post status-publish format-standard has-post-thumbnail hentry category-geral\">\n\t\t\t\t<a class=\"elementor-post__thumbnail__link\" href=\"https:\/\/brasilsemalergia.com.br\/loja_abbaa\/blog\/geral\/informacoes-importantes-sobre-dermatite-atopica\/\" tabindex=\"-1\" >\n\t\t\t<div class=\"elementor-post__thumbnail\"><img fetchpriority=\"high\" decoding=\"async\" width=\"768\" height=\"471\" src=\"https:\/\/brasilsemalergia.com.br\/loja_abbaa\/wp-content\/uploads\/2023\/06\/dermatite-atopica-768x471.jpeg\" class=\"attachment-medium_large size-medium_large wp-image-14983\" alt=\"Imagem de uma dermatite at\u00f3pica\" \/><\/div>\n\t\t<\/a>\n\t\t\t\t<div class=\"elementor-post__text\">\n\t\t\t\t<h4 class=\"elementor-post__title\">\n\t\t\t<a href=\"https:\/\/brasilsemalergia.com.br\/loja_abbaa\/blog\/geral\/informacoes-importantes-sobre-dermatite-atopica\/\" >\n\t\t\t\tTratamento de dermatite at\u00f3pica, veja essas informa\u00e7\u00f5es importantes\t\t\t<\/a>\n\t\t<\/h4>\n\t\t\t\t<div class=\"elementor-post__meta-data\">\n\t\t\t\t\t<span class=\"elementor-post-date\">\n\t\t\t21\/06\/2023\t\t<\/span>\n\t\t\t\t<span class=\"elementor-post-avatar\">\n\t\t\tNenhum coment\u00e1rio\t\t<\/span>\n\t\t\t\t<\/div>\n\t\t\t\t<\/div>\n\t\t\t\t<\/article>\n\t\t\t\t<article class=\"elementor-post elementor-grid-item post-392 post type-post status-publish format-standard has-post-thumbnail hentry category-geral\">\n\t\t\t\t<a class=\"elementor-post__thumbnail__link\" href=\"https:\/\/brasilsemalergia.com.br\/loja_abbaa\/blog\/geral\/instituto-estadual-do-ambiente-informou-que-vai-apurar-as-denuncias\/\" tabindex=\"-1\" >\n\t\t\t<div class=\"elementor-post__thumbnail\"><img decoding=\"async\" width=\"746\" height=\"411\" src=\"https:\/\/brasilsemalergia.com.br\/loja_abbaa\/wp-content\/uploads\/2022\/09\/pedreira.jpg\" class=\"attachment-medium_large size-medium_large wp-image-393\" alt=\"\" \/><\/div>\n\t\t<\/a>\n\t\t\t\t<div class=\"elementor-post__text\">\n\t\t\t\t<h4 class=\"elementor-post__title\">\n\t\t\t<a href=\"https:\/\/brasilsemalergia.com.br\/loja_abbaa\/blog\/geral\/instituto-estadual-do-ambiente-informou-que-vai-apurar-as-denuncias\/\" >\n\t\t\t\tInstituto Estadual do Ambiente informou que vai apurar as den\u00fancias\t\t\t<\/a>\n\t\t<\/h4>\n\t\t\t\t<div class=\"elementor-post__meta-data\">\n\t\t\t\t\t<span class=\"elementor-post-date\">\n\t\t\t20\/09\/2022\t\t<\/span>\n\t\t\t\t<span class=\"elementor-post-avatar\">\n\t\t\tNenhum coment\u00e1rio\t\t<\/span>\n\t\t\t\t<\/div>\n\t\t\t\t<\/div>\n\t\t\t\t<\/article>\n\t\t\t\t<article class=\"elementor-post elementor-grid-item post-334 post type-post status-publish format-standard has-post-thumbnail hentry category-geral\">\n\t\t\t\t<a class=\"elementor-post__thumbnail__link\" href=\"https:\/\/brasilsemalergia.com.br\/loja_abbaa\/blog\/geral\/iniciativa-pede-que-em-troca-pacientes-doem-medicamentos-que-serao-encaminhados-para-refugiados-da-ucrania-no-parana-atendimentos-gratuitos-devem-ser-agendados\/\" tabindex=\"-1\" >\n\t\t\t<div class=\"elementor-post__thumbnail\"><img decoding=\"async\" width=\"737\" height=\"507\" src=\"https:\/\/brasilsemalergia.com.br\/loja_abbaa\/wp-content\/uploads\/2022\/09\/mao.jpg\" class=\"attachment-medium_large size-medium_large wp-image-378\" alt=\"\" \/><\/div>\n\t\t<\/a>\n\t\t\t\t<div class=\"elementor-post__text\">\n\t\t\t\t<h4 class=\"elementor-post__title\">\n\t\t\t<a href=\"https:\/\/brasilsemalergia.com.br\/loja_abbaa\/blog\/geral\/iniciativa-pede-que-em-troca-pacientes-doem-medicamentos-que-serao-encaminhados-para-refugiados-da-ucrania-no-parana-atendimentos-gratuitos-devem-ser-agendados\/\" >\n\t\t\t\tIniciativa pede que, em troca, pacientes doem medicamentos, que ser\u00e3o encaminhados para refugiados da Ucr\u00e2nia no Paran\u00e1. Atendimentos gratuitos devem ser agendados.\t\t\t<\/a>\n\t\t<\/h4>\n\t\t\t\t<div class=\"elementor-post__meta-data\">\n\t\t\t\t\t<span class=\"elementor-post-date\">\n\t\t\t20\/09\/2022\t\t<\/span>\n\t\t\t\t<span class=\"elementor-post-avatar\">\n\t\t\tNenhum coment\u00e1rio\t\t<\/span>\n\t\t\t\t<\/div>\n\t\t\t\t<\/div>\n\t\t\t\t<\/article>\n\t\t\t\t<article class=\"elementor-post elementor-grid-item post-333 post type-post status-publish format-standard has-post-thumbnail hentry category-geral\">\n\t\t\t\t<a class=\"elementor-post__thumbnail__link\" href=\"https:\/\/brasilsemalergia.com.br\/loja_abbaa\/blog\/geral\/inverno-no-rio-de-janeiro-registra-dias-de-altas-temperaturas-e-baixa-umidade-do-ar-veja-os-cuidados-com-a-saude\/\" tabindex=\"-1\" >\n\t\t\t<div class=\"elementor-post__thumbnail\"><img loading=\"lazy\" decoding=\"async\" width=\"640\" height=\"360\" src=\"https:\/\/brasilsemalergia.com.br\/loja_abbaa\/wp-content\/uploads\/2022\/09\/praia.jpg\" class=\"attachment-medium_large size-medium_large wp-image-363\" alt=\"\" \/><\/div>\n\t\t<\/a>\n\t\t\t\t<div class=\"elementor-post__text\">\n\t\t\t\t<h4 class=\"elementor-post__title\">\n\t\t\t<a href=\"https:\/\/brasilsemalergia.com.br\/loja_abbaa\/blog\/geral\/inverno-no-rio-de-janeiro-registra-dias-de-altas-temperaturas-e-baixa-umidade-do-ar-veja-os-cuidados-com-a-saude\/\" >\n\t\t\t\tInverno no Rio de Janeiro registra dias de altas temperaturas e baixa umidade do ar;  veja os cuidados com a sa\u00fade\t\t\t<\/a>\n\t\t<\/h4>\n\t\t\t\t<div class=\"elementor-post__meta-data\">\n\t\t\t\t\t<span class=\"elementor-post-date\">\n\t\t\t20\/09\/2022\t\t<\/span>\n\t\t\t\t<span class=\"elementor-post-avatar\">\n\t\t\tNenhum coment\u00e1rio\t\t<\/span>\n\t\t\t\t<\/div>\n\t\t\t\t<\/div>\n\t\t\t\t<\/article>\n\t\t\t\t<article class=\"elementor-post elementor-grid-item post-332 post type-post status-publish format-standard has-post-thumbnail hentry category-geral\">\n\t\t\t\t<a class=\"elementor-post__thumbnail__link\" href=\"https:\/\/brasilsemalergia.com.br\/loja_abbaa\/blog\/geral\/criado-em-duque-de-caxias-brasil-sem-alergia-formaliza-acordo-de-cooperacao-com-com-phd-da-universidade-de-johns-hopkins-dos-eua\/\" tabindex=\"-1\" >\n\t\t\t<div class=\"elementor-post__thumbnail\"><img loading=\"lazy\" decoding=\"async\" width=\"768\" height=\"468\" src=\"https:\/\/brasilsemalergia.com.br\/loja_abbaa\/wp-content\/uploads\/2022\/09\/onibus-768x468.jpg\" class=\"attachment-medium_large size-medium_large wp-image-336\" alt=\"\" \/><\/div>\n\t\t<\/a>\n\t\t\t\t<div class=\"elementor-post__text\">\n\t\t\t\t<h4 class=\"elementor-post__title\">\n\t\t\t<a href=\"https:\/\/brasilsemalergia.com.br\/loja_abbaa\/blog\/geral\/criado-em-duque-de-caxias-brasil-sem-alergia-formaliza-acordo-de-cooperacao-com-com-phd-da-universidade-de-johns-hopkins-dos-eua\/\" >\n\t\t\t\tCriado em Duque de Caxias, Brasil Sem Alergia formaliza acordo de coopera\u00e7\u00e3o com com PhD da Universidade de Johns Hopkins, dos EUA\t\t\t<\/a>\n\t\t<\/h4>\n\t\t\t\t<div class=\"elementor-post__meta-data\">\n\t\t\t\t\t<span class=\"elementor-post-date\">\n\t\t\t20\/09\/2022\t\t<\/span>\n\t\t\t\t<span class=\"elementor-post-avatar\">\n\t\t\tNenhum coment\u00e1rio\t\t<\/span>\n\t\t\t\t<\/div>\n\t\t\t\t<\/div>\n\t\t\t\t<\/article>\n\t\t\t\t<\/div>\n\t\t\n\t\t\t\t<\/div>\n\t\t\t\t<\/div>\n\t\t\t\t\t<\/div>\n\t\t<\/div>\n\t\t\t\t\t<\/div>\n\t\t<\/section>\n\t\t\t\t<\/div>\n\t\t","protected":false},"excerpt":{"rendered":"<p>In\u00edcio<\/p>\n","protected":false},"author":1,"featured_media":0,"parent":0,"menu_order":0,"comment_status":"closed","ping_status":"closed","template":"","meta":{"footnotes":""},"class_list":["post-380","page","type-page","status-publish","hentry"],"yoast_head":"<!-- This site is optimized with the Yoast SEO plugin v22.7 - https:\/\/yoast.com\/wordpress\/plugins\/seo\/ -->\n<title>Blog - Loja Abbaa<\/title>\n<meta name=\"robots\" content=\"index, follow, max-snippet:-1, max-image-preview:large, max-video-preview:-1\" \/>\n<link rel=\"canonical\" href=\"https:\/\/brasilsemalergia.com.br\/loja_abbaa\/blog\/\" \/>\n<meta property=\"og:locale\" content=\"pt_BR\" \/>\n<meta property=\"og:type\" content=\"article\" \/>\n<meta property=\"og:title\" content=\"Blog - Loja Abbaa\" \/>\n<meta property=\"og:description\" content=\"In\u00edcio\" \/>\n<meta property=\"og:url\" content=\"https:\/\/brasilsemalergia.com.br\/loja_abbaa\/blog\/\" \/>\n<meta property=\"og:site_name\" content=\"Loja Abbaa\" \/>\n<meta property=\"article:modified_time\" content=\"2023-03-07T18:20:18+00:00\" \/>\n<meta name=\"twitter:card\" content=\"summary_large_image\" \/>\n<script type=\"application\/ld+json\" class=\"yoast-schema-graph\">{\"@context\":\"https:\/\/schema.org\",\"@graph\":[{\"@type\":\"WebPage\",\"@id\":\"https:\/\/brasilsemalergia.com.br\/loja_abbaa\/blog\/\",\"url\":\"https:\/\/brasilsemalergia.com.br\/loja_abbaa\/blog\/\",\"name\":\"Blog - Loja Abbaa\",\"isPartOf\":{\"@id\":\"https:\/\/brasilsemalergia.com.br\/loja_abbaa\/#website\"},\"datePublished\":\"2022-09-20T14:48:10+00:00\",\"dateModified\":\"2023-03-07T18:20:18+00:00\",\"breadcrumb\":{\"@id\":\"https:\/\/brasilsemalergia.com.br\/loja_abbaa\/blog\/#breadcrumb\"},\"inLanguage\":\"pt-BR\",\"potentialAction\":[{\"@type\":\"ReadAction\",\"target\":[\"https:\/\/brasilsemalergia.com.br\/loja_abbaa\/blog\/\"]}]},{\"@type\":\"BreadcrumbList\",\"@id\":\"https:\/\/brasilsemalergia.com.br\/loja_abbaa\/blog\/#breadcrumb\",\"itemListElement\":[{\"@type\":\"ListItem\",\"position\":1,\"name\":\"In\u00edcio\",\"item\":\"https:\/\/brasilsemalergia.com.br\/loja_abbaa\/\"},{\"@type\":\"ListItem\",\"position\":2,\"name\":\"Blog\"}]},{\"@type\":\"WebSite\",\"@id\":\"https:\/\/brasilsemalergia.com.br\/loja_abbaa\/#website\",\"url\":\"https:\/\/brasilsemalergia.com.br\/loja_abbaa\/\",\"name\":\"Loja Abbaa\",\"description\":\"\",\"publisher\":{\"@id\":\"https:\/\/brasilsemalergia.com.br\/loja_abbaa\/#organization\"},\"potentialAction\":[{\"@type\":\"SearchAction\",\"target\":{\"@type\":\"EntryPoint\",\"urlTemplate\":\"https:\/\/brasilsemalergia.com.br\/loja_abbaa\/?s={search_term_string}\"},\"query-input\":\"required name=search_term_string\"}],\"inLanguage\":\"pt-BR\"},{\"@type\":\"Organization\",\"@id\":\"https:\/\/brasilsemalergia.com.br\/loja_abbaa\/#organization\",\"name\":\"Loja Abbaa\",\"url\":\"https:\/\/brasilsemalergia.com.br\/loja_abbaa\/\",\"logo\":{\"@type\":\"ImageObject\",\"inLanguage\":\"pt-BR\",\"@id\":\"https:\/\/brasilsemalergia.com.br\/loja_abbaa\/#\/schema\/logo\/image\/\",\"url\":\"https:\/\/brasilsemalergia.com.br\/loja_abbaa\/wp-content\/uploads\/2023\/03\/logo-hor-site.png\",\"contentUrl\":\"https:\/\/brasilsemalergia.com.br\/loja_abbaa\/wp-content\/uploads\/2023\/03\/logo-hor-site.png\",\"width\":440,\"height\":120,\"caption\":\"Loja Abbaa\"},\"image\":{\"@id\":\"https:\/\/brasilsemalergia.com.br\/loja_abbaa\/#\/schema\/logo\/image\/\"}}]}<\/script>\n<!-- \/ Yoast SEO plugin. -->","yoast_head_json":{"title":"Blog - Loja Abbaa","robots":{"index":"index","follow":"follow","max-snippet":"max-snippet:-1","max-image-preview":"max-image-preview:large","max-video-preview":"max-video-preview:-1"},"canonical":"https:\/\/brasilsemalergia.com.br\/loja_abbaa\/blog\/","og_locale":"pt_BR","og_type":"article","og_title":"Blog - Loja Abbaa","og_description":"In\u00edcio","og_url":"https:\/\/brasilsemalergia.com.br\/loja_abbaa\/blog\/","og_site_name":"Loja Abbaa","article_modified_time":"2023-03-07T18:20:18+00:00","twitter_card":"summary_large_image","schema":{"@context":"https:\/\/schema.org","@graph":[{"@type":"WebPage","@id":"https:\/\/brasilsemalergia.com.br\/loja_abbaa\/blog\/","url":"https:\/\/brasilsemalergia.com.br\/loja_abbaa\/blog\/","name":"Blog - Loja Abbaa","isPartOf":{"@id":"https:\/\/brasilsemalergia.com.br\/loja_abbaa\/#website"},"datePublished":"2022-09-20T14:48:10+00:00","dateModified":"2023-03-07T18:20:18+00:00","breadcrumb":{"@id":"https:\/\/brasilsemalergia.com.br\/loja_abbaa\/blog\/#breadcrumb"},"inLanguage":"pt-BR","potentialAction":[{"@type":"ReadAction","target":["https:\/\/brasilsemalergia.com.br\/loja_abbaa\/blog\/"]}]},{"@type":"BreadcrumbList","@id":"https:\/\/brasilsemalergia.com.br\/loja_abbaa\/blog\/#breadcrumb","itemListElement":[{"@type":"ListItem","position":1,"name":"In\u00edcio","item":"https:\/\/brasilsemalergia.com.br\/loja_abbaa\/"},{"@type":"ListItem","position":2,"name":"Blog"}]},{"@type":"WebSite","@id":"https:\/\/brasilsemalergia.com.br\/loja_abbaa\/#website","url":"https:\/\/brasilsemalergia.com.br\/loja_abbaa\/","name":"Loja Abbaa","description":"","publisher":{"@id":"https:\/\/brasilsemalergia.com.br\/loja_abbaa\/#organization"},"potentialAction":[{"@type":"SearchAction","target":{"@type":"EntryPoint","urlTemplate":"https:\/\/brasilsemalergia.com.br\/loja_abbaa\/?s={search_term_string}"},"query-input":"required name=search_term_string"}],"inLanguage":"pt-BR"},{"@type":"Organization","@id":"https:\/\/brasilsemalergia.com.br\/loja_abbaa\/#organization","name":"Loja Abbaa","url":"https:\/\/brasilsemalergia.com.br\/loja_abbaa\/","logo":{"@type":"ImageObject","inLanguage":"pt-BR","@id":"https:\/\/brasilsemalergia.com.br\/loja_abbaa\/#\/schema\/logo\/image\/","url":"https:\/\/brasilsemalergia.com.br\/loja_abbaa\/wp-content\/uploads\/2023\/03\/logo-hor-site.png","contentUrl":"https:\/\/brasilsemalergia.com.br\/loja_abbaa\/wp-content\/uploads\/2023\/03\/logo-hor-site.png","width":440,"height":120,"caption":"Loja Abbaa"},"image":{"@id":"https:\/\/brasilsemalergia.com.br\/loja_abbaa\/#\/schema\/logo\/image\/"}}]}},"rttpg_featured_image_url":null,"rttpg_author":{"display_name":"admin","author_link":"https:\/\/brasilsemalergia.com.br\/loja_abbaa\/blog\/author\/admin\/"},"rttpg_comment":0,"rttpg_category":"","rttpg_excerpt":"In\u00edcio","_links":{"self":[{"href":"https:\/\/brasilsemalergia.com.br\/loja_abbaa\/wp-json\/wp\/v2\/pages\/380","targetHints":{"allow":["GET"]}}],"collection":[{"href":"https:\/\/brasilsemalergia.com.br\/loja_abbaa\/wp-json\/wp\/v2\/pages"}],"about":[{"href":"https:\/\/brasilsemalergia.com.br\/loja_abbaa\/wp-json\/wp\/v2\/types\/page"}],"author":[{"embeddable":true,"href":"https:\/\/brasilsemalergia.com.br\/loja_abbaa\/wp-json\/wp\/v2\/users\/1"}],"replies":[{"embeddable":true,"href":"https:\/\/brasilsemalergia.com.br\/loja_abbaa\/wp-json\/wp\/v2\/comments?post=380"}],"version-history":[{"count":0,"href":"https:\/\/brasilsemalergia.com.br\/loja_abbaa\/wp-json\/wp\/v2\/pages\/380\/revisions"}],"wp:attachment":[{"href":"https:\/\/brasilsemalergia.com.br\/loja_abbaa\/wp-json\/wp\/v2\/media?parent=380"}],"curies":[{"name":"wp","href":"https:\/\/api.w.org\/{rel}","templated":true}]}}