{"id":13908,"date":"2023-04-17T11:14:56","date_gmt":"2023-04-17T14:14:56","guid":{"rendered":"https:\/\/brasilsemalergia.com.br\/loja_abbaa\/?post_type=product&#038;p=13908"},"modified":"2023-09-06T14:40:48","modified_gmt":"2023-09-06T17:40:48","slug":"locao-hidratante-hipoalergenica-uso-diario","status":"publish","type":"product","link":"https:\/\/brasilsemalergia.com.br\/loja_abbaa\/ofertas\/locao-hidratante-hipoalergenica-uso-diario\/","title":{"rendered":"Lo\u00e7\u00e3o Hidratante Hipoalerg\u00eanica Uso Di\u00e1rio"},"content":{"rendered":"<p><em><strong>Benef\u00edcios<\/strong><\/em><\/p>\n<p>A\u00a0<strong>Lo\u00e7\u00e3o Hidratante Uso Di\u00e1rio<\/strong>\u00a0da Alergoshop \u00e9 indicada para uso p\u00f3s banho. Cont\u00e9m D-Pantenol (Pr\u00f3-Vitamina B5) e ess\u00eancia suave, n\u00e3o cont\u00e9m corantes e parabenos Seu toque delicado proporciona uma agrad\u00e1vel sensa\u00e7\u00e3o de suavidade e al\u00edvio para as peles com tend\u00eancia a dermatite at\u00f3pica. O D-Pantenol \u00e9 o respons\u00e1vel por seu poder hidratante e ajuda a manter a elasticidade da pele e conseq\u00fcentemente a prevenir o ressecamento e aparecimento de estrias.<\/p>\n<p><em><strong>Caracter\u00edsticas<\/strong><\/em><\/p>\n<p>\u2022 Hipoalergenico<\/p>\n<p>\u2022 Alanto\u00edna (anti-irritante, renova as c\u00e9lulas)<\/p>\n<p>\u2022 D-Pantenol (Pr\u00f3-Vitamina B5)<\/p>\n<p>\u2022 Efeito anti-inflamat\u00f3rio<\/p>\n<p>\u2022 Proporciona elasticidade a pele<\/p>\n<p>\u2022 Acalma a pele irritada<\/p>\n<p>\u2022 Livre de Parabenos.<\/p>\n<p><em><strong>Modo de Usar<\/strong><\/em><\/p>\n<p>Aplicar em todo o corpo ap\u00f3s o banho ou sempre que necess\u00e1rio.<\/p>\n<p><em><strong>Composi\u00e7\u00f5es<\/strong><\/em><\/p>\n<p>ARAFFINUM LIQUIDUM, LANOLIN ALCOHOL, PROPYLENE GLYCOL, CARBOMER, ALLANTOIN, TRETHANOLAMINE, PANTHENOL, PHENOXYETHANOL AND CAPRYLYL GLYCOL, CETEARYL ALCOHOL, CETEARETH-20, METHYL GLUCETH-10, AQUA, PARFUM, CINNAMYL ALCOHOL, COUMARIN, GERANIOL, HEXYL CINNAMAL, LINALOOL<\/p>\n","protected":false},"excerpt":{"rendered":"<p>Lo\u00e7\u00e3o Hidratante Uso Di\u00e1rio da Alergoshop. 140mL.<br \/>\n\u2022 Cruelty Free.<\/p>\n","protected":false},"featured_media":13910,"comment_status":"open","ping_status":"closed","template":"","meta":[],"product_cat":[47,50,45],"product_tag":[],"class_list":{"0":"post-13908","1":"product","2":"type-product","3":"status-publish","4":"has-post-thumbnail","6":"product_cat-hidratantes","7":"product_cat-ofertas","8":"product_cat-produtos-para-alergicos","10":"first","11":"instock","12":"sale","13":"shipping-taxable","14":"purchasable","15":"product-type-simple"},"yoast_head":"<!-- This site is optimized with the Yoast SEO plugin v22.7 - https:\/\/yoast.com\/wordpress\/plugins\/seo\/ -->\n<title>Lo\u00e7\u00e3o Hidratante Hipoalerg\u00eanica Uso Di\u00e1rio - Loja Abbaa<\/title>\n<meta name=\"robots\" content=\"index, follow, max-snippet:-1, max-image-preview:large, max-video-preview:-1\" \/>\n<link rel=\"canonical\" href=\"https:\/\/brasilsemalergia.com.br\/loja_abbaa\/ofertas\/locao-hidratante-hipoalergenica-uso-diario\/\" \/>\n<meta property=\"og:locale\" content=\"pt_BR\" \/>\n<meta property=\"og:type\" content=\"article\" \/>\n<meta property=\"og:title\" content=\"Lo\u00e7\u00e3o Hidratante Hipoalerg\u00eanica Uso Di\u00e1rio - Loja Abbaa\" \/>\n<meta property=\"og:description\" content=\"Lo\u00e7\u00e3o Hidratante Uso Di\u00e1rio da Alergoshop. 140mL. \u2022 Cruelty Free.\" \/>\n<meta property=\"og:url\" content=\"https:\/\/brasilsemalergia.com.br\/loja_abbaa\/ofertas\/locao-hidratante-hipoalergenica-uso-diario\/\" \/>\n<meta property=\"og:site_name\" content=\"Loja Abbaa\" \/>\n<meta property=\"article:modified_time\" content=\"2023-09-06T17:40:48+00:00\" \/>\n<meta property=\"og:image\" content=\"https:\/\/brasilsemalergia.com.br\/loja_abbaa\/wp-content\/uploads\/2023\/04\/Locao-Hidratante-Hipoalergenica-Uso-Diario-1.jpg\" \/>\n\t<meta property=\"og:image:width\" content=\"300\" \/>\n\t<meta property=\"og:image:height\" content=\"300\" \/>\n\t<meta property=\"og:image:type\" content=\"image\/jpeg\" \/>\n<meta name=\"twitter:card\" content=\"summary_large_image\" \/>\n<meta name=\"twitter:label1\" content=\"Est. tempo de leitura\" \/>\n\t<meta name=\"twitter:data1\" content=\"1 minuto\" \/>\n<script type=\"application\/ld+json\" class=\"yoast-schema-graph\">{\"@context\":\"https:\/\/schema.org\",\"@graph\":[{\"@type\":\"WebPage\",\"@id\":\"https:\/\/brasilsemalergia.com.br\/loja_abbaa\/ofertas\/locao-hidratante-hipoalergenica-uso-diario\/\",\"url\":\"https:\/\/brasilsemalergia.com.br\/loja_abbaa\/ofertas\/locao-hidratante-hipoalergenica-uso-diario\/\",\"name\":\"Lo\u00e7\u00e3o Hidratante Hipoalerg\u00eanica Uso Di\u00e1rio - Loja Abbaa\",\"isPartOf\":{\"@id\":\"https:\/\/brasilsemalergia.com.br\/loja_abbaa\/#website\"},\"primaryImageOfPage\":{\"@id\":\"https:\/\/brasilsemalergia.com.br\/loja_abbaa\/ofertas\/locao-hidratante-hipoalergenica-uso-diario\/#primaryimage\"},\"image\":{\"@id\":\"https:\/\/brasilsemalergia.com.br\/loja_abbaa\/ofertas\/locao-hidratante-hipoalergenica-uso-diario\/#primaryimage\"},\"thumbnailUrl\":\"https:\/\/brasilsemalergia.com.br\/loja_abbaa\/wp-content\/uploads\/2023\/04\/Locao-Hidratante-Hipoalergenica-Uso-Diario-1.jpg\",\"datePublished\":\"2023-04-17T14:14:56+00:00\",\"dateModified\":\"2023-09-06T17:40:48+00:00\",\"breadcrumb\":{\"@id\":\"https:\/\/brasilsemalergia.com.br\/loja_abbaa\/ofertas\/locao-hidratante-hipoalergenica-uso-diario\/#breadcrumb\"},\"inLanguage\":\"pt-BR\",\"potentialAction\":[{\"@type\":\"ReadAction\",\"target\":[\"https:\/\/brasilsemalergia.com.br\/loja_abbaa\/ofertas\/locao-hidratante-hipoalergenica-uso-diario\/\"]}]},{\"@type\":\"ImageObject\",\"inLanguage\":\"pt-BR\",\"@id\":\"https:\/\/brasilsemalergia.com.br\/loja_abbaa\/ofertas\/locao-hidratante-hipoalergenica-uso-diario\/#primaryimage\",\"url\":\"https:\/\/brasilsemalergia.com.br\/loja_abbaa\/wp-content\/uploads\/2023\/04\/Locao-Hidratante-Hipoalergenica-Uso-Diario-1.jpg\",\"contentUrl\":\"https:\/\/brasilsemalergia.com.br\/loja_abbaa\/wp-content\/uploads\/2023\/04\/Locao-Hidratante-Hipoalergenica-Uso-Diario-1.jpg\",\"width\":300,\"height\":300,\"caption\":\"Lo\u00e7\u00e3o Hidratante Hipoalerg\u00eanica Uso Di\u00e1rio\"},{\"@type\":\"BreadcrumbList\",\"@id\":\"https:\/\/brasilsemalergia.com.br\/loja_abbaa\/ofertas\/locao-hidratante-hipoalergenica-uso-diario\/#breadcrumb\",\"itemListElement\":[{\"@type\":\"ListItem\",\"position\":1,\"name\":\"In\u00edcio\",\"item\":\"https:\/\/brasilsemalergia.com.br\/loja_abbaa\/\"},{\"@type\":\"ListItem\",\"position\":2,\"name\":\"Loja\",\"item\":\"https:\/\/brasilsemalergia.com.br\/loja_abbaa\/\"},{\"@type\":\"ListItem\",\"position\":3,\"name\":\"Lo\u00e7\u00e3o Hidratante Hipoalerg\u00eanica Uso Di\u00e1rio\"}]},{\"@type\":\"WebSite\",\"@id\":\"https:\/\/brasilsemalergia.com.br\/loja_abbaa\/#website\",\"url\":\"https:\/\/brasilsemalergia.com.br\/loja_abbaa\/\",\"name\":\"Loja Abbaa\",\"description\":\"\",\"publisher\":{\"@id\":\"https:\/\/brasilsemalergia.com.br\/loja_abbaa\/#organization\"},\"potentialAction\":[{\"@type\":\"SearchAction\",\"target\":{\"@type\":\"EntryPoint\",\"urlTemplate\":\"https:\/\/brasilsemalergia.com.br\/loja_abbaa\/?s={search_term_string}\"},\"query-input\":\"required name=search_term_string\"}],\"inLanguage\":\"pt-BR\"},{\"@type\":\"Organization\",\"@id\":\"https:\/\/brasilsemalergia.com.br\/loja_abbaa\/#organization\",\"name\":\"Loja Abbaa\",\"url\":\"https:\/\/brasilsemalergia.com.br\/loja_abbaa\/\",\"logo\":{\"@type\":\"ImageObject\",\"inLanguage\":\"pt-BR\",\"@id\":\"https:\/\/brasilsemalergia.com.br\/loja_abbaa\/#\/schema\/logo\/image\/\",\"url\":\"https:\/\/brasilsemalergia.com.br\/loja_abbaa\/wp-content\/uploads\/2023\/03\/logo-hor-site.png\",\"contentUrl\":\"https:\/\/brasilsemalergia.com.br\/loja_abbaa\/wp-content\/uploads\/2023\/03\/logo-hor-site.png\",\"width\":440,\"height\":120,\"caption\":\"Loja Abbaa\"},\"image\":{\"@id\":\"https:\/\/brasilsemalergia.com.br\/loja_abbaa\/#\/schema\/logo\/image\/\"}}]}<\/script>\n<!-- \/ Yoast SEO plugin. -->","yoast_head_json":{"title":"Lo\u00e7\u00e3o Hidratante Hipoalerg\u00eanica Uso Di\u00e1rio - Loja Abbaa","robots":{"index":"index","follow":"follow","max-snippet":"max-snippet:-1","max-image-preview":"max-image-preview:large","max-video-preview":"max-video-preview:-1"},"canonical":"https:\/\/brasilsemalergia.com.br\/loja_abbaa\/ofertas\/locao-hidratante-hipoalergenica-uso-diario\/","og_locale":"pt_BR","og_type":"article","og_title":"Lo\u00e7\u00e3o Hidratante Hipoalerg\u00eanica Uso Di\u00e1rio - Loja Abbaa","og_description":"Lo\u00e7\u00e3o Hidratante Uso Di\u00e1rio da Alergoshop. 140mL. \u2022 Cruelty Free.","og_url":"https:\/\/brasilsemalergia.com.br\/loja_abbaa\/ofertas\/locao-hidratante-hipoalergenica-uso-diario\/","og_site_name":"Loja Abbaa","article_modified_time":"2023-09-06T17:40:48+00:00","og_image":[{"width":300,"height":300,"url":"https:\/\/brasilsemalergia.com.br\/loja_abbaa\/wp-content\/uploads\/2023\/04\/Locao-Hidratante-Hipoalergenica-Uso-Diario-1.jpg","type":"image\/jpeg"}],"twitter_card":"summary_large_image","twitter_misc":{"Est. tempo de leitura":"1 minuto"},"schema":{"@context":"https:\/\/schema.org","@graph":[{"@type":"WebPage","@id":"https:\/\/brasilsemalergia.com.br\/loja_abbaa\/ofertas\/locao-hidratante-hipoalergenica-uso-diario\/","url":"https:\/\/brasilsemalergia.com.br\/loja_abbaa\/ofertas\/locao-hidratante-hipoalergenica-uso-diario\/","name":"Lo\u00e7\u00e3o Hidratante Hipoalerg\u00eanica Uso Di\u00e1rio - Loja Abbaa","isPartOf":{"@id":"https:\/\/brasilsemalergia.com.br\/loja_abbaa\/#website"},"primaryImageOfPage":{"@id":"https:\/\/brasilsemalergia.com.br\/loja_abbaa\/ofertas\/locao-hidratante-hipoalergenica-uso-diario\/#primaryimage"},"image":{"@id":"https:\/\/brasilsemalergia.com.br\/loja_abbaa\/ofertas\/locao-hidratante-hipoalergenica-uso-diario\/#primaryimage"},"thumbnailUrl":"https:\/\/brasilsemalergia.com.br\/loja_abbaa\/wp-content\/uploads\/2023\/04\/Locao-Hidratante-Hipoalergenica-Uso-Diario-1.jpg","datePublished":"2023-04-17T14:14:56+00:00","dateModified":"2023-09-06T17:40:48+00:00","breadcrumb":{"@id":"https:\/\/brasilsemalergia.com.br\/loja_abbaa\/ofertas\/locao-hidratante-hipoalergenica-uso-diario\/#breadcrumb"},"inLanguage":"pt-BR","potentialAction":[{"@type":"ReadAction","target":["https:\/\/brasilsemalergia.com.br\/loja_abbaa\/ofertas\/locao-hidratante-hipoalergenica-uso-diario\/"]}]},{"@type":"ImageObject","inLanguage":"pt-BR","@id":"https:\/\/brasilsemalergia.com.br\/loja_abbaa\/ofertas\/locao-hidratante-hipoalergenica-uso-diario\/#primaryimage","url":"https:\/\/brasilsemalergia.com.br\/loja_abbaa\/wp-content\/uploads\/2023\/04\/Locao-Hidratante-Hipoalergenica-Uso-Diario-1.jpg","contentUrl":"https:\/\/brasilsemalergia.com.br\/loja_abbaa\/wp-content\/uploads\/2023\/04\/Locao-Hidratante-Hipoalergenica-Uso-Diario-1.jpg","width":300,"height":300,"caption":"Lo\u00e7\u00e3o Hidratante Hipoalerg\u00eanica Uso Di\u00e1rio"},{"@type":"BreadcrumbList","@id":"https:\/\/brasilsemalergia.com.br\/loja_abbaa\/ofertas\/locao-hidratante-hipoalergenica-uso-diario\/#breadcrumb","itemListElement":[{"@type":"ListItem","position":1,"name":"In\u00edcio","item":"https:\/\/brasilsemalergia.com.br\/loja_abbaa\/"},{"@type":"ListItem","position":2,"name":"Loja","item":"https:\/\/brasilsemalergia.com.br\/loja_abbaa\/"},{"@type":"ListItem","position":3,"name":"Lo\u00e7\u00e3o Hidratante Hipoalerg\u00eanica Uso Di\u00e1rio"}]},{"@type":"WebSite","@id":"https:\/\/brasilsemalergia.com.br\/loja_abbaa\/#website","url":"https:\/\/brasilsemalergia.com.br\/loja_abbaa\/","name":"Loja Abbaa","description":"","publisher":{"@id":"https:\/\/brasilsemalergia.com.br\/loja_abbaa\/#organization"},"potentialAction":[{"@type":"SearchAction","target":{"@type":"EntryPoint","urlTemplate":"https:\/\/brasilsemalergia.com.br\/loja_abbaa\/?s={search_term_string}"},"query-input":"required name=search_term_string"}],"inLanguage":"pt-BR"},{"@type":"Organization","@id":"https:\/\/brasilsemalergia.com.br\/loja_abbaa\/#organization","name":"Loja Abbaa","url":"https:\/\/brasilsemalergia.com.br\/loja_abbaa\/","logo":{"@type":"ImageObject","inLanguage":"pt-BR","@id":"https:\/\/brasilsemalergia.com.br\/loja_abbaa\/#\/schema\/logo\/image\/","url":"https:\/\/brasilsemalergia.com.br\/loja_abbaa\/wp-content\/uploads\/2023\/03\/logo-hor-site.png","contentUrl":"https:\/\/brasilsemalergia.com.br\/loja_abbaa\/wp-content\/uploads\/2023\/03\/logo-hor-site.png","width":440,"height":120,"caption":"Loja Abbaa"},"image":{"@id":"https:\/\/brasilsemalergia.com.br\/loja_abbaa\/#\/schema\/logo\/image\/"}}]}},"_links":{"self":[{"href":"https:\/\/brasilsemalergia.com.br\/loja_abbaa\/wp-json\/wp\/v2\/product\/13908","targetHints":{"allow":["GET"]}}],"collection":[{"href":"https:\/\/brasilsemalergia.com.br\/loja_abbaa\/wp-json\/wp\/v2\/product"}],"about":[{"href":"https:\/\/brasilsemalergia.com.br\/loja_abbaa\/wp-json\/wp\/v2\/types\/product"}],"replies":[{"embeddable":true,"href":"https:\/\/brasilsemalergia.com.br\/loja_abbaa\/wp-json\/wp\/v2\/comments?post=13908"}],"version-history":[{"count":0,"href":"https:\/\/brasilsemalergia.com.br\/loja_abbaa\/wp-json\/wp\/v2\/product\/13908\/revisions"}],"wp:featuredmedia":[{"embeddable":true,"href":"https:\/\/brasilsemalergia.com.br\/loja_abbaa\/wp-json\/wp\/v2\/media\/13910"}],"wp:attachment":[{"href":"https:\/\/brasilsemalergia.com.br\/loja_abbaa\/wp-json\/wp\/v2\/media?parent=13908"}],"wp:term":[{"taxonomy":"product_cat","embeddable":true,"href":"https:\/\/brasilsemalergia.com.br\/loja_abbaa\/wp-json\/wp\/v2\/product_cat?post=13908"},{"taxonomy":"product_tag","embeddable":true,"href":"https:\/\/brasilsemalergia.com.br\/loja_abbaa\/wp-json\/wp\/v2\/product_tag?post=13908"}],"curies":[{"name":"wp","href":"https:\/\/api.w.org\/{rel}","templated":true}]}}