{"id":13918,"date":"2023-04-17T12:10:10","date_gmt":"2023-04-17T15:10:10","guid":{"rendered":"https:\/\/brasilsemalergia.com.br\/loja_abbaa\/?post_type=product&#038;p=13918"},"modified":"2023-07-31T15:34:54","modified_gmt":"2023-07-31T18:34:54","slug":"gel-calmante-pos-picada-hipoalergenico-alivio-sting","status":"publish","type":"product","link":"https:\/\/brasilsemalergia.com.br\/loja_abbaa\/produtos-para-alergicos\/cuidados-com-a-pele\/gel-calmante-pos-picada-hipoalergenico-alivio-sting\/","title":{"rendered":"Gel Calmante P\u00f3s Picada Hipoalerg\u00eanico Alivio Sting"},"content":{"rendered":"<p><em><strong>Benef\u00edcios<\/strong><\/em><\/p>\n<p>O Gel p\u00f3s picada\u00a0<strong>Al\u00edvio Sting<\/strong>\u00a0da Alergoshop \u00e9 uma solu\u00e7\u00e3o em forma de gel que proporciona al\u00edvio para as coceiras, vermelhid\u00e3o e incha\u00e7o causados pelas picadas de insetos. Pr\u00e1tica embalagem de 15mL com v\u00e1lvula dosadora que proporciona aproximadamente 80 aplica\u00e7\u00f5es.<\/p>\n<p><em><strong>Caracter\u00edsticas<\/strong><\/em><\/p>\n<p><span style=\"font-family: var(--global-body-font-family);\">\u2022 Com Glicirrizinato Dipot\u00e1ssio &#8211; Potente anti-inflamat\u00f3rio extra\u00eddo do alca\u00e7uz;<\/span><\/p>\n<p>\u2022 Com \u00f3leo de melaleuca;<\/p>\n<p>\u2022 Ideal para uso em adultos e crian\u00e7as;<\/p>\n<p>\u2022 Al\u00edvio imediato da picada;<\/p>\n<p>\u2022 Calmante e refrescante;<\/p>\n<p>\u2022 Evita vermelhid\u00e3o e incha\u00e7o;<\/p>\n<p>\u2022 Auxilia na cicatriza\u00e7\u00e3o;<\/p>\n<p>\u2022 Livre de 95 subst\u00e2ncias potencialmente nocivas e alerg\u00eanicas.<\/p>\n<p><em><strong>Modo de usar<\/strong><\/em><\/p>\n<div class=\"wrap product-info\">\n<div class=\"content cf\">\n<div id=\"content-inside-modo-de-usar\" class=\"content-inside d-n\">\n<p>Aplicar uma gota sobre o local da picada.<\/p>\n<p><em><strong>Composi\u00e7\u00f5es<\/strong><\/em><\/p>\n<div class=\"wrap product-info\">\n<div class=\"content cf\">\n<div id=\"content-inside-composicoes\" class=\"content-inside d-n\">\n<p>CARBOMER, TRIETHANOLAMINE, PROPYLENE GLYCOL, PPG-5 \u2013 CETETH-20, PHENOXYETHANOL AND CAPRYLYL GLYCOL, MELALEUCA ALTERNIFOLIA LEAF OIL, DIPOTASSIUM GLYCYRRHIZATE, BIOSACCHARIDE GUM-1, AQUA<\/p>\n<\/div>\n<\/div>\n<\/div>\n<section>\n<div class=\"wrap clearfix\">\n<div class=\"col-20 product-carousel\"><\/div>\n<\/div>\n<\/section>\n<\/div>\n<\/div>\n<\/div>\n<section>\n<div class=\"wrap clearfix\">\n<div class=\"col-20 product-carousel\"><\/div>\n<\/div>\n<\/section>\n","protected":false},"excerpt":{"rendered":"<div class=\"wrap product-info\">\n<div class=\"content cf\">\n<div id=\"content-inside-composicoes\" class=\"content-inside d-n\">\n<p>Gel Calmante P\u00f3s Picada Alivio Sting da Alergoshop. Hipoalerg\u00eanico. 15mL.<br \/>\n\u2022 Vegano<br \/>\n\u2022 Cruelty Free<\/p>\n<\/div>\n<\/div>\n<\/div>\n<section>\n<div class=\"wrap clearfix\">\n<div class=\"col-20 product-carousel\"><\/div>\n<\/div>\n<\/section>\n","protected":false},"featured_media":13923,"comment_status":"open","ping_status":"closed","template":"","meta":[],"product_cat":[49,45],"product_tag":[],"class_list":{"0":"post-13918","1":"product","2":"type-product","3":"status-publish","4":"has-post-thumbnail","6":"product_cat-cuidados-com-a-pele","7":"product_cat-produtos-para-alergicos","9":"first","10":"outofstock","11":"sale","12":"featured","13":"shipping-taxable","14":"purchasable","15":"product-type-simple"},"yoast_head":"<!-- This site is optimized with the Yoast SEO plugin v22.7 - https:\/\/yoast.com\/wordpress\/plugins\/seo\/ -->\n<title>Gel Calmante P\u00f3s Picada Hipoalerg\u00eanico Alivio Sting - Loja Abbaa<\/title>\n<meta name=\"robots\" content=\"index, follow, max-snippet:-1, max-image-preview:large, max-video-preview:-1\" \/>\n<link rel=\"canonical\" href=\"https:\/\/brasilsemalergia.com.br\/loja_abbaa\/produtos-para-alergicos\/cuidados-com-a-pele\/gel-calmante-pos-picada-hipoalergenico-alivio-sting\/\" \/>\n<meta property=\"og:locale\" content=\"pt_BR\" \/>\n<meta property=\"og:type\" content=\"article\" \/>\n<meta property=\"og:title\" content=\"Gel Calmante P\u00f3s Picada Hipoalerg\u00eanico Alivio Sting - Loja Abbaa\" \/>\n<meta property=\"og:description\" content=\"Gel Calmante P\u00f3s Picada Alivio Sting da Alergoshop. Hipoalerg\u00eanico. 15mL. \u2022 Vegano \u2022 Cruelty Free\" \/>\n<meta property=\"og:url\" content=\"https:\/\/brasilsemalergia.com.br\/loja_abbaa\/produtos-para-alergicos\/cuidados-com-a-pele\/gel-calmante-pos-picada-hipoalergenico-alivio-sting\/\" \/>\n<meta property=\"og:site_name\" content=\"Loja Abbaa\" \/>\n<meta property=\"article:modified_time\" content=\"2023-07-31T18:34:54+00:00\" \/>\n<meta property=\"og:image\" content=\"https:\/\/brasilsemalergia.com.br\/loja_abbaa\/wp-content\/uploads\/2023\/04\/Alivio-sting.jpeg\" \/>\n\t<meta property=\"og:image:width\" content=\"300\" \/>\n\t<meta property=\"og:image:height\" content=\"300\" \/>\n\t<meta property=\"og:image:type\" content=\"image\/jpeg\" \/>\n<meta name=\"twitter:card\" content=\"summary_large_image\" \/>\n<meta name=\"twitter:label1\" content=\"Est. tempo de leitura\" \/>\n\t<meta name=\"twitter:data1\" content=\"1 minuto\" \/>\n<script type=\"application\/ld+json\" class=\"yoast-schema-graph\">{\"@context\":\"https:\/\/schema.org\",\"@graph\":[{\"@type\":\"WebPage\",\"@id\":\"https:\/\/brasilsemalergia.com.br\/loja_abbaa\/produtos-para-alergicos\/cuidados-com-a-pele\/gel-calmante-pos-picada-hipoalergenico-alivio-sting\/\",\"url\":\"https:\/\/brasilsemalergia.com.br\/loja_abbaa\/produtos-para-alergicos\/cuidados-com-a-pele\/gel-calmante-pos-picada-hipoalergenico-alivio-sting\/\",\"name\":\"Gel Calmante P\u00f3s Picada Hipoalerg\u00eanico Alivio Sting - Loja Abbaa\",\"isPartOf\":{\"@id\":\"https:\/\/brasilsemalergia.com.br\/loja_abbaa\/#website\"},\"primaryImageOfPage\":{\"@id\":\"https:\/\/brasilsemalergia.com.br\/loja_abbaa\/produtos-para-alergicos\/cuidados-com-a-pele\/gel-calmante-pos-picada-hipoalergenico-alivio-sting\/#primaryimage\"},\"image\":{\"@id\":\"https:\/\/brasilsemalergia.com.br\/loja_abbaa\/produtos-para-alergicos\/cuidados-com-a-pele\/gel-calmante-pos-picada-hipoalergenico-alivio-sting\/#primaryimage\"},\"thumbnailUrl\":\"https:\/\/brasilsemalergia.com.br\/loja_abbaa\/wp-content\/uploads\/2023\/04\/Alivio-sting.jpeg\",\"datePublished\":\"2023-04-17T15:10:10+00:00\",\"dateModified\":\"2023-07-31T18:34:54+00:00\",\"breadcrumb\":{\"@id\":\"https:\/\/brasilsemalergia.com.br\/loja_abbaa\/produtos-para-alergicos\/cuidados-com-a-pele\/gel-calmante-pos-picada-hipoalergenico-alivio-sting\/#breadcrumb\"},\"inLanguage\":\"pt-BR\",\"potentialAction\":[{\"@type\":\"ReadAction\",\"target\":[\"https:\/\/brasilsemalergia.com.br\/loja_abbaa\/produtos-para-alergicos\/cuidados-com-a-pele\/gel-calmante-pos-picada-hipoalergenico-alivio-sting\/\"]}]},{\"@type\":\"ImageObject\",\"inLanguage\":\"pt-BR\",\"@id\":\"https:\/\/brasilsemalergia.com.br\/loja_abbaa\/produtos-para-alergicos\/cuidados-com-a-pele\/gel-calmante-pos-picada-hipoalergenico-alivio-sting\/#primaryimage\",\"url\":\"https:\/\/brasilsemalergia.com.br\/loja_abbaa\/wp-content\/uploads\/2023\/04\/Alivio-sting.jpeg\",\"contentUrl\":\"https:\/\/brasilsemalergia.com.br\/loja_abbaa\/wp-content\/uploads\/2023\/04\/Alivio-sting.jpeg\",\"width\":300,\"height\":300},{\"@type\":\"BreadcrumbList\",\"@id\":\"https:\/\/brasilsemalergia.com.br\/loja_abbaa\/produtos-para-alergicos\/cuidados-com-a-pele\/gel-calmante-pos-picada-hipoalergenico-alivio-sting\/#breadcrumb\",\"itemListElement\":[{\"@type\":\"ListItem\",\"position\":1,\"name\":\"In\u00edcio\",\"item\":\"https:\/\/brasilsemalergia.com.br\/loja_abbaa\/\"},{\"@type\":\"ListItem\",\"position\":2,\"name\":\"Loja\",\"item\":\"https:\/\/brasilsemalergia.com.br\/loja_abbaa\/\"},{\"@type\":\"ListItem\",\"position\":3,\"name\":\"Gel Calmante P\u00f3s Picada Hipoalerg\u00eanico Alivio Sting\"}]},{\"@type\":\"WebSite\",\"@id\":\"https:\/\/brasilsemalergia.com.br\/loja_abbaa\/#website\",\"url\":\"https:\/\/brasilsemalergia.com.br\/loja_abbaa\/\",\"name\":\"Loja Abbaa\",\"description\":\"\",\"publisher\":{\"@id\":\"https:\/\/brasilsemalergia.com.br\/loja_abbaa\/#organization\"},\"potentialAction\":[{\"@type\":\"SearchAction\",\"target\":{\"@type\":\"EntryPoint\",\"urlTemplate\":\"https:\/\/brasilsemalergia.com.br\/loja_abbaa\/?s={search_term_string}\"},\"query-input\":\"required name=search_term_string\"}],\"inLanguage\":\"pt-BR\"},{\"@type\":\"Organization\",\"@id\":\"https:\/\/brasilsemalergia.com.br\/loja_abbaa\/#organization\",\"name\":\"Loja Abbaa\",\"url\":\"https:\/\/brasilsemalergia.com.br\/loja_abbaa\/\",\"logo\":{\"@type\":\"ImageObject\",\"inLanguage\":\"pt-BR\",\"@id\":\"https:\/\/brasilsemalergia.com.br\/loja_abbaa\/#\/schema\/logo\/image\/\",\"url\":\"https:\/\/brasilsemalergia.com.br\/loja_abbaa\/wp-content\/uploads\/2023\/03\/logo-hor-site.png\",\"contentUrl\":\"https:\/\/brasilsemalergia.com.br\/loja_abbaa\/wp-content\/uploads\/2023\/03\/logo-hor-site.png\",\"width\":440,\"height\":120,\"caption\":\"Loja Abbaa\"},\"image\":{\"@id\":\"https:\/\/brasilsemalergia.com.br\/loja_abbaa\/#\/schema\/logo\/image\/\"}}]}<\/script>\n<!-- \/ Yoast SEO plugin. -->","yoast_head_json":{"title":"Gel Calmante P\u00f3s Picada Hipoalerg\u00eanico Alivio Sting - Loja Abbaa","robots":{"index":"index","follow":"follow","max-snippet":"max-snippet:-1","max-image-preview":"max-image-preview:large","max-video-preview":"max-video-preview:-1"},"canonical":"https:\/\/brasilsemalergia.com.br\/loja_abbaa\/produtos-para-alergicos\/cuidados-com-a-pele\/gel-calmante-pos-picada-hipoalergenico-alivio-sting\/","og_locale":"pt_BR","og_type":"article","og_title":"Gel Calmante P\u00f3s Picada Hipoalerg\u00eanico Alivio Sting - Loja Abbaa","og_description":"Gel Calmante P\u00f3s Picada Alivio Sting da Alergoshop. Hipoalerg\u00eanico. 15mL. \u2022 Vegano \u2022 Cruelty Free","og_url":"https:\/\/brasilsemalergia.com.br\/loja_abbaa\/produtos-para-alergicos\/cuidados-com-a-pele\/gel-calmante-pos-picada-hipoalergenico-alivio-sting\/","og_site_name":"Loja Abbaa","article_modified_time":"2023-07-31T18:34:54+00:00","og_image":[{"width":300,"height":300,"url":"https:\/\/brasilsemalergia.com.br\/loja_abbaa\/wp-content\/uploads\/2023\/04\/Alivio-sting.jpeg","type":"image\/jpeg"}],"twitter_card":"summary_large_image","twitter_misc":{"Est. tempo de leitura":"1 minuto"},"schema":{"@context":"https:\/\/schema.org","@graph":[{"@type":"WebPage","@id":"https:\/\/brasilsemalergia.com.br\/loja_abbaa\/produtos-para-alergicos\/cuidados-com-a-pele\/gel-calmante-pos-picada-hipoalergenico-alivio-sting\/","url":"https:\/\/brasilsemalergia.com.br\/loja_abbaa\/produtos-para-alergicos\/cuidados-com-a-pele\/gel-calmante-pos-picada-hipoalergenico-alivio-sting\/","name":"Gel Calmante P\u00f3s Picada Hipoalerg\u00eanico Alivio Sting - Loja Abbaa","isPartOf":{"@id":"https:\/\/brasilsemalergia.com.br\/loja_abbaa\/#website"},"primaryImageOfPage":{"@id":"https:\/\/brasilsemalergia.com.br\/loja_abbaa\/produtos-para-alergicos\/cuidados-com-a-pele\/gel-calmante-pos-picada-hipoalergenico-alivio-sting\/#primaryimage"},"image":{"@id":"https:\/\/brasilsemalergia.com.br\/loja_abbaa\/produtos-para-alergicos\/cuidados-com-a-pele\/gel-calmante-pos-picada-hipoalergenico-alivio-sting\/#primaryimage"},"thumbnailUrl":"https:\/\/brasilsemalergia.com.br\/loja_abbaa\/wp-content\/uploads\/2023\/04\/Alivio-sting.jpeg","datePublished":"2023-04-17T15:10:10+00:00","dateModified":"2023-07-31T18:34:54+00:00","breadcrumb":{"@id":"https:\/\/brasilsemalergia.com.br\/loja_abbaa\/produtos-para-alergicos\/cuidados-com-a-pele\/gel-calmante-pos-picada-hipoalergenico-alivio-sting\/#breadcrumb"},"inLanguage":"pt-BR","potentialAction":[{"@type":"ReadAction","target":["https:\/\/brasilsemalergia.com.br\/loja_abbaa\/produtos-para-alergicos\/cuidados-com-a-pele\/gel-calmante-pos-picada-hipoalergenico-alivio-sting\/"]}]},{"@type":"ImageObject","inLanguage":"pt-BR","@id":"https:\/\/brasilsemalergia.com.br\/loja_abbaa\/produtos-para-alergicos\/cuidados-com-a-pele\/gel-calmante-pos-picada-hipoalergenico-alivio-sting\/#primaryimage","url":"https:\/\/brasilsemalergia.com.br\/loja_abbaa\/wp-content\/uploads\/2023\/04\/Alivio-sting.jpeg","contentUrl":"https:\/\/brasilsemalergia.com.br\/loja_abbaa\/wp-content\/uploads\/2023\/04\/Alivio-sting.jpeg","width":300,"height":300},{"@type":"BreadcrumbList","@id":"https:\/\/brasilsemalergia.com.br\/loja_abbaa\/produtos-para-alergicos\/cuidados-com-a-pele\/gel-calmante-pos-picada-hipoalergenico-alivio-sting\/#breadcrumb","itemListElement":[{"@type":"ListItem","position":1,"name":"In\u00edcio","item":"https:\/\/brasilsemalergia.com.br\/loja_abbaa\/"},{"@type":"ListItem","position":2,"name":"Loja","item":"https:\/\/brasilsemalergia.com.br\/loja_abbaa\/"},{"@type":"ListItem","position":3,"name":"Gel Calmante P\u00f3s Picada Hipoalerg\u00eanico Alivio Sting"}]},{"@type":"WebSite","@id":"https:\/\/brasilsemalergia.com.br\/loja_abbaa\/#website","url":"https:\/\/brasilsemalergia.com.br\/loja_abbaa\/","name":"Loja Abbaa","description":"","publisher":{"@id":"https:\/\/brasilsemalergia.com.br\/loja_abbaa\/#organization"},"potentialAction":[{"@type":"SearchAction","target":{"@type":"EntryPoint","urlTemplate":"https:\/\/brasilsemalergia.com.br\/loja_abbaa\/?s={search_term_string}"},"query-input":"required name=search_term_string"}],"inLanguage":"pt-BR"},{"@type":"Organization","@id":"https:\/\/brasilsemalergia.com.br\/loja_abbaa\/#organization","name":"Loja Abbaa","url":"https:\/\/brasilsemalergia.com.br\/loja_abbaa\/","logo":{"@type":"ImageObject","inLanguage":"pt-BR","@id":"https:\/\/brasilsemalergia.com.br\/loja_abbaa\/#\/schema\/logo\/image\/","url":"https:\/\/brasilsemalergia.com.br\/loja_abbaa\/wp-content\/uploads\/2023\/03\/logo-hor-site.png","contentUrl":"https:\/\/brasilsemalergia.com.br\/loja_abbaa\/wp-content\/uploads\/2023\/03\/logo-hor-site.png","width":440,"height":120,"caption":"Loja Abbaa"},"image":{"@id":"https:\/\/brasilsemalergia.com.br\/loja_abbaa\/#\/schema\/logo\/image\/"}}]}},"_links":{"self":[{"href":"https:\/\/brasilsemalergia.com.br\/loja_abbaa\/wp-json\/wp\/v2\/product\/13918","targetHints":{"allow":["GET"]}}],"collection":[{"href":"https:\/\/brasilsemalergia.com.br\/loja_abbaa\/wp-json\/wp\/v2\/product"}],"about":[{"href":"https:\/\/brasilsemalergia.com.br\/loja_abbaa\/wp-json\/wp\/v2\/types\/product"}],"replies":[{"embeddable":true,"href":"https:\/\/brasilsemalergia.com.br\/loja_abbaa\/wp-json\/wp\/v2\/comments?post=13918"}],"version-history":[{"count":0,"href":"https:\/\/brasilsemalergia.com.br\/loja_abbaa\/wp-json\/wp\/v2\/product\/13918\/revisions"}],"wp:featuredmedia":[{"embeddable":true,"href":"https:\/\/brasilsemalergia.com.br\/loja_abbaa\/wp-json\/wp\/v2\/media\/13923"}],"wp:attachment":[{"href":"https:\/\/brasilsemalergia.com.br\/loja_abbaa\/wp-json\/wp\/v2\/media?parent=13918"}],"wp:term":[{"taxonomy":"product_cat","embeddable":true,"href":"https:\/\/brasilsemalergia.com.br\/loja_abbaa\/wp-json\/wp\/v2\/product_cat?post=13918"},{"taxonomy":"product_tag","embeddable":true,"href":"https:\/\/brasilsemalergia.com.br\/loja_abbaa\/wp-json\/wp\/v2\/product_tag?post=13918"}],"curies":[{"name":"wp","href":"https:\/\/api.w.org\/{rel}","templated":true}]}}