{"id":13942,"date":"2023-04-17T13:34:38","date_gmt":"2023-04-17T16:34:38","guid":{"rendered":"https:\/\/brasilsemalergia.com.br\/loja_abbaa\/?post_type=product&#038;p=13942"},"modified":"2023-07-31T15:34:53","modified_gmt":"2023-07-31T18:34:53","slug":"condicionador-hipoalergenico-nossos-amores","status":"publish","type":"product","link":"https:\/\/brasilsemalergia.com.br\/loja_abbaa\/produtos-para-alergicos\/higiene\/condicionador-hipoalergenico-nossos-amores\/","title":{"rendered":"Condicionador Hipoalerg\u00eanico Nossos Amores"},"content":{"rendered":"<p><strong><em>Benef\u00edcio<\/em><\/strong><\/p>\n<p>O Condicionador Nossos Amores Alergoshop foi desenvolvido pensando nas necessidades da pele delicada dos beb\u00eas e dos idosos, por isso cont\u00e9m \u00f3leo de manga, que confere brilho e maciez inigual\u00e1veis aos cabelos sem deix\u00e1-los pesados ou oleosos. Cont\u00e9m um complexo de prote\u00ednas de cereais (aveia e trigo) e am\u00eandoas, que hidrata e protege, deixando o cabelo mais macio e f\u00e1cil de pentear. F\u00f3rmula suave, pode ser usado diariamente em todos os tipos de cabelo.<\/p>\n<p>&nbsp;<\/p>\n<p><strong><em>Caracter\u00edsticas<\/em><\/strong><\/p>\n<ul>\n<li>Pode ser usado em rec\u00e9m-nascidos;<\/li>\n<li>Hipoalerg\u00eanico;<\/li>\n<li>Livre de 105 subst\u00e2ncias (como o Lauril);<\/li>\n<li>Tampa disc-top para facilitar o manuseio;<\/li>\n<li>Com Cereal \u201cMilk\u201d (Trigo, Aveia e Am\u00eandoas);<\/li>\n<li>Diminui a irrita\u00e7\u00e3o dos tensoativos;<\/li>\n<li>\u00d3leo de Manga;<\/li>\n<li>Favorece a renova\u00e7\u00e3o do couro cabeludo;<\/li>\n<li>pH neutro;<\/li>\n<li>Fragr\u00e2ncia livre de alerg\u00eanicos.<\/li>\n<\/ul>\n<p><strong><em>\u00a0<\/em><\/strong><\/p>\n<p><strong><em>Composi\u00e7\u00f5es<\/em><\/strong><\/p>\n<p><strong><em>\u00a0<\/em><\/strong><\/p>\n<p>Aqua, Cetyl Alcohol, Glycerin, Cetearyl Alcohol, Cetrimonium Chloride, Behentrimonium Methosulfate, Polyquaternium-10, Phenoxyethanol, Mang\u00edfera Indica Seed Oil, Caprylyl Glycol, Parfum, Hydrolyzed Wheat Protein, Avena Sativa Protein Extract, Prunus Amygdalus Dulcis Protein, Citric Acid, Sodium Stearate, Sodium chloride.<\/p>\n","protected":false},"excerpt":{"rendered":"<div>Condicionador Hipoalerg\u00eanico Nossos Amores. 200mL.<\/div>\n<ul>\n<li>Livre de 105 subst\u00e2ncias alerg\u00eanicas<\/li>\n<li>Vegano<\/li>\n<li>Cruelty Free<\/li>\n<\/ul>\n","protected":false},"featured_media":13943,"comment_status":"open","ping_status":"closed","template":"","meta":[],"product_cat":[51,50,45],"product_tag":[],"class_list":{"0":"post-13942","1":"product","2":"type-product","3":"status-publish","4":"has-post-thumbnail","6":"product_cat-higiene","7":"product_cat-ofertas","8":"product_cat-produtos-para-alergicos","10":"first","11":"outofstock","12":"sale","13":"shipping-taxable","14":"purchasable","15":"product-type-simple"},"yoast_head":"<!-- This site is optimized with the Yoast SEO plugin v22.7 - https:\/\/yoast.com\/wordpress\/plugins\/seo\/ -->\n<title>Condicionador Hipoalerg\u00eanico Nossos Amores - Loja Abbaa<\/title>\n<meta name=\"robots\" content=\"index, follow, max-snippet:-1, max-image-preview:large, max-video-preview:-1\" \/>\n<link rel=\"canonical\" href=\"https:\/\/brasilsemalergia.com.br\/loja_abbaa\/produtos-para-alergicos\/higiene\/condicionador-hipoalergenico-nossos-amores\/\" \/>\n<meta property=\"og:locale\" content=\"pt_BR\" \/>\n<meta property=\"og:type\" content=\"article\" \/>\n<meta property=\"og:title\" content=\"Condicionador Hipoalerg\u00eanico Nossos Amores - Loja Abbaa\" \/>\n<meta property=\"og:description\" content=\"Condicionador Hipoalerg\u00eanico Nossos Amores. 200mL.   Livre de 105 subst\u00e2ncias alerg\u00eanicas  Vegano  Cruelty Free\" \/>\n<meta property=\"og:url\" content=\"https:\/\/brasilsemalergia.com.br\/loja_abbaa\/produtos-para-alergicos\/higiene\/condicionador-hipoalergenico-nossos-amores\/\" \/>\n<meta property=\"og:site_name\" content=\"Loja Abbaa\" \/>\n<meta property=\"article:modified_time\" content=\"2023-07-31T18:34:53+00:00\" \/>\n<meta property=\"og:image\" content=\"https:\/\/brasilsemalergia.com.br\/loja_abbaa\/wp-content\/uploads\/2023\/04\/Condicionador-Hipoalergenico-Nossos-Amores.jpeg\" \/>\n\t<meta property=\"og:image:width\" content=\"300\" \/>\n\t<meta property=\"og:image:height\" content=\"300\" \/>\n\t<meta property=\"og:image:type\" content=\"image\/jpeg\" \/>\n<meta name=\"twitter:card\" content=\"summary_large_image\" \/>\n<meta name=\"twitter:label1\" content=\"Est. tempo de leitura\" \/>\n\t<meta name=\"twitter:data1\" content=\"1 minuto\" \/>\n<script type=\"application\/ld+json\" class=\"yoast-schema-graph\">{\"@context\":\"https:\/\/schema.org\",\"@graph\":[{\"@type\":\"WebPage\",\"@id\":\"https:\/\/brasilsemalergia.com.br\/loja_abbaa\/produtos-para-alergicos\/higiene\/condicionador-hipoalergenico-nossos-amores\/\",\"url\":\"https:\/\/brasilsemalergia.com.br\/loja_abbaa\/produtos-para-alergicos\/higiene\/condicionador-hipoalergenico-nossos-amores\/\",\"name\":\"Condicionador Hipoalerg\u00eanico Nossos Amores - Loja Abbaa\",\"isPartOf\":{\"@id\":\"https:\/\/brasilsemalergia.com.br\/loja_abbaa\/#website\"},\"primaryImageOfPage\":{\"@id\":\"https:\/\/brasilsemalergia.com.br\/loja_abbaa\/produtos-para-alergicos\/higiene\/condicionador-hipoalergenico-nossos-amores\/#primaryimage\"},\"image\":{\"@id\":\"https:\/\/brasilsemalergia.com.br\/loja_abbaa\/produtos-para-alergicos\/higiene\/condicionador-hipoalergenico-nossos-amores\/#primaryimage\"},\"thumbnailUrl\":\"https:\/\/brasilsemalergia.com.br\/loja_abbaa\/wp-content\/uploads\/2023\/04\/Condicionador-Hipoalergenico-Nossos-Amores.jpeg\",\"datePublished\":\"2023-04-17T16:34:38+00:00\",\"dateModified\":\"2023-07-31T18:34:53+00:00\",\"breadcrumb\":{\"@id\":\"https:\/\/brasilsemalergia.com.br\/loja_abbaa\/produtos-para-alergicos\/higiene\/condicionador-hipoalergenico-nossos-amores\/#breadcrumb\"},\"inLanguage\":\"pt-BR\",\"potentialAction\":[{\"@type\":\"ReadAction\",\"target\":[\"https:\/\/brasilsemalergia.com.br\/loja_abbaa\/produtos-para-alergicos\/higiene\/condicionador-hipoalergenico-nossos-amores\/\"]}]},{\"@type\":\"ImageObject\",\"inLanguage\":\"pt-BR\",\"@id\":\"https:\/\/brasilsemalergia.com.br\/loja_abbaa\/produtos-para-alergicos\/higiene\/condicionador-hipoalergenico-nossos-amores\/#primaryimage\",\"url\":\"https:\/\/brasilsemalergia.com.br\/loja_abbaa\/wp-content\/uploads\/2023\/04\/Condicionador-Hipoalergenico-Nossos-Amores.jpeg\",\"contentUrl\":\"https:\/\/brasilsemalergia.com.br\/loja_abbaa\/wp-content\/uploads\/2023\/04\/Condicionador-Hipoalergenico-Nossos-Amores.jpeg\",\"width\":300,\"height\":300},{\"@type\":\"BreadcrumbList\",\"@id\":\"https:\/\/brasilsemalergia.com.br\/loja_abbaa\/produtos-para-alergicos\/higiene\/condicionador-hipoalergenico-nossos-amores\/#breadcrumb\",\"itemListElement\":[{\"@type\":\"ListItem\",\"position\":1,\"name\":\"In\u00edcio\",\"item\":\"https:\/\/brasilsemalergia.com.br\/loja_abbaa\/\"},{\"@type\":\"ListItem\",\"position\":2,\"name\":\"Loja\",\"item\":\"https:\/\/brasilsemalergia.com.br\/loja_abbaa\/\"},{\"@type\":\"ListItem\",\"position\":3,\"name\":\"Condicionador Hipoalerg\u00eanico Nossos Amores\"}]},{\"@type\":\"WebSite\",\"@id\":\"https:\/\/brasilsemalergia.com.br\/loja_abbaa\/#website\",\"url\":\"https:\/\/brasilsemalergia.com.br\/loja_abbaa\/\",\"name\":\"Loja Abbaa\",\"description\":\"\",\"publisher\":{\"@id\":\"https:\/\/brasilsemalergia.com.br\/loja_abbaa\/#organization\"},\"potentialAction\":[{\"@type\":\"SearchAction\",\"target\":{\"@type\":\"EntryPoint\",\"urlTemplate\":\"https:\/\/brasilsemalergia.com.br\/loja_abbaa\/?s={search_term_string}\"},\"query-input\":\"required name=search_term_string\"}],\"inLanguage\":\"pt-BR\"},{\"@type\":\"Organization\",\"@id\":\"https:\/\/brasilsemalergia.com.br\/loja_abbaa\/#organization\",\"name\":\"Loja Abbaa\",\"url\":\"https:\/\/brasilsemalergia.com.br\/loja_abbaa\/\",\"logo\":{\"@type\":\"ImageObject\",\"inLanguage\":\"pt-BR\",\"@id\":\"https:\/\/brasilsemalergia.com.br\/loja_abbaa\/#\/schema\/logo\/image\/\",\"url\":\"https:\/\/brasilsemalergia.com.br\/loja_abbaa\/wp-content\/uploads\/2023\/03\/logo-hor-site.png\",\"contentUrl\":\"https:\/\/brasilsemalergia.com.br\/loja_abbaa\/wp-content\/uploads\/2023\/03\/logo-hor-site.png\",\"width\":440,\"height\":120,\"caption\":\"Loja Abbaa\"},\"image\":{\"@id\":\"https:\/\/brasilsemalergia.com.br\/loja_abbaa\/#\/schema\/logo\/image\/\"}}]}<\/script>\n<!-- \/ Yoast SEO plugin. -->","yoast_head_json":{"title":"Condicionador Hipoalerg\u00eanico Nossos Amores - Loja Abbaa","robots":{"index":"index","follow":"follow","max-snippet":"max-snippet:-1","max-image-preview":"max-image-preview:large","max-video-preview":"max-video-preview:-1"},"canonical":"https:\/\/brasilsemalergia.com.br\/loja_abbaa\/produtos-para-alergicos\/higiene\/condicionador-hipoalergenico-nossos-amores\/","og_locale":"pt_BR","og_type":"article","og_title":"Condicionador Hipoalerg\u00eanico Nossos Amores - Loja Abbaa","og_description":"Condicionador Hipoalerg\u00eanico Nossos Amores. 200mL.   Livre de 105 subst\u00e2ncias alerg\u00eanicas  Vegano  Cruelty Free","og_url":"https:\/\/brasilsemalergia.com.br\/loja_abbaa\/produtos-para-alergicos\/higiene\/condicionador-hipoalergenico-nossos-amores\/","og_site_name":"Loja Abbaa","article_modified_time":"2023-07-31T18:34:53+00:00","og_image":[{"width":300,"height":300,"url":"https:\/\/brasilsemalergia.com.br\/loja_abbaa\/wp-content\/uploads\/2023\/04\/Condicionador-Hipoalergenico-Nossos-Amores.jpeg","type":"image\/jpeg"}],"twitter_card":"summary_large_image","twitter_misc":{"Est. tempo de leitura":"1 minuto"},"schema":{"@context":"https:\/\/schema.org","@graph":[{"@type":"WebPage","@id":"https:\/\/brasilsemalergia.com.br\/loja_abbaa\/produtos-para-alergicos\/higiene\/condicionador-hipoalergenico-nossos-amores\/","url":"https:\/\/brasilsemalergia.com.br\/loja_abbaa\/produtos-para-alergicos\/higiene\/condicionador-hipoalergenico-nossos-amores\/","name":"Condicionador Hipoalerg\u00eanico Nossos Amores - Loja Abbaa","isPartOf":{"@id":"https:\/\/brasilsemalergia.com.br\/loja_abbaa\/#website"},"primaryImageOfPage":{"@id":"https:\/\/brasilsemalergia.com.br\/loja_abbaa\/produtos-para-alergicos\/higiene\/condicionador-hipoalergenico-nossos-amores\/#primaryimage"},"image":{"@id":"https:\/\/brasilsemalergia.com.br\/loja_abbaa\/produtos-para-alergicos\/higiene\/condicionador-hipoalergenico-nossos-amores\/#primaryimage"},"thumbnailUrl":"https:\/\/brasilsemalergia.com.br\/loja_abbaa\/wp-content\/uploads\/2023\/04\/Condicionador-Hipoalergenico-Nossos-Amores.jpeg","datePublished":"2023-04-17T16:34:38+00:00","dateModified":"2023-07-31T18:34:53+00:00","breadcrumb":{"@id":"https:\/\/brasilsemalergia.com.br\/loja_abbaa\/produtos-para-alergicos\/higiene\/condicionador-hipoalergenico-nossos-amores\/#breadcrumb"},"inLanguage":"pt-BR","potentialAction":[{"@type":"ReadAction","target":["https:\/\/brasilsemalergia.com.br\/loja_abbaa\/produtos-para-alergicos\/higiene\/condicionador-hipoalergenico-nossos-amores\/"]}]},{"@type":"ImageObject","inLanguage":"pt-BR","@id":"https:\/\/brasilsemalergia.com.br\/loja_abbaa\/produtos-para-alergicos\/higiene\/condicionador-hipoalergenico-nossos-amores\/#primaryimage","url":"https:\/\/brasilsemalergia.com.br\/loja_abbaa\/wp-content\/uploads\/2023\/04\/Condicionador-Hipoalergenico-Nossos-Amores.jpeg","contentUrl":"https:\/\/brasilsemalergia.com.br\/loja_abbaa\/wp-content\/uploads\/2023\/04\/Condicionador-Hipoalergenico-Nossos-Amores.jpeg","width":300,"height":300},{"@type":"BreadcrumbList","@id":"https:\/\/brasilsemalergia.com.br\/loja_abbaa\/produtos-para-alergicos\/higiene\/condicionador-hipoalergenico-nossos-amores\/#breadcrumb","itemListElement":[{"@type":"ListItem","position":1,"name":"In\u00edcio","item":"https:\/\/brasilsemalergia.com.br\/loja_abbaa\/"},{"@type":"ListItem","position":2,"name":"Loja","item":"https:\/\/brasilsemalergia.com.br\/loja_abbaa\/"},{"@type":"ListItem","position":3,"name":"Condicionador Hipoalerg\u00eanico Nossos Amores"}]},{"@type":"WebSite","@id":"https:\/\/brasilsemalergia.com.br\/loja_abbaa\/#website","url":"https:\/\/brasilsemalergia.com.br\/loja_abbaa\/","name":"Loja Abbaa","description":"","publisher":{"@id":"https:\/\/brasilsemalergia.com.br\/loja_abbaa\/#organization"},"potentialAction":[{"@type":"SearchAction","target":{"@type":"EntryPoint","urlTemplate":"https:\/\/brasilsemalergia.com.br\/loja_abbaa\/?s={search_term_string}"},"query-input":"required name=search_term_string"}],"inLanguage":"pt-BR"},{"@type":"Organization","@id":"https:\/\/brasilsemalergia.com.br\/loja_abbaa\/#organization","name":"Loja Abbaa","url":"https:\/\/brasilsemalergia.com.br\/loja_abbaa\/","logo":{"@type":"ImageObject","inLanguage":"pt-BR","@id":"https:\/\/brasilsemalergia.com.br\/loja_abbaa\/#\/schema\/logo\/image\/","url":"https:\/\/brasilsemalergia.com.br\/loja_abbaa\/wp-content\/uploads\/2023\/03\/logo-hor-site.png","contentUrl":"https:\/\/brasilsemalergia.com.br\/loja_abbaa\/wp-content\/uploads\/2023\/03\/logo-hor-site.png","width":440,"height":120,"caption":"Loja Abbaa"},"image":{"@id":"https:\/\/brasilsemalergia.com.br\/loja_abbaa\/#\/schema\/logo\/image\/"}}]}},"_links":{"self":[{"href":"https:\/\/brasilsemalergia.com.br\/loja_abbaa\/wp-json\/wp\/v2\/product\/13942","targetHints":{"allow":["GET"]}}],"collection":[{"href":"https:\/\/brasilsemalergia.com.br\/loja_abbaa\/wp-json\/wp\/v2\/product"}],"about":[{"href":"https:\/\/brasilsemalergia.com.br\/loja_abbaa\/wp-json\/wp\/v2\/types\/product"}],"replies":[{"embeddable":true,"href":"https:\/\/brasilsemalergia.com.br\/loja_abbaa\/wp-json\/wp\/v2\/comments?post=13942"}],"version-history":[{"count":0,"href":"https:\/\/brasilsemalergia.com.br\/loja_abbaa\/wp-json\/wp\/v2\/product\/13942\/revisions"}],"wp:featuredmedia":[{"embeddable":true,"href":"https:\/\/brasilsemalergia.com.br\/loja_abbaa\/wp-json\/wp\/v2\/media\/13943"}],"wp:attachment":[{"href":"https:\/\/brasilsemalergia.com.br\/loja_abbaa\/wp-json\/wp\/v2\/media?parent=13942"}],"wp:term":[{"taxonomy":"product_cat","embeddable":true,"href":"https:\/\/brasilsemalergia.com.br\/loja_abbaa\/wp-json\/wp\/v2\/product_cat?post=13942"},{"taxonomy":"product_tag","embeddable":true,"href":"https:\/\/brasilsemalergia.com.br\/loja_abbaa\/wp-json\/wp\/v2\/product_tag?post=13942"}],"curies":[{"name":"wp","href":"https:\/\/api.w.org\/{rel}","templated":true}]}}