{"id":14065,"date":"2023-04-18T09:43:08","date_gmt":"2023-04-18T12:43:08","guid":{"rendered":"https:\/\/brasilsemalergia.com.br\/loja_abbaa\/?post_type=product&#038;p=14065"},"modified":"2023-09-02T11:44:56","modified_gmt":"2023-09-02T14:44:56","slug":"faixas-para-compressa-umida-g","status":"publish","type":"product","link":"https:\/\/brasilsemalergia.com.br\/loja_abbaa\/ofertas\/faixas-para-compressa-umida-g\/","title":{"rendered":"Faixas para Compressa \u00damida G"},"content":{"rendered":"<p><strong><em>Benef\u00edcio<\/em><\/strong><\/p>\n<p>As faixas para compressa \u00famida, muito utilizadas e conhecidas no exterior como \u201cWet Wrap\u201d s\u00e3o indicadas para o tratamento da dermatite at\u00f3pica. \u00c9 uma t\u00e9cnica que consiste em manter \u00famidas as \u00e1reas do corpo que necessitam de cremes ou medicamentos para tratamento de dermatite at\u00f3pica, principalmente na fase aguda.<\/p>\n<p><strong><em>Caracter\u00edsticas<\/em><\/strong><\/p>\n<p>&#8211; Mant\u00e9m\u00a0 a pele \u00famida;<\/p>\n<p>&#8211; Aumenta o tempo de contato e efici\u00eancia do medicamento aplicado;<\/p>\n<p>&#8211; Acelera a melhora no tratamento da dermatite at\u00f3pica.<\/p>\n<p>&nbsp;<\/p>\n<p>&nbsp;<\/p>\n<p><strong><em>Modo de usar<\/em><\/strong><\/p>\n<ol>\n<li>Aplique a pomada ou creme, conforme orienta\u00e7\u00e3o m\u00e9dica, no local a ser tratado.<br \/>\n2. Corte as faixas (cotton e suplex) no comprimento necess\u00e1rio para cobrir o local desejado.<br \/>\n3. Umede\u00e7a a faixa de cotton em \u00e1gua morna.<br \/>\n4. Vista a faixa de cotton sobre o local do tratamento e por cima, vista a faixa seca de suplex.<br \/>\n5. Use roupas largas para n\u00e3o deslocar as compressas.<br \/>\n6. Fa\u00e7a as compressas durante \u00e0 noite (na hora de dormir) para mant\u00ea-las pelo maior tempo poss\u00edvel. O ideal \u00e9 que as compressas permane\u00e7am, no m\u00ednimo, por 2 horas.<br \/>\n\u2022 Lave as faixas sempre que necess\u00e1rio.<br \/>\n\u2022 Em caso de desgaste do tecido, substituir por novas faixas.Recomenda\u00e7\u00f5es:<br \/>\n\u00c9 de extrema import\u00e2ncia lavar as compressas ap\u00f3s cada uso.<br \/>\nEvite uso sobre a pele infectada.<\/li>\n<\/ol>\n<p>INSTRU\u00c7\u00d5ES DE LAVAGEM COMPOSI\u00c7\u00c3O<\/p>\n<p>COTTON LYCRA<\/p>\n<ul>\n<li>N\u00e3o lavar os produtos em m\u00e1quina de lavar;<\/li>\n<li>Secar \u00e0 sombra;<\/li>\n<li>N\u00e3o lavar com \u00e1gua quente;<\/li>\n<li>N\u00e3o usar secadora;<\/li>\n<li>\u00c9 considerado normal, na primeira lavagem, um encolhimento de at\u00e9 5% nas malhas de<\/li>\n<\/ul>\n<p>algod\u00e3o.<\/p>\n<p>SUPLEX<\/p>\n<ul>\n<li>N\u00e3o lavar os produtos em m\u00e1quina de lavar;<\/li>\n<li>Secar \u00e0 sombra;<\/li>\n<li>Preferencialmente n\u00e3o lavar com \u00e1gua quente;<\/li>\n<li>N\u00e3o usar secadora;<\/li>\n<li>Se lavadas com \u00e1gua fria e secadas na sombra, t\u00eam encolhimento desprez\u00edvel.<\/li>\n<\/ul>\n<p>&nbsp;<\/p>\n<p><strong><em>\u00a0<\/em><\/strong><\/p>\n<p><strong><em>Composi\u00e7\u00f5es<\/em><\/strong><\/p>\n<p><strong><em>\u00a0<\/em><\/strong><\/p>\n<p>cotton lycra: 95% algod\u00e3o, 5% elastano<br \/>\nsuplex: 100%poli\u00e9ster<\/p>\n","protected":false},"excerpt":{"rendered":"<p>Faixas para Compressa \u00damida G (circunfer\u00eancia aprox. 22cm x150cm)<br \/>\n1 faixa de cotton lycra e 1 faixa de suplex<\/p>\n","protected":false},"featured_media":14069,"comment_status":"open","ping_status":"closed","template":"","meta":[],"product_cat":[49,50,45],"product_tag":[],"class_list":{"0":"post-14065","1":"product","2":"type-product","3":"status-publish","4":"has-post-thumbnail","6":"product_cat-cuidados-com-a-pele","7":"product_cat-ofertas","8":"product_cat-produtos-para-alergicos","10":"first","11":"outofstock","12":"sale","13":"featured","14":"shipping-taxable","15":"purchasable","16":"product-type-simple"},"yoast_head":"<!-- This site is optimized with the Yoast SEO plugin v22.7 - https:\/\/yoast.com\/wordpress\/plugins\/seo\/ -->\n<title>Faixas para Compressa \u00damida G - Loja Abbaa<\/title>\n<meta name=\"robots\" content=\"index, follow, max-snippet:-1, max-image-preview:large, max-video-preview:-1\" \/>\n<link rel=\"canonical\" href=\"https:\/\/brasilsemalergia.com.br\/loja_abbaa\/ofertas\/faixas-para-compressa-umida-g\/\" \/>\n<meta property=\"og:locale\" content=\"pt_BR\" \/>\n<meta property=\"og:type\" content=\"article\" \/>\n<meta property=\"og:title\" content=\"Faixas para Compressa \u00damida G - Loja Abbaa\" \/>\n<meta property=\"og:description\" content=\"Faixas para Compressa \u00damida G (circunfer\u00eancia aprox. 22cm x150cm) 1 faixa de cotton lycra e 1 faixa de suplex\" \/>\n<meta property=\"og:url\" content=\"https:\/\/brasilsemalergia.com.br\/loja_abbaa\/ofertas\/faixas-para-compressa-umida-g\/\" \/>\n<meta property=\"og:site_name\" content=\"Loja Abbaa\" \/>\n<meta property=\"article:modified_time\" content=\"2023-09-02T14:44:56+00:00\" \/>\n<meta property=\"og:image\" content=\"https:\/\/brasilsemalergia.com.br\/loja_abbaa\/wp-content\/uploads\/2023\/04\/faixa-g.jpeg\" \/>\n\t<meta property=\"og:image:width\" content=\"300\" \/>\n\t<meta property=\"og:image:height\" content=\"300\" \/>\n\t<meta property=\"og:image:type\" content=\"image\/jpeg\" \/>\n<meta name=\"twitter:card\" content=\"summary_large_image\" \/>\n<meta name=\"twitter:label1\" content=\"Est. tempo de leitura\" \/>\n\t<meta name=\"twitter:data1\" content=\"2 minutos\" \/>\n<script type=\"application\/ld+json\" class=\"yoast-schema-graph\">{\"@context\":\"https:\/\/schema.org\",\"@graph\":[{\"@type\":\"WebPage\",\"@id\":\"https:\/\/brasilsemalergia.com.br\/loja_abbaa\/ofertas\/faixas-para-compressa-umida-g\/\",\"url\":\"https:\/\/brasilsemalergia.com.br\/loja_abbaa\/ofertas\/faixas-para-compressa-umida-g\/\",\"name\":\"Faixas para Compressa \u00damida G - Loja Abbaa\",\"isPartOf\":{\"@id\":\"https:\/\/brasilsemalergia.com.br\/loja_abbaa\/#website\"},\"primaryImageOfPage\":{\"@id\":\"https:\/\/brasilsemalergia.com.br\/loja_abbaa\/ofertas\/faixas-para-compressa-umida-g\/#primaryimage\"},\"image\":{\"@id\":\"https:\/\/brasilsemalergia.com.br\/loja_abbaa\/ofertas\/faixas-para-compressa-umida-g\/#primaryimage\"},\"thumbnailUrl\":\"https:\/\/brasilsemalergia.com.br\/loja_abbaa\/wp-content\/uploads\/2023\/04\/faixa-g.jpeg\",\"datePublished\":\"2023-04-18T12:43:08+00:00\",\"dateModified\":\"2023-09-02T14:44:56+00:00\",\"breadcrumb\":{\"@id\":\"https:\/\/brasilsemalergia.com.br\/loja_abbaa\/ofertas\/faixas-para-compressa-umida-g\/#breadcrumb\"},\"inLanguage\":\"pt-BR\",\"potentialAction\":[{\"@type\":\"ReadAction\",\"target\":[\"https:\/\/brasilsemalergia.com.br\/loja_abbaa\/ofertas\/faixas-para-compressa-umida-g\/\"]}]},{\"@type\":\"ImageObject\",\"inLanguage\":\"pt-BR\",\"@id\":\"https:\/\/brasilsemalergia.com.br\/loja_abbaa\/ofertas\/faixas-para-compressa-umida-g\/#primaryimage\",\"url\":\"https:\/\/brasilsemalergia.com.br\/loja_abbaa\/wp-content\/uploads\/2023\/04\/faixa-g.jpeg\",\"contentUrl\":\"https:\/\/brasilsemalergia.com.br\/loja_abbaa\/wp-content\/uploads\/2023\/04\/faixa-g.jpeg\",\"width\":300,\"height\":300,\"caption\":\"Faixas para Compressa \u00damida G\"},{\"@type\":\"BreadcrumbList\",\"@id\":\"https:\/\/brasilsemalergia.com.br\/loja_abbaa\/ofertas\/faixas-para-compressa-umida-g\/#breadcrumb\",\"itemListElement\":[{\"@type\":\"ListItem\",\"position\":1,\"name\":\"In\u00edcio\",\"item\":\"https:\/\/brasilsemalergia.com.br\/loja_abbaa\/\"},{\"@type\":\"ListItem\",\"position\":2,\"name\":\"Loja\",\"item\":\"https:\/\/brasilsemalergia.com.br\/loja_abbaa\/\"},{\"@type\":\"ListItem\",\"position\":3,\"name\":\"Faixas para Compressa \u00damida G\"}]},{\"@type\":\"WebSite\",\"@id\":\"https:\/\/brasilsemalergia.com.br\/loja_abbaa\/#website\",\"url\":\"https:\/\/brasilsemalergia.com.br\/loja_abbaa\/\",\"name\":\"Loja Abbaa\",\"description\":\"\",\"publisher\":{\"@id\":\"https:\/\/brasilsemalergia.com.br\/loja_abbaa\/#organization\"},\"potentialAction\":[{\"@type\":\"SearchAction\",\"target\":{\"@type\":\"EntryPoint\",\"urlTemplate\":\"https:\/\/brasilsemalergia.com.br\/loja_abbaa\/?s={search_term_string}\"},\"query-input\":\"required name=search_term_string\"}],\"inLanguage\":\"pt-BR\"},{\"@type\":\"Organization\",\"@id\":\"https:\/\/brasilsemalergia.com.br\/loja_abbaa\/#organization\",\"name\":\"Loja Abbaa\",\"url\":\"https:\/\/brasilsemalergia.com.br\/loja_abbaa\/\",\"logo\":{\"@type\":\"ImageObject\",\"inLanguage\":\"pt-BR\",\"@id\":\"https:\/\/brasilsemalergia.com.br\/loja_abbaa\/#\/schema\/logo\/image\/\",\"url\":\"https:\/\/brasilsemalergia.com.br\/loja_abbaa\/wp-content\/uploads\/2023\/03\/logo-hor-site.png\",\"contentUrl\":\"https:\/\/brasilsemalergia.com.br\/loja_abbaa\/wp-content\/uploads\/2023\/03\/logo-hor-site.png\",\"width\":440,\"height\":120,\"caption\":\"Loja Abbaa\"},\"image\":{\"@id\":\"https:\/\/brasilsemalergia.com.br\/loja_abbaa\/#\/schema\/logo\/image\/\"}}]}<\/script>\n<!-- \/ Yoast SEO plugin. -->","yoast_head_json":{"title":"Faixas para Compressa \u00damida G - Loja Abbaa","robots":{"index":"index","follow":"follow","max-snippet":"max-snippet:-1","max-image-preview":"max-image-preview:large","max-video-preview":"max-video-preview:-1"},"canonical":"https:\/\/brasilsemalergia.com.br\/loja_abbaa\/ofertas\/faixas-para-compressa-umida-g\/","og_locale":"pt_BR","og_type":"article","og_title":"Faixas para Compressa \u00damida G - Loja Abbaa","og_description":"Faixas para Compressa \u00damida G (circunfer\u00eancia aprox. 22cm x150cm) 1 faixa de cotton lycra e 1 faixa de suplex","og_url":"https:\/\/brasilsemalergia.com.br\/loja_abbaa\/ofertas\/faixas-para-compressa-umida-g\/","og_site_name":"Loja Abbaa","article_modified_time":"2023-09-02T14:44:56+00:00","og_image":[{"width":300,"height":300,"url":"https:\/\/brasilsemalergia.com.br\/loja_abbaa\/wp-content\/uploads\/2023\/04\/faixa-g.jpeg","type":"image\/jpeg"}],"twitter_card":"summary_large_image","twitter_misc":{"Est. tempo de leitura":"2 minutos"},"schema":{"@context":"https:\/\/schema.org","@graph":[{"@type":"WebPage","@id":"https:\/\/brasilsemalergia.com.br\/loja_abbaa\/ofertas\/faixas-para-compressa-umida-g\/","url":"https:\/\/brasilsemalergia.com.br\/loja_abbaa\/ofertas\/faixas-para-compressa-umida-g\/","name":"Faixas para Compressa \u00damida G - Loja Abbaa","isPartOf":{"@id":"https:\/\/brasilsemalergia.com.br\/loja_abbaa\/#website"},"primaryImageOfPage":{"@id":"https:\/\/brasilsemalergia.com.br\/loja_abbaa\/ofertas\/faixas-para-compressa-umida-g\/#primaryimage"},"image":{"@id":"https:\/\/brasilsemalergia.com.br\/loja_abbaa\/ofertas\/faixas-para-compressa-umida-g\/#primaryimage"},"thumbnailUrl":"https:\/\/brasilsemalergia.com.br\/loja_abbaa\/wp-content\/uploads\/2023\/04\/faixa-g.jpeg","datePublished":"2023-04-18T12:43:08+00:00","dateModified":"2023-09-02T14:44:56+00:00","breadcrumb":{"@id":"https:\/\/brasilsemalergia.com.br\/loja_abbaa\/ofertas\/faixas-para-compressa-umida-g\/#breadcrumb"},"inLanguage":"pt-BR","potentialAction":[{"@type":"ReadAction","target":["https:\/\/brasilsemalergia.com.br\/loja_abbaa\/ofertas\/faixas-para-compressa-umida-g\/"]}]},{"@type":"ImageObject","inLanguage":"pt-BR","@id":"https:\/\/brasilsemalergia.com.br\/loja_abbaa\/ofertas\/faixas-para-compressa-umida-g\/#primaryimage","url":"https:\/\/brasilsemalergia.com.br\/loja_abbaa\/wp-content\/uploads\/2023\/04\/faixa-g.jpeg","contentUrl":"https:\/\/brasilsemalergia.com.br\/loja_abbaa\/wp-content\/uploads\/2023\/04\/faixa-g.jpeg","width":300,"height":300,"caption":"Faixas para Compressa \u00damida G"},{"@type":"BreadcrumbList","@id":"https:\/\/brasilsemalergia.com.br\/loja_abbaa\/ofertas\/faixas-para-compressa-umida-g\/#breadcrumb","itemListElement":[{"@type":"ListItem","position":1,"name":"In\u00edcio","item":"https:\/\/brasilsemalergia.com.br\/loja_abbaa\/"},{"@type":"ListItem","position":2,"name":"Loja","item":"https:\/\/brasilsemalergia.com.br\/loja_abbaa\/"},{"@type":"ListItem","position":3,"name":"Faixas para Compressa \u00damida G"}]},{"@type":"WebSite","@id":"https:\/\/brasilsemalergia.com.br\/loja_abbaa\/#website","url":"https:\/\/brasilsemalergia.com.br\/loja_abbaa\/","name":"Loja Abbaa","description":"","publisher":{"@id":"https:\/\/brasilsemalergia.com.br\/loja_abbaa\/#organization"},"potentialAction":[{"@type":"SearchAction","target":{"@type":"EntryPoint","urlTemplate":"https:\/\/brasilsemalergia.com.br\/loja_abbaa\/?s={search_term_string}"},"query-input":"required name=search_term_string"}],"inLanguage":"pt-BR"},{"@type":"Organization","@id":"https:\/\/brasilsemalergia.com.br\/loja_abbaa\/#organization","name":"Loja Abbaa","url":"https:\/\/brasilsemalergia.com.br\/loja_abbaa\/","logo":{"@type":"ImageObject","inLanguage":"pt-BR","@id":"https:\/\/brasilsemalergia.com.br\/loja_abbaa\/#\/schema\/logo\/image\/","url":"https:\/\/brasilsemalergia.com.br\/loja_abbaa\/wp-content\/uploads\/2023\/03\/logo-hor-site.png","contentUrl":"https:\/\/brasilsemalergia.com.br\/loja_abbaa\/wp-content\/uploads\/2023\/03\/logo-hor-site.png","width":440,"height":120,"caption":"Loja Abbaa"},"image":{"@id":"https:\/\/brasilsemalergia.com.br\/loja_abbaa\/#\/schema\/logo\/image\/"}}]}},"_links":{"self":[{"href":"https:\/\/brasilsemalergia.com.br\/loja_abbaa\/wp-json\/wp\/v2\/product\/14065","targetHints":{"allow":["GET"]}}],"collection":[{"href":"https:\/\/brasilsemalergia.com.br\/loja_abbaa\/wp-json\/wp\/v2\/product"}],"about":[{"href":"https:\/\/brasilsemalergia.com.br\/loja_abbaa\/wp-json\/wp\/v2\/types\/product"}],"replies":[{"embeddable":true,"href":"https:\/\/brasilsemalergia.com.br\/loja_abbaa\/wp-json\/wp\/v2\/comments?post=14065"}],"version-history":[{"count":0,"href":"https:\/\/brasilsemalergia.com.br\/loja_abbaa\/wp-json\/wp\/v2\/product\/14065\/revisions"}],"wp:featuredmedia":[{"embeddable":true,"href":"https:\/\/brasilsemalergia.com.br\/loja_abbaa\/wp-json\/wp\/v2\/media\/14069"}],"wp:attachment":[{"href":"https:\/\/brasilsemalergia.com.br\/loja_abbaa\/wp-json\/wp\/v2\/media?parent=14065"}],"wp:term":[{"taxonomy":"product_cat","embeddable":true,"href":"https:\/\/brasilsemalergia.com.br\/loja_abbaa\/wp-json\/wp\/v2\/product_cat?post=14065"},{"taxonomy":"product_tag","embeddable":true,"href":"https:\/\/brasilsemalergia.com.br\/loja_abbaa\/wp-json\/wp\/v2\/product_tag?post=14065"}],"curies":[{"name":"wp","href":"https:\/\/api.w.org\/{rel}","templated":true}]}}