{"id":14211,"date":"2023-05-08T11:46:26","date_gmt":"2023-05-08T14:46:26","guid":{"rendered":"https:\/\/brasilsemalergia.com.br\/loja_abbaa\/?post_type=product&#038;p=14211"},"modified":"2023-07-31T15:34:08","modified_gmt":"2023-07-31T18:34:08","slug":"lencol-termico-casal-super-king-110v","status":"publish","type":"product","link":"https:\/\/brasilsemalergia.com.br\/loja_abbaa\/produtos-para-alergicos\/noites-tranquilas-produtos-para-alergicos\/lencois-termicos\/lencol-termico-casal-super-king-110v\/","title":{"rendered":"Len\u00e7ol T\u00e9rmico Casal Super King 110v"},"content":{"rendered":"<p><strong><u>CARACTER\u00cdSTICAS<\/u><\/strong><\/p>\n<ul>\n<li>Controles individuais<\/li>\n<li>Cabos de aquecimento revestidos e anti-chamas<\/li>\n<li>Tecido 100% poli\u00e9ster<\/li>\n<li>Acabamento em debrum<\/li>\n<li>Produto na voltagem 127v (n\u00e3o \u00e9 bivolt)<\/li>\n<li>Baixo consumo de energia, na temperatura baixa 20w e na alta 55w<\/li>\n<li>Fus\u00edvel de seguran\u00e7a<\/li>\n<li>Pode ser lavado manualmente<\/li>\n<li>F\u00e1cil instala\u00e7\u00e3o e utiliza\u00e7\u00e3o<\/li>\n<li>Produto certificado pela portaria 371, do INMETRO<\/li>\n<li>Modelo Manual<\/li>\n<\/ul>\n","protected":false},"excerpt":{"rendered":"<p>Len\u00e7ol T\u00e9rmico Casal Super King 110v. At\u00e9 193 cm de largura.<\/p>\n","protected":false},"featured_media":14212,"comment_status":"open","ping_status":"closed","template":"","meta":[],"product_cat":[15,64,55,58,45],"product_tag":[],"class_list":{"0":"post-14211","1":"product","2":"type-product","3":"status-publish","4":"has-post-thumbnail","6":"product_cat-geral","7":"product_cat-lencois-termicos","8":"product_cat-noites-tranquilas","9":"product_cat-noites-tranquilas-produtos-para-alergicos","10":"product_cat-produtos-para-alergicos","12":"first","13":"outofstock","14":"featured","15":"shipping-taxable","16":"purchasable","17":"product-type-simple"},"yoast_head":"<!-- This site is optimized with the Yoast SEO plugin v22.7 - https:\/\/yoast.com\/wordpress\/plugins\/seo\/ -->\n<title>Len\u00e7ol T\u00e9rmico Casal Super King 110v - Loja Abbaa<\/title>\n<meta name=\"robots\" content=\"index, follow, max-snippet:-1, max-image-preview:large, max-video-preview:-1\" \/>\n<link rel=\"canonical\" href=\"https:\/\/brasilsemalergia.com.br\/loja_abbaa\/produtos-para-alergicos\/noites-tranquilas-produtos-para-alergicos\/lencois-termicos\/lencol-termico-casal-super-king-110v\/\" \/>\n<meta property=\"og:locale\" content=\"pt_BR\" \/>\n<meta property=\"og:type\" content=\"article\" \/>\n<meta property=\"og:title\" content=\"Len\u00e7ol T\u00e9rmico Casal Super King 110v - Loja Abbaa\" \/>\n<meta property=\"og:description\" content=\"Len\u00e7ol T\u00e9rmico Casal Super King 110v. At\u00e9 193 cm de largura.\" \/>\n<meta property=\"og:url\" content=\"https:\/\/brasilsemalergia.com.br\/loja_abbaa\/produtos-para-alergicos\/noites-tranquilas-produtos-para-alergicos\/lencois-termicos\/lencol-termico-casal-super-king-110v\/\" \/>\n<meta property=\"og:site_name\" content=\"Loja Abbaa\" \/>\n<meta property=\"article:modified_time\" content=\"2023-07-31T18:34:08+00:00\" \/>\n<meta property=\"og:image\" content=\"https:\/\/brasilsemalergia.com.br\/loja_abbaa\/wp-content\/uploads\/2023\/05\/Lencol-Termico.jpg\" \/>\n\t<meta property=\"og:image:width\" content=\"251\" \/>\n\t<meta property=\"og:image:height\" content=\"300\" \/>\n\t<meta property=\"og:image:type\" content=\"image\/jpeg\" \/>\n<meta name=\"twitter:card\" content=\"summary_large_image\" \/>\n<script type=\"application\/ld+json\" class=\"yoast-schema-graph\">{\"@context\":\"https:\/\/schema.org\",\"@graph\":[{\"@type\":\"WebPage\",\"@id\":\"https:\/\/brasilsemalergia.com.br\/loja_abbaa\/produtos-para-alergicos\/noites-tranquilas-produtos-para-alergicos\/lencois-termicos\/lencol-termico-casal-super-king-110v\/\",\"url\":\"https:\/\/brasilsemalergia.com.br\/loja_abbaa\/produtos-para-alergicos\/noites-tranquilas-produtos-para-alergicos\/lencois-termicos\/lencol-termico-casal-super-king-110v\/\",\"name\":\"Len\u00e7ol T\u00e9rmico Casal Super King 110v - Loja Abbaa\",\"isPartOf\":{\"@id\":\"https:\/\/brasilsemalergia.com.br\/loja_abbaa\/#website\"},\"primaryImageOfPage\":{\"@id\":\"https:\/\/brasilsemalergia.com.br\/loja_abbaa\/produtos-para-alergicos\/noites-tranquilas-produtos-para-alergicos\/lencois-termicos\/lencol-termico-casal-super-king-110v\/#primaryimage\"},\"image\":{\"@id\":\"https:\/\/brasilsemalergia.com.br\/loja_abbaa\/produtos-para-alergicos\/noites-tranquilas-produtos-para-alergicos\/lencois-termicos\/lencol-termico-casal-super-king-110v\/#primaryimage\"},\"thumbnailUrl\":\"https:\/\/brasilsemalergia.com.br\/loja_abbaa\/wp-content\/uploads\/2023\/05\/Lencol-Termico-e1694169845750.jpg\",\"datePublished\":\"2023-05-08T14:46:26+00:00\",\"dateModified\":\"2023-07-31T18:34:08+00:00\",\"breadcrumb\":{\"@id\":\"https:\/\/brasilsemalergia.com.br\/loja_abbaa\/produtos-para-alergicos\/noites-tranquilas-produtos-para-alergicos\/lencois-termicos\/lencol-termico-casal-super-king-110v\/#breadcrumb\"},\"inLanguage\":\"pt-BR\",\"potentialAction\":[{\"@type\":\"ReadAction\",\"target\":[\"https:\/\/brasilsemalergia.com.br\/loja_abbaa\/produtos-para-alergicos\/noites-tranquilas-produtos-para-alergicos\/lencois-termicos\/lencol-termico-casal-super-king-110v\/\"]}]},{\"@type\":\"ImageObject\",\"inLanguage\":\"pt-BR\",\"@id\":\"https:\/\/brasilsemalergia.com.br\/loja_abbaa\/produtos-para-alergicos\/noites-tranquilas-produtos-para-alergicos\/lencois-termicos\/lencol-termico-casal-super-king-110v\/#primaryimage\",\"url\":\"https:\/\/brasilsemalergia.com.br\/loja_abbaa\/wp-content\/uploads\/2023\/05\/Lencol-Termico-e1694169845750.jpg\",\"contentUrl\":\"https:\/\/brasilsemalergia.com.br\/loja_abbaa\/wp-content\/uploads\/2023\/05\/Lencol-Termico-e1694169845750.jpg\",\"width\":300,\"height\":251},{\"@type\":\"BreadcrumbList\",\"@id\":\"https:\/\/brasilsemalergia.com.br\/loja_abbaa\/produtos-para-alergicos\/noites-tranquilas-produtos-para-alergicos\/lencois-termicos\/lencol-termico-casal-super-king-110v\/#breadcrumb\",\"itemListElement\":[{\"@type\":\"ListItem\",\"position\":1,\"name\":\"In\u00edcio\",\"item\":\"https:\/\/brasilsemalergia.com.br\/loja_abbaa\/\"},{\"@type\":\"ListItem\",\"position\":2,\"name\":\"Loja\",\"item\":\"https:\/\/brasilsemalergia.com.br\/loja_abbaa\/\"},{\"@type\":\"ListItem\",\"position\":3,\"name\":\"Len\u00e7ol T\u00e9rmico Casal Super King 110v\"}]},{\"@type\":\"WebSite\",\"@id\":\"https:\/\/brasilsemalergia.com.br\/loja_abbaa\/#website\",\"url\":\"https:\/\/brasilsemalergia.com.br\/loja_abbaa\/\",\"name\":\"Loja Abbaa\",\"description\":\"\",\"publisher\":{\"@id\":\"https:\/\/brasilsemalergia.com.br\/loja_abbaa\/#organization\"},\"potentialAction\":[{\"@type\":\"SearchAction\",\"target\":{\"@type\":\"EntryPoint\",\"urlTemplate\":\"https:\/\/brasilsemalergia.com.br\/loja_abbaa\/?s={search_term_string}\"},\"query-input\":\"required name=search_term_string\"}],\"inLanguage\":\"pt-BR\"},{\"@type\":\"Organization\",\"@id\":\"https:\/\/brasilsemalergia.com.br\/loja_abbaa\/#organization\",\"name\":\"Loja Abbaa\",\"url\":\"https:\/\/brasilsemalergia.com.br\/loja_abbaa\/\",\"logo\":{\"@type\":\"ImageObject\",\"inLanguage\":\"pt-BR\",\"@id\":\"https:\/\/brasilsemalergia.com.br\/loja_abbaa\/#\/schema\/logo\/image\/\",\"url\":\"https:\/\/brasilsemalergia.com.br\/loja_abbaa\/wp-content\/uploads\/2023\/03\/logo-hor-site.png\",\"contentUrl\":\"https:\/\/brasilsemalergia.com.br\/loja_abbaa\/wp-content\/uploads\/2023\/03\/logo-hor-site.png\",\"width\":440,\"height\":120,\"caption\":\"Loja Abbaa\"},\"image\":{\"@id\":\"https:\/\/brasilsemalergia.com.br\/loja_abbaa\/#\/schema\/logo\/image\/\"}}]}<\/script>\n<!-- \/ Yoast SEO plugin. -->","yoast_head_json":{"title":"Len\u00e7ol T\u00e9rmico Casal Super King 110v - Loja Abbaa","robots":{"index":"index","follow":"follow","max-snippet":"max-snippet:-1","max-image-preview":"max-image-preview:large","max-video-preview":"max-video-preview:-1"},"canonical":"https:\/\/brasilsemalergia.com.br\/loja_abbaa\/produtos-para-alergicos\/noites-tranquilas-produtos-para-alergicos\/lencois-termicos\/lencol-termico-casal-super-king-110v\/","og_locale":"pt_BR","og_type":"article","og_title":"Len\u00e7ol T\u00e9rmico Casal Super King 110v - Loja Abbaa","og_description":"Len\u00e7ol T\u00e9rmico Casal Super King 110v. At\u00e9 193 cm de largura.","og_url":"https:\/\/brasilsemalergia.com.br\/loja_abbaa\/produtos-para-alergicos\/noites-tranquilas-produtos-para-alergicos\/lencois-termicos\/lencol-termico-casal-super-king-110v\/","og_site_name":"Loja Abbaa","article_modified_time":"2023-07-31T18:34:08+00:00","og_image":[{"width":251,"height":300,"url":"https:\/\/brasilsemalergia.com.br\/loja_abbaa\/wp-content\/uploads\/2023\/05\/Lencol-Termico.jpg","type":"image\/jpeg"}],"twitter_card":"summary_large_image","schema":{"@context":"https:\/\/schema.org","@graph":[{"@type":"WebPage","@id":"https:\/\/brasilsemalergia.com.br\/loja_abbaa\/produtos-para-alergicos\/noites-tranquilas-produtos-para-alergicos\/lencois-termicos\/lencol-termico-casal-super-king-110v\/","url":"https:\/\/brasilsemalergia.com.br\/loja_abbaa\/produtos-para-alergicos\/noites-tranquilas-produtos-para-alergicos\/lencois-termicos\/lencol-termico-casal-super-king-110v\/","name":"Len\u00e7ol T\u00e9rmico Casal Super King 110v - Loja Abbaa","isPartOf":{"@id":"https:\/\/brasilsemalergia.com.br\/loja_abbaa\/#website"},"primaryImageOfPage":{"@id":"https:\/\/brasilsemalergia.com.br\/loja_abbaa\/produtos-para-alergicos\/noites-tranquilas-produtos-para-alergicos\/lencois-termicos\/lencol-termico-casal-super-king-110v\/#primaryimage"},"image":{"@id":"https:\/\/brasilsemalergia.com.br\/loja_abbaa\/produtos-para-alergicos\/noites-tranquilas-produtos-para-alergicos\/lencois-termicos\/lencol-termico-casal-super-king-110v\/#primaryimage"},"thumbnailUrl":"https:\/\/brasilsemalergia.com.br\/loja_abbaa\/wp-content\/uploads\/2023\/05\/Lencol-Termico-e1694169845750.jpg","datePublished":"2023-05-08T14:46:26+00:00","dateModified":"2023-07-31T18:34:08+00:00","breadcrumb":{"@id":"https:\/\/brasilsemalergia.com.br\/loja_abbaa\/produtos-para-alergicos\/noites-tranquilas-produtos-para-alergicos\/lencois-termicos\/lencol-termico-casal-super-king-110v\/#breadcrumb"},"inLanguage":"pt-BR","potentialAction":[{"@type":"ReadAction","target":["https:\/\/brasilsemalergia.com.br\/loja_abbaa\/produtos-para-alergicos\/noites-tranquilas-produtos-para-alergicos\/lencois-termicos\/lencol-termico-casal-super-king-110v\/"]}]},{"@type":"ImageObject","inLanguage":"pt-BR","@id":"https:\/\/brasilsemalergia.com.br\/loja_abbaa\/produtos-para-alergicos\/noites-tranquilas-produtos-para-alergicos\/lencois-termicos\/lencol-termico-casal-super-king-110v\/#primaryimage","url":"https:\/\/brasilsemalergia.com.br\/loja_abbaa\/wp-content\/uploads\/2023\/05\/Lencol-Termico-e1694169845750.jpg","contentUrl":"https:\/\/brasilsemalergia.com.br\/loja_abbaa\/wp-content\/uploads\/2023\/05\/Lencol-Termico-e1694169845750.jpg","width":300,"height":251},{"@type":"BreadcrumbList","@id":"https:\/\/brasilsemalergia.com.br\/loja_abbaa\/produtos-para-alergicos\/noites-tranquilas-produtos-para-alergicos\/lencois-termicos\/lencol-termico-casal-super-king-110v\/#breadcrumb","itemListElement":[{"@type":"ListItem","position":1,"name":"In\u00edcio","item":"https:\/\/brasilsemalergia.com.br\/loja_abbaa\/"},{"@type":"ListItem","position":2,"name":"Loja","item":"https:\/\/brasilsemalergia.com.br\/loja_abbaa\/"},{"@type":"ListItem","position":3,"name":"Len\u00e7ol T\u00e9rmico Casal Super King 110v"}]},{"@type":"WebSite","@id":"https:\/\/brasilsemalergia.com.br\/loja_abbaa\/#website","url":"https:\/\/brasilsemalergia.com.br\/loja_abbaa\/","name":"Loja Abbaa","description":"","publisher":{"@id":"https:\/\/brasilsemalergia.com.br\/loja_abbaa\/#organization"},"potentialAction":[{"@type":"SearchAction","target":{"@type":"EntryPoint","urlTemplate":"https:\/\/brasilsemalergia.com.br\/loja_abbaa\/?s={search_term_string}"},"query-input":"required name=search_term_string"}],"inLanguage":"pt-BR"},{"@type":"Organization","@id":"https:\/\/brasilsemalergia.com.br\/loja_abbaa\/#organization","name":"Loja Abbaa","url":"https:\/\/brasilsemalergia.com.br\/loja_abbaa\/","logo":{"@type":"ImageObject","inLanguage":"pt-BR","@id":"https:\/\/brasilsemalergia.com.br\/loja_abbaa\/#\/schema\/logo\/image\/","url":"https:\/\/brasilsemalergia.com.br\/loja_abbaa\/wp-content\/uploads\/2023\/03\/logo-hor-site.png","contentUrl":"https:\/\/brasilsemalergia.com.br\/loja_abbaa\/wp-content\/uploads\/2023\/03\/logo-hor-site.png","width":440,"height":120,"caption":"Loja Abbaa"},"image":{"@id":"https:\/\/brasilsemalergia.com.br\/loja_abbaa\/#\/schema\/logo\/image\/"}}]}},"_links":{"self":[{"href":"https:\/\/brasilsemalergia.com.br\/loja_abbaa\/wp-json\/wp\/v2\/product\/14211","targetHints":{"allow":["GET"]}}],"collection":[{"href":"https:\/\/brasilsemalergia.com.br\/loja_abbaa\/wp-json\/wp\/v2\/product"}],"about":[{"href":"https:\/\/brasilsemalergia.com.br\/loja_abbaa\/wp-json\/wp\/v2\/types\/product"}],"replies":[{"embeddable":true,"href":"https:\/\/brasilsemalergia.com.br\/loja_abbaa\/wp-json\/wp\/v2\/comments?post=14211"}],"version-history":[{"count":0,"href":"https:\/\/brasilsemalergia.com.br\/loja_abbaa\/wp-json\/wp\/v2\/product\/14211\/revisions"}],"wp:featuredmedia":[{"embeddable":true,"href":"https:\/\/brasilsemalergia.com.br\/loja_abbaa\/wp-json\/wp\/v2\/media\/14212"}],"wp:attachment":[{"href":"https:\/\/brasilsemalergia.com.br\/loja_abbaa\/wp-json\/wp\/v2\/media?parent=14211"}],"wp:term":[{"taxonomy":"product_cat","embeddable":true,"href":"https:\/\/brasilsemalergia.com.br\/loja_abbaa\/wp-json\/wp\/v2\/product_cat?post=14211"},{"taxonomy":"product_tag","embeddable":true,"href":"https:\/\/brasilsemalergia.com.br\/loja_abbaa\/wp-json\/wp\/v2\/product_tag?post=14211"}],"curies":[{"name":"wp","href":"https:\/\/api.w.org\/{rel}","templated":true}]}}