{"id":14251,"date":"2023-05-09T10:58:04","date_gmt":"2023-05-09T13:58:04","guid":{"rendered":"https:\/\/brasilsemalergia.com.br\/loja_abbaa\/?post_type=product&#038;p=14251"},"modified":"2023-09-06T08:39:32","modified_gmt":"2023-09-06T11:39:32","slug":"capa-de-travesseiro-slim-tex","status":"publish","type":"product","link":"https:\/\/brasilsemalergia.com.br\/loja_abbaa\/produtos-para-alergicos\/noites-tranquilas-produtos-para-alergicos\/kit-familia-capa-de-travesseiro-super-soft\/capa-de-travesseiro-slim-tex\/","title":{"rendered":"Capa de travesseiro Slim Tex"},"content":{"rendered":"<p><strong><u>BENEFICIOS<\/u><\/strong><\/p>\n<p>O uso das capas anti\u00e1caro s\u00e3o descritas no Consenso Mundial de Tratamento da Asma e Rinite com parte essencial no controle destas doen\u00e7as.<\/p>\n<p>Por impedirem o contato com os \u00e1caros e seus dejetos, mant\u00e9m a alergia sob controle diminuindo o uso de medicamentos, proporcionando muito mais qualidade de vida com noites bem dormidas e melhor rendimento na escola e trabalho.<\/p>\n<p>&nbsp;<\/p>\n<p><strong><u>CARACTER\u00cdSTICAS<\/u><\/strong><\/p>\n<p>As Capas Anti\u00e1caro Slim Tex Alergoshop proporcionam toda a prote\u00e7\u00e3o necess\u00e1ria para evitar o contato com os \u00e1caros, respons\u00e1veis por 80% das alergias respirat\u00f3rias. S\u00e3o as \u00fanicas com tratamento externo antimicrobiano, o que as tornam mais higi\u00eanicas e com maior durabilidade. Ajudam a prevenir a asma, rinite e dermatites porque impedem a passagem dos \u00e1caros e seus dejetos acumulados nos colch\u00f5es e travesseiros.<\/p>\n<ul>\n<li>Confeccionadas em tecido misto (50 % poli\u00e9ster e 50% EVA com Membrana de P.U. )<\/li>\n<li>Imperme\u00e1vel a passagem de \u00e1caros e seus dejetos<\/li>\n<li>Camada Dupla (Tecido e membrana de PVC anti\u00e1caro)<\/li>\n<li>Costura refor\u00e7ada e z\u00edper<\/li>\n<li>Tratamento antimicrobiano<\/li>\n<li>Pode ser lavada em m\u00e1quina<br \/>\n\u2022 Pode secar ao sol (at\u00e9 40\u00b0C)<\/li>\n<\/ul>\n<p><strong><u>\u00a0<\/u><\/strong><\/p>\n<p><strong><u>MODO DE USAR<\/u><\/strong><\/p>\n<p>Envolva o travesseiro com a capa e feche totalmente o z\u00edper, depois coloque a roupa de cama normalmente.<\/p>\n<p>&nbsp;<\/p>\n","protected":false},"excerpt":{"rendered":"<p>Capa de travesseiro Slim Tex<br \/>\n50% poli\u00e9ster e 50 % EVA com membrana de P.U<\/p>\n<p>&nbsp;<\/p>\n","protected":false},"featured_media":15077,"comment_status":"open","ping_status":"closed","template":"","meta":[],"product_cat":[70,55,45],"product_tag":[],"class_list":{"0":"post-14251","1":"product","2":"type-product","3":"status-publish","4":"has-post-thumbnail","6":"product_cat-kit-familia-capa-de-travesseiro-super-soft","7":"product_cat-noites-tranquilas","8":"product_cat-produtos-para-alergicos","10":"first","11":"outofstock","12":"shipping-taxable","13":"purchasable","14":"product-type-variable"},"yoast_head":"<!-- This site is optimized with the Yoast SEO plugin v22.7 - https:\/\/yoast.com\/wordpress\/plugins\/seo\/ -->\n<title>Capa de travesseiro Slim Tex - Loja Abbaa<\/title>\n<meta name=\"robots\" content=\"index, follow, max-snippet:-1, max-image-preview:large, max-video-preview:-1\" \/>\n<link rel=\"canonical\" href=\"https:\/\/brasilsemalergia.com.br\/loja_abbaa\/produtos-para-alergicos\/noites-tranquilas-produtos-para-alergicos\/kit-familia-capa-de-travesseiro-super-soft\/capa-de-travesseiro-slim-tex\/\" \/>\n<meta property=\"og:locale\" content=\"pt_BR\" \/>\n<meta property=\"og:type\" content=\"article\" \/>\n<meta property=\"og:title\" content=\"Capa de travesseiro Slim Tex - Loja Abbaa\" \/>\n<meta property=\"og:description\" content=\"Capa de travesseiro Slim Tex 50% poli\u00e9ster e 50 % EVA com membrana de P.U  &nbsp;\" \/>\n<meta property=\"og:url\" content=\"https:\/\/brasilsemalergia.com.br\/loja_abbaa\/produtos-para-alergicos\/noites-tranquilas-produtos-para-alergicos\/kit-familia-capa-de-travesseiro-super-soft\/capa-de-travesseiro-slim-tex\/\" \/>\n<meta property=\"og:site_name\" content=\"Loja Abbaa\" \/>\n<meta property=\"article:modified_time\" content=\"2023-09-06T11:39:32+00:00\" \/>\n<meta property=\"og:image\" content=\"https:\/\/brasilsemalergia.com.br\/loja_abbaa\/wp-content\/uploads\/2023\/05\/Capa-de-travesseiro-Slim-Tex.jpg\" \/>\n\t<meta property=\"og:image:width\" content=\"300\" \/>\n\t<meta property=\"og:image:height\" content=\"300\" \/>\n\t<meta property=\"og:image:type\" content=\"image\/jpeg\" \/>\n<meta name=\"twitter:card\" content=\"summary_large_image\" \/>\n<meta name=\"twitter:label1\" content=\"Est. tempo de leitura\" \/>\n\t<meta name=\"twitter:data1\" content=\"2 minutos\" \/>\n<script type=\"application\/ld+json\" class=\"yoast-schema-graph\">{\"@context\":\"https:\/\/schema.org\",\"@graph\":[{\"@type\":\"WebPage\",\"@id\":\"https:\/\/brasilsemalergia.com.br\/loja_abbaa\/produtos-para-alergicos\/noites-tranquilas-produtos-para-alergicos\/kit-familia-capa-de-travesseiro-super-soft\/capa-de-travesseiro-slim-tex\/\",\"url\":\"https:\/\/brasilsemalergia.com.br\/loja_abbaa\/produtos-para-alergicos\/noites-tranquilas-produtos-para-alergicos\/kit-familia-capa-de-travesseiro-super-soft\/capa-de-travesseiro-slim-tex\/\",\"name\":\"Capa de travesseiro Slim Tex - Loja Abbaa\",\"isPartOf\":{\"@id\":\"https:\/\/brasilsemalergia.com.br\/loja_abbaa\/#website\"},\"primaryImageOfPage\":{\"@id\":\"https:\/\/brasilsemalergia.com.br\/loja_abbaa\/produtos-para-alergicos\/noites-tranquilas-produtos-para-alergicos\/kit-familia-capa-de-travesseiro-super-soft\/capa-de-travesseiro-slim-tex\/#primaryimage\"},\"image\":{\"@id\":\"https:\/\/brasilsemalergia.com.br\/loja_abbaa\/produtos-para-alergicos\/noites-tranquilas-produtos-para-alergicos\/kit-familia-capa-de-travesseiro-super-soft\/capa-de-travesseiro-slim-tex\/#primaryimage\"},\"thumbnailUrl\":\"https:\/\/brasilsemalergia.com.br\/loja_abbaa\/wp-content\/uploads\/2023\/05\/Capa-de-travesseiro-Slim-Tex.jpg\",\"datePublished\":\"2023-05-09T13:58:04+00:00\",\"dateModified\":\"2023-09-06T11:39:32+00:00\",\"breadcrumb\":{\"@id\":\"https:\/\/brasilsemalergia.com.br\/loja_abbaa\/produtos-para-alergicos\/noites-tranquilas-produtos-para-alergicos\/kit-familia-capa-de-travesseiro-super-soft\/capa-de-travesseiro-slim-tex\/#breadcrumb\"},\"inLanguage\":\"pt-BR\",\"potentialAction\":[{\"@type\":\"ReadAction\",\"target\":[\"https:\/\/brasilsemalergia.com.br\/loja_abbaa\/produtos-para-alergicos\/noites-tranquilas-produtos-para-alergicos\/kit-familia-capa-de-travesseiro-super-soft\/capa-de-travesseiro-slim-tex\/\"]}]},{\"@type\":\"ImageObject\",\"inLanguage\":\"pt-BR\",\"@id\":\"https:\/\/brasilsemalergia.com.br\/loja_abbaa\/produtos-para-alergicos\/noites-tranquilas-produtos-para-alergicos\/kit-familia-capa-de-travesseiro-super-soft\/capa-de-travesseiro-slim-tex\/#primaryimage\",\"url\":\"https:\/\/brasilsemalergia.com.br\/loja_abbaa\/wp-content\/uploads\/2023\/05\/Capa-de-travesseiro-Slim-Tex.jpg\",\"contentUrl\":\"https:\/\/brasilsemalergia.com.br\/loja_abbaa\/wp-content\/uploads\/2023\/05\/Capa-de-travesseiro-Slim-Tex.jpg\",\"width\":300,\"height\":300,\"caption\":\"Capa de travesseiro Slim Tex\"},{\"@type\":\"BreadcrumbList\",\"@id\":\"https:\/\/brasilsemalergia.com.br\/loja_abbaa\/produtos-para-alergicos\/noites-tranquilas-produtos-para-alergicos\/kit-familia-capa-de-travesseiro-super-soft\/capa-de-travesseiro-slim-tex\/#breadcrumb\",\"itemListElement\":[{\"@type\":\"ListItem\",\"position\":1,\"name\":\"In\u00edcio\",\"item\":\"https:\/\/brasilsemalergia.com.br\/loja_abbaa\/\"},{\"@type\":\"ListItem\",\"position\":2,\"name\":\"Loja\",\"item\":\"https:\/\/brasilsemalergia.com.br\/loja_abbaa\/\"},{\"@type\":\"ListItem\",\"position\":3,\"name\":\"Capa de travesseiro Slim Tex\"}]},{\"@type\":\"WebSite\",\"@id\":\"https:\/\/brasilsemalergia.com.br\/loja_abbaa\/#website\",\"url\":\"https:\/\/brasilsemalergia.com.br\/loja_abbaa\/\",\"name\":\"Loja Abbaa\",\"description\":\"\",\"publisher\":{\"@id\":\"https:\/\/brasilsemalergia.com.br\/loja_abbaa\/#organization\"},\"potentialAction\":[{\"@type\":\"SearchAction\",\"target\":{\"@type\":\"EntryPoint\",\"urlTemplate\":\"https:\/\/brasilsemalergia.com.br\/loja_abbaa\/?s={search_term_string}\"},\"query-input\":\"required name=search_term_string\"}],\"inLanguage\":\"pt-BR\"},{\"@type\":\"Organization\",\"@id\":\"https:\/\/brasilsemalergia.com.br\/loja_abbaa\/#organization\",\"name\":\"Loja Abbaa\",\"url\":\"https:\/\/brasilsemalergia.com.br\/loja_abbaa\/\",\"logo\":{\"@type\":\"ImageObject\",\"inLanguage\":\"pt-BR\",\"@id\":\"https:\/\/brasilsemalergia.com.br\/loja_abbaa\/#\/schema\/logo\/image\/\",\"url\":\"https:\/\/brasilsemalergia.com.br\/loja_abbaa\/wp-content\/uploads\/2023\/03\/logo-hor-site.png\",\"contentUrl\":\"https:\/\/brasilsemalergia.com.br\/loja_abbaa\/wp-content\/uploads\/2023\/03\/logo-hor-site.png\",\"width\":440,\"height\":120,\"caption\":\"Loja Abbaa\"},\"image\":{\"@id\":\"https:\/\/brasilsemalergia.com.br\/loja_abbaa\/#\/schema\/logo\/image\/\"}}]}<\/script>\n<!-- \/ Yoast SEO plugin. -->","yoast_head_json":{"title":"Capa de travesseiro Slim Tex - Loja Abbaa","robots":{"index":"index","follow":"follow","max-snippet":"max-snippet:-1","max-image-preview":"max-image-preview:large","max-video-preview":"max-video-preview:-1"},"canonical":"https:\/\/brasilsemalergia.com.br\/loja_abbaa\/produtos-para-alergicos\/noites-tranquilas-produtos-para-alergicos\/kit-familia-capa-de-travesseiro-super-soft\/capa-de-travesseiro-slim-tex\/","og_locale":"pt_BR","og_type":"article","og_title":"Capa de travesseiro Slim Tex - Loja Abbaa","og_description":"Capa de travesseiro Slim Tex 50% poli\u00e9ster e 50 % EVA com membrana de P.U  &nbsp;","og_url":"https:\/\/brasilsemalergia.com.br\/loja_abbaa\/produtos-para-alergicos\/noites-tranquilas-produtos-para-alergicos\/kit-familia-capa-de-travesseiro-super-soft\/capa-de-travesseiro-slim-tex\/","og_site_name":"Loja Abbaa","article_modified_time":"2023-09-06T11:39:32+00:00","og_image":[{"width":300,"height":300,"url":"https:\/\/brasilsemalergia.com.br\/loja_abbaa\/wp-content\/uploads\/2023\/05\/Capa-de-travesseiro-Slim-Tex.jpg","type":"image\/jpeg"}],"twitter_card":"summary_large_image","twitter_misc":{"Est. tempo de leitura":"2 minutos"},"schema":{"@context":"https:\/\/schema.org","@graph":[{"@type":"WebPage","@id":"https:\/\/brasilsemalergia.com.br\/loja_abbaa\/produtos-para-alergicos\/noites-tranquilas-produtos-para-alergicos\/kit-familia-capa-de-travesseiro-super-soft\/capa-de-travesseiro-slim-tex\/","url":"https:\/\/brasilsemalergia.com.br\/loja_abbaa\/produtos-para-alergicos\/noites-tranquilas-produtos-para-alergicos\/kit-familia-capa-de-travesseiro-super-soft\/capa-de-travesseiro-slim-tex\/","name":"Capa de travesseiro Slim Tex - Loja Abbaa","isPartOf":{"@id":"https:\/\/brasilsemalergia.com.br\/loja_abbaa\/#website"},"primaryImageOfPage":{"@id":"https:\/\/brasilsemalergia.com.br\/loja_abbaa\/produtos-para-alergicos\/noites-tranquilas-produtos-para-alergicos\/kit-familia-capa-de-travesseiro-super-soft\/capa-de-travesseiro-slim-tex\/#primaryimage"},"image":{"@id":"https:\/\/brasilsemalergia.com.br\/loja_abbaa\/produtos-para-alergicos\/noites-tranquilas-produtos-para-alergicos\/kit-familia-capa-de-travesseiro-super-soft\/capa-de-travesseiro-slim-tex\/#primaryimage"},"thumbnailUrl":"https:\/\/brasilsemalergia.com.br\/loja_abbaa\/wp-content\/uploads\/2023\/05\/Capa-de-travesseiro-Slim-Tex.jpg","datePublished":"2023-05-09T13:58:04+00:00","dateModified":"2023-09-06T11:39:32+00:00","breadcrumb":{"@id":"https:\/\/brasilsemalergia.com.br\/loja_abbaa\/produtos-para-alergicos\/noites-tranquilas-produtos-para-alergicos\/kit-familia-capa-de-travesseiro-super-soft\/capa-de-travesseiro-slim-tex\/#breadcrumb"},"inLanguage":"pt-BR","potentialAction":[{"@type":"ReadAction","target":["https:\/\/brasilsemalergia.com.br\/loja_abbaa\/produtos-para-alergicos\/noites-tranquilas-produtos-para-alergicos\/kit-familia-capa-de-travesseiro-super-soft\/capa-de-travesseiro-slim-tex\/"]}]},{"@type":"ImageObject","inLanguage":"pt-BR","@id":"https:\/\/brasilsemalergia.com.br\/loja_abbaa\/produtos-para-alergicos\/noites-tranquilas-produtos-para-alergicos\/kit-familia-capa-de-travesseiro-super-soft\/capa-de-travesseiro-slim-tex\/#primaryimage","url":"https:\/\/brasilsemalergia.com.br\/loja_abbaa\/wp-content\/uploads\/2023\/05\/Capa-de-travesseiro-Slim-Tex.jpg","contentUrl":"https:\/\/brasilsemalergia.com.br\/loja_abbaa\/wp-content\/uploads\/2023\/05\/Capa-de-travesseiro-Slim-Tex.jpg","width":300,"height":300,"caption":"Capa de travesseiro Slim Tex"},{"@type":"BreadcrumbList","@id":"https:\/\/brasilsemalergia.com.br\/loja_abbaa\/produtos-para-alergicos\/noites-tranquilas-produtos-para-alergicos\/kit-familia-capa-de-travesseiro-super-soft\/capa-de-travesseiro-slim-tex\/#breadcrumb","itemListElement":[{"@type":"ListItem","position":1,"name":"In\u00edcio","item":"https:\/\/brasilsemalergia.com.br\/loja_abbaa\/"},{"@type":"ListItem","position":2,"name":"Loja","item":"https:\/\/brasilsemalergia.com.br\/loja_abbaa\/"},{"@type":"ListItem","position":3,"name":"Capa de travesseiro Slim Tex"}]},{"@type":"WebSite","@id":"https:\/\/brasilsemalergia.com.br\/loja_abbaa\/#website","url":"https:\/\/brasilsemalergia.com.br\/loja_abbaa\/","name":"Loja Abbaa","description":"","publisher":{"@id":"https:\/\/brasilsemalergia.com.br\/loja_abbaa\/#organization"},"potentialAction":[{"@type":"SearchAction","target":{"@type":"EntryPoint","urlTemplate":"https:\/\/brasilsemalergia.com.br\/loja_abbaa\/?s={search_term_string}"},"query-input":"required name=search_term_string"}],"inLanguage":"pt-BR"},{"@type":"Organization","@id":"https:\/\/brasilsemalergia.com.br\/loja_abbaa\/#organization","name":"Loja Abbaa","url":"https:\/\/brasilsemalergia.com.br\/loja_abbaa\/","logo":{"@type":"ImageObject","inLanguage":"pt-BR","@id":"https:\/\/brasilsemalergia.com.br\/loja_abbaa\/#\/schema\/logo\/image\/","url":"https:\/\/brasilsemalergia.com.br\/loja_abbaa\/wp-content\/uploads\/2023\/03\/logo-hor-site.png","contentUrl":"https:\/\/brasilsemalergia.com.br\/loja_abbaa\/wp-content\/uploads\/2023\/03\/logo-hor-site.png","width":440,"height":120,"caption":"Loja Abbaa"},"image":{"@id":"https:\/\/brasilsemalergia.com.br\/loja_abbaa\/#\/schema\/logo\/image\/"}}]}},"_links":{"self":[{"href":"https:\/\/brasilsemalergia.com.br\/loja_abbaa\/wp-json\/wp\/v2\/product\/14251","targetHints":{"allow":["GET"]}}],"collection":[{"href":"https:\/\/brasilsemalergia.com.br\/loja_abbaa\/wp-json\/wp\/v2\/product"}],"about":[{"href":"https:\/\/brasilsemalergia.com.br\/loja_abbaa\/wp-json\/wp\/v2\/types\/product"}],"replies":[{"embeddable":true,"href":"https:\/\/brasilsemalergia.com.br\/loja_abbaa\/wp-json\/wp\/v2\/comments?post=14251"}],"version-history":[{"count":0,"href":"https:\/\/brasilsemalergia.com.br\/loja_abbaa\/wp-json\/wp\/v2\/product\/14251\/revisions"}],"wp:featuredmedia":[{"embeddable":true,"href":"https:\/\/brasilsemalergia.com.br\/loja_abbaa\/wp-json\/wp\/v2\/media\/15077"}],"wp:attachment":[{"href":"https:\/\/brasilsemalergia.com.br\/loja_abbaa\/wp-json\/wp\/v2\/media?parent=14251"}],"wp:term":[{"taxonomy":"product_cat","embeddable":true,"href":"https:\/\/brasilsemalergia.com.br\/loja_abbaa\/wp-json\/wp\/v2\/product_cat?post=14251"},{"taxonomy":"product_tag","embeddable":true,"href":"https:\/\/brasilsemalergia.com.br\/loja_abbaa\/wp-json\/wp\/v2\/product_tag?post=14251"}],"curies":[{"name":"wp","href":"https:\/\/api.w.org\/{rel}","templated":true}]}}