{"id":14264,"date":"2023-05-09T13:30:34","date_gmt":"2023-05-09T16:30:34","guid":{"rendered":"https:\/\/brasilsemalergia.com.br\/loja_abbaa\/?post_type=product&#038;p=14264"},"modified":"2023-09-05T07:23:07","modified_gmt":"2023-09-05T10:23:07","slug":"capa-de-travesseiro-pvc","status":"publish","type":"product","link":"https:\/\/brasilsemalergia.com.br\/loja_abbaa\/produtos-para-alergicos\/noites-tranquilas-produtos-para-alergicos\/kit-familia-capa-de-travesseiro-super-soft\/capa-de-travesseiro-pvc\/","title":{"rendered":"Capa de travesseiro PVC"},"content":{"rendered":"<p><strong><u>BENEFICIOS<\/u><\/strong><\/p>\n<p>O uso das capas anti\u00e1caro s\u00e3o descritas no Consenso Mundial de Tratamento da Asma e Rinite com parte essencial no controle destas doen\u00e7as.<\/p>\n<p>Por impedirem o contato com os \u00e1caros e seus dejetos, mant\u00e9m a alergia sob controle diminuindo o uso de medicamentos, proporcionando muito mais qualidade de vida com noites bem dormidas e melhor rendimento na escola e trabalho.<\/p>\n<p>&nbsp;<\/p>\n<p><strong><u>CARACTER\u00cdSTICAS<\/u><\/strong><\/p>\n<p>As Capas Anti\u00e1caro PVC Alergoshop proporcionam toda a prote\u00e7\u00e3o necess\u00e1ria para evitar o contato com os \u00e1caros, respons\u00e1veis por 80% das alergias respirat\u00f3rias como asma rinite e tamb\u00e9m dermatites. S\u00e3o confeccionadas em PVC com l\u00e2mina de 0,08mm de espessura o que proporciona um toque macio e confort\u00e1vel. Excelente custo benef\u00edcio para uso em casas de campo e praia ou como capas extras para viagens.<\/p>\n<p>\u2022 100% PVC<\/p>\n<p>\u2022 Costura refor\u00e7ada e z\u00edper<\/p>\n<p>\u2022 Imperme\u00e1vel<\/p>\n<p>\u2022 Suor, gordura e oleosidade corporal excessivos ou uso de cremes e \u00f3leos, podem modificar a textura do PVC, nestes casos d\u00ea prefer\u00eancia \u00e0s capas de Soft Tex ou Super Soft Alergoshop.<\/p>\n<p>\u2022 Os casos de danos ao PVC n\u00e3o est\u00e3o cobertos pela garantia por dependerem de caracter\u00edsticas fisiol\u00f3gicas do cliente.<\/p>\n<p>\u2022 S\u00f3 ser\u00e3o trocadas (at\u00e9 3 dias ap\u00f3s o recebimento do pedido) capas com defeito de fabrica\u00e7\u00e3o (costura e ziper)<\/p>\n<p>Aten\u00e7\u00e3o: por se tratar de um material mais delicado, \u00e9 importante manusear a capa com cuidado para que ela n\u00e3o rasgue ou descosture. Unhas compridas ou materiais pontiagudos podem rasgar o PVC.<\/p>\n<p><strong>IMPORTANTE:<\/strong>\u00a0Confira sempre as medidas do colch\u00e3o e travesseiro antes de comprar as capas, pois s\u00e3o de um material delicado que se for\u00e7ado, pode rasgar. Aten\u00e7\u00e3o com unhas compridas, pois tamb\u00e9m podem rasgar as capas no momento da coloca\u00e7\u00e3o.<\/p>\n<p><strong><u>MODO DE USAR<\/u><\/strong><\/p>\n<ul>\n<li>\u2022 Envolva o travesseiro\/colch\u00e3o com a capa e feche totalmente o z\u00edper, depois coloque a roupa de cama normalmente.\u2022 Caso esteja fora de uso, guarde-a com o z\u00edper fechado em local limpo e seco, fora do alcance de crian\u00e7as\n<p>\u2022 Em caso de odor do PVC, deixar a capa aberta para ventilar por 24horas<\/p>\n<p>\u2022 N\u00e3o lavar a capa e nem colocar na maquina<\/p>\n<p>\u2022 Limpar a capa com um pano levemente \u00famido em \u00e1gua e secar completamente<\/p>\n<p>\u2022 N\u00e3o utilizar produtos qu\u00edmicos sobre a capa (\u00e1lcool, desinfetantes, acaricidas, fungicidas, etc)<\/p>\n<p>\u2022 Secar a capa ao abrigo do sol<\/p>\n<p>\u2022 N\u00e3o utilizar ferro de passar roupa.<\/li>\n<\/ul>\n","protected":false},"excerpt":{"rendered":"<p>Capa anti\u00e1caro PVC. 100% PVC.<\/p>\n<div class=\"row clearfix\">\n<div class=\"col-20\">\n<div class=\"row clearfix\">\n<div class=\"col-8 t-col-50 m-col-100 hide-unavailable col-prod\"><\/div>\n<\/div>\n<\/div>\n<\/div>\n","protected":false},"featured_media":15066,"comment_status":"open","ping_status":"closed","template":"","meta":[],"product_cat":[15,70,58,45],"product_tag":[],"class_list":{"0":"post-14264","1":"product","2":"type-product","3":"status-publish","4":"has-post-thumbnail","6":"product_cat-geral","7":"product_cat-kit-familia-capa-de-travesseiro-super-soft","8":"product_cat-noites-tranquilas-produtos-para-alergicos","9":"product_cat-produtos-para-alergicos","11":"first","12":"outofstock","13":"featured","14":"shipping-taxable","15":"purchasable","16":"product-type-variable"},"yoast_head":"<!-- This site is optimized with the Yoast SEO plugin v22.7 - https:\/\/yoast.com\/wordpress\/plugins\/seo\/ -->\n<title>Capa de travesseiro PVC - Loja Abbaa<\/title>\n<meta name=\"robots\" content=\"index, follow, max-snippet:-1, max-image-preview:large, max-video-preview:-1\" \/>\n<link rel=\"canonical\" href=\"https:\/\/brasilsemalergia.com.br\/loja_abbaa\/produtos-para-alergicos\/noites-tranquilas-produtos-para-alergicos\/kit-familia-capa-de-travesseiro-super-soft\/capa-de-travesseiro-pvc\/\" \/>\n<meta property=\"og:locale\" content=\"pt_BR\" \/>\n<meta property=\"og:type\" content=\"article\" \/>\n<meta property=\"og:title\" content=\"Capa de travesseiro PVC - Loja Abbaa\" \/>\n<meta property=\"og:description\" content=\"Capa anti\u00e1caro PVC. 100% PVC.\" \/>\n<meta property=\"og:url\" content=\"https:\/\/brasilsemalergia.com.br\/loja_abbaa\/produtos-para-alergicos\/noites-tranquilas-produtos-para-alergicos\/kit-familia-capa-de-travesseiro-super-soft\/capa-de-travesseiro-pvc\/\" \/>\n<meta property=\"og:site_name\" content=\"Loja Abbaa\" \/>\n<meta property=\"article:modified_time\" content=\"2023-09-05T10:23:07+00:00\" \/>\n<meta property=\"og:image\" content=\"https:\/\/brasilsemalergia.com.br\/loja_abbaa\/wp-content\/uploads\/2023\/05\/Capa-de-travesseiro-PVC.jpg\" \/>\n\t<meta property=\"og:image:width\" content=\"300\" \/>\n\t<meta property=\"og:image:height\" content=\"300\" \/>\n\t<meta property=\"og:image:type\" content=\"image\/jpeg\" \/>\n<meta name=\"twitter:card\" content=\"summary_large_image\" \/>\n<meta name=\"twitter:label1\" content=\"Est. tempo de leitura\" \/>\n\t<meta name=\"twitter:data1\" content=\"3 minutos\" \/>\n<script type=\"application\/ld+json\" class=\"yoast-schema-graph\">{\"@context\":\"https:\/\/schema.org\",\"@graph\":[{\"@type\":\"WebPage\",\"@id\":\"https:\/\/brasilsemalergia.com.br\/loja_abbaa\/produtos-para-alergicos\/noites-tranquilas-produtos-para-alergicos\/kit-familia-capa-de-travesseiro-super-soft\/capa-de-travesseiro-pvc\/\",\"url\":\"https:\/\/brasilsemalergia.com.br\/loja_abbaa\/produtos-para-alergicos\/noites-tranquilas-produtos-para-alergicos\/kit-familia-capa-de-travesseiro-super-soft\/capa-de-travesseiro-pvc\/\",\"name\":\"Capa de travesseiro PVC - Loja Abbaa\",\"isPartOf\":{\"@id\":\"https:\/\/brasilsemalergia.com.br\/loja_abbaa\/#website\"},\"primaryImageOfPage\":{\"@id\":\"https:\/\/brasilsemalergia.com.br\/loja_abbaa\/produtos-para-alergicos\/noites-tranquilas-produtos-para-alergicos\/kit-familia-capa-de-travesseiro-super-soft\/capa-de-travesseiro-pvc\/#primaryimage\"},\"image\":{\"@id\":\"https:\/\/brasilsemalergia.com.br\/loja_abbaa\/produtos-para-alergicos\/noites-tranquilas-produtos-para-alergicos\/kit-familia-capa-de-travesseiro-super-soft\/capa-de-travesseiro-pvc\/#primaryimage\"},\"thumbnailUrl\":\"https:\/\/brasilsemalergia.com.br\/loja_abbaa\/wp-content\/uploads\/2023\/05\/Capa-de-travesseiro-PVC.jpg\",\"datePublished\":\"2023-05-09T16:30:34+00:00\",\"dateModified\":\"2023-09-05T10:23:07+00:00\",\"breadcrumb\":{\"@id\":\"https:\/\/brasilsemalergia.com.br\/loja_abbaa\/produtos-para-alergicos\/noites-tranquilas-produtos-para-alergicos\/kit-familia-capa-de-travesseiro-super-soft\/capa-de-travesseiro-pvc\/#breadcrumb\"},\"inLanguage\":\"pt-BR\",\"potentialAction\":[{\"@type\":\"ReadAction\",\"target\":[\"https:\/\/brasilsemalergia.com.br\/loja_abbaa\/produtos-para-alergicos\/noites-tranquilas-produtos-para-alergicos\/kit-familia-capa-de-travesseiro-super-soft\/capa-de-travesseiro-pvc\/\"]}]},{\"@type\":\"ImageObject\",\"inLanguage\":\"pt-BR\",\"@id\":\"https:\/\/brasilsemalergia.com.br\/loja_abbaa\/produtos-para-alergicos\/noites-tranquilas-produtos-para-alergicos\/kit-familia-capa-de-travesseiro-super-soft\/capa-de-travesseiro-pvc\/#primaryimage\",\"url\":\"https:\/\/brasilsemalergia.com.br\/loja_abbaa\/wp-content\/uploads\/2023\/05\/Capa-de-travesseiro-PVC.jpg\",\"contentUrl\":\"https:\/\/brasilsemalergia.com.br\/loja_abbaa\/wp-content\/uploads\/2023\/05\/Capa-de-travesseiro-PVC.jpg\",\"width\":300,\"height\":300},{\"@type\":\"BreadcrumbList\",\"@id\":\"https:\/\/brasilsemalergia.com.br\/loja_abbaa\/produtos-para-alergicos\/noites-tranquilas-produtos-para-alergicos\/kit-familia-capa-de-travesseiro-super-soft\/capa-de-travesseiro-pvc\/#breadcrumb\",\"itemListElement\":[{\"@type\":\"ListItem\",\"position\":1,\"name\":\"In\u00edcio\",\"item\":\"https:\/\/brasilsemalergia.com.br\/loja_abbaa\/\"},{\"@type\":\"ListItem\",\"position\":2,\"name\":\"Loja\",\"item\":\"https:\/\/brasilsemalergia.com.br\/loja_abbaa\/\"},{\"@type\":\"ListItem\",\"position\":3,\"name\":\"Capa de travesseiro PVC\"}]},{\"@type\":\"WebSite\",\"@id\":\"https:\/\/brasilsemalergia.com.br\/loja_abbaa\/#website\",\"url\":\"https:\/\/brasilsemalergia.com.br\/loja_abbaa\/\",\"name\":\"Loja Abbaa\",\"description\":\"\",\"publisher\":{\"@id\":\"https:\/\/brasilsemalergia.com.br\/loja_abbaa\/#organization\"},\"potentialAction\":[{\"@type\":\"SearchAction\",\"target\":{\"@type\":\"EntryPoint\",\"urlTemplate\":\"https:\/\/brasilsemalergia.com.br\/loja_abbaa\/?s={search_term_string}\"},\"query-input\":\"required name=search_term_string\"}],\"inLanguage\":\"pt-BR\"},{\"@type\":\"Organization\",\"@id\":\"https:\/\/brasilsemalergia.com.br\/loja_abbaa\/#organization\",\"name\":\"Loja Abbaa\",\"url\":\"https:\/\/brasilsemalergia.com.br\/loja_abbaa\/\",\"logo\":{\"@type\":\"ImageObject\",\"inLanguage\":\"pt-BR\",\"@id\":\"https:\/\/brasilsemalergia.com.br\/loja_abbaa\/#\/schema\/logo\/image\/\",\"url\":\"https:\/\/brasilsemalergia.com.br\/loja_abbaa\/wp-content\/uploads\/2023\/03\/logo-hor-site.png\",\"contentUrl\":\"https:\/\/brasilsemalergia.com.br\/loja_abbaa\/wp-content\/uploads\/2023\/03\/logo-hor-site.png\",\"width\":440,\"height\":120,\"caption\":\"Loja Abbaa\"},\"image\":{\"@id\":\"https:\/\/brasilsemalergia.com.br\/loja_abbaa\/#\/schema\/logo\/image\/\"}}]}<\/script>\n<!-- \/ Yoast SEO plugin. -->","yoast_head_json":{"title":"Capa de travesseiro PVC - Loja Abbaa","robots":{"index":"index","follow":"follow","max-snippet":"max-snippet:-1","max-image-preview":"max-image-preview:large","max-video-preview":"max-video-preview:-1"},"canonical":"https:\/\/brasilsemalergia.com.br\/loja_abbaa\/produtos-para-alergicos\/noites-tranquilas-produtos-para-alergicos\/kit-familia-capa-de-travesseiro-super-soft\/capa-de-travesseiro-pvc\/","og_locale":"pt_BR","og_type":"article","og_title":"Capa de travesseiro PVC - Loja Abbaa","og_description":"Capa anti\u00e1caro PVC. 100% PVC.","og_url":"https:\/\/brasilsemalergia.com.br\/loja_abbaa\/produtos-para-alergicos\/noites-tranquilas-produtos-para-alergicos\/kit-familia-capa-de-travesseiro-super-soft\/capa-de-travesseiro-pvc\/","og_site_name":"Loja Abbaa","article_modified_time":"2023-09-05T10:23:07+00:00","og_image":[{"width":300,"height":300,"url":"https:\/\/brasilsemalergia.com.br\/loja_abbaa\/wp-content\/uploads\/2023\/05\/Capa-de-travesseiro-PVC.jpg","type":"image\/jpeg"}],"twitter_card":"summary_large_image","twitter_misc":{"Est. tempo de leitura":"3 minutos"},"schema":{"@context":"https:\/\/schema.org","@graph":[{"@type":"WebPage","@id":"https:\/\/brasilsemalergia.com.br\/loja_abbaa\/produtos-para-alergicos\/noites-tranquilas-produtos-para-alergicos\/kit-familia-capa-de-travesseiro-super-soft\/capa-de-travesseiro-pvc\/","url":"https:\/\/brasilsemalergia.com.br\/loja_abbaa\/produtos-para-alergicos\/noites-tranquilas-produtos-para-alergicos\/kit-familia-capa-de-travesseiro-super-soft\/capa-de-travesseiro-pvc\/","name":"Capa de travesseiro PVC - Loja Abbaa","isPartOf":{"@id":"https:\/\/brasilsemalergia.com.br\/loja_abbaa\/#website"},"primaryImageOfPage":{"@id":"https:\/\/brasilsemalergia.com.br\/loja_abbaa\/produtos-para-alergicos\/noites-tranquilas-produtos-para-alergicos\/kit-familia-capa-de-travesseiro-super-soft\/capa-de-travesseiro-pvc\/#primaryimage"},"image":{"@id":"https:\/\/brasilsemalergia.com.br\/loja_abbaa\/produtos-para-alergicos\/noites-tranquilas-produtos-para-alergicos\/kit-familia-capa-de-travesseiro-super-soft\/capa-de-travesseiro-pvc\/#primaryimage"},"thumbnailUrl":"https:\/\/brasilsemalergia.com.br\/loja_abbaa\/wp-content\/uploads\/2023\/05\/Capa-de-travesseiro-PVC.jpg","datePublished":"2023-05-09T16:30:34+00:00","dateModified":"2023-09-05T10:23:07+00:00","breadcrumb":{"@id":"https:\/\/brasilsemalergia.com.br\/loja_abbaa\/produtos-para-alergicos\/noites-tranquilas-produtos-para-alergicos\/kit-familia-capa-de-travesseiro-super-soft\/capa-de-travesseiro-pvc\/#breadcrumb"},"inLanguage":"pt-BR","potentialAction":[{"@type":"ReadAction","target":["https:\/\/brasilsemalergia.com.br\/loja_abbaa\/produtos-para-alergicos\/noites-tranquilas-produtos-para-alergicos\/kit-familia-capa-de-travesseiro-super-soft\/capa-de-travesseiro-pvc\/"]}]},{"@type":"ImageObject","inLanguage":"pt-BR","@id":"https:\/\/brasilsemalergia.com.br\/loja_abbaa\/produtos-para-alergicos\/noites-tranquilas-produtos-para-alergicos\/kit-familia-capa-de-travesseiro-super-soft\/capa-de-travesseiro-pvc\/#primaryimage","url":"https:\/\/brasilsemalergia.com.br\/loja_abbaa\/wp-content\/uploads\/2023\/05\/Capa-de-travesseiro-PVC.jpg","contentUrl":"https:\/\/brasilsemalergia.com.br\/loja_abbaa\/wp-content\/uploads\/2023\/05\/Capa-de-travesseiro-PVC.jpg","width":300,"height":300},{"@type":"BreadcrumbList","@id":"https:\/\/brasilsemalergia.com.br\/loja_abbaa\/produtos-para-alergicos\/noites-tranquilas-produtos-para-alergicos\/kit-familia-capa-de-travesseiro-super-soft\/capa-de-travesseiro-pvc\/#breadcrumb","itemListElement":[{"@type":"ListItem","position":1,"name":"In\u00edcio","item":"https:\/\/brasilsemalergia.com.br\/loja_abbaa\/"},{"@type":"ListItem","position":2,"name":"Loja","item":"https:\/\/brasilsemalergia.com.br\/loja_abbaa\/"},{"@type":"ListItem","position":3,"name":"Capa de travesseiro PVC"}]},{"@type":"WebSite","@id":"https:\/\/brasilsemalergia.com.br\/loja_abbaa\/#website","url":"https:\/\/brasilsemalergia.com.br\/loja_abbaa\/","name":"Loja Abbaa","description":"","publisher":{"@id":"https:\/\/brasilsemalergia.com.br\/loja_abbaa\/#organization"},"potentialAction":[{"@type":"SearchAction","target":{"@type":"EntryPoint","urlTemplate":"https:\/\/brasilsemalergia.com.br\/loja_abbaa\/?s={search_term_string}"},"query-input":"required name=search_term_string"}],"inLanguage":"pt-BR"},{"@type":"Organization","@id":"https:\/\/brasilsemalergia.com.br\/loja_abbaa\/#organization","name":"Loja Abbaa","url":"https:\/\/brasilsemalergia.com.br\/loja_abbaa\/","logo":{"@type":"ImageObject","inLanguage":"pt-BR","@id":"https:\/\/brasilsemalergia.com.br\/loja_abbaa\/#\/schema\/logo\/image\/","url":"https:\/\/brasilsemalergia.com.br\/loja_abbaa\/wp-content\/uploads\/2023\/03\/logo-hor-site.png","contentUrl":"https:\/\/brasilsemalergia.com.br\/loja_abbaa\/wp-content\/uploads\/2023\/03\/logo-hor-site.png","width":440,"height":120,"caption":"Loja Abbaa"},"image":{"@id":"https:\/\/brasilsemalergia.com.br\/loja_abbaa\/#\/schema\/logo\/image\/"}}]}},"_links":{"self":[{"href":"https:\/\/brasilsemalergia.com.br\/loja_abbaa\/wp-json\/wp\/v2\/product\/14264","targetHints":{"allow":["GET"]}}],"collection":[{"href":"https:\/\/brasilsemalergia.com.br\/loja_abbaa\/wp-json\/wp\/v2\/product"}],"about":[{"href":"https:\/\/brasilsemalergia.com.br\/loja_abbaa\/wp-json\/wp\/v2\/types\/product"}],"replies":[{"embeddable":true,"href":"https:\/\/brasilsemalergia.com.br\/loja_abbaa\/wp-json\/wp\/v2\/comments?post=14264"}],"version-history":[{"count":0,"href":"https:\/\/brasilsemalergia.com.br\/loja_abbaa\/wp-json\/wp\/v2\/product\/14264\/revisions"}],"wp:featuredmedia":[{"embeddable":true,"href":"https:\/\/brasilsemalergia.com.br\/loja_abbaa\/wp-json\/wp\/v2\/media\/15066"}],"wp:attachment":[{"href":"https:\/\/brasilsemalergia.com.br\/loja_abbaa\/wp-json\/wp\/v2\/media?parent=14264"}],"wp:term":[{"taxonomy":"product_cat","embeddable":true,"href":"https:\/\/brasilsemalergia.com.br\/loja_abbaa\/wp-json\/wp\/v2\/product_cat?post=14264"},{"taxonomy":"product_tag","embeddable":true,"href":"https:\/\/brasilsemalergia.com.br\/loja_abbaa\/wp-json\/wp\/v2\/product_tag?post=14264"}],"curies":[{"name":"wp","href":"https:\/\/api.w.org\/{rel}","templated":true}]}}