{"id":14404,"date":"2023-05-12T14:10:31","date_gmt":"2023-05-12T17:10:31","guid":{"rendered":"https:\/\/brasilsemalergia.com.br\/loja_abbaa\/?post_type=product&#038;p=14404"},"modified":"2023-09-04T09:24:27","modified_gmt":"2023-09-04T12:24:27","slug":"almofada-assento-comfort-gel-theva","status":"publish","type":"product","link":"https:\/\/brasilsemalergia.com.br\/loja_abbaa\/produtos-para-alergicos\/noites-tranquilas-produtos-para-alergicos\/travesseiros-especiais\/almofada-assento-comfort-gel-theva\/","title":{"rendered":"Almofada Assento Comfort Gel Theva"},"content":{"rendered":"<p><strong><u>BENEFICIOS<\/u><\/strong><\/p>\n<p>\u2022 Alivia a press\u00e3o exercida pelo corpo<\/p>\n<p>\u2022\u00a0Produzida com material que combina o conforto da espuma viscoel\u00e1stica com o frescor das micropart\u00edculas de gel<\/p>\n<p>\u2022 Reduz o calor do corpo<\/p>\n<p>\u2022 Tecido de alta tecnologia leve e ventilado<\/p>\n<p>\u2022 Capa remov\u00edvel e lav\u00e1vel<\/p>\n<p>\u2022 Desenvolvida na Dinamarca com a bandeirinha<\/p>\n<p>\u2022 Tamanho: 9,5cm x 41cm x 41cm<\/p>\n<p><strong><u>CARACTER\u00cdSTICAS<\/u><\/strong><\/p>\n<p>A Almofada Assento Comfort Gel Theva &#8211; Copespuma \u00e9 produzida com tecido de alta tecnologia que combina o conforto da espuma de mem\u00f3ria com o frescor das micropart\u00edculas de gel. Design exclusivo. Reduz o calor do corpo. Proporciona al\u00edvio de press\u00e3o. Capa remov\u00edvel e lav\u00e1vel. Uso ideal para assentos no escrit\u00f3rio, carro, casa e em cadeira de rodas.<\/p>\n<p><strong><u>COMPOSI\u00c7\u00c3O<\/u><\/strong><\/p>\n<div class=\"wrap product-info\">\n<div class=\"content cf\">\n<div id=\"content-inside-composicoes\" class=\"content-inside d-n\">Espuma viscoel\u00e1stica\/ Poli\u00e9ster.<\/div>\n<\/div>\n<\/div>\n<section>\n<div class=\"wrap clearfix\">\n<div class=\"col-20 product-carousel\"><\/div>\n<\/div>\n<\/section>\n","protected":false},"excerpt":{"rendered":"<div id=\"product\" class=\"wrap cf\">\n<div class=\"product-right col-12 m-col-100\">\n<div class=\"col-20 t-col-100\">\n<div class=\"col-20\">\n<div class=\"row\">\n<div id=\"product\" class=\"wrap cf\">\n<div class=\"product-right col-12 m-col-100\">\n<div class=\"col-20 t-col-100\">\n<div class=\"col-20\">\n<div class=\"row\">\n<p class=\"product-desc cf\">Almofada Assento Comfort Gel Theva.<\/p>\n<\/div>\n<\/div>\n<\/div>\n<\/div>\n<\/div>\n<div id=\"product-tabs\" class=\"col-20\">\n<div class=\"wrap product-info\">\n<div class=\"bts cf\"><\/div>\n<\/div>\n<\/div>\n<\/div>\n<\/div>\n<\/div>\n<\/div>\n<\/div>\n<div id=\"product-tabs\" class=\"col-20\">\n<div class=\"wrap product-info\">\n<div class=\"bts cf\"><\/div>\n<\/div>\n<\/div>\n","protected":false},"featured_media":14405,"comment_status":"open","ping_status":"closed","template":"","meta":[],"product_cat":[15,58,55,91],"product_tag":[],"class_list":{"0":"post-14404","1":"product","2":"type-product","3":"status-publish","4":"has-post-thumbnail","6":"product_cat-geral","7":"product_cat-noites-tranquilas-produtos-para-alergicos","8":"product_cat-noites-tranquilas","9":"product_cat-travesseiros-especiais","11":"first","12":"outofstock","13":"shipping-taxable","14":"purchasable","15":"product-type-simple"},"yoast_head":"<!-- This site is optimized with the Yoast SEO plugin v22.7 - https:\/\/yoast.com\/wordpress\/plugins\/seo\/ -->\n<title>Almofada Assento Comfort Gel Theva - Loja Abbaa<\/title>\n<meta name=\"robots\" content=\"index, follow, max-snippet:-1, max-image-preview:large, max-video-preview:-1\" \/>\n<link rel=\"canonical\" href=\"https:\/\/brasilsemalergia.com.br\/loja_abbaa\/produtos-para-alergicos\/noites-tranquilas-produtos-para-alergicos\/travesseiros-especiais\/almofada-assento-comfort-gel-theva\/\" \/>\n<meta property=\"og:locale\" content=\"pt_BR\" \/>\n<meta property=\"og:type\" content=\"article\" \/>\n<meta property=\"og:title\" content=\"Almofada Assento Comfort Gel Theva - Loja Abbaa\" \/>\n<meta property=\"og:description\" content=\"Almofada Assento Comfort Gel Theva.\" \/>\n<meta property=\"og:url\" content=\"https:\/\/brasilsemalergia.com.br\/loja_abbaa\/produtos-para-alergicos\/noites-tranquilas-produtos-para-alergicos\/travesseiros-especiais\/almofada-assento-comfort-gel-theva\/\" \/>\n<meta property=\"og:site_name\" content=\"Loja Abbaa\" \/>\n<meta property=\"article:modified_time\" content=\"2023-09-04T12:24:27+00:00\" \/>\n<meta property=\"og:image\" content=\"https:\/\/brasilsemalergia.com.br\/loja_abbaa\/wp-content\/uploads\/2023\/05\/0e69e3cae23d8096965b4f99d7d331d82b78a0bf.jpg\" \/>\n\t<meta property=\"og:image:width\" content=\"1000\" \/>\n\t<meta property=\"og:image:height\" content=\"1000\" \/>\n\t<meta property=\"og:image:type\" content=\"image\/jpeg\" \/>\n<meta name=\"twitter:card\" content=\"summary_large_image\" \/>\n<meta name=\"twitter:label1\" content=\"Est. tempo de leitura\" \/>\n\t<meta name=\"twitter:data1\" content=\"1 minuto\" \/>\n<script type=\"application\/ld+json\" class=\"yoast-schema-graph\">{\"@context\":\"https:\/\/schema.org\",\"@graph\":[{\"@type\":\"WebPage\",\"@id\":\"https:\/\/brasilsemalergia.com.br\/loja_abbaa\/produtos-para-alergicos\/noites-tranquilas-produtos-para-alergicos\/travesseiros-especiais\/almofada-assento-comfort-gel-theva\/\",\"url\":\"https:\/\/brasilsemalergia.com.br\/loja_abbaa\/produtos-para-alergicos\/noites-tranquilas-produtos-para-alergicos\/travesseiros-especiais\/almofada-assento-comfort-gel-theva\/\",\"name\":\"Almofada Assento Comfort Gel Theva - Loja Abbaa\",\"isPartOf\":{\"@id\":\"https:\/\/brasilsemalergia.com.br\/loja_abbaa\/#website\"},\"primaryImageOfPage\":{\"@id\":\"https:\/\/brasilsemalergia.com.br\/loja_abbaa\/produtos-para-alergicos\/noites-tranquilas-produtos-para-alergicos\/travesseiros-especiais\/almofada-assento-comfort-gel-theva\/#primaryimage\"},\"image\":{\"@id\":\"https:\/\/brasilsemalergia.com.br\/loja_abbaa\/produtos-para-alergicos\/noites-tranquilas-produtos-para-alergicos\/travesseiros-especiais\/almofada-assento-comfort-gel-theva\/#primaryimage\"},\"thumbnailUrl\":\"https:\/\/brasilsemalergia.com.br\/loja_abbaa\/wp-content\/uploads\/2023\/05\/0e69e3cae23d8096965b4f99d7d331d82b78a0bf.jpg\",\"datePublished\":\"2023-05-12T17:10:31+00:00\",\"dateModified\":\"2023-09-04T12:24:27+00:00\",\"breadcrumb\":{\"@id\":\"https:\/\/brasilsemalergia.com.br\/loja_abbaa\/produtos-para-alergicos\/noites-tranquilas-produtos-para-alergicos\/travesseiros-especiais\/almofada-assento-comfort-gel-theva\/#breadcrumb\"},\"inLanguage\":\"pt-BR\",\"potentialAction\":[{\"@type\":\"ReadAction\",\"target\":[\"https:\/\/brasilsemalergia.com.br\/loja_abbaa\/produtos-para-alergicos\/noites-tranquilas-produtos-para-alergicos\/travesseiros-especiais\/almofada-assento-comfort-gel-theva\/\"]}]},{\"@type\":\"ImageObject\",\"inLanguage\":\"pt-BR\",\"@id\":\"https:\/\/brasilsemalergia.com.br\/loja_abbaa\/produtos-para-alergicos\/noites-tranquilas-produtos-para-alergicos\/travesseiros-especiais\/almofada-assento-comfort-gel-theva\/#primaryimage\",\"url\":\"https:\/\/brasilsemalergia.com.br\/loja_abbaa\/wp-content\/uploads\/2023\/05\/0e69e3cae23d8096965b4f99d7d331d82b78a0bf.jpg\",\"contentUrl\":\"https:\/\/brasilsemalergia.com.br\/loja_abbaa\/wp-content\/uploads\/2023\/05\/0e69e3cae23d8096965b4f99d7d331d82b78a0bf.jpg\",\"width\":1000,\"height\":1000,\"caption\":\"Almofada Assento Comfort Gel Theva\"},{\"@type\":\"BreadcrumbList\",\"@id\":\"https:\/\/brasilsemalergia.com.br\/loja_abbaa\/produtos-para-alergicos\/noites-tranquilas-produtos-para-alergicos\/travesseiros-especiais\/almofada-assento-comfort-gel-theva\/#breadcrumb\",\"itemListElement\":[{\"@type\":\"ListItem\",\"position\":1,\"name\":\"In\u00edcio\",\"item\":\"https:\/\/brasilsemalergia.com.br\/loja_abbaa\/\"},{\"@type\":\"ListItem\",\"position\":2,\"name\":\"Loja\",\"item\":\"https:\/\/brasilsemalergia.com.br\/loja_abbaa\/\"},{\"@type\":\"ListItem\",\"position\":3,\"name\":\"Almofada Assento Comfort Gel Theva\"}]},{\"@type\":\"WebSite\",\"@id\":\"https:\/\/brasilsemalergia.com.br\/loja_abbaa\/#website\",\"url\":\"https:\/\/brasilsemalergia.com.br\/loja_abbaa\/\",\"name\":\"Loja Abbaa\",\"description\":\"\",\"publisher\":{\"@id\":\"https:\/\/brasilsemalergia.com.br\/loja_abbaa\/#organization\"},\"potentialAction\":[{\"@type\":\"SearchAction\",\"target\":{\"@type\":\"EntryPoint\",\"urlTemplate\":\"https:\/\/brasilsemalergia.com.br\/loja_abbaa\/?s={search_term_string}\"},\"query-input\":\"required name=search_term_string\"}],\"inLanguage\":\"pt-BR\"},{\"@type\":\"Organization\",\"@id\":\"https:\/\/brasilsemalergia.com.br\/loja_abbaa\/#organization\",\"name\":\"Loja Abbaa\",\"url\":\"https:\/\/brasilsemalergia.com.br\/loja_abbaa\/\",\"logo\":{\"@type\":\"ImageObject\",\"inLanguage\":\"pt-BR\",\"@id\":\"https:\/\/brasilsemalergia.com.br\/loja_abbaa\/#\/schema\/logo\/image\/\",\"url\":\"https:\/\/brasilsemalergia.com.br\/loja_abbaa\/wp-content\/uploads\/2023\/03\/logo-hor-site.png\",\"contentUrl\":\"https:\/\/brasilsemalergia.com.br\/loja_abbaa\/wp-content\/uploads\/2023\/03\/logo-hor-site.png\",\"width\":440,\"height\":120,\"caption\":\"Loja Abbaa\"},\"image\":{\"@id\":\"https:\/\/brasilsemalergia.com.br\/loja_abbaa\/#\/schema\/logo\/image\/\"}}]}<\/script>\n<!-- \/ Yoast SEO plugin. -->","yoast_head_json":{"title":"Almofada Assento Comfort Gel Theva - Loja Abbaa","robots":{"index":"index","follow":"follow","max-snippet":"max-snippet:-1","max-image-preview":"max-image-preview:large","max-video-preview":"max-video-preview:-1"},"canonical":"https:\/\/brasilsemalergia.com.br\/loja_abbaa\/produtos-para-alergicos\/noites-tranquilas-produtos-para-alergicos\/travesseiros-especiais\/almofada-assento-comfort-gel-theva\/","og_locale":"pt_BR","og_type":"article","og_title":"Almofada Assento Comfort Gel Theva - Loja Abbaa","og_description":"Almofada Assento Comfort Gel Theva.","og_url":"https:\/\/brasilsemalergia.com.br\/loja_abbaa\/produtos-para-alergicos\/noites-tranquilas-produtos-para-alergicos\/travesseiros-especiais\/almofada-assento-comfort-gel-theva\/","og_site_name":"Loja Abbaa","article_modified_time":"2023-09-04T12:24:27+00:00","og_image":[{"width":1000,"height":1000,"url":"https:\/\/brasilsemalergia.com.br\/loja_abbaa\/wp-content\/uploads\/2023\/05\/0e69e3cae23d8096965b4f99d7d331d82b78a0bf.jpg","type":"image\/jpeg"}],"twitter_card":"summary_large_image","twitter_misc":{"Est. tempo de leitura":"1 minuto"},"schema":{"@context":"https:\/\/schema.org","@graph":[{"@type":"WebPage","@id":"https:\/\/brasilsemalergia.com.br\/loja_abbaa\/produtos-para-alergicos\/noites-tranquilas-produtos-para-alergicos\/travesseiros-especiais\/almofada-assento-comfort-gel-theva\/","url":"https:\/\/brasilsemalergia.com.br\/loja_abbaa\/produtos-para-alergicos\/noites-tranquilas-produtos-para-alergicos\/travesseiros-especiais\/almofada-assento-comfort-gel-theva\/","name":"Almofada Assento Comfort Gel Theva - Loja Abbaa","isPartOf":{"@id":"https:\/\/brasilsemalergia.com.br\/loja_abbaa\/#website"},"primaryImageOfPage":{"@id":"https:\/\/brasilsemalergia.com.br\/loja_abbaa\/produtos-para-alergicos\/noites-tranquilas-produtos-para-alergicos\/travesseiros-especiais\/almofada-assento-comfort-gel-theva\/#primaryimage"},"image":{"@id":"https:\/\/brasilsemalergia.com.br\/loja_abbaa\/produtos-para-alergicos\/noites-tranquilas-produtos-para-alergicos\/travesseiros-especiais\/almofada-assento-comfort-gel-theva\/#primaryimage"},"thumbnailUrl":"https:\/\/brasilsemalergia.com.br\/loja_abbaa\/wp-content\/uploads\/2023\/05\/0e69e3cae23d8096965b4f99d7d331d82b78a0bf.jpg","datePublished":"2023-05-12T17:10:31+00:00","dateModified":"2023-09-04T12:24:27+00:00","breadcrumb":{"@id":"https:\/\/brasilsemalergia.com.br\/loja_abbaa\/produtos-para-alergicos\/noites-tranquilas-produtos-para-alergicos\/travesseiros-especiais\/almofada-assento-comfort-gel-theva\/#breadcrumb"},"inLanguage":"pt-BR","potentialAction":[{"@type":"ReadAction","target":["https:\/\/brasilsemalergia.com.br\/loja_abbaa\/produtos-para-alergicos\/noites-tranquilas-produtos-para-alergicos\/travesseiros-especiais\/almofada-assento-comfort-gel-theva\/"]}]},{"@type":"ImageObject","inLanguage":"pt-BR","@id":"https:\/\/brasilsemalergia.com.br\/loja_abbaa\/produtos-para-alergicos\/noites-tranquilas-produtos-para-alergicos\/travesseiros-especiais\/almofada-assento-comfort-gel-theva\/#primaryimage","url":"https:\/\/brasilsemalergia.com.br\/loja_abbaa\/wp-content\/uploads\/2023\/05\/0e69e3cae23d8096965b4f99d7d331d82b78a0bf.jpg","contentUrl":"https:\/\/brasilsemalergia.com.br\/loja_abbaa\/wp-content\/uploads\/2023\/05\/0e69e3cae23d8096965b4f99d7d331d82b78a0bf.jpg","width":1000,"height":1000,"caption":"Almofada Assento Comfort Gel Theva"},{"@type":"BreadcrumbList","@id":"https:\/\/brasilsemalergia.com.br\/loja_abbaa\/produtos-para-alergicos\/noites-tranquilas-produtos-para-alergicos\/travesseiros-especiais\/almofada-assento-comfort-gel-theva\/#breadcrumb","itemListElement":[{"@type":"ListItem","position":1,"name":"In\u00edcio","item":"https:\/\/brasilsemalergia.com.br\/loja_abbaa\/"},{"@type":"ListItem","position":2,"name":"Loja","item":"https:\/\/brasilsemalergia.com.br\/loja_abbaa\/"},{"@type":"ListItem","position":3,"name":"Almofada Assento Comfort Gel Theva"}]},{"@type":"WebSite","@id":"https:\/\/brasilsemalergia.com.br\/loja_abbaa\/#website","url":"https:\/\/brasilsemalergia.com.br\/loja_abbaa\/","name":"Loja Abbaa","description":"","publisher":{"@id":"https:\/\/brasilsemalergia.com.br\/loja_abbaa\/#organization"},"potentialAction":[{"@type":"SearchAction","target":{"@type":"EntryPoint","urlTemplate":"https:\/\/brasilsemalergia.com.br\/loja_abbaa\/?s={search_term_string}"},"query-input":"required name=search_term_string"}],"inLanguage":"pt-BR"},{"@type":"Organization","@id":"https:\/\/brasilsemalergia.com.br\/loja_abbaa\/#organization","name":"Loja Abbaa","url":"https:\/\/brasilsemalergia.com.br\/loja_abbaa\/","logo":{"@type":"ImageObject","inLanguage":"pt-BR","@id":"https:\/\/brasilsemalergia.com.br\/loja_abbaa\/#\/schema\/logo\/image\/","url":"https:\/\/brasilsemalergia.com.br\/loja_abbaa\/wp-content\/uploads\/2023\/03\/logo-hor-site.png","contentUrl":"https:\/\/brasilsemalergia.com.br\/loja_abbaa\/wp-content\/uploads\/2023\/03\/logo-hor-site.png","width":440,"height":120,"caption":"Loja Abbaa"},"image":{"@id":"https:\/\/brasilsemalergia.com.br\/loja_abbaa\/#\/schema\/logo\/image\/"}}]}},"_links":{"self":[{"href":"https:\/\/brasilsemalergia.com.br\/loja_abbaa\/wp-json\/wp\/v2\/product\/14404","targetHints":{"allow":["GET"]}}],"collection":[{"href":"https:\/\/brasilsemalergia.com.br\/loja_abbaa\/wp-json\/wp\/v2\/product"}],"about":[{"href":"https:\/\/brasilsemalergia.com.br\/loja_abbaa\/wp-json\/wp\/v2\/types\/product"}],"replies":[{"embeddable":true,"href":"https:\/\/brasilsemalergia.com.br\/loja_abbaa\/wp-json\/wp\/v2\/comments?post=14404"}],"version-history":[{"count":0,"href":"https:\/\/brasilsemalergia.com.br\/loja_abbaa\/wp-json\/wp\/v2\/product\/14404\/revisions"}],"wp:featuredmedia":[{"embeddable":true,"href":"https:\/\/brasilsemalergia.com.br\/loja_abbaa\/wp-json\/wp\/v2\/media\/14405"}],"wp:attachment":[{"href":"https:\/\/brasilsemalergia.com.br\/loja_abbaa\/wp-json\/wp\/v2\/media?parent=14404"}],"wp:term":[{"taxonomy":"product_cat","embeddable":true,"href":"https:\/\/brasilsemalergia.com.br\/loja_abbaa\/wp-json\/wp\/v2\/product_cat?post=14404"},{"taxonomy":"product_tag","embeddable":true,"href":"https:\/\/brasilsemalergia.com.br\/loja_abbaa\/wp-json\/wp\/v2\/product_tag?post=14404"}],"curies":[{"name":"wp","href":"https:\/\/api.w.org\/{rel}","templated":true}]}}