{"id":14418,"date":"2023-05-12T14:35:08","date_gmt":"2023-05-12T17:35:08","guid":{"rendered":"https:\/\/brasilsemalergia.com.br\/loja_abbaa\/?post_type=product&#038;p=14418"},"modified":"2023-09-04T09:18:17","modified_gmt":"2023-09-04T12:18:17","slug":"travesseiro-gold-queen-infinity-copespuma","status":"publish","type":"product","link":"https:\/\/brasilsemalergia.com.br\/loja_abbaa\/produtos-para-alergicos\/noites-tranquilas-produtos-para-alergicos\/travesseiros-especiais\/travesseiro-gold-queen-infinity-copespuma\/","title":{"rendered":"Travesseiro Gold Queen (Infinity) Copespuma"},"content":{"rendered":"<p><strong><u>PRODUTO<\/u><\/strong><\/p>\n<p>\u2022 Ideal para quem prefere travesseiros mais altos<\/p>\n<p>\u2022 Conforto inigual\u00e1vel<\/p>\n<p>\u2022 Mantem a temperatura sempre fresca<\/p>\n<p>\u2022 Perfeito alinhamento para cabe\u00e7a e pesco\u00e7o<\/p>\n<p>\u2022 Alta durabilidade<\/p>\n<p>\u2022 Capa remov\u00edvel em tecido percal 230 fios oferece toque macio<\/p>\n<p>\u2022 Lav\u00e1vel<\/p>\n<p>\u2022 Medida: 50&#215;70<\/p>\n<p>\u2022\u00a0Altura: 18cm<\/p>\n<p>&nbsp;<\/p>\n<p><strong><u>CARACTER\u00cdSTICAS<\/u><\/strong><\/p>\n<p>Os travesseiros desta linha s\u00e3o fabricados em 100% L\u00e1tex. O L\u00e1tex, naturalmente, dificulta o aparecimento e a prolifera\u00e7\u00e3o de fungos e bact\u00e9rias. Mant\u00e9m a posi\u00e7\u00e3o correta para a cabe\u00e7a e pesco\u00e7o, proporciona o descanso ideal e previne problemas de coluna. Toque super agrad\u00e1vel. Possui num sistema de ventila\u00e7\u00e3o interna, atrav\u00e9s de poros, que mant\u00e9m a temperatura sempre fresca. Nunca perde o seu formato e dura at\u00e9 5 vezes mais que outros materiais.<br \/>\n\u2022 Medida: 50cm x 70cm<\/p>\n<p>\u2022 Altura: 18cm<\/p>\n","protected":false},"excerpt":{"rendered":"<div id=\"product\" class=\"wrap cf\">\n<div class=\"product-right col-12 m-col-100\">\n<div class=\"col-20 t-col-100\">\n<div class=\"col-20\">\n<div class=\"row\">\n<div id=\"product\" class=\"wrap cf\">\n<div class=\"product-right col-12 m-col-100\">\n<div class=\"col-20 t-col-100\">\n<div class=\"col-20\">\n<div class=\"row\">\n<div id=\"product\" class=\"wrap cf\">\n<div class=\"product-right col-12 m-col-100\">\n<div class=\"col-20 t-col-100\">\n<div class=\"col-20\">\n<div class=\"row\">\n<div id=\"product\" class=\"wrap cf\">\n<div class=\"product-right col-12 m-col-100\">\n<div class=\"col-20 t-col-100\">\n<div class=\"col-20\">\n<div class=\"row\">\n<p class=\"product-desc cf\">Travesseiro confeccionado em L\u00e1tex. Capa remov\u00edvel em tecido 100% algod\u00e3o, com tratamento antimicrobiano.<\/p>\n<\/div>\n<\/div>\n<\/div>\n<\/div>\n<\/div>\n<div id=\"product-tabs\" class=\"col-20\">\n<div class=\"wrap product-info\">\n<div class=\"bts cf\"><\/div>\n<\/div>\n<\/div>\n<\/div>\n<\/div>\n<\/div>\n<\/div>\n<\/div>\n<div id=\"product-tabs\" class=\"col-20\">\n<div class=\"wrap product-info\">\n<div class=\"bts cf\"><\/div>\n<\/div>\n<\/div>\n<\/div>\n<\/div>\n<\/div>\n<\/div>\n<\/div>\n<div id=\"product-tabs\" class=\"col-20\">\n<div class=\"wrap product-info\">\n<div class=\"bts cf\"><\/div>\n<\/div>\n<\/div>\n<\/div>\n<\/div>\n<\/div>\n<\/div>\n<\/div>\n","protected":false},"featured_media":14419,"comment_status":"open","ping_status":"closed","template":"","meta":[],"product_cat":[55,58,45,91],"product_tag":[],"class_list":{"0":"post-14418","1":"product","2":"type-product","3":"status-publish","4":"has-post-thumbnail","6":"product_cat-noites-tranquilas","7":"product_cat-noites-tranquilas-produtos-para-alergicos","8":"product_cat-produtos-para-alergicos","9":"product_cat-travesseiros-especiais","11":"first","12":"outofstock","13":"shipping-taxable","14":"purchasable","15":"product-type-simple"},"yoast_head":"<!-- This site is optimized with the Yoast SEO plugin v22.7 - https:\/\/yoast.com\/wordpress\/plugins\/seo\/ -->\n<title>Travesseiro Gold Queen (Infinity) Copespuma - Loja Abbaa<\/title>\n<meta name=\"robots\" content=\"index, follow, max-snippet:-1, max-image-preview:large, max-video-preview:-1\" \/>\n<link rel=\"canonical\" href=\"https:\/\/brasilsemalergia.com.br\/loja_abbaa\/produtos-para-alergicos\/noites-tranquilas-produtos-para-alergicos\/travesseiros-especiais\/travesseiro-gold-queen-infinity-copespuma\/\" \/>\n<meta property=\"og:locale\" content=\"pt_BR\" \/>\n<meta property=\"og:type\" content=\"article\" \/>\n<meta property=\"og:title\" content=\"Travesseiro Gold Queen (Infinity) Copespuma - Loja Abbaa\" \/>\n<meta property=\"og:description\" content=\"Travesseiro confeccionado em L\u00e1tex. Capa remov\u00edvel em tecido 100% algod\u00e3o, com tratamento antimicrobiano.\" \/>\n<meta property=\"og:url\" content=\"https:\/\/brasilsemalergia.com.br\/loja_abbaa\/produtos-para-alergicos\/noites-tranquilas-produtos-para-alergicos\/travesseiros-especiais\/travesseiro-gold-queen-infinity-copespuma\/\" \/>\n<meta property=\"og:site_name\" content=\"Loja Abbaa\" \/>\n<meta property=\"article:modified_time\" content=\"2023-09-04T12:18:17+00:00\" \/>\n<meta property=\"og:image\" content=\"https:\/\/brasilsemalergia.com.br\/loja_abbaa\/wp-content\/uploads\/2023\/05\/gold.jpg\" \/>\n\t<meta property=\"og:image:width\" content=\"300\" \/>\n\t<meta property=\"og:image:height\" content=\"270\" \/>\n\t<meta property=\"og:image:type\" content=\"image\/jpeg\" \/>\n<meta name=\"twitter:card\" content=\"summary_large_image\" \/>\n<meta name=\"twitter:label1\" content=\"Est. tempo de leitura\" \/>\n\t<meta name=\"twitter:data1\" content=\"1 minuto\" \/>\n<script type=\"application\/ld+json\" class=\"yoast-schema-graph\">{\"@context\":\"https:\/\/schema.org\",\"@graph\":[{\"@type\":\"WebPage\",\"@id\":\"https:\/\/brasilsemalergia.com.br\/loja_abbaa\/produtos-para-alergicos\/noites-tranquilas-produtos-para-alergicos\/travesseiros-especiais\/travesseiro-gold-queen-infinity-copespuma\/\",\"url\":\"https:\/\/brasilsemalergia.com.br\/loja_abbaa\/produtos-para-alergicos\/noites-tranquilas-produtos-para-alergicos\/travesseiros-especiais\/travesseiro-gold-queen-infinity-copespuma\/\",\"name\":\"Travesseiro Gold Queen (Infinity) Copespuma - Loja Abbaa\",\"isPartOf\":{\"@id\":\"https:\/\/brasilsemalergia.com.br\/loja_abbaa\/#website\"},\"primaryImageOfPage\":{\"@id\":\"https:\/\/brasilsemalergia.com.br\/loja_abbaa\/produtos-para-alergicos\/noites-tranquilas-produtos-para-alergicos\/travesseiros-especiais\/travesseiro-gold-queen-infinity-copespuma\/#primaryimage\"},\"image\":{\"@id\":\"https:\/\/brasilsemalergia.com.br\/loja_abbaa\/produtos-para-alergicos\/noites-tranquilas-produtos-para-alergicos\/travesseiros-especiais\/travesseiro-gold-queen-infinity-copespuma\/#primaryimage\"},\"thumbnailUrl\":\"https:\/\/brasilsemalergia.com.br\/loja_abbaa\/wp-content\/uploads\/2023\/05\/gold.jpg\",\"datePublished\":\"2023-05-12T17:35:08+00:00\",\"dateModified\":\"2023-09-04T12:18:17+00:00\",\"breadcrumb\":{\"@id\":\"https:\/\/brasilsemalergia.com.br\/loja_abbaa\/produtos-para-alergicos\/noites-tranquilas-produtos-para-alergicos\/travesseiros-especiais\/travesseiro-gold-queen-infinity-copespuma\/#breadcrumb\"},\"inLanguage\":\"pt-BR\",\"potentialAction\":[{\"@type\":\"ReadAction\",\"target\":[\"https:\/\/brasilsemalergia.com.br\/loja_abbaa\/produtos-para-alergicos\/noites-tranquilas-produtos-para-alergicos\/travesseiros-especiais\/travesseiro-gold-queen-infinity-copespuma\/\"]}]},{\"@type\":\"ImageObject\",\"inLanguage\":\"pt-BR\",\"@id\":\"https:\/\/brasilsemalergia.com.br\/loja_abbaa\/produtos-para-alergicos\/noites-tranquilas-produtos-para-alergicos\/travesseiros-especiais\/travesseiro-gold-queen-infinity-copespuma\/#primaryimage\",\"url\":\"https:\/\/brasilsemalergia.com.br\/loja_abbaa\/wp-content\/uploads\/2023\/05\/gold.jpg\",\"contentUrl\":\"https:\/\/brasilsemalergia.com.br\/loja_abbaa\/wp-content\/uploads\/2023\/05\/gold.jpg\",\"width\":300,\"height\":270,\"caption\":\"Travesseiro Gold Queen (Infinity) Copespuma\"},{\"@type\":\"BreadcrumbList\",\"@id\":\"https:\/\/brasilsemalergia.com.br\/loja_abbaa\/produtos-para-alergicos\/noites-tranquilas-produtos-para-alergicos\/travesseiros-especiais\/travesseiro-gold-queen-infinity-copespuma\/#breadcrumb\",\"itemListElement\":[{\"@type\":\"ListItem\",\"position\":1,\"name\":\"In\u00edcio\",\"item\":\"https:\/\/brasilsemalergia.com.br\/loja_abbaa\/\"},{\"@type\":\"ListItem\",\"position\":2,\"name\":\"Loja\",\"item\":\"https:\/\/brasilsemalergia.com.br\/loja_abbaa\/\"},{\"@type\":\"ListItem\",\"position\":3,\"name\":\"Travesseiro Gold Queen (Infinity) Copespuma\"}]},{\"@type\":\"WebSite\",\"@id\":\"https:\/\/brasilsemalergia.com.br\/loja_abbaa\/#website\",\"url\":\"https:\/\/brasilsemalergia.com.br\/loja_abbaa\/\",\"name\":\"Loja Abbaa\",\"description\":\"\",\"publisher\":{\"@id\":\"https:\/\/brasilsemalergia.com.br\/loja_abbaa\/#organization\"},\"potentialAction\":[{\"@type\":\"SearchAction\",\"target\":{\"@type\":\"EntryPoint\",\"urlTemplate\":\"https:\/\/brasilsemalergia.com.br\/loja_abbaa\/?s={search_term_string}\"},\"query-input\":\"required name=search_term_string\"}],\"inLanguage\":\"pt-BR\"},{\"@type\":\"Organization\",\"@id\":\"https:\/\/brasilsemalergia.com.br\/loja_abbaa\/#organization\",\"name\":\"Loja Abbaa\",\"url\":\"https:\/\/brasilsemalergia.com.br\/loja_abbaa\/\",\"logo\":{\"@type\":\"ImageObject\",\"inLanguage\":\"pt-BR\",\"@id\":\"https:\/\/brasilsemalergia.com.br\/loja_abbaa\/#\/schema\/logo\/image\/\",\"url\":\"https:\/\/brasilsemalergia.com.br\/loja_abbaa\/wp-content\/uploads\/2023\/03\/logo-hor-site.png\",\"contentUrl\":\"https:\/\/brasilsemalergia.com.br\/loja_abbaa\/wp-content\/uploads\/2023\/03\/logo-hor-site.png\",\"width\":440,\"height\":120,\"caption\":\"Loja Abbaa\"},\"image\":{\"@id\":\"https:\/\/brasilsemalergia.com.br\/loja_abbaa\/#\/schema\/logo\/image\/\"}}]}<\/script>\n<!-- \/ Yoast SEO plugin. -->","yoast_head_json":{"title":"Travesseiro Gold Queen (Infinity) Copespuma - Loja Abbaa","robots":{"index":"index","follow":"follow","max-snippet":"max-snippet:-1","max-image-preview":"max-image-preview:large","max-video-preview":"max-video-preview:-1"},"canonical":"https:\/\/brasilsemalergia.com.br\/loja_abbaa\/produtos-para-alergicos\/noites-tranquilas-produtos-para-alergicos\/travesseiros-especiais\/travesseiro-gold-queen-infinity-copespuma\/","og_locale":"pt_BR","og_type":"article","og_title":"Travesseiro Gold Queen (Infinity) Copespuma - Loja Abbaa","og_description":"Travesseiro confeccionado em L\u00e1tex. Capa remov\u00edvel em tecido 100% algod\u00e3o, com tratamento antimicrobiano.","og_url":"https:\/\/brasilsemalergia.com.br\/loja_abbaa\/produtos-para-alergicos\/noites-tranquilas-produtos-para-alergicos\/travesseiros-especiais\/travesseiro-gold-queen-infinity-copespuma\/","og_site_name":"Loja Abbaa","article_modified_time":"2023-09-04T12:18:17+00:00","og_image":[{"width":300,"height":270,"url":"https:\/\/brasilsemalergia.com.br\/loja_abbaa\/wp-content\/uploads\/2023\/05\/gold.jpg","type":"image\/jpeg"}],"twitter_card":"summary_large_image","twitter_misc":{"Est. tempo de leitura":"1 minuto"},"schema":{"@context":"https:\/\/schema.org","@graph":[{"@type":"WebPage","@id":"https:\/\/brasilsemalergia.com.br\/loja_abbaa\/produtos-para-alergicos\/noites-tranquilas-produtos-para-alergicos\/travesseiros-especiais\/travesseiro-gold-queen-infinity-copespuma\/","url":"https:\/\/brasilsemalergia.com.br\/loja_abbaa\/produtos-para-alergicos\/noites-tranquilas-produtos-para-alergicos\/travesseiros-especiais\/travesseiro-gold-queen-infinity-copespuma\/","name":"Travesseiro Gold Queen (Infinity) Copespuma - Loja Abbaa","isPartOf":{"@id":"https:\/\/brasilsemalergia.com.br\/loja_abbaa\/#website"},"primaryImageOfPage":{"@id":"https:\/\/brasilsemalergia.com.br\/loja_abbaa\/produtos-para-alergicos\/noites-tranquilas-produtos-para-alergicos\/travesseiros-especiais\/travesseiro-gold-queen-infinity-copespuma\/#primaryimage"},"image":{"@id":"https:\/\/brasilsemalergia.com.br\/loja_abbaa\/produtos-para-alergicos\/noites-tranquilas-produtos-para-alergicos\/travesseiros-especiais\/travesseiro-gold-queen-infinity-copespuma\/#primaryimage"},"thumbnailUrl":"https:\/\/brasilsemalergia.com.br\/loja_abbaa\/wp-content\/uploads\/2023\/05\/gold.jpg","datePublished":"2023-05-12T17:35:08+00:00","dateModified":"2023-09-04T12:18:17+00:00","breadcrumb":{"@id":"https:\/\/brasilsemalergia.com.br\/loja_abbaa\/produtos-para-alergicos\/noites-tranquilas-produtos-para-alergicos\/travesseiros-especiais\/travesseiro-gold-queen-infinity-copespuma\/#breadcrumb"},"inLanguage":"pt-BR","potentialAction":[{"@type":"ReadAction","target":["https:\/\/brasilsemalergia.com.br\/loja_abbaa\/produtos-para-alergicos\/noites-tranquilas-produtos-para-alergicos\/travesseiros-especiais\/travesseiro-gold-queen-infinity-copespuma\/"]}]},{"@type":"ImageObject","inLanguage":"pt-BR","@id":"https:\/\/brasilsemalergia.com.br\/loja_abbaa\/produtos-para-alergicos\/noites-tranquilas-produtos-para-alergicos\/travesseiros-especiais\/travesseiro-gold-queen-infinity-copespuma\/#primaryimage","url":"https:\/\/brasilsemalergia.com.br\/loja_abbaa\/wp-content\/uploads\/2023\/05\/gold.jpg","contentUrl":"https:\/\/brasilsemalergia.com.br\/loja_abbaa\/wp-content\/uploads\/2023\/05\/gold.jpg","width":300,"height":270,"caption":"Travesseiro Gold Queen (Infinity) Copespuma"},{"@type":"BreadcrumbList","@id":"https:\/\/brasilsemalergia.com.br\/loja_abbaa\/produtos-para-alergicos\/noites-tranquilas-produtos-para-alergicos\/travesseiros-especiais\/travesseiro-gold-queen-infinity-copespuma\/#breadcrumb","itemListElement":[{"@type":"ListItem","position":1,"name":"In\u00edcio","item":"https:\/\/brasilsemalergia.com.br\/loja_abbaa\/"},{"@type":"ListItem","position":2,"name":"Loja","item":"https:\/\/brasilsemalergia.com.br\/loja_abbaa\/"},{"@type":"ListItem","position":3,"name":"Travesseiro Gold Queen (Infinity) Copespuma"}]},{"@type":"WebSite","@id":"https:\/\/brasilsemalergia.com.br\/loja_abbaa\/#website","url":"https:\/\/brasilsemalergia.com.br\/loja_abbaa\/","name":"Loja Abbaa","description":"","publisher":{"@id":"https:\/\/brasilsemalergia.com.br\/loja_abbaa\/#organization"},"potentialAction":[{"@type":"SearchAction","target":{"@type":"EntryPoint","urlTemplate":"https:\/\/brasilsemalergia.com.br\/loja_abbaa\/?s={search_term_string}"},"query-input":"required name=search_term_string"}],"inLanguage":"pt-BR"},{"@type":"Organization","@id":"https:\/\/brasilsemalergia.com.br\/loja_abbaa\/#organization","name":"Loja Abbaa","url":"https:\/\/brasilsemalergia.com.br\/loja_abbaa\/","logo":{"@type":"ImageObject","inLanguage":"pt-BR","@id":"https:\/\/brasilsemalergia.com.br\/loja_abbaa\/#\/schema\/logo\/image\/","url":"https:\/\/brasilsemalergia.com.br\/loja_abbaa\/wp-content\/uploads\/2023\/03\/logo-hor-site.png","contentUrl":"https:\/\/brasilsemalergia.com.br\/loja_abbaa\/wp-content\/uploads\/2023\/03\/logo-hor-site.png","width":440,"height":120,"caption":"Loja Abbaa"},"image":{"@id":"https:\/\/brasilsemalergia.com.br\/loja_abbaa\/#\/schema\/logo\/image\/"}}]}},"_links":{"self":[{"href":"https:\/\/brasilsemalergia.com.br\/loja_abbaa\/wp-json\/wp\/v2\/product\/14418","targetHints":{"allow":["GET"]}}],"collection":[{"href":"https:\/\/brasilsemalergia.com.br\/loja_abbaa\/wp-json\/wp\/v2\/product"}],"about":[{"href":"https:\/\/brasilsemalergia.com.br\/loja_abbaa\/wp-json\/wp\/v2\/types\/product"}],"replies":[{"embeddable":true,"href":"https:\/\/brasilsemalergia.com.br\/loja_abbaa\/wp-json\/wp\/v2\/comments?post=14418"}],"version-history":[{"count":0,"href":"https:\/\/brasilsemalergia.com.br\/loja_abbaa\/wp-json\/wp\/v2\/product\/14418\/revisions"}],"wp:featuredmedia":[{"embeddable":true,"href":"https:\/\/brasilsemalergia.com.br\/loja_abbaa\/wp-json\/wp\/v2\/media\/14419"}],"wp:attachment":[{"href":"https:\/\/brasilsemalergia.com.br\/loja_abbaa\/wp-json\/wp\/v2\/media?parent=14418"}],"wp:term":[{"taxonomy":"product_cat","embeddable":true,"href":"https:\/\/brasilsemalergia.com.br\/loja_abbaa\/wp-json\/wp\/v2\/product_cat?post=14418"},{"taxonomy":"product_tag","embeddable":true,"href":"https:\/\/brasilsemalergia.com.br\/loja_abbaa\/wp-json\/wp\/v2\/product_tag?post=14418"}],"curies":[{"name":"wp","href":"https:\/\/api.w.org\/{rel}","templated":true}]}}