{"id":14426,"date":"2023-05-12T14:56:12","date_gmt":"2023-05-12T17:56:12","guid":{"rendered":"https:\/\/brasilsemalergia.com.br\/loja_abbaa\/?post_type=product&#038;p=14426"},"modified":"2023-09-04T09:13:50","modified_gmt":"2023-09-04T12:13:50","slug":"almofada-anti-refluxo-adulto-copespuma","status":"publish","type":"product","link":"https:\/\/brasilsemalergia.com.br\/loja_abbaa\/produtos-para-alergicos\/noites-tranquilas-produtos-para-alergicos\/travesseiros-especiais\/almofada-anti-refluxo-adulto-copespuma\/","title":{"rendered":"Almofada Anti-Refluxo Adulto Copespuma"},"content":{"rendered":"<p><strong><u>BENEFICIOS<\/u><\/strong><\/p>\n<p>\u2022 Melhora a respira\u00e7\u00e3o em casos leves de obstru\u00e7\u00e3o nasal<\/p>\n<p>\u2022 Previne retorno do conte\u00fado estomacal para o es\u00f4fago, laringe e faringe<\/p>\n<p>\u2022 Evita tosse, pigarro, rouquid\u00e3o e dores de garganta decorrentes do refluxo<\/p>\n<p>\u2022 Reduz o ronco<\/p>\n<p>\u2022 Superf\u00edcie perfilada massageia e proporciona relaxamento<\/p>\n<p>\u2022 Bipartida, facilita o transporte e a armazenagem<\/p>\n<p>\u2022 Capa remov\u00edvel e lav\u00e1vel em tecido 100 % algod\u00e3o mant\u00e9m a temperatura sempre fresca e pode ser vendida separadamente<\/p>\n<p>\u2022 A \u00fanica com registro na Anvisa. Registrada sob o n\u00famero 80730110001<\/p>\n<p>\u2022 Altura: 14cm\/ 70cm x 82cm<\/p>\n<p>&nbsp;<\/p>\n<p><strong><u>CARACTER\u00cdSTICAS<\/u><\/strong><\/p>\n<p>\u2022 Melhora a respira\u00e7\u00e3o em casos leves de obstru\u00e7\u00e3o nasal<\/p>\n<p>\u2022 Previne retorno do conte\u00fado estomacal para o es\u00f4fago, laringe e faringe<\/p>\n<p>\u2022 Evita tosse, pigarro, rouquid\u00e3o e dores de garganta decorrentes do refluxo<\/p>\n<p>\u2022 Reduz o ronco<\/p>\n<p>\u2022 Superf\u00edcie perfilada massageia e proporciona relaxamento<\/p>\n<p>\u2022 Bipartida, facilita o transporte e a armazenagem<\/p>\n<p>\u2022 Capa remov\u00edvel e lav\u00e1vel em tecido 100 % algod\u00e3o mant\u00e9m a temperatura sempre fresca e pode ser vendida separadamente<\/p>\n<p>\u2022 A \u00fanica com registro na Anvisa. Registrada sob o n\u00famero 80730110001<\/p>\n<p>\u2022 Altura: 14cm\/ 70cm x 82cm<\/p>\n<p>&nbsp;<\/p>\n<p><strong><u>MODO DE USAR<\/u><\/strong><\/p>\n<p>A Almofada Anti-Refluxo deve ser usada entre a regi\u00e3o da cabe\u00e7a e tronco. Devido ao formato triangular, eleva suavemente os membros superiores, evitando o refluxo gastroesof\u00e1gico. Seu uso ainda promove os benef\u00edcios.<\/p>\n<p>&nbsp;<\/p>\n<p><strong><u>COMPOSI\u00c7\u00c3O<\/u><\/strong><\/p>\n<div class=\"wrap product-info\">\n<div class=\"content cf\">\n<div id=\"content-inside-composicoes\" class=\"content-inside d-n\">\n<div class=\"wrap product-info\">\n<div class=\"content cf\">\n<div id=\"content-inside-composicoes\" class=\"content-inside d-n\">\n<p>Poliuretano\/ Algod\u00e3o.<\/p>\n<\/div>\n<\/div>\n<\/div>\n<section>\n<div class=\"wrap clearfix\">\n<div class=\"col-20 product-carousel\"><\/div>\n<\/div>\n<\/section>\n<\/div>\n<\/div>\n<\/div>\n<section>\n<div class=\"wrap clearfix\">\n<div class=\"col-20 product-carousel\"><\/div>\n<\/div>\n<\/section>\n","protected":false},"excerpt":{"rendered":"<div id=\"product\" class=\"wrap cf\">\n<div class=\"product-right col-12 m-col-100\">\n<div class=\"col-20 t-col-100\">\n<div class=\"col-20\">\n<div class=\"row\">\n<div id=\"product\" class=\"wrap cf\">\n<div class=\"product-right col-12 m-col-100\">\n<div class=\"col-20 t-col-100\">\n<div class=\"col-20\">\n<div class=\"row\">\n<div id=\"product\" class=\"wrap cf\">\n<div class=\"product-right col-12 m-col-100\">\n<div class=\"col-20 t-col-100\">\n<div class=\"col-20\">\n<div class=\"row\">\n<p class=\"product-desc cf\">Anti Refluxo Infantil.<\/p>\n<\/div>\n<\/div>\n<\/div>\n<\/div>\n<\/div>\n<div id=\"product-tabs\" class=\"col-20\">\n<div class=\"wrap product-info\">\n<div class=\"bts cf\"><\/div>\n<\/div>\n<\/div>\n<\/div>\n<\/div>\n<\/div>\n<\/div>\n<\/div>\n<div id=\"product-tabs\" class=\"col-20\">\n<div class=\"wrap product-info\">\n<div class=\"bts cf\"><\/div>\n<\/div>\n<\/div>\n<\/div>\n<\/div>\n<\/div>\n<\/div>\n<\/div>\n<div id=\"product-tabs\" class=\"col-20\">\n<div class=\"wrap product-info\">\n<div class=\"bts cf\"><\/div>\n<\/div>\n<\/div>\n","protected":false},"featured_media":14427,"comment_status":"open","ping_status":"closed","template":"","meta":[],"product_cat":[15,55,58,45,91],"product_tag":[],"class_list":{"0":"post-14426","1":"product","2":"type-product","3":"status-publish","4":"has-post-thumbnail","6":"product_cat-geral","7":"product_cat-noites-tranquilas","8":"product_cat-noites-tranquilas-produtos-para-alergicos","9":"product_cat-produtos-para-alergicos","10":"product_cat-travesseiros-especiais","12":"first","13":"outofstock","14":"shipping-taxable","15":"purchasable","16":"product-type-simple"},"yoast_head":"<!-- This site is optimized with the Yoast SEO plugin v22.7 - https:\/\/yoast.com\/wordpress\/plugins\/seo\/ -->\n<title>Almofada Anti-Refluxo Adulto Copespuma - Loja Abbaa<\/title>\n<meta name=\"robots\" content=\"index, follow, max-snippet:-1, max-image-preview:large, max-video-preview:-1\" \/>\n<link rel=\"canonical\" href=\"https:\/\/brasilsemalergia.com.br\/loja_abbaa\/produtos-para-alergicos\/noites-tranquilas-produtos-para-alergicos\/travesseiros-especiais\/almofada-anti-refluxo-adulto-copespuma\/\" \/>\n<meta property=\"og:locale\" content=\"pt_BR\" \/>\n<meta property=\"og:type\" content=\"article\" \/>\n<meta property=\"og:title\" content=\"Almofada Anti-Refluxo Adulto Copespuma - Loja Abbaa\" \/>\n<meta property=\"og:description\" content=\"Anti Refluxo Infantil.\" \/>\n<meta property=\"og:url\" content=\"https:\/\/brasilsemalergia.com.br\/loja_abbaa\/produtos-para-alergicos\/noites-tranquilas-produtos-para-alergicos\/travesseiros-especiais\/almofada-anti-refluxo-adulto-copespuma\/\" \/>\n<meta property=\"og:site_name\" content=\"Loja Abbaa\" \/>\n<meta property=\"article:modified_time\" content=\"2023-09-04T12:13:50+00:00\" \/>\n<meta property=\"og:image\" content=\"https:\/\/brasilsemalergia.com.br\/loja_abbaa\/wp-content\/uploads\/2023\/05\/adulto.jpg\" \/>\n\t<meta property=\"og:image:width\" content=\"300\" \/>\n\t<meta property=\"og:image:height\" content=\"300\" \/>\n\t<meta property=\"og:image:type\" content=\"image\/jpeg\" \/>\n<meta name=\"twitter:card\" content=\"summary_large_image\" \/>\n<meta name=\"twitter:label1\" content=\"Est. tempo de leitura\" \/>\n\t<meta name=\"twitter:data1\" content=\"2 minutos\" \/>\n<script type=\"application\/ld+json\" class=\"yoast-schema-graph\">{\"@context\":\"https:\/\/schema.org\",\"@graph\":[{\"@type\":\"WebPage\",\"@id\":\"https:\/\/brasilsemalergia.com.br\/loja_abbaa\/produtos-para-alergicos\/noites-tranquilas-produtos-para-alergicos\/travesseiros-especiais\/almofada-anti-refluxo-adulto-copespuma\/\",\"url\":\"https:\/\/brasilsemalergia.com.br\/loja_abbaa\/produtos-para-alergicos\/noites-tranquilas-produtos-para-alergicos\/travesseiros-especiais\/almofada-anti-refluxo-adulto-copespuma\/\",\"name\":\"Almofada Anti-Refluxo Adulto Copespuma - Loja Abbaa\",\"isPartOf\":{\"@id\":\"https:\/\/brasilsemalergia.com.br\/loja_abbaa\/#website\"},\"primaryImageOfPage\":{\"@id\":\"https:\/\/brasilsemalergia.com.br\/loja_abbaa\/produtos-para-alergicos\/noites-tranquilas-produtos-para-alergicos\/travesseiros-especiais\/almofada-anti-refluxo-adulto-copespuma\/#primaryimage\"},\"image\":{\"@id\":\"https:\/\/brasilsemalergia.com.br\/loja_abbaa\/produtos-para-alergicos\/noites-tranquilas-produtos-para-alergicos\/travesseiros-especiais\/almofada-anti-refluxo-adulto-copespuma\/#primaryimage\"},\"thumbnailUrl\":\"https:\/\/brasilsemalergia.com.br\/loja_abbaa\/wp-content\/uploads\/2023\/05\/adulto.jpg\",\"datePublished\":\"2023-05-12T17:56:12+00:00\",\"dateModified\":\"2023-09-04T12:13:50+00:00\",\"breadcrumb\":{\"@id\":\"https:\/\/brasilsemalergia.com.br\/loja_abbaa\/produtos-para-alergicos\/noites-tranquilas-produtos-para-alergicos\/travesseiros-especiais\/almofada-anti-refluxo-adulto-copespuma\/#breadcrumb\"},\"inLanguage\":\"pt-BR\",\"potentialAction\":[{\"@type\":\"ReadAction\",\"target\":[\"https:\/\/brasilsemalergia.com.br\/loja_abbaa\/produtos-para-alergicos\/noites-tranquilas-produtos-para-alergicos\/travesseiros-especiais\/almofada-anti-refluxo-adulto-copespuma\/\"]}]},{\"@type\":\"ImageObject\",\"inLanguage\":\"pt-BR\",\"@id\":\"https:\/\/brasilsemalergia.com.br\/loja_abbaa\/produtos-para-alergicos\/noites-tranquilas-produtos-para-alergicos\/travesseiros-especiais\/almofada-anti-refluxo-adulto-copespuma\/#primaryimage\",\"url\":\"https:\/\/brasilsemalergia.com.br\/loja_abbaa\/wp-content\/uploads\/2023\/05\/adulto.jpg\",\"contentUrl\":\"https:\/\/brasilsemalergia.com.br\/loja_abbaa\/wp-content\/uploads\/2023\/05\/adulto.jpg\",\"width\":300,\"height\":300,\"caption\":\"Almofada Anti-Refluxo Adulto Copespuma\"},{\"@type\":\"BreadcrumbList\",\"@id\":\"https:\/\/brasilsemalergia.com.br\/loja_abbaa\/produtos-para-alergicos\/noites-tranquilas-produtos-para-alergicos\/travesseiros-especiais\/almofada-anti-refluxo-adulto-copespuma\/#breadcrumb\",\"itemListElement\":[{\"@type\":\"ListItem\",\"position\":1,\"name\":\"In\u00edcio\",\"item\":\"https:\/\/brasilsemalergia.com.br\/loja_abbaa\/\"},{\"@type\":\"ListItem\",\"position\":2,\"name\":\"Loja\",\"item\":\"https:\/\/brasilsemalergia.com.br\/loja_abbaa\/\"},{\"@type\":\"ListItem\",\"position\":3,\"name\":\"Almofada Anti-Refluxo Adulto Copespuma\"}]},{\"@type\":\"WebSite\",\"@id\":\"https:\/\/brasilsemalergia.com.br\/loja_abbaa\/#website\",\"url\":\"https:\/\/brasilsemalergia.com.br\/loja_abbaa\/\",\"name\":\"Loja Abbaa\",\"description\":\"\",\"publisher\":{\"@id\":\"https:\/\/brasilsemalergia.com.br\/loja_abbaa\/#organization\"},\"potentialAction\":[{\"@type\":\"SearchAction\",\"target\":{\"@type\":\"EntryPoint\",\"urlTemplate\":\"https:\/\/brasilsemalergia.com.br\/loja_abbaa\/?s={search_term_string}\"},\"query-input\":\"required name=search_term_string\"}],\"inLanguage\":\"pt-BR\"},{\"@type\":\"Organization\",\"@id\":\"https:\/\/brasilsemalergia.com.br\/loja_abbaa\/#organization\",\"name\":\"Loja Abbaa\",\"url\":\"https:\/\/brasilsemalergia.com.br\/loja_abbaa\/\",\"logo\":{\"@type\":\"ImageObject\",\"inLanguage\":\"pt-BR\",\"@id\":\"https:\/\/brasilsemalergia.com.br\/loja_abbaa\/#\/schema\/logo\/image\/\",\"url\":\"https:\/\/brasilsemalergia.com.br\/loja_abbaa\/wp-content\/uploads\/2023\/03\/logo-hor-site.png\",\"contentUrl\":\"https:\/\/brasilsemalergia.com.br\/loja_abbaa\/wp-content\/uploads\/2023\/03\/logo-hor-site.png\",\"width\":440,\"height\":120,\"caption\":\"Loja Abbaa\"},\"image\":{\"@id\":\"https:\/\/brasilsemalergia.com.br\/loja_abbaa\/#\/schema\/logo\/image\/\"}}]}<\/script>\n<!-- \/ Yoast SEO plugin. -->","yoast_head_json":{"title":"Almofada Anti-Refluxo Adulto Copespuma - Loja Abbaa","robots":{"index":"index","follow":"follow","max-snippet":"max-snippet:-1","max-image-preview":"max-image-preview:large","max-video-preview":"max-video-preview:-1"},"canonical":"https:\/\/brasilsemalergia.com.br\/loja_abbaa\/produtos-para-alergicos\/noites-tranquilas-produtos-para-alergicos\/travesseiros-especiais\/almofada-anti-refluxo-adulto-copespuma\/","og_locale":"pt_BR","og_type":"article","og_title":"Almofada Anti-Refluxo Adulto Copespuma - Loja Abbaa","og_description":"Anti Refluxo Infantil.","og_url":"https:\/\/brasilsemalergia.com.br\/loja_abbaa\/produtos-para-alergicos\/noites-tranquilas-produtos-para-alergicos\/travesseiros-especiais\/almofada-anti-refluxo-adulto-copespuma\/","og_site_name":"Loja Abbaa","article_modified_time":"2023-09-04T12:13:50+00:00","og_image":[{"width":300,"height":300,"url":"https:\/\/brasilsemalergia.com.br\/loja_abbaa\/wp-content\/uploads\/2023\/05\/adulto.jpg","type":"image\/jpeg"}],"twitter_card":"summary_large_image","twitter_misc":{"Est. tempo de leitura":"2 minutos"},"schema":{"@context":"https:\/\/schema.org","@graph":[{"@type":"WebPage","@id":"https:\/\/brasilsemalergia.com.br\/loja_abbaa\/produtos-para-alergicos\/noites-tranquilas-produtos-para-alergicos\/travesseiros-especiais\/almofada-anti-refluxo-adulto-copespuma\/","url":"https:\/\/brasilsemalergia.com.br\/loja_abbaa\/produtos-para-alergicos\/noites-tranquilas-produtos-para-alergicos\/travesseiros-especiais\/almofada-anti-refluxo-adulto-copespuma\/","name":"Almofada Anti-Refluxo Adulto Copespuma - Loja Abbaa","isPartOf":{"@id":"https:\/\/brasilsemalergia.com.br\/loja_abbaa\/#website"},"primaryImageOfPage":{"@id":"https:\/\/brasilsemalergia.com.br\/loja_abbaa\/produtos-para-alergicos\/noites-tranquilas-produtos-para-alergicos\/travesseiros-especiais\/almofada-anti-refluxo-adulto-copespuma\/#primaryimage"},"image":{"@id":"https:\/\/brasilsemalergia.com.br\/loja_abbaa\/produtos-para-alergicos\/noites-tranquilas-produtos-para-alergicos\/travesseiros-especiais\/almofada-anti-refluxo-adulto-copespuma\/#primaryimage"},"thumbnailUrl":"https:\/\/brasilsemalergia.com.br\/loja_abbaa\/wp-content\/uploads\/2023\/05\/adulto.jpg","datePublished":"2023-05-12T17:56:12+00:00","dateModified":"2023-09-04T12:13:50+00:00","breadcrumb":{"@id":"https:\/\/brasilsemalergia.com.br\/loja_abbaa\/produtos-para-alergicos\/noites-tranquilas-produtos-para-alergicos\/travesseiros-especiais\/almofada-anti-refluxo-adulto-copespuma\/#breadcrumb"},"inLanguage":"pt-BR","potentialAction":[{"@type":"ReadAction","target":["https:\/\/brasilsemalergia.com.br\/loja_abbaa\/produtos-para-alergicos\/noites-tranquilas-produtos-para-alergicos\/travesseiros-especiais\/almofada-anti-refluxo-adulto-copespuma\/"]}]},{"@type":"ImageObject","inLanguage":"pt-BR","@id":"https:\/\/brasilsemalergia.com.br\/loja_abbaa\/produtos-para-alergicos\/noites-tranquilas-produtos-para-alergicos\/travesseiros-especiais\/almofada-anti-refluxo-adulto-copespuma\/#primaryimage","url":"https:\/\/brasilsemalergia.com.br\/loja_abbaa\/wp-content\/uploads\/2023\/05\/adulto.jpg","contentUrl":"https:\/\/brasilsemalergia.com.br\/loja_abbaa\/wp-content\/uploads\/2023\/05\/adulto.jpg","width":300,"height":300,"caption":"Almofada Anti-Refluxo Adulto Copespuma"},{"@type":"BreadcrumbList","@id":"https:\/\/brasilsemalergia.com.br\/loja_abbaa\/produtos-para-alergicos\/noites-tranquilas-produtos-para-alergicos\/travesseiros-especiais\/almofada-anti-refluxo-adulto-copespuma\/#breadcrumb","itemListElement":[{"@type":"ListItem","position":1,"name":"In\u00edcio","item":"https:\/\/brasilsemalergia.com.br\/loja_abbaa\/"},{"@type":"ListItem","position":2,"name":"Loja","item":"https:\/\/brasilsemalergia.com.br\/loja_abbaa\/"},{"@type":"ListItem","position":3,"name":"Almofada Anti-Refluxo Adulto Copespuma"}]},{"@type":"WebSite","@id":"https:\/\/brasilsemalergia.com.br\/loja_abbaa\/#website","url":"https:\/\/brasilsemalergia.com.br\/loja_abbaa\/","name":"Loja Abbaa","description":"","publisher":{"@id":"https:\/\/brasilsemalergia.com.br\/loja_abbaa\/#organization"},"potentialAction":[{"@type":"SearchAction","target":{"@type":"EntryPoint","urlTemplate":"https:\/\/brasilsemalergia.com.br\/loja_abbaa\/?s={search_term_string}"},"query-input":"required name=search_term_string"}],"inLanguage":"pt-BR"},{"@type":"Organization","@id":"https:\/\/brasilsemalergia.com.br\/loja_abbaa\/#organization","name":"Loja Abbaa","url":"https:\/\/brasilsemalergia.com.br\/loja_abbaa\/","logo":{"@type":"ImageObject","inLanguage":"pt-BR","@id":"https:\/\/brasilsemalergia.com.br\/loja_abbaa\/#\/schema\/logo\/image\/","url":"https:\/\/brasilsemalergia.com.br\/loja_abbaa\/wp-content\/uploads\/2023\/03\/logo-hor-site.png","contentUrl":"https:\/\/brasilsemalergia.com.br\/loja_abbaa\/wp-content\/uploads\/2023\/03\/logo-hor-site.png","width":440,"height":120,"caption":"Loja Abbaa"},"image":{"@id":"https:\/\/brasilsemalergia.com.br\/loja_abbaa\/#\/schema\/logo\/image\/"}}]}},"_links":{"self":[{"href":"https:\/\/brasilsemalergia.com.br\/loja_abbaa\/wp-json\/wp\/v2\/product\/14426","targetHints":{"allow":["GET"]}}],"collection":[{"href":"https:\/\/brasilsemalergia.com.br\/loja_abbaa\/wp-json\/wp\/v2\/product"}],"about":[{"href":"https:\/\/brasilsemalergia.com.br\/loja_abbaa\/wp-json\/wp\/v2\/types\/product"}],"replies":[{"embeddable":true,"href":"https:\/\/brasilsemalergia.com.br\/loja_abbaa\/wp-json\/wp\/v2\/comments?post=14426"}],"version-history":[{"count":0,"href":"https:\/\/brasilsemalergia.com.br\/loja_abbaa\/wp-json\/wp\/v2\/product\/14426\/revisions"}],"wp:featuredmedia":[{"embeddable":true,"href":"https:\/\/brasilsemalergia.com.br\/loja_abbaa\/wp-json\/wp\/v2\/media\/14427"}],"wp:attachment":[{"href":"https:\/\/brasilsemalergia.com.br\/loja_abbaa\/wp-json\/wp\/v2\/media?parent=14426"}],"wp:term":[{"taxonomy":"product_cat","embeddable":true,"href":"https:\/\/brasilsemalergia.com.br\/loja_abbaa\/wp-json\/wp\/v2\/product_cat?post=14426"},{"taxonomy":"product_tag","embeddable":true,"href":"https:\/\/brasilsemalergia.com.br\/loja_abbaa\/wp-json\/wp\/v2\/product_tag?post=14426"}],"curies":[{"name":"wp","href":"https:\/\/api.w.org\/{rel}","templated":true}]}}