{"id":14439,"date":"2023-05-13T08:43:00","date_gmt":"2023-05-13T11:43:00","guid":{"rendered":"https:\/\/brasilsemalergia.com.br\/loja_abbaa\/?post_type=product&#038;p=14439"},"modified":"2023-09-04T08:36:32","modified_gmt":"2023-09-04T11:36:32","slug":"multiuso-biolimpeza-hipoalergenico-alergoshop","status":"publish","type":"product","link":"https:\/\/brasilsemalergia.com.br\/loja_abbaa\/limpeza-segura\/produtos-para-limpeza\/multiuso-biolimpeza-hipoalergenico-alergoshop\/","title":{"rendered":"Multiuso Biolimpeza Hipoalerg\u00eanico Alergoshop"},"content":{"rendered":"<div class=\"wrap product-info\">\n<div class=\"content cf\">\n<div id=\"content-inside-composicoes\" class=\"content-inside d-n\">\n<p><strong><u>BENEFICIOS<\/u><\/strong><\/p>\n<div class=\"wrap product-info\">\n<div class=\"content cf\">\n<div id=\"content-inside-beneficios\" class=\"content-inside\">\n<p>O<strong>\u00a0Multi Uso Biolimpeza<\/strong>\u00a0da Alergoshop, 500ml, foi especialmente desenvolvido sem adi\u00e7\u00e3o de corantes, \u00e9 livre de derivados de petr\u00f3leo e tem a\u00e7\u00e3o de componentes naturais que minimizam o poss\u00edvel surgimento de alergias e irrita\u00e7\u00f5es. Apresenta um alto poder de limpeza que higieniza eficazmente pisos, azulejos, vidros, revestimentos, granitos, m\u00e1rmores, f\u00f3rmicas e superf\u00edcies em geral.<\/p>\n<p>Como ativo natural a Alergoshop escolheu os Terpenos. Uma subst\u00e2ncia abundante na natureza, principalmente na regi\u00e3o de florestas e que \u00e9 respons\u00e1vel pela manuten\u00e7\u00e3o do equil\u00edbrio dos materiais em decomposi\u00e7\u00e3o, pois age como desengordurante, bactericida e desodorizante natural.<\/p>\n<\/div>\n<\/div>\n<\/div>\n<section>\n<div class=\"wrap clearfix\">\n<div class=\"col-20 product-carousel\"><\/div>\n<\/div>\n<\/section>\n<p>&nbsp;<\/p>\n<p><strong><u>CARACTER\u00cdSTICAS<\/u><\/strong><\/p>\n<div class=\"wrap product-info\">\n<div class=\"content cf\">\n<div id=\"content-inside-indicacoes\" class=\"content-inside d-n\">\n<p>\u2022 Hipoalerg\u00eanico<\/p>\n<p>\u2022 PH Neutro ( outros produtos do mercado possuem pH 13 altamente irritante)<\/p>\n<p>\u2022 Dermatologicamente testado<\/p>\n<p>\u2022 Terpenos c\u00edtricos origin\u00e1rios da laranja<\/p>\n<p>\u2022 Sem adi\u00e7\u00e3o de corantes<\/p>\n<p>\u2022 Alto poder de limpeza<\/p>\n<p>\u2022 N\u00e3o precisa remover<\/p>\n<p>\u2022 Solvente e desengraxante.<\/p>\n<p>\u2022 Livre de derivados de petr\u00f3leo<\/p>\n<\/div>\n<\/div>\n<\/div>\n<section>\n<div class=\"wrap clearfix\">\n<div class=\"col-20 product-carousel\"><\/div>\n<\/div>\n<\/section>\n<p>&nbsp;<\/p>\n<p><strong><u>COMPOSI\u00c7\u00c3O<\/u><\/strong><\/p>\n<div class=\"wrap product-info\">\n<div class=\"content cf\">\n<div id=\"content-inside-composicoes\" class=\"content-inside d-n\">\n<div class=\"wrap product-info\">\n<div class=\"content cf\">\n<div id=\"content-inside-composicoes\" class=\"content-inside d-n\">\n<p>VE\u00cdCULO, TERPENOS C\u00cdTRICOS ORIGINADOS DE LARANJA, TENSOATIVOS N\u00c3O I\u00d4NICOS, TENSOATIVO ANI\u00d4NICO, FRAGR\u00c2NCIAS.<\/p>\n<\/div>\n<\/div>\n<\/div>\n<section>\n<div class=\"wrap clearfix\">\n<div class=\"col-20 product-carousel\"><\/div>\n<\/div>\n<\/section>\n<\/div>\n<\/div>\n<\/div>\n<p><strong><u>MODO DE USAR<\/u><\/strong><\/p>\n<div class=\"wrap product-info\">\n<div class=\"content cf\">\n<div id=\"content-inside-modo-de-usar\" class=\"content-inside d-n\">\n<div class=\"wrap product-info\">\n<div class=\"content cf\">\n<div id=\"content-inside-modo-de-usar\" class=\"content-inside d-n\">\n<p>Agite antes de usar. Aplicar o produto com pulverizador, pano, esponja, mop ou outro equipamento de limpeza. Em superf\u00edcies muito sujas, deixe o produto agir por pelo menos 1 minuto antes de remov\u00ea-lo.<\/p>\n<\/div>\n<\/div>\n<\/div>\n<section>\n<div class=\"wrap clearfix\">\n<div class=\"col-20 product-carousel\"><\/div>\n<\/div>\n<\/section>\n<\/div>\n<\/div>\n<\/div>\n<section>\n<div class=\"wrap clearfix\">\n<div class=\"col-20 product-carousel\"><\/div>\n<\/div>\n<\/section>\n<\/div>\n<\/div>\n<\/div>\n","protected":false},"excerpt":{"rendered":"<p>Multi Uso Biolimpeza da Alergoshop. Hipoalerg\u00eanico. 500mL.<br \/>\n\u2022 Vegano<br \/>\n\u2022 Cruelty Free<\/p>\n","protected":false},"featured_media":14440,"comment_status":"open","ping_status":"closed","template":"","meta":[],"product_cat":[15,92,93],"product_tag":[],"class_list":{"0":"post-14439","1":"product","2":"type-product","3":"status-publish","4":"has-post-thumbnail","6":"product_cat-geral","7":"product_cat-limpeza-segura","8":"product_cat-produtos-para-limpeza","10":"first","11":"outofstock","12":"shipping-taxable","13":"purchasable","14":"product-type-simple"},"yoast_head":"<!-- This site is optimized with the Yoast SEO plugin v22.7 - https:\/\/yoast.com\/wordpress\/plugins\/seo\/ -->\n<title>Multiuso Biolimpeza Hipoalerg\u00eanico Alergoshop - Loja Abbaa<\/title>\n<meta name=\"robots\" content=\"index, follow, max-snippet:-1, max-image-preview:large, max-video-preview:-1\" \/>\n<link rel=\"canonical\" href=\"https:\/\/brasilsemalergia.com.br\/loja_abbaa\/limpeza-segura\/produtos-para-limpeza\/multiuso-biolimpeza-hipoalergenico-alergoshop\/\" \/>\n<meta property=\"og:locale\" content=\"pt_BR\" \/>\n<meta property=\"og:type\" content=\"article\" \/>\n<meta property=\"og:title\" content=\"Multiuso Biolimpeza Hipoalerg\u00eanico Alergoshop - Loja Abbaa\" \/>\n<meta property=\"og:description\" content=\"Multi Uso Biolimpeza da Alergoshop. Hipoalerg\u00eanico. 500mL. \u2022 Vegano \u2022 Cruelty Free\" \/>\n<meta property=\"og:url\" content=\"https:\/\/brasilsemalergia.com.br\/loja_abbaa\/limpeza-segura\/produtos-para-limpeza\/multiuso-biolimpeza-hipoalergenico-alergoshop\/\" \/>\n<meta property=\"og:site_name\" content=\"Loja Abbaa\" \/>\n<meta property=\"article:modified_time\" content=\"2023-09-04T11:36:32+00:00\" \/>\n<meta property=\"og:image\" content=\"https:\/\/brasilsemalergia.com.br\/loja_abbaa\/wp-content\/uploads\/2023\/05\/mul.jpeg\" \/>\n\t<meta property=\"og:image:width\" content=\"300\" \/>\n\t<meta property=\"og:image:height\" content=\"300\" \/>\n\t<meta property=\"og:image:type\" content=\"image\/jpeg\" \/>\n<meta name=\"twitter:card\" content=\"summary_large_image\" \/>\n<meta name=\"twitter:label1\" content=\"Est. tempo de leitura\" \/>\n\t<meta name=\"twitter:data1\" content=\"2 minutos\" \/>\n<script type=\"application\/ld+json\" class=\"yoast-schema-graph\">{\"@context\":\"https:\/\/schema.org\",\"@graph\":[{\"@type\":\"WebPage\",\"@id\":\"https:\/\/brasilsemalergia.com.br\/loja_abbaa\/limpeza-segura\/produtos-para-limpeza\/multiuso-biolimpeza-hipoalergenico-alergoshop\/\",\"url\":\"https:\/\/brasilsemalergia.com.br\/loja_abbaa\/limpeza-segura\/produtos-para-limpeza\/multiuso-biolimpeza-hipoalergenico-alergoshop\/\",\"name\":\"Multiuso Biolimpeza Hipoalerg\u00eanico Alergoshop - Loja Abbaa\",\"isPartOf\":{\"@id\":\"https:\/\/brasilsemalergia.com.br\/loja_abbaa\/#website\"},\"primaryImageOfPage\":{\"@id\":\"https:\/\/brasilsemalergia.com.br\/loja_abbaa\/limpeza-segura\/produtos-para-limpeza\/multiuso-biolimpeza-hipoalergenico-alergoshop\/#primaryimage\"},\"image\":{\"@id\":\"https:\/\/brasilsemalergia.com.br\/loja_abbaa\/limpeza-segura\/produtos-para-limpeza\/multiuso-biolimpeza-hipoalergenico-alergoshop\/#primaryimage\"},\"thumbnailUrl\":\"https:\/\/brasilsemalergia.com.br\/loja_abbaa\/wp-content\/uploads\/2023\/05\/mul.jpeg\",\"datePublished\":\"2023-05-13T11:43:00+00:00\",\"dateModified\":\"2023-09-04T11:36:32+00:00\",\"breadcrumb\":{\"@id\":\"https:\/\/brasilsemalergia.com.br\/loja_abbaa\/limpeza-segura\/produtos-para-limpeza\/multiuso-biolimpeza-hipoalergenico-alergoshop\/#breadcrumb\"},\"inLanguage\":\"pt-BR\",\"potentialAction\":[{\"@type\":\"ReadAction\",\"target\":[\"https:\/\/brasilsemalergia.com.br\/loja_abbaa\/limpeza-segura\/produtos-para-limpeza\/multiuso-biolimpeza-hipoalergenico-alergoshop\/\"]}]},{\"@type\":\"ImageObject\",\"inLanguage\":\"pt-BR\",\"@id\":\"https:\/\/brasilsemalergia.com.br\/loja_abbaa\/limpeza-segura\/produtos-para-limpeza\/multiuso-biolimpeza-hipoalergenico-alergoshop\/#primaryimage\",\"url\":\"https:\/\/brasilsemalergia.com.br\/loja_abbaa\/wp-content\/uploads\/2023\/05\/mul.jpeg\",\"contentUrl\":\"https:\/\/brasilsemalergia.com.br\/loja_abbaa\/wp-content\/uploads\/2023\/05\/mul.jpeg\",\"width\":300,\"height\":300,\"caption\":\"Multiuso Biolimpeza Hipoalerg\u00eanico Alergoshop\"},{\"@type\":\"BreadcrumbList\",\"@id\":\"https:\/\/brasilsemalergia.com.br\/loja_abbaa\/limpeza-segura\/produtos-para-limpeza\/multiuso-biolimpeza-hipoalergenico-alergoshop\/#breadcrumb\",\"itemListElement\":[{\"@type\":\"ListItem\",\"position\":1,\"name\":\"In\u00edcio\",\"item\":\"https:\/\/brasilsemalergia.com.br\/loja_abbaa\/\"},{\"@type\":\"ListItem\",\"position\":2,\"name\":\"Loja\",\"item\":\"https:\/\/brasilsemalergia.com.br\/loja_abbaa\/\"},{\"@type\":\"ListItem\",\"position\":3,\"name\":\"Multiuso Biolimpeza Hipoalerg\u00eanico Alergoshop\"}]},{\"@type\":\"WebSite\",\"@id\":\"https:\/\/brasilsemalergia.com.br\/loja_abbaa\/#website\",\"url\":\"https:\/\/brasilsemalergia.com.br\/loja_abbaa\/\",\"name\":\"Loja Abbaa\",\"description\":\"\",\"publisher\":{\"@id\":\"https:\/\/brasilsemalergia.com.br\/loja_abbaa\/#organization\"},\"potentialAction\":[{\"@type\":\"SearchAction\",\"target\":{\"@type\":\"EntryPoint\",\"urlTemplate\":\"https:\/\/brasilsemalergia.com.br\/loja_abbaa\/?s={search_term_string}\"},\"query-input\":\"required name=search_term_string\"}],\"inLanguage\":\"pt-BR\"},{\"@type\":\"Organization\",\"@id\":\"https:\/\/brasilsemalergia.com.br\/loja_abbaa\/#organization\",\"name\":\"Loja Abbaa\",\"url\":\"https:\/\/brasilsemalergia.com.br\/loja_abbaa\/\",\"logo\":{\"@type\":\"ImageObject\",\"inLanguage\":\"pt-BR\",\"@id\":\"https:\/\/brasilsemalergia.com.br\/loja_abbaa\/#\/schema\/logo\/image\/\",\"url\":\"https:\/\/brasilsemalergia.com.br\/loja_abbaa\/wp-content\/uploads\/2023\/03\/logo-hor-site.png\",\"contentUrl\":\"https:\/\/brasilsemalergia.com.br\/loja_abbaa\/wp-content\/uploads\/2023\/03\/logo-hor-site.png\",\"width\":440,\"height\":120,\"caption\":\"Loja Abbaa\"},\"image\":{\"@id\":\"https:\/\/brasilsemalergia.com.br\/loja_abbaa\/#\/schema\/logo\/image\/\"}}]}<\/script>\n<!-- \/ Yoast SEO plugin. -->","yoast_head_json":{"title":"Multiuso Biolimpeza Hipoalerg\u00eanico Alergoshop - Loja Abbaa","robots":{"index":"index","follow":"follow","max-snippet":"max-snippet:-1","max-image-preview":"max-image-preview:large","max-video-preview":"max-video-preview:-1"},"canonical":"https:\/\/brasilsemalergia.com.br\/loja_abbaa\/limpeza-segura\/produtos-para-limpeza\/multiuso-biolimpeza-hipoalergenico-alergoshop\/","og_locale":"pt_BR","og_type":"article","og_title":"Multiuso Biolimpeza Hipoalerg\u00eanico Alergoshop - Loja Abbaa","og_description":"Multi Uso Biolimpeza da Alergoshop. Hipoalerg\u00eanico. 500mL. \u2022 Vegano \u2022 Cruelty Free","og_url":"https:\/\/brasilsemalergia.com.br\/loja_abbaa\/limpeza-segura\/produtos-para-limpeza\/multiuso-biolimpeza-hipoalergenico-alergoshop\/","og_site_name":"Loja Abbaa","article_modified_time":"2023-09-04T11:36:32+00:00","og_image":[{"width":300,"height":300,"url":"https:\/\/brasilsemalergia.com.br\/loja_abbaa\/wp-content\/uploads\/2023\/05\/mul.jpeg","type":"image\/jpeg"}],"twitter_card":"summary_large_image","twitter_misc":{"Est. tempo de leitura":"2 minutos"},"schema":{"@context":"https:\/\/schema.org","@graph":[{"@type":"WebPage","@id":"https:\/\/brasilsemalergia.com.br\/loja_abbaa\/limpeza-segura\/produtos-para-limpeza\/multiuso-biolimpeza-hipoalergenico-alergoshop\/","url":"https:\/\/brasilsemalergia.com.br\/loja_abbaa\/limpeza-segura\/produtos-para-limpeza\/multiuso-biolimpeza-hipoalergenico-alergoshop\/","name":"Multiuso Biolimpeza Hipoalerg\u00eanico Alergoshop - Loja Abbaa","isPartOf":{"@id":"https:\/\/brasilsemalergia.com.br\/loja_abbaa\/#website"},"primaryImageOfPage":{"@id":"https:\/\/brasilsemalergia.com.br\/loja_abbaa\/limpeza-segura\/produtos-para-limpeza\/multiuso-biolimpeza-hipoalergenico-alergoshop\/#primaryimage"},"image":{"@id":"https:\/\/brasilsemalergia.com.br\/loja_abbaa\/limpeza-segura\/produtos-para-limpeza\/multiuso-biolimpeza-hipoalergenico-alergoshop\/#primaryimage"},"thumbnailUrl":"https:\/\/brasilsemalergia.com.br\/loja_abbaa\/wp-content\/uploads\/2023\/05\/mul.jpeg","datePublished":"2023-05-13T11:43:00+00:00","dateModified":"2023-09-04T11:36:32+00:00","breadcrumb":{"@id":"https:\/\/brasilsemalergia.com.br\/loja_abbaa\/limpeza-segura\/produtos-para-limpeza\/multiuso-biolimpeza-hipoalergenico-alergoshop\/#breadcrumb"},"inLanguage":"pt-BR","potentialAction":[{"@type":"ReadAction","target":["https:\/\/brasilsemalergia.com.br\/loja_abbaa\/limpeza-segura\/produtos-para-limpeza\/multiuso-biolimpeza-hipoalergenico-alergoshop\/"]}]},{"@type":"ImageObject","inLanguage":"pt-BR","@id":"https:\/\/brasilsemalergia.com.br\/loja_abbaa\/limpeza-segura\/produtos-para-limpeza\/multiuso-biolimpeza-hipoalergenico-alergoshop\/#primaryimage","url":"https:\/\/brasilsemalergia.com.br\/loja_abbaa\/wp-content\/uploads\/2023\/05\/mul.jpeg","contentUrl":"https:\/\/brasilsemalergia.com.br\/loja_abbaa\/wp-content\/uploads\/2023\/05\/mul.jpeg","width":300,"height":300,"caption":"Multiuso Biolimpeza Hipoalerg\u00eanico Alergoshop"},{"@type":"BreadcrumbList","@id":"https:\/\/brasilsemalergia.com.br\/loja_abbaa\/limpeza-segura\/produtos-para-limpeza\/multiuso-biolimpeza-hipoalergenico-alergoshop\/#breadcrumb","itemListElement":[{"@type":"ListItem","position":1,"name":"In\u00edcio","item":"https:\/\/brasilsemalergia.com.br\/loja_abbaa\/"},{"@type":"ListItem","position":2,"name":"Loja","item":"https:\/\/brasilsemalergia.com.br\/loja_abbaa\/"},{"@type":"ListItem","position":3,"name":"Multiuso Biolimpeza Hipoalerg\u00eanico Alergoshop"}]},{"@type":"WebSite","@id":"https:\/\/brasilsemalergia.com.br\/loja_abbaa\/#website","url":"https:\/\/brasilsemalergia.com.br\/loja_abbaa\/","name":"Loja Abbaa","description":"","publisher":{"@id":"https:\/\/brasilsemalergia.com.br\/loja_abbaa\/#organization"},"potentialAction":[{"@type":"SearchAction","target":{"@type":"EntryPoint","urlTemplate":"https:\/\/brasilsemalergia.com.br\/loja_abbaa\/?s={search_term_string}"},"query-input":"required name=search_term_string"}],"inLanguage":"pt-BR"},{"@type":"Organization","@id":"https:\/\/brasilsemalergia.com.br\/loja_abbaa\/#organization","name":"Loja Abbaa","url":"https:\/\/brasilsemalergia.com.br\/loja_abbaa\/","logo":{"@type":"ImageObject","inLanguage":"pt-BR","@id":"https:\/\/brasilsemalergia.com.br\/loja_abbaa\/#\/schema\/logo\/image\/","url":"https:\/\/brasilsemalergia.com.br\/loja_abbaa\/wp-content\/uploads\/2023\/03\/logo-hor-site.png","contentUrl":"https:\/\/brasilsemalergia.com.br\/loja_abbaa\/wp-content\/uploads\/2023\/03\/logo-hor-site.png","width":440,"height":120,"caption":"Loja Abbaa"},"image":{"@id":"https:\/\/brasilsemalergia.com.br\/loja_abbaa\/#\/schema\/logo\/image\/"}}]}},"_links":{"self":[{"href":"https:\/\/brasilsemalergia.com.br\/loja_abbaa\/wp-json\/wp\/v2\/product\/14439","targetHints":{"allow":["GET"]}}],"collection":[{"href":"https:\/\/brasilsemalergia.com.br\/loja_abbaa\/wp-json\/wp\/v2\/product"}],"about":[{"href":"https:\/\/brasilsemalergia.com.br\/loja_abbaa\/wp-json\/wp\/v2\/types\/product"}],"replies":[{"embeddable":true,"href":"https:\/\/brasilsemalergia.com.br\/loja_abbaa\/wp-json\/wp\/v2\/comments?post=14439"}],"version-history":[{"count":0,"href":"https:\/\/brasilsemalergia.com.br\/loja_abbaa\/wp-json\/wp\/v2\/product\/14439\/revisions"}],"wp:featuredmedia":[{"embeddable":true,"href":"https:\/\/brasilsemalergia.com.br\/loja_abbaa\/wp-json\/wp\/v2\/media\/14440"}],"wp:attachment":[{"href":"https:\/\/brasilsemalergia.com.br\/loja_abbaa\/wp-json\/wp\/v2\/media?parent=14439"}],"wp:term":[{"taxonomy":"product_cat","embeddable":true,"href":"https:\/\/brasilsemalergia.com.br\/loja_abbaa\/wp-json\/wp\/v2\/product_cat?post=14439"},{"taxonomy":"product_tag","embeddable":true,"href":"https:\/\/brasilsemalergia.com.br\/loja_abbaa\/wp-json\/wp\/v2\/product_tag?post=14439"}],"curies":[{"name":"wp","href":"https:\/\/api.w.org\/{rel}","templated":true}]}}