{"id":14441,"date":"2023-05-13T08:54:18","date_gmt":"2023-05-13T11:54:18","guid":{"rendered":"https:\/\/brasilsemalergia.com.br\/loja_abbaa\/?post_type=product&#038;p=14441"},"modified":"2023-09-04T08:35:32","modified_gmt":"2023-09-04T11:35:32","slug":"adf-plus-acaricida","status":"publish","type":"product","link":"https:\/\/brasilsemalergia.com.br\/loja_abbaa\/limpeza-segura\/produtos-para-limpeza\/adf-plus-acaricida\/","title":{"rendered":"ADF Plus &#8211; Acaricida"},"content":{"rendered":"<div class=\"wrap product-info\">\n<div class=\"content cf\">\n<div id=\"content-inside-composicoes\" class=\"content-inside d-n\">\n<p><strong><u>BENEFICIOS<\/u><\/strong><\/p>\n<div class=\"wrap product-info\">\n<div class=\"content cf\">\n<div id=\"content-inside-beneficios\" class=\"content-inside\">\n<p>A Solu\u00e7\u00e3o ADF Plus, 480ml, foi desenvolvida para eliminar, repelir e controlar a quantidade de \u00e1caros, fungos e bact\u00e9rias nos ambientes, mantendo-o livre desses micro-organismos. Indicada principalmente para pessoas que sofrem de asma, rinite e bronquite, pode ser aplicada inclusive em quartos de crian\u00e7as, pois n\u00e3o \u00e9 t\u00f3xica.<\/p>\n<p>A Solu\u00e7\u00e3o pode ser aplicada em tapetes, carpetes, sof\u00e1s, cortinas, pel\u00facias, sapatos, roupas e em outros materiais t\u00eaxteis. Pode tamb\u00e9m ser usada em outras superf\u00edcies que apresentem sinais de poeira e bolor, como cer\u00e2micas, couro e f\u00f3rmicas.<\/p>\n<p>A aplica\u00e7\u00e3o regular, al\u00e9m minimizar a quantidade dos \u00e1caros e outros micro-organismos, impede a reinfesta\u00e7\u00e3o.<\/p>\n<p>Testes de laborat\u00f3rio comprovam a efic\u00e1cia do produto no controle de \u00e1caros, eliminando 86,7% em 6 dias ap\u00f3s a primeira aplica\u00e7\u00e3o. Al\u00e9m disso, manteve \u00edndice de repel\u00eancia de 84,6%, mesmo 10 dias ap\u00f3s a utiliza\u00e7\u00e3o.<\/p>\n<\/div>\n<\/div>\n<\/div>\n<p>&nbsp;<\/p>\n<p><strong><u>CARACTER\u00cdSTICAS<\/u><\/strong><\/p>\n<div class=\"wrap product-info\">\n<div class=\"content cf\">\n<div id=\"content-inside-indicacoes\" class=\"content-inside d-n\">\n<p>\u2022 Anti\u00e1caros<\/p>\n<p>\u2022 Anti fungos<\/p>\n<p>\u2022 Denaturante<\/p>\n<p>\u2022 Sem cheiro<\/p>\n<p>\u2022 N\u00e3o mancha<\/p>\n<p>\u2022 Efic\u00e1cia comprovada em testes de laborat\u00f3rio.<\/p>\n<p>\u2022 Exclusividade Alergoshop<\/p>\n<\/div>\n<\/div>\n<\/div>\n<section>\n<div class=\"wrap clearfix\">\n<div class=\"col-20 product-carousel\"><\/div>\n<\/div>\n<\/section>\n<p>&nbsp;<\/p>\n<p><strong><u>COMPOSI\u00c7\u00c3O<\/u><\/strong><\/p>\n<div class=\"wrap product-info\">\n<div class=\"content cf\">\n<div id=\"content-inside-composicoes\" class=\"content-inside d-n\">\n<div class=\"wrap product-info\">\n<div class=\"content cf\">\n<div id=\"content-inside-composicoes\" class=\"content-inside d-n\">\n<div class=\"wrap product-info\">\n<div class=\"content cf\">\n<div id=\"content-inside-composicoes\" class=\"content-inside d-n\">\n<p>Ativos, Coadjuvante, Conservante e Ve\u00edculo.<br \/>\n<strong>COMPONENTES ATIVOS:<\/strong>\u00a0Cloreto de Benzalc\u00f4nio 1,04% e Guanidina 0,56%<\/p>\n<\/div>\n<\/div>\n<\/div>\n<section>\n<div class=\"wrap clearfix\">\n<div class=\"col-20 product-carousel\"><\/div>\n<\/div>\n<\/section>\n<\/div>\n<\/div>\n<\/div>\n<section>\n<div class=\"wrap clearfix\">\n<div class=\"col-20 product-carousel\"><\/div>\n<\/div>\n<\/section>\n<\/div>\n<\/div>\n<\/div>\n<p><strong><u>MODO DE USAR<\/u><\/strong><\/p>\n<div class=\"wrap product-info\">\n<div class=\"content cf\">\n<div id=\"content-inside-modo-de-usar\" class=\"content-inside d-n\">\n<div class=\"wrap product-info\">\n<div class=\"content cf\">\n<div id=\"content-inside-modo-de-usar\" class=\"content-inside d-n\">\n<div class=\"wrap product-info\">\n<div class=\"content cf\">\n<div id=\"content-inside-modo-de-usar\" class=\"content-inside d-n\">\n<p>Com o gatilho no modo Spray aplique aproximadamente 6 borrifadas por m2. Mantenha o jato do spray h\u00e1 aproximadamente 40 cm de dist\u00e2ncia da superf\u00edcie. Durante a aplica\u00e7\u00e3o mantenha o ambiente arejado. Reaplique quinzenalmente.<\/p>\n<\/div>\n<\/div>\n<\/div>\n<section>\n<div class=\"wrap clearfix\">\n<div class=\"col-20 product-carousel\"><\/div>\n<\/div>\n<\/section>\n<\/div>\n<\/div>\n<\/div>\n<section>\n<div class=\"wrap clearfix\">\n<div class=\"col-20 product-carousel\"><\/div>\n<\/div>\n<\/section>\n<\/div>\n<\/div>\n<\/div>\n<section>\n<div class=\"wrap clearfix\">\n<div class=\"col-20 product-carousel\"><\/div>\n<\/div>\n<\/section>\n<\/div>\n<\/div>\n<\/div>\n","protected":false},"excerpt":{"rendered":"<p>Solu\u00e7\u00e3o ADF Plus- 480ml &#8211; Exclusividade Alergoshop<br \/>\nElimina e repele \u00e1caros, fungos, mofos e bact\u00e9rias do ambiente.<br \/>\nPara ser aplicado em tapetes, cortinas, estofados, pisos de madeira<\/p>\n","protected":false},"featured_media":14442,"comment_status":"open","ping_status":"closed","template":"","meta":[],"product_cat":[15,92,93],"product_tag":[],"class_list":{"0":"post-14441","1":"product","2":"type-product","3":"status-publish","4":"has-post-thumbnail","6":"product_cat-geral","7":"product_cat-limpeza-segura","8":"product_cat-produtos-para-limpeza","10":"first","11":"outofstock","12":"shipping-taxable","13":"purchasable","14":"product-type-simple"},"yoast_head":"<!-- This site is optimized with the Yoast SEO plugin v22.7 - https:\/\/yoast.com\/wordpress\/plugins\/seo\/ -->\n<title>ADF Plus - Acaricida - Loja Abbaa<\/title>\n<meta name=\"robots\" content=\"index, follow, max-snippet:-1, max-image-preview:large, max-video-preview:-1\" \/>\n<link rel=\"canonical\" href=\"https:\/\/brasilsemalergia.com.br\/loja_abbaa\/limpeza-segura\/produtos-para-limpeza\/adf-plus-acaricida\/\" \/>\n<meta property=\"og:locale\" content=\"pt_BR\" \/>\n<meta property=\"og:type\" content=\"article\" \/>\n<meta property=\"og:title\" content=\"ADF Plus - Acaricida - Loja Abbaa\" \/>\n<meta property=\"og:description\" content=\"Solu\u00e7\u00e3o ADF Plus- 480ml - Exclusividade Alergoshop Elimina e repele \u00e1caros, fungos, mofos e bact\u00e9rias do ambiente. Para ser aplicado em tapetes, cortinas, estofados, pisos de madeira\" \/>\n<meta property=\"og:url\" content=\"https:\/\/brasilsemalergia.com.br\/loja_abbaa\/limpeza-segura\/produtos-para-limpeza\/adf-plus-acaricida\/\" \/>\n<meta property=\"og:site_name\" content=\"Loja Abbaa\" \/>\n<meta property=\"article:modified_time\" content=\"2023-09-04T11:35:32+00:00\" \/>\n<meta property=\"og:image\" content=\"https:\/\/brasilsemalergia.com.br\/loja_abbaa\/wp-content\/uploads\/2023\/05\/adf-ac.jpg\" \/>\n\t<meta property=\"og:image:width\" content=\"1200\" \/>\n\t<meta property=\"og:image:height\" content=\"1200\" \/>\n\t<meta property=\"og:image:type\" content=\"image\/jpeg\" \/>\n<meta name=\"twitter:card\" content=\"summary_large_image\" \/>\n<meta name=\"twitter:label1\" content=\"Est. tempo de leitura\" \/>\n\t<meta name=\"twitter:data1\" content=\"2 minutos\" \/>\n<script type=\"application\/ld+json\" class=\"yoast-schema-graph\">{\"@context\":\"https:\/\/schema.org\",\"@graph\":[{\"@type\":\"WebPage\",\"@id\":\"https:\/\/brasilsemalergia.com.br\/loja_abbaa\/limpeza-segura\/produtos-para-limpeza\/adf-plus-acaricida\/\",\"url\":\"https:\/\/brasilsemalergia.com.br\/loja_abbaa\/limpeza-segura\/produtos-para-limpeza\/adf-plus-acaricida\/\",\"name\":\"ADF Plus - Acaricida - Loja Abbaa\",\"isPartOf\":{\"@id\":\"https:\/\/brasilsemalergia.com.br\/loja_abbaa\/#website\"},\"primaryImageOfPage\":{\"@id\":\"https:\/\/brasilsemalergia.com.br\/loja_abbaa\/limpeza-segura\/produtos-para-limpeza\/adf-plus-acaricida\/#primaryimage\"},\"image\":{\"@id\":\"https:\/\/brasilsemalergia.com.br\/loja_abbaa\/limpeza-segura\/produtos-para-limpeza\/adf-plus-acaricida\/#primaryimage\"},\"thumbnailUrl\":\"https:\/\/brasilsemalergia.com.br\/loja_abbaa\/wp-content\/uploads\/2023\/05\/adf-ac.jpg\",\"datePublished\":\"2023-05-13T11:54:18+00:00\",\"dateModified\":\"2023-09-04T11:35:32+00:00\",\"breadcrumb\":{\"@id\":\"https:\/\/brasilsemalergia.com.br\/loja_abbaa\/limpeza-segura\/produtos-para-limpeza\/adf-plus-acaricida\/#breadcrumb\"},\"inLanguage\":\"pt-BR\",\"potentialAction\":[{\"@type\":\"ReadAction\",\"target\":[\"https:\/\/brasilsemalergia.com.br\/loja_abbaa\/limpeza-segura\/produtos-para-limpeza\/adf-plus-acaricida\/\"]}]},{\"@type\":\"ImageObject\",\"inLanguage\":\"pt-BR\",\"@id\":\"https:\/\/brasilsemalergia.com.br\/loja_abbaa\/limpeza-segura\/produtos-para-limpeza\/adf-plus-acaricida\/#primaryimage\",\"url\":\"https:\/\/brasilsemalergia.com.br\/loja_abbaa\/wp-content\/uploads\/2023\/05\/adf-ac.jpg\",\"contentUrl\":\"https:\/\/brasilsemalergia.com.br\/loja_abbaa\/wp-content\/uploads\/2023\/05\/adf-ac.jpg\",\"width\":1200,\"height\":1200,\"caption\":\"ADF Plus - Acaricida\"},{\"@type\":\"BreadcrumbList\",\"@id\":\"https:\/\/brasilsemalergia.com.br\/loja_abbaa\/limpeza-segura\/produtos-para-limpeza\/adf-plus-acaricida\/#breadcrumb\",\"itemListElement\":[{\"@type\":\"ListItem\",\"position\":1,\"name\":\"In\u00edcio\",\"item\":\"https:\/\/brasilsemalergia.com.br\/loja_abbaa\/\"},{\"@type\":\"ListItem\",\"position\":2,\"name\":\"Loja\",\"item\":\"https:\/\/brasilsemalergia.com.br\/loja_abbaa\/\"},{\"@type\":\"ListItem\",\"position\":3,\"name\":\"ADF Plus &#8211; Acaricida\"}]},{\"@type\":\"WebSite\",\"@id\":\"https:\/\/brasilsemalergia.com.br\/loja_abbaa\/#website\",\"url\":\"https:\/\/brasilsemalergia.com.br\/loja_abbaa\/\",\"name\":\"Loja Abbaa\",\"description\":\"\",\"publisher\":{\"@id\":\"https:\/\/brasilsemalergia.com.br\/loja_abbaa\/#organization\"},\"potentialAction\":[{\"@type\":\"SearchAction\",\"target\":{\"@type\":\"EntryPoint\",\"urlTemplate\":\"https:\/\/brasilsemalergia.com.br\/loja_abbaa\/?s={search_term_string}\"},\"query-input\":\"required name=search_term_string\"}],\"inLanguage\":\"pt-BR\"},{\"@type\":\"Organization\",\"@id\":\"https:\/\/brasilsemalergia.com.br\/loja_abbaa\/#organization\",\"name\":\"Loja Abbaa\",\"url\":\"https:\/\/brasilsemalergia.com.br\/loja_abbaa\/\",\"logo\":{\"@type\":\"ImageObject\",\"inLanguage\":\"pt-BR\",\"@id\":\"https:\/\/brasilsemalergia.com.br\/loja_abbaa\/#\/schema\/logo\/image\/\",\"url\":\"https:\/\/brasilsemalergia.com.br\/loja_abbaa\/wp-content\/uploads\/2023\/03\/logo-hor-site.png\",\"contentUrl\":\"https:\/\/brasilsemalergia.com.br\/loja_abbaa\/wp-content\/uploads\/2023\/03\/logo-hor-site.png\",\"width\":440,\"height\":120,\"caption\":\"Loja Abbaa\"},\"image\":{\"@id\":\"https:\/\/brasilsemalergia.com.br\/loja_abbaa\/#\/schema\/logo\/image\/\"}}]}<\/script>\n<!-- \/ Yoast SEO plugin. -->","yoast_head_json":{"title":"ADF Plus - Acaricida - Loja Abbaa","robots":{"index":"index","follow":"follow","max-snippet":"max-snippet:-1","max-image-preview":"max-image-preview:large","max-video-preview":"max-video-preview:-1"},"canonical":"https:\/\/brasilsemalergia.com.br\/loja_abbaa\/limpeza-segura\/produtos-para-limpeza\/adf-plus-acaricida\/","og_locale":"pt_BR","og_type":"article","og_title":"ADF Plus - Acaricida - Loja Abbaa","og_description":"Solu\u00e7\u00e3o ADF Plus- 480ml - Exclusividade Alergoshop Elimina e repele \u00e1caros, fungos, mofos e bact\u00e9rias do ambiente. Para ser aplicado em tapetes, cortinas, estofados, pisos de madeira","og_url":"https:\/\/brasilsemalergia.com.br\/loja_abbaa\/limpeza-segura\/produtos-para-limpeza\/adf-plus-acaricida\/","og_site_name":"Loja Abbaa","article_modified_time":"2023-09-04T11:35:32+00:00","og_image":[{"width":1200,"height":1200,"url":"https:\/\/brasilsemalergia.com.br\/loja_abbaa\/wp-content\/uploads\/2023\/05\/adf-ac.jpg","type":"image\/jpeg"}],"twitter_card":"summary_large_image","twitter_misc":{"Est. tempo de leitura":"2 minutos"},"schema":{"@context":"https:\/\/schema.org","@graph":[{"@type":"WebPage","@id":"https:\/\/brasilsemalergia.com.br\/loja_abbaa\/limpeza-segura\/produtos-para-limpeza\/adf-plus-acaricida\/","url":"https:\/\/brasilsemalergia.com.br\/loja_abbaa\/limpeza-segura\/produtos-para-limpeza\/adf-plus-acaricida\/","name":"ADF Plus - Acaricida - Loja Abbaa","isPartOf":{"@id":"https:\/\/brasilsemalergia.com.br\/loja_abbaa\/#website"},"primaryImageOfPage":{"@id":"https:\/\/brasilsemalergia.com.br\/loja_abbaa\/limpeza-segura\/produtos-para-limpeza\/adf-plus-acaricida\/#primaryimage"},"image":{"@id":"https:\/\/brasilsemalergia.com.br\/loja_abbaa\/limpeza-segura\/produtos-para-limpeza\/adf-plus-acaricida\/#primaryimage"},"thumbnailUrl":"https:\/\/brasilsemalergia.com.br\/loja_abbaa\/wp-content\/uploads\/2023\/05\/adf-ac.jpg","datePublished":"2023-05-13T11:54:18+00:00","dateModified":"2023-09-04T11:35:32+00:00","breadcrumb":{"@id":"https:\/\/brasilsemalergia.com.br\/loja_abbaa\/limpeza-segura\/produtos-para-limpeza\/adf-plus-acaricida\/#breadcrumb"},"inLanguage":"pt-BR","potentialAction":[{"@type":"ReadAction","target":["https:\/\/brasilsemalergia.com.br\/loja_abbaa\/limpeza-segura\/produtos-para-limpeza\/adf-plus-acaricida\/"]}]},{"@type":"ImageObject","inLanguage":"pt-BR","@id":"https:\/\/brasilsemalergia.com.br\/loja_abbaa\/limpeza-segura\/produtos-para-limpeza\/adf-plus-acaricida\/#primaryimage","url":"https:\/\/brasilsemalergia.com.br\/loja_abbaa\/wp-content\/uploads\/2023\/05\/adf-ac.jpg","contentUrl":"https:\/\/brasilsemalergia.com.br\/loja_abbaa\/wp-content\/uploads\/2023\/05\/adf-ac.jpg","width":1200,"height":1200,"caption":"ADF Plus - Acaricida"},{"@type":"BreadcrumbList","@id":"https:\/\/brasilsemalergia.com.br\/loja_abbaa\/limpeza-segura\/produtos-para-limpeza\/adf-plus-acaricida\/#breadcrumb","itemListElement":[{"@type":"ListItem","position":1,"name":"In\u00edcio","item":"https:\/\/brasilsemalergia.com.br\/loja_abbaa\/"},{"@type":"ListItem","position":2,"name":"Loja","item":"https:\/\/brasilsemalergia.com.br\/loja_abbaa\/"},{"@type":"ListItem","position":3,"name":"ADF Plus &#8211; Acaricida"}]},{"@type":"WebSite","@id":"https:\/\/brasilsemalergia.com.br\/loja_abbaa\/#website","url":"https:\/\/brasilsemalergia.com.br\/loja_abbaa\/","name":"Loja Abbaa","description":"","publisher":{"@id":"https:\/\/brasilsemalergia.com.br\/loja_abbaa\/#organization"},"potentialAction":[{"@type":"SearchAction","target":{"@type":"EntryPoint","urlTemplate":"https:\/\/brasilsemalergia.com.br\/loja_abbaa\/?s={search_term_string}"},"query-input":"required name=search_term_string"}],"inLanguage":"pt-BR"},{"@type":"Organization","@id":"https:\/\/brasilsemalergia.com.br\/loja_abbaa\/#organization","name":"Loja Abbaa","url":"https:\/\/brasilsemalergia.com.br\/loja_abbaa\/","logo":{"@type":"ImageObject","inLanguage":"pt-BR","@id":"https:\/\/brasilsemalergia.com.br\/loja_abbaa\/#\/schema\/logo\/image\/","url":"https:\/\/brasilsemalergia.com.br\/loja_abbaa\/wp-content\/uploads\/2023\/03\/logo-hor-site.png","contentUrl":"https:\/\/brasilsemalergia.com.br\/loja_abbaa\/wp-content\/uploads\/2023\/03\/logo-hor-site.png","width":440,"height":120,"caption":"Loja Abbaa"},"image":{"@id":"https:\/\/brasilsemalergia.com.br\/loja_abbaa\/#\/schema\/logo\/image\/"}}]}},"_links":{"self":[{"href":"https:\/\/brasilsemalergia.com.br\/loja_abbaa\/wp-json\/wp\/v2\/product\/14441","targetHints":{"allow":["GET"]}}],"collection":[{"href":"https:\/\/brasilsemalergia.com.br\/loja_abbaa\/wp-json\/wp\/v2\/product"}],"about":[{"href":"https:\/\/brasilsemalergia.com.br\/loja_abbaa\/wp-json\/wp\/v2\/types\/product"}],"replies":[{"embeddable":true,"href":"https:\/\/brasilsemalergia.com.br\/loja_abbaa\/wp-json\/wp\/v2\/comments?post=14441"}],"version-history":[{"count":0,"href":"https:\/\/brasilsemalergia.com.br\/loja_abbaa\/wp-json\/wp\/v2\/product\/14441\/revisions"}],"wp:featuredmedia":[{"embeddable":true,"href":"https:\/\/brasilsemalergia.com.br\/loja_abbaa\/wp-json\/wp\/v2\/media\/14442"}],"wp:attachment":[{"href":"https:\/\/brasilsemalergia.com.br\/loja_abbaa\/wp-json\/wp\/v2\/media?parent=14441"}],"wp:term":[{"taxonomy":"product_cat","embeddable":true,"href":"https:\/\/brasilsemalergia.com.br\/loja_abbaa\/wp-json\/wp\/v2\/product_cat?post=14441"},{"taxonomy":"product_tag","embeddable":true,"href":"https:\/\/brasilsemalergia.com.br\/loja_abbaa\/wp-json\/wp\/v2\/product_tag?post=14441"}],"curies":[{"name":"wp","href":"https:\/\/api.w.org\/{rel}","templated":true}]}}