{"id":14498,"date":"2023-05-13T10:55:04","date_gmt":"2023-05-13T13:55:04","guid":{"rendered":"https:\/\/brasilsemalergia.com.br\/loja_abbaa\/?post_type=product&#038;p=14498"},"modified":"2023-09-04T08:28:05","modified_gmt":"2023-09-04T11:28:05","slug":"balm-protetor-hidratante-nossos-amores","status":"publish","type":"product","link":"https:\/\/brasilsemalergia.com.br\/loja_abbaa\/produtos-para-alergicos\/cosmeticos\/bebe-infantil-e-idosos\/balm-protetor-hidratante-nossos-amores\/","title":{"rendered":"Balm Protetor Hidratante Nossos Amores"},"content":{"rendered":"<p><strong><u>BENEF\u00cdCIOS<\/u><\/strong><\/p>\n<div class=\"wrap product-info\">\n<div class=\"content cf\">\n<div id=\"content-inside-beneficios\" class=\"content-inside\">\n<div class=\"wrap product-info\">\n<div class=\"content cf\">\n<div id=\"content-inside-beneficios\" class=\"content-inside\">Previne assaduras e protege a pele contra agress\u00f5es causadas pelo uso das fraldas.<br \/>\nTestes comprovam a preven\u00e7\u00e3o de assaduras por at\u00e9 8 horas, al\u00e9m do aumento na hidrata\u00e7\u00e3o em at\u00e9 42,9%.<\/div>\n<\/div>\n<\/div>\n<section>\n<div class=\"wrap clearfix\">\n<div><\/div>\n<div class=\"col-20 product-carousel\"><strong><u>CARACTER\u00cdSTICAS<\/u><\/strong><\/div>\n<\/div>\n<\/section>\n<\/div>\n<\/div>\n<\/div>\n<div class=\"wrap product-info\">\n<div class=\"content cf\">\n<div id=\"content-inside-indicacoes\" class=\"content-inside d-n\">\n<div class=\"wrap product-info\">\n<div class=\"content cf\">\n<div id=\"content-inside-indicacoes\" class=\"content-inside d-n\">\u2022 Ol\u00e9o de Macad\u00e2mia e Girassol;<br \/>\n\u2022 Fomblin;<br \/>\n\u2022 Glicirrizinato Dipot\u00e1ssio;<br \/>\n\u2022 D-Pantenol;<br \/>\n\u2022 \u00c1cido Hialur\u00f4nico;<br \/>\n\u2022 Derivados de oliva;<br \/>\n\u2022 Triglic\u00e9rides do \u00e1cido c\u00e1prico e capr\u00edlico.<\/div>\n<\/div>\n<\/div>\n<section>\n<div class=\"wrap clearfix\">\n<div class=\"col-20 product-carousel\"><\/div>\n<\/div>\n<\/section>\n<\/div>\n<\/div>\n<\/div>\n<section>\n<div class=\"wrap clearfix\">\n<div class=\"col-20 product-carousel\"><strong><u>COMPOSI\u00c7\u00c3O<\/u><\/strong><\/div>\n<\/div>\n<\/section>\n<div class=\"wrap product-info\">\n<div class=\"content cf\">\n<div id=\"content-inside-composicoes\" class=\"content-inside d-n\">\n<div class=\"wrap product-info\">\n<div class=\"content cf\">\n<div id=\"content-inside-composicoes\" class=\"content-inside d-n\">\n<div class=\"wrap product-info\">\n<div class=\"content cf\">\n<div id=\"content-inside-composicoes\" class=\"content-inside d-n\">Carbomer, Aqua (water),\u00a0 Glyceryl Stearate, Cetearyl Alcohol, Stearic Acid, Sodium Cocoyl Glutamate, Dimethicone, Helianthus Annuus Seed Oil, Macadamia Ternifolia Seed Oil, Caprylic\/Capric Triglyceride,\u00a0\u00a0 Aminomethyl Propanol, Panthenol, Sodium Hyaluronate,\u00a0 Dipotassium Glycyrrhizate,\u00a0 Phenoxyethanol, Caprylyl Glycol,\u00a0 Parfum, Polyperfluoromethylisopropyl Ether.<\/div>\n<\/div>\n<\/div>\n<section>\n<div class=\"wrap clearfix\">\n<div class=\"col-20 product-carousel\"><\/div>\n<\/div>\n<\/section>\n<\/div>\n<\/div>\n<\/div>\n<\/div>\n<\/div>\n<\/div>\n<p><strong><u>MODO DE USAR<\/u><\/strong><\/p>\n<div class=\"wrap product-info\">\n<div class=\"content cf\">\n<div id=\"content-inside-modo-de-usar\" class=\"content-inside d-n\">\n<div class=\"wrap product-info\">\n<div class=\"content cf\">\n<div id=\"content-inside-modo-de-usar\" class=\"content-inside d-n\">Aplique no corpo em movimentos circulares ap\u00f3s o banho, a cada troca de fralda ou sempre que necess\u00e1rio nas \u00e1reas desejadas. N\u00e3o \u00e9 necess\u00e1rio o enx\u00e1gue.<\/div>\n<\/div>\n<\/div>\n<section>\n<div class=\"wrap clearfix\">\n<div class=\"col-20 product-carousel\"><\/div>\n<\/div>\n<\/section>\n<\/div>\n<\/div>\n<\/div>\n<section>\n<div class=\"wrap clearfix\">\n<div class=\"col-20 product-carousel\"><\/div>\n<\/div>\n<\/section>\n","protected":false},"excerpt":{"rendered":"<p>Balm Protetor Hidratante Nossos Amores. 40mL.<br \/>\n\u2022 Vegano<br \/>\n\u2022 Cruelty Free<br \/>\n\u2022 Livre de 105 subst\u00e2ncias alerg\u00eanicas<\/p>\n","protected":false},"featured_media":14499,"comment_status":"open","ping_status":"closed","template":"","meta":[],"product_cat":[15,100,98,45],"product_tag":[],"class_list":{"0":"post-14498","1":"product","2":"type-product","3":"status-publish","4":"has-post-thumbnail","6":"product_cat-geral","7":"product_cat-bebe-infantil-e-idosos","8":"product_cat-cosmeticos","9":"product_cat-produtos-para-alergicos","11":"first","12":"outofstock","13":"shipping-taxable","14":"purchasable","15":"product-type-simple"},"yoast_head":"<!-- This site is optimized with the Yoast SEO plugin v22.7 - https:\/\/yoast.com\/wordpress\/plugins\/seo\/ -->\n<title>Balm Protetor Hidratante Nossos Amores - Loja Abbaa<\/title>\n<meta name=\"robots\" content=\"index, follow, max-snippet:-1, max-image-preview:large, max-video-preview:-1\" \/>\n<link rel=\"canonical\" href=\"https:\/\/brasilsemalergia.com.br\/loja_abbaa\/produtos-para-alergicos\/cosmeticos\/bebe-infantil-e-idosos\/balm-protetor-hidratante-nossos-amores\/\" \/>\n<meta property=\"og:locale\" content=\"pt_BR\" \/>\n<meta property=\"og:type\" content=\"article\" \/>\n<meta property=\"og:title\" content=\"Balm Protetor Hidratante Nossos Amores - Loja Abbaa\" \/>\n<meta property=\"og:description\" content=\"Balm Protetor Hidratante Nossos Amores. 40mL. \u2022 Vegano \u2022 Cruelty Free \u2022 Livre de 105 subst\u00e2ncias alerg\u00eanicas\" \/>\n<meta property=\"og:url\" content=\"https:\/\/brasilsemalergia.com.br\/loja_abbaa\/produtos-para-alergicos\/cosmeticos\/bebe-infantil-e-idosos\/balm-protetor-hidratante-nossos-amores\/\" \/>\n<meta property=\"og:site_name\" content=\"Loja Abbaa\" \/>\n<meta property=\"article:modified_time\" content=\"2023-09-04T11:28:05+00:00\" \/>\n<meta property=\"og:image\" content=\"https:\/\/brasilsemalergia.com.br\/loja_abbaa\/wp-content\/uploads\/2023\/05\/bals.jpeg\" \/>\n\t<meta property=\"og:image:width\" content=\"300\" \/>\n\t<meta property=\"og:image:height\" content=\"300\" \/>\n\t<meta property=\"og:image:type\" content=\"image\/jpeg\" \/>\n<meta name=\"twitter:card\" content=\"summary_large_image\" \/>\n<meta name=\"twitter:label1\" content=\"Est. tempo de leitura\" \/>\n\t<meta name=\"twitter:data1\" content=\"1 minuto\" \/>\n<script type=\"application\/ld+json\" class=\"yoast-schema-graph\">{\"@context\":\"https:\/\/schema.org\",\"@graph\":[{\"@type\":\"WebPage\",\"@id\":\"https:\/\/brasilsemalergia.com.br\/loja_abbaa\/produtos-para-alergicos\/cosmeticos\/bebe-infantil-e-idosos\/balm-protetor-hidratante-nossos-amores\/\",\"url\":\"https:\/\/brasilsemalergia.com.br\/loja_abbaa\/produtos-para-alergicos\/cosmeticos\/bebe-infantil-e-idosos\/balm-protetor-hidratante-nossos-amores\/\",\"name\":\"Balm Protetor Hidratante Nossos Amores - Loja Abbaa\",\"isPartOf\":{\"@id\":\"https:\/\/brasilsemalergia.com.br\/loja_abbaa\/#website\"},\"primaryImageOfPage\":{\"@id\":\"https:\/\/brasilsemalergia.com.br\/loja_abbaa\/produtos-para-alergicos\/cosmeticos\/bebe-infantil-e-idosos\/balm-protetor-hidratante-nossos-amores\/#primaryimage\"},\"image\":{\"@id\":\"https:\/\/brasilsemalergia.com.br\/loja_abbaa\/produtos-para-alergicos\/cosmeticos\/bebe-infantil-e-idosos\/balm-protetor-hidratante-nossos-amores\/#primaryimage\"},\"thumbnailUrl\":\"https:\/\/brasilsemalergia.com.br\/loja_abbaa\/wp-content\/uploads\/2023\/05\/bals.jpeg\",\"datePublished\":\"2023-05-13T13:55:04+00:00\",\"dateModified\":\"2023-09-04T11:28:05+00:00\",\"breadcrumb\":{\"@id\":\"https:\/\/brasilsemalergia.com.br\/loja_abbaa\/produtos-para-alergicos\/cosmeticos\/bebe-infantil-e-idosos\/balm-protetor-hidratante-nossos-amores\/#breadcrumb\"},\"inLanguage\":\"pt-BR\",\"potentialAction\":[{\"@type\":\"ReadAction\",\"target\":[\"https:\/\/brasilsemalergia.com.br\/loja_abbaa\/produtos-para-alergicos\/cosmeticos\/bebe-infantil-e-idosos\/balm-protetor-hidratante-nossos-amores\/\"]}]},{\"@type\":\"ImageObject\",\"inLanguage\":\"pt-BR\",\"@id\":\"https:\/\/brasilsemalergia.com.br\/loja_abbaa\/produtos-para-alergicos\/cosmeticos\/bebe-infantil-e-idosos\/balm-protetor-hidratante-nossos-amores\/#primaryimage\",\"url\":\"https:\/\/brasilsemalergia.com.br\/loja_abbaa\/wp-content\/uploads\/2023\/05\/bals.jpeg\",\"contentUrl\":\"https:\/\/brasilsemalergia.com.br\/loja_abbaa\/wp-content\/uploads\/2023\/05\/bals.jpeg\",\"width\":300,\"height\":300,\"caption\":\"Balm Protetor Hidratante Nossos Amores\"},{\"@type\":\"BreadcrumbList\",\"@id\":\"https:\/\/brasilsemalergia.com.br\/loja_abbaa\/produtos-para-alergicos\/cosmeticos\/bebe-infantil-e-idosos\/balm-protetor-hidratante-nossos-amores\/#breadcrumb\",\"itemListElement\":[{\"@type\":\"ListItem\",\"position\":1,\"name\":\"In\u00edcio\",\"item\":\"https:\/\/brasilsemalergia.com.br\/loja_abbaa\/\"},{\"@type\":\"ListItem\",\"position\":2,\"name\":\"Loja\",\"item\":\"https:\/\/brasilsemalergia.com.br\/loja_abbaa\/\"},{\"@type\":\"ListItem\",\"position\":3,\"name\":\"Balm Protetor Hidratante Nossos Amores\"}]},{\"@type\":\"WebSite\",\"@id\":\"https:\/\/brasilsemalergia.com.br\/loja_abbaa\/#website\",\"url\":\"https:\/\/brasilsemalergia.com.br\/loja_abbaa\/\",\"name\":\"Loja Abbaa\",\"description\":\"\",\"publisher\":{\"@id\":\"https:\/\/brasilsemalergia.com.br\/loja_abbaa\/#organization\"},\"potentialAction\":[{\"@type\":\"SearchAction\",\"target\":{\"@type\":\"EntryPoint\",\"urlTemplate\":\"https:\/\/brasilsemalergia.com.br\/loja_abbaa\/?s={search_term_string}\"},\"query-input\":\"required name=search_term_string\"}],\"inLanguage\":\"pt-BR\"},{\"@type\":\"Organization\",\"@id\":\"https:\/\/brasilsemalergia.com.br\/loja_abbaa\/#organization\",\"name\":\"Loja Abbaa\",\"url\":\"https:\/\/brasilsemalergia.com.br\/loja_abbaa\/\",\"logo\":{\"@type\":\"ImageObject\",\"inLanguage\":\"pt-BR\",\"@id\":\"https:\/\/brasilsemalergia.com.br\/loja_abbaa\/#\/schema\/logo\/image\/\",\"url\":\"https:\/\/brasilsemalergia.com.br\/loja_abbaa\/wp-content\/uploads\/2023\/03\/logo-hor-site.png\",\"contentUrl\":\"https:\/\/brasilsemalergia.com.br\/loja_abbaa\/wp-content\/uploads\/2023\/03\/logo-hor-site.png\",\"width\":440,\"height\":120,\"caption\":\"Loja Abbaa\"},\"image\":{\"@id\":\"https:\/\/brasilsemalergia.com.br\/loja_abbaa\/#\/schema\/logo\/image\/\"}}]}<\/script>\n<!-- \/ Yoast SEO plugin. -->","yoast_head_json":{"title":"Balm Protetor Hidratante Nossos Amores - Loja Abbaa","robots":{"index":"index","follow":"follow","max-snippet":"max-snippet:-1","max-image-preview":"max-image-preview:large","max-video-preview":"max-video-preview:-1"},"canonical":"https:\/\/brasilsemalergia.com.br\/loja_abbaa\/produtos-para-alergicos\/cosmeticos\/bebe-infantil-e-idosos\/balm-protetor-hidratante-nossos-amores\/","og_locale":"pt_BR","og_type":"article","og_title":"Balm Protetor Hidratante Nossos Amores - Loja Abbaa","og_description":"Balm Protetor Hidratante Nossos Amores. 40mL. \u2022 Vegano \u2022 Cruelty Free \u2022 Livre de 105 subst\u00e2ncias alerg\u00eanicas","og_url":"https:\/\/brasilsemalergia.com.br\/loja_abbaa\/produtos-para-alergicos\/cosmeticos\/bebe-infantil-e-idosos\/balm-protetor-hidratante-nossos-amores\/","og_site_name":"Loja Abbaa","article_modified_time":"2023-09-04T11:28:05+00:00","og_image":[{"width":300,"height":300,"url":"https:\/\/brasilsemalergia.com.br\/loja_abbaa\/wp-content\/uploads\/2023\/05\/bals.jpeg","type":"image\/jpeg"}],"twitter_card":"summary_large_image","twitter_misc":{"Est. tempo de leitura":"1 minuto"},"schema":{"@context":"https:\/\/schema.org","@graph":[{"@type":"WebPage","@id":"https:\/\/brasilsemalergia.com.br\/loja_abbaa\/produtos-para-alergicos\/cosmeticos\/bebe-infantil-e-idosos\/balm-protetor-hidratante-nossos-amores\/","url":"https:\/\/brasilsemalergia.com.br\/loja_abbaa\/produtos-para-alergicos\/cosmeticos\/bebe-infantil-e-idosos\/balm-protetor-hidratante-nossos-amores\/","name":"Balm Protetor Hidratante Nossos Amores - Loja Abbaa","isPartOf":{"@id":"https:\/\/brasilsemalergia.com.br\/loja_abbaa\/#website"},"primaryImageOfPage":{"@id":"https:\/\/brasilsemalergia.com.br\/loja_abbaa\/produtos-para-alergicos\/cosmeticos\/bebe-infantil-e-idosos\/balm-protetor-hidratante-nossos-amores\/#primaryimage"},"image":{"@id":"https:\/\/brasilsemalergia.com.br\/loja_abbaa\/produtos-para-alergicos\/cosmeticos\/bebe-infantil-e-idosos\/balm-protetor-hidratante-nossos-amores\/#primaryimage"},"thumbnailUrl":"https:\/\/brasilsemalergia.com.br\/loja_abbaa\/wp-content\/uploads\/2023\/05\/bals.jpeg","datePublished":"2023-05-13T13:55:04+00:00","dateModified":"2023-09-04T11:28:05+00:00","breadcrumb":{"@id":"https:\/\/brasilsemalergia.com.br\/loja_abbaa\/produtos-para-alergicos\/cosmeticos\/bebe-infantil-e-idosos\/balm-protetor-hidratante-nossos-amores\/#breadcrumb"},"inLanguage":"pt-BR","potentialAction":[{"@type":"ReadAction","target":["https:\/\/brasilsemalergia.com.br\/loja_abbaa\/produtos-para-alergicos\/cosmeticos\/bebe-infantil-e-idosos\/balm-protetor-hidratante-nossos-amores\/"]}]},{"@type":"ImageObject","inLanguage":"pt-BR","@id":"https:\/\/brasilsemalergia.com.br\/loja_abbaa\/produtos-para-alergicos\/cosmeticos\/bebe-infantil-e-idosos\/balm-protetor-hidratante-nossos-amores\/#primaryimage","url":"https:\/\/brasilsemalergia.com.br\/loja_abbaa\/wp-content\/uploads\/2023\/05\/bals.jpeg","contentUrl":"https:\/\/brasilsemalergia.com.br\/loja_abbaa\/wp-content\/uploads\/2023\/05\/bals.jpeg","width":300,"height":300,"caption":"Balm Protetor Hidratante Nossos Amores"},{"@type":"BreadcrumbList","@id":"https:\/\/brasilsemalergia.com.br\/loja_abbaa\/produtos-para-alergicos\/cosmeticos\/bebe-infantil-e-idosos\/balm-protetor-hidratante-nossos-amores\/#breadcrumb","itemListElement":[{"@type":"ListItem","position":1,"name":"In\u00edcio","item":"https:\/\/brasilsemalergia.com.br\/loja_abbaa\/"},{"@type":"ListItem","position":2,"name":"Loja","item":"https:\/\/brasilsemalergia.com.br\/loja_abbaa\/"},{"@type":"ListItem","position":3,"name":"Balm Protetor Hidratante Nossos Amores"}]},{"@type":"WebSite","@id":"https:\/\/brasilsemalergia.com.br\/loja_abbaa\/#website","url":"https:\/\/brasilsemalergia.com.br\/loja_abbaa\/","name":"Loja Abbaa","description":"","publisher":{"@id":"https:\/\/brasilsemalergia.com.br\/loja_abbaa\/#organization"},"potentialAction":[{"@type":"SearchAction","target":{"@type":"EntryPoint","urlTemplate":"https:\/\/brasilsemalergia.com.br\/loja_abbaa\/?s={search_term_string}"},"query-input":"required name=search_term_string"}],"inLanguage":"pt-BR"},{"@type":"Organization","@id":"https:\/\/brasilsemalergia.com.br\/loja_abbaa\/#organization","name":"Loja Abbaa","url":"https:\/\/brasilsemalergia.com.br\/loja_abbaa\/","logo":{"@type":"ImageObject","inLanguage":"pt-BR","@id":"https:\/\/brasilsemalergia.com.br\/loja_abbaa\/#\/schema\/logo\/image\/","url":"https:\/\/brasilsemalergia.com.br\/loja_abbaa\/wp-content\/uploads\/2023\/03\/logo-hor-site.png","contentUrl":"https:\/\/brasilsemalergia.com.br\/loja_abbaa\/wp-content\/uploads\/2023\/03\/logo-hor-site.png","width":440,"height":120,"caption":"Loja Abbaa"},"image":{"@id":"https:\/\/brasilsemalergia.com.br\/loja_abbaa\/#\/schema\/logo\/image\/"}}]}},"_links":{"self":[{"href":"https:\/\/brasilsemalergia.com.br\/loja_abbaa\/wp-json\/wp\/v2\/product\/14498","targetHints":{"allow":["GET"]}}],"collection":[{"href":"https:\/\/brasilsemalergia.com.br\/loja_abbaa\/wp-json\/wp\/v2\/product"}],"about":[{"href":"https:\/\/brasilsemalergia.com.br\/loja_abbaa\/wp-json\/wp\/v2\/types\/product"}],"replies":[{"embeddable":true,"href":"https:\/\/brasilsemalergia.com.br\/loja_abbaa\/wp-json\/wp\/v2\/comments?post=14498"}],"version-history":[{"count":0,"href":"https:\/\/brasilsemalergia.com.br\/loja_abbaa\/wp-json\/wp\/v2\/product\/14498\/revisions"}],"wp:featuredmedia":[{"embeddable":true,"href":"https:\/\/brasilsemalergia.com.br\/loja_abbaa\/wp-json\/wp\/v2\/media\/14499"}],"wp:attachment":[{"href":"https:\/\/brasilsemalergia.com.br\/loja_abbaa\/wp-json\/wp\/v2\/media?parent=14498"}],"wp:term":[{"taxonomy":"product_cat","embeddable":true,"href":"https:\/\/brasilsemalergia.com.br\/loja_abbaa\/wp-json\/wp\/v2\/product_cat?post=14498"},{"taxonomy":"product_tag","embeddable":true,"href":"https:\/\/brasilsemalergia.com.br\/loja_abbaa\/wp-json\/wp\/v2\/product_tag?post=14498"}],"curies":[{"name":"wp","href":"https:\/\/api.w.org\/{rel}","templated":true}]}}