{"id":14562,"date":"2023-06-23T09:41:27","date_gmt":"2023-06-23T12:41:27","guid":{"rendered":"https:\/\/brasilsemalergia.com.br\/loja_abbaa\/?post_type=product&#038;p=14562"},"modified":"2023-09-06T14:41:27","modified_gmt":"2023-09-06T17:41:27","slug":"sabonete-liquido-hipoalergenico-uso-diario-alergoshop","status":"publish","type":"product","link":"https:\/\/brasilsemalergia.com.br\/loja_abbaa\/produtos-para-alergicos\/higiene\/sabonete-liquido-hipoalergenico-uso-diario-alergoshop\/","title":{"rendered":"Sabonete L\u00edquido Hipoalerg\u00eanico Uso Di\u00e1rio Alergoshop"},"content":{"rendered":"<p><strong>Benef\u00edcios<\/strong><\/p>\n<p>O Sabonete L\u00edquido Uso Di\u00e1rio \u00e9 menos agressivo que os sabonetes em barra comum. Ideal para o uso no banho, em lavabos e consult\u00f3rios. Por ser muito suave e limpar a pele sem agredi-la, pode ser utilizado em todo o corpo, inclusive no rosto. N\u00e3o possui ess\u00eancia, fator importante para as pessoas com rinite e asma. Tamb\u00e9m n\u00e3o cont\u00e9m corantes, parabenos e Kathon CG.<\/p>\n<p>&nbsp;<\/p>\n<p><strong>Caracter\u00edsticas<\/strong><\/p>\n<ul>\n<li>Hipoalerg\u00eanico<\/li>\n<li>PH fisiol\u00f3gico<\/li>\n<li>Ideal para o banho e lavabos<\/li>\n<li>Pode ser usado por adultos e crian\u00e7as.\u2022 Livre de 95 subst\u00e2ncias potencialmente nocivas<\/li>\n<\/ul>\n<p>&nbsp;<\/p>\n<p><strong>Modo de Usar<\/strong><\/p>\n<p>Aplique uma pequena quantidade nas m\u00e3os ou na esponja durante o banho, massageie pelo corpo at\u00e9 obter espuma. Finalize com enx\u00e1gue.<\/p>\n<p>&nbsp;<\/p>\n<p><strong>Composi\u00e7\u00f5es<\/strong><\/p>\n<p><span style=\"vertical-align: inherit;\"><span style=\"vertical-align: inherit;\">LAURETH SULFATO DE S\u00d3DIO, COCAMIDA DEA, PEG-120 METIL GLUCOSE DIOLEATO, FENOXIETANOL E CAPRYLIL GLICOL, \u00c1CIDO C\u00cdTRICO, AQUA,<\/span><\/span><\/p>\n<p>&nbsp;<\/p>\n","protected":false},"excerpt":{"rendered":"<p>Sabonete L\u00edquido Uso Di\u00e1rio da Alergoshop. Hipoalerg\u00eanico. 200mL.<br \/>\n\u2022 Vegano<br \/>\n\u2022 Cruelty Free<\/p>\n","protected":false},"featured_media":14563,"comment_status":"open","ping_status":"closed","template":"","meta":[],"product_cat":[15,51],"product_tag":[],"class_list":{"0":"post-14562","1":"product","2":"type-product","3":"status-publish","4":"has-post-thumbnail","6":"product_cat-geral","7":"product_cat-higiene","9":"first","10":"instock","11":"sold-individually","12":"shipping-taxable","13":"purchasable","14":"product-type-simple"},"yoast_head":"<!-- This site is optimized with the Yoast SEO plugin v22.7 - https:\/\/yoast.com\/wordpress\/plugins\/seo\/ -->\n<title>Sabonete L\u00edquido Hipoalerg\u00eanico Uso Di\u00e1rio Alergoshop - Loja Abbaa<\/title>\n<meta name=\"robots\" content=\"index, follow, max-snippet:-1, max-image-preview:large, max-video-preview:-1\" \/>\n<link rel=\"canonical\" href=\"https:\/\/brasilsemalergia.com.br\/loja_abbaa\/produtos-para-alergicos\/higiene\/sabonete-liquido-hipoalergenico-uso-diario-alergoshop\/\" \/>\n<meta property=\"og:locale\" content=\"pt_BR\" \/>\n<meta property=\"og:type\" content=\"article\" \/>\n<meta property=\"og:title\" content=\"Sabonete L\u00edquido Hipoalerg\u00eanico Uso Di\u00e1rio Alergoshop - Loja Abbaa\" \/>\n<meta property=\"og:description\" content=\"Sabonete L\u00edquido Uso Di\u00e1rio da Alergoshop. Hipoalerg\u00eanico. 200mL. \u2022 Vegano \u2022 Cruelty Free\" \/>\n<meta property=\"og:url\" content=\"https:\/\/brasilsemalergia.com.br\/loja_abbaa\/produtos-para-alergicos\/higiene\/sabonete-liquido-hipoalergenico-uso-diario-alergoshop\/\" \/>\n<meta property=\"og:site_name\" content=\"Loja Abbaa\" \/>\n<meta property=\"article:modified_time\" content=\"2023-09-06T17:41:27+00:00\" \/>\n<meta property=\"og:image\" content=\"https:\/\/brasilsemalergia.com.br\/loja_abbaa\/wp-content\/uploads\/2023\/06\/Sabonete-Liquido-Hipoalergenico-Uso-Diario-Alergoshop.jpeg\" \/>\n\t<meta property=\"og:image:width\" content=\"300\" \/>\n\t<meta property=\"og:image:height\" content=\"300\" \/>\n\t<meta property=\"og:image:type\" content=\"image\/jpeg\" \/>\n<meta name=\"twitter:card\" content=\"summary_large_image\" \/>\n<meta name=\"twitter:label1\" content=\"Est. tempo de leitura\" \/>\n\t<meta name=\"twitter:data1\" content=\"1 minuto\" \/>\n<script type=\"application\/ld+json\" class=\"yoast-schema-graph\">{\"@context\":\"https:\/\/schema.org\",\"@graph\":[{\"@type\":\"WebPage\",\"@id\":\"https:\/\/brasilsemalergia.com.br\/loja_abbaa\/produtos-para-alergicos\/higiene\/sabonete-liquido-hipoalergenico-uso-diario-alergoshop\/\",\"url\":\"https:\/\/brasilsemalergia.com.br\/loja_abbaa\/produtos-para-alergicos\/higiene\/sabonete-liquido-hipoalergenico-uso-diario-alergoshop\/\",\"name\":\"Sabonete L\u00edquido Hipoalerg\u00eanico Uso Di\u00e1rio Alergoshop - Loja Abbaa\",\"isPartOf\":{\"@id\":\"https:\/\/brasilsemalergia.com.br\/loja_abbaa\/#website\"},\"primaryImageOfPage\":{\"@id\":\"https:\/\/brasilsemalergia.com.br\/loja_abbaa\/produtos-para-alergicos\/higiene\/sabonete-liquido-hipoalergenico-uso-diario-alergoshop\/#primaryimage\"},\"image\":{\"@id\":\"https:\/\/brasilsemalergia.com.br\/loja_abbaa\/produtos-para-alergicos\/higiene\/sabonete-liquido-hipoalergenico-uso-diario-alergoshop\/#primaryimage\"},\"thumbnailUrl\":\"https:\/\/brasilsemalergia.com.br\/loja_abbaa\/wp-content\/uploads\/2023\/06\/Sabonete-Liquido-Hipoalergenico-Uso-Diario-Alergoshop.jpeg\",\"datePublished\":\"2023-06-23T12:41:27+00:00\",\"dateModified\":\"2023-09-06T17:41:27+00:00\",\"breadcrumb\":{\"@id\":\"https:\/\/brasilsemalergia.com.br\/loja_abbaa\/produtos-para-alergicos\/higiene\/sabonete-liquido-hipoalergenico-uso-diario-alergoshop\/#breadcrumb\"},\"inLanguage\":\"pt-BR\",\"potentialAction\":[{\"@type\":\"ReadAction\",\"target\":[\"https:\/\/brasilsemalergia.com.br\/loja_abbaa\/produtos-para-alergicos\/higiene\/sabonete-liquido-hipoalergenico-uso-diario-alergoshop\/\"]}]},{\"@type\":\"ImageObject\",\"inLanguage\":\"pt-BR\",\"@id\":\"https:\/\/brasilsemalergia.com.br\/loja_abbaa\/produtos-para-alergicos\/higiene\/sabonete-liquido-hipoalergenico-uso-diario-alergoshop\/#primaryimage\",\"url\":\"https:\/\/brasilsemalergia.com.br\/loja_abbaa\/wp-content\/uploads\/2023\/06\/Sabonete-Liquido-Hipoalergenico-Uso-Diario-Alergoshop.jpeg\",\"contentUrl\":\"https:\/\/brasilsemalergia.com.br\/loja_abbaa\/wp-content\/uploads\/2023\/06\/Sabonete-Liquido-Hipoalergenico-Uso-Diario-Alergoshop.jpeg\",\"width\":300,\"height\":300,\"caption\":\"Sabonete L\u00edquido Hipoalerg\u00eanico Uso Di\u00e1rio Alergoshop\"},{\"@type\":\"BreadcrumbList\",\"@id\":\"https:\/\/brasilsemalergia.com.br\/loja_abbaa\/produtos-para-alergicos\/higiene\/sabonete-liquido-hipoalergenico-uso-diario-alergoshop\/#breadcrumb\",\"itemListElement\":[{\"@type\":\"ListItem\",\"position\":1,\"name\":\"In\u00edcio\",\"item\":\"https:\/\/brasilsemalergia.com.br\/loja_abbaa\/\"},{\"@type\":\"ListItem\",\"position\":2,\"name\":\"Loja\",\"item\":\"https:\/\/brasilsemalergia.com.br\/loja_abbaa\/\"},{\"@type\":\"ListItem\",\"position\":3,\"name\":\"Sabonete L\u00edquido Hipoalerg\u00eanico Uso Di\u00e1rio Alergoshop\"}]},{\"@type\":\"WebSite\",\"@id\":\"https:\/\/brasilsemalergia.com.br\/loja_abbaa\/#website\",\"url\":\"https:\/\/brasilsemalergia.com.br\/loja_abbaa\/\",\"name\":\"Loja Abbaa\",\"description\":\"\",\"publisher\":{\"@id\":\"https:\/\/brasilsemalergia.com.br\/loja_abbaa\/#organization\"},\"potentialAction\":[{\"@type\":\"SearchAction\",\"target\":{\"@type\":\"EntryPoint\",\"urlTemplate\":\"https:\/\/brasilsemalergia.com.br\/loja_abbaa\/?s={search_term_string}\"},\"query-input\":\"required name=search_term_string\"}],\"inLanguage\":\"pt-BR\"},{\"@type\":\"Organization\",\"@id\":\"https:\/\/brasilsemalergia.com.br\/loja_abbaa\/#organization\",\"name\":\"Loja Abbaa\",\"url\":\"https:\/\/brasilsemalergia.com.br\/loja_abbaa\/\",\"logo\":{\"@type\":\"ImageObject\",\"inLanguage\":\"pt-BR\",\"@id\":\"https:\/\/brasilsemalergia.com.br\/loja_abbaa\/#\/schema\/logo\/image\/\",\"url\":\"https:\/\/brasilsemalergia.com.br\/loja_abbaa\/wp-content\/uploads\/2023\/03\/logo-hor-site.png\",\"contentUrl\":\"https:\/\/brasilsemalergia.com.br\/loja_abbaa\/wp-content\/uploads\/2023\/03\/logo-hor-site.png\",\"width\":440,\"height\":120,\"caption\":\"Loja Abbaa\"},\"image\":{\"@id\":\"https:\/\/brasilsemalergia.com.br\/loja_abbaa\/#\/schema\/logo\/image\/\"}}]}<\/script>\n<!-- \/ Yoast SEO plugin. -->","yoast_head_json":{"title":"Sabonete L\u00edquido Hipoalerg\u00eanico Uso Di\u00e1rio Alergoshop - Loja Abbaa","robots":{"index":"index","follow":"follow","max-snippet":"max-snippet:-1","max-image-preview":"max-image-preview:large","max-video-preview":"max-video-preview:-1"},"canonical":"https:\/\/brasilsemalergia.com.br\/loja_abbaa\/produtos-para-alergicos\/higiene\/sabonete-liquido-hipoalergenico-uso-diario-alergoshop\/","og_locale":"pt_BR","og_type":"article","og_title":"Sabonete L\u00edquido Hipoalerg\u00eanico Uso Di\u00e1rio Alergoshop - Loja Abbaa","og_description":"Sabonete L\u00edquido Uso Di\u00e1rio da Alergoshop. Hipoalerg\u00eanico. 200mL. \u2022 Vegano \u2022 Cruelty Free","og_url":"https:\/\/brasilsemalergia.com.br\/loja_abbaa\/produtos-para-alergicos\/higiene\/sabonete-liquido-hipoalergenico-uso-diario-alergoshop\/","og_site_name":"Loja Abbaa","article_modified_time":"2023-09-06T17:41:27+00:00","og_image":[{"width":300,"height":300,"url":"https:\/\/brasilsemalergia.com.br\/loja_abbaa\/wp-content\/uploads\/2023\/06\/Sabonete-Liquido-Hipoalergenico-Uso-Diario-Alergoshop.jpeg","type":"image\/jpeg"}],"twitter_card":"summary_large_image","twitter_misc":{"Est. tempo de leitura":"1 minuto"},"schema":{"@context":"https:\/\/schema.org","@graph":[{"@type":"WebPage","@id":"https:\/\/brasilsemalergia.com.br\/loja_abbaa\/produtos-para-alergicos\/higiene\/sabonete-liquido-hipoalergenico-uso-diario-alergoshop\/","url":"https:\/\/brasilsemalergia.com.br\/loja_abbaa\/produtos-para-alergicos\/higiene\/sabonete-liquido-hipoalergenico-uso-diario-alergoshop\/","name":"Sabonete L\u00edquido Hipoalerg\u00eanico Uso Di\u00e1rio Alergoshop - Loja Abbaa","isPartOf":{"@id":"https:\/\/brasilsemalergia.com.br\/loja_abbaa\/#website"},"primaryImageOfPage":{"@id":"https:\/\/brasilsemalergia.com.br\/loja_abbaa\/produtos-para-alergicos\/higiene\/sabonete-liquido-hipoalergenico-uso-diario-alergoshop\/#primaryimage"},"image":{"@id":"https:\/\/brasilsemalergia.com.br\/loja_abbaa\/produtos-para-alergicos\/higiene\/sabonete-liquido-hipoalergenico-uso-diario-alergoshop\/#primaryimage"},"thumbnailUrl":"https:\/\/brasilsemalergia.com.br\/loja_abbaa\/wp-content\/uploads\/2023\/06\/Sabonete-Liquido-Hipoalergenico-Uso-Diario-Alergoshop.jpeg","datePublished":"2023-06-23T12:41:27+00:00","dateModified":"2023-09-06T17:41:27+00:00","breadcrumb":{"@id":"https:\/\/brasilsemalergia.com.br\/loja_abbaa\/produtos-para-alergicos\/higiene\/sabonete-liquido-hipoalergenico-uso-diario-alergoshop\/#breadcrumb"},"inLanguage":"pt-BR","potentialAction":[{"@type":"ReadAction","target":["https:\/\/brasilsemalergia.com.br\/loja_abbaa\/produtos-para-alergicos\/higiene\/sabonete-liquido-hipoalergenico-uso-diario-alergoshop\/"]}]},{"@type":"ImageObject","inLanguage":"pt-BR","@id":"https:\/\/brasilsemalergia.com.br\/loja_abbaa\/produtos-para-alergicos\/higiene\/sabonete-liquido-hipoalergenico-uso-diario-alergoshop\/#primaryimage","url":"https:\/\/brasilsemalergia.com.br\/loja_abbaa\/wp-content\/uploads\/2023\/06\/Sabonete-Liquido-Hipoalergenico-Uso-Diario-Alergoshop.jpeg","contentUrl":"https:\/\/brasilsemalergia.com.br\/loja_abbaa\/wp-content\/uploads\/2023\/06\/Sabonete-Liquido-Hipoalergenico-Uso-Diario-Alergoshop.jpeg","width":300,"height":300,"caption":"Sabonete L\u00edquido Hipoalerg\u00eanico Uso Di\u00e1rio Alergoshop"},{"@type":"BreadcrumbList","@id":"https:\/\/brasilsemalergia.com.br\/loja_abbaa\/produtos-para-alergicos\/higiene\/sabonete-liquido-hipoalergenico-uso-diario-alergoshop\/#breadcrumb","itemListElement":[{"@type":"ListItem","position":1,"name":"In\u00edcio","item":"https:\/\/brasilsemalergia.com.br\/loja_abbaa\/"},{"@type":"ListItem","position":2,"name":"Loja","item":"https:\/\/brasilsemalergia.com.br\/loja_abbaa\/"},{"@type":"ListItem","position":3,"name":"Sabonete L\u00edquido Hipoalerg\u00eanico Uso Di\u00e1rio Alergoshop"}]},{"@type":"WebSite","@id":"https:\/\/brasilsemalergia.com.br\/loja_abbaa\/#website","url":"https:\/\/brasilsemalergia.com.br\/loja_abbaa\/","name":"Loja Abbaa","description":"","publisher":{"@id":"https:\/\/brasilsemalergia.com.br\/loja_abbaa\/#organization"},"potentialAction":[{"@type":"SearchAction","target":{"@type":"EntryPoint","urlTemplate":"https:\/\/brasilsemalergia.com.br\/loja_abbaa\/?s={search_term_string}"},"query-input":"required name=search_term_string"}],"inLanguage":"pt-BR"},{"@type":"Organization","@id":"https:\/\/brasilsemalergia.com.br\/loja_abbaa\/#organization","name":"Loja Abbaa","url":"https:\/\/brasilsemalergia.com.br\/loja_abbaa\/","logo":{"@type":"ImageObject","inLanguage":"pt-BR","@id":"https:\/\/brasilsemalergia.com.br\/loja_abbaa\/#\/schema\/logo\/image\/","url":"https:\/\/brasilsemalergia.com.br\/loja_abbaa\/wp-content\/uploads\/2023\/03\/logo-hor-site.png","contentUrl":"https:\/\/brasilsemalergia.com.br\/loja_abbaa\/wp-content\/uploads\/2023\/03\/logo-hor-site.png","width":440,"height":120,"caption":"Loja Abbaa"},"image":{"@id":"https:\/\/brasilsemalergia.com.br\/loja_abbaa\/#\/schema\/logo\/image\/"}}]}},"_links":{"self":[{"href":"https:\/\/brasilsemalergia.com.br\/loja_abbaa\/wp-json\/wp\/v2\/product\/14562","targetHints":{"allow":["GET"]}}],"collection":[{"href":"https:\/\/brasilsemalergia.com.br\/loja_abbaa\/wp-json\/wp\/v2\/product"}],"about":[{"href":"https:\/\/brasilsemalergia.com.br\/loja_abbaa\/wp-json\/wp\/v2\/types\/product"}],"replies":[{"embeddable":true,"href":"https:\/\/brasilsemalergia.com.br\/loja_abbaa\/wp-json\/wp\/v2\/comments?post=14562"}],"version-history":[{"count":0,"href":"https:\/\/brasilsemalergia.com.br\/loja_abbaa\/wp-json\/wp\/v2\/product\/14562\/revisions"}],"wp:featuredmedia":[{"embeddable":true,"href":"https:\/\/brasilsemalergia.com.br\/loja_abbaa\/wp-json\/wp\/v2\/media\/14563"}],"wp:attachment":[{"href":"https:\/\/brasilsemalergia.com.br\/loja_abbaa\/wp-json\/wp\/v2\/media?parent=14562"}],"wp:term":[{"taxonomy":"product_cat","embeddable":true,"href":"https:\/\/brasilsemalergia.com.br\/loja_abbaa\/wp-json\/wp\/v2\/product_cat?post=14562"},{"taxonomy":"product_tag","embeddable":true,"href":"https:\/\/brasilsemalergia.com.br\/loja_abbaa\/wp-json\/wp\/v2\/product_tag?post=14562"}],"curies":[{"name":"wp","href":"https:\/\/api.w.org\/{rel}","templated":true}]}}