{"id":14574,"date":"2023-06-28T11:29:24","date_gmt":"2023-06-28T14:29:24","guid":{"rendered":"https:\/\/brasilsemalergia.com.br\/loja_abbaa\/?post_type=product&#038;p=14574"},"modified":"2023-09-04T08:27:11","modified_gmt":"2023-09-04T11:27:11","slug":"kit-alergia-respiratoria","status":"publish","type":"product","link":"https:\/\/brasilsemalergia.com.br\/loja_abbaa\/kits-alergico\/kit-alergia-respiratoria\/kit-alergia-respiratoria\/","title":{"rendered":"Kit Alergia Respirat\u00f3ria"},"content":{"rendered":"<p><strong>Elefant-Air Espa\u00e7ador<\/strong><\/p>\n<p><a href=\"https:\/\/alergoshop.com.br\/cosmeticos-e-tratamento\/higiene-pessoal\/155-sabonete-liquido-hipoalergenico-uso-diario-alergoshop\"><strong>Benef\u00edcios<\/strong><\/a><\/p>\n<p>&nbsp;<\/p>\n<p>O\u00a0<strong>Elefant-Air Espa\u00e7ador<\/strong>\u00a0da Alergoshop foi desenvolvido nos mais altos padr\u00f5es de seguran\u00e7a e qualidade para aumentar a efic\u00e1cia dos medicamentos para asma e bronquite em aerossol (bombinhas). Indicado para crian\u00e7as e adultos, o espa\u00e7ador Elefant-Air facilita a aplica\u00e7\u00e3o do medicamento, permitindo a a\u00e7\u00e3o dos ativos somente nos pulm\u00f5es, evitando que as part\u00edculas fiquem retidas na boca ou sejam deglutidas.<\/p>\n<p>&nbsp;<\/p>\n<p><a href=\"https:\/\/alergoshop.com.br\/cosmeticos-e-tratamento\/higiene-pessoal\/155-sabonete-liquido-hipoalergenico-uso-diario-alergoshop\"><strong>Caracter\u00edsticas<\/strong><\/a><\/p>\n<p>&nbsp;<\/p>\n<ul>\n<li>Para crian\u00e7as e adultos<\/li>\n<li>Aumenta o aproveitamento do medicamento em at\u00e9 70%<\/li>\n<li>Reduz \u00edndice de candid\u00edase oral<\/li>\n<li>Bi-Valvulado<\/li>\n<li>M\u00e1scara infantil anat\u00f4mica<\/li>\n<li>Design port\u00e1til<\/li>\n<li>V\u00e1lvula mais fina do mercado.<\/li>\n<li>A base flex\u00edvel com encaixe universal, adapt\u00e1vel a todos os tipos de bombinhas dispon\u00edveis no mercado.<\/li>\n<\/ul>\n<p>&nbsp;<\/p>\n<p><a href=\"https:\/\/alergoshop.com.br\/cosmeticos-e-tratamento\/higiene-pessoal\/155-sabonete-liquido-hipoalergenico-uso-diario-alergoshop\"><strong>Modo de Usar<\/strong><\/a><\/p>\n<p>&nbsp;<\/p>\n<p><strong>Para uso do espa\u00e7ador em rec\u00e9m nascidos:<\/strong><br \/>\n1. Retire a tampa do medicamento em aerossol (bombinha), agite e encaixe na base do espa\u00e7ador.<br \/>\n2. Conecte a m\u00e1scara ao bocal do espa\u00e7ador e posicione-a sobre o rosto, pressionando levemente de forma a cobrir a boca e nariz, prestando aten\u00e7\u00e3o para que n\u00e3o fique nenhum espa\u00e7o aberto entre o rosto e a m\u00e1scara.<br \/>\n3. Pressione a bombinha para liberar o jato para dentro do espa\u00e7ador. Mantenha o espa\u00e7ador no rosto por aproximadamente 4 a 6 inspira\u00e7\u00f5es normais. Siga as orienta\u00e7\u00f5es do m\u00e9dico quanto ao n\u00famero de aplica\u00e7\u00f5es que deve ser efetuado. Evite movimentar o espa\u00e7ador durante o uso, pois pode diminuir sua efic\u00e1cia.<\/p>\n<p><strong>Para uso do espa\u00e7ador em adultos (sem m\u00e1scara):<\/strong><br \/>\n1. Retire a tampa do medicamento em aerossol (bombinha), agite e encaixe na base do espa\u00e7ador.<br \/>\n2. Com a boca no bocal do espa\u00e7ador, inspire pela boca, expire pelo nariz.<br \/>\n3. Pressione a bombinha para liberar o jato para dentro do espa\u00e7ador, inspire r\u00e1pido e profundamente, segurando a inspira\u00e7\u00e3o por 10 segundos. Siga as orienta\u00e7\u00f5es do m\u00e9dico quanto ao n\u00famero de aplica\u00e7\u00f5es que deve ser efetuado. Evite movimentar o espa\u00e7ador durante o uso, pois pode diminuir sua efic\u00e1cia.<\/p>\n<p>&nbsp;<\/p>\n<p><a href=\"https:\/\/alergoshop.com.br\/cosmeticos-e-tratamento\/higiene-pessoal\/155-sabonete-liquido-hipoalergenico-uso-diario-alergoshop\"><strong>Composi\u00e7\u00f5es<\/strong><\/a><\/p>\n<p>&nbsp;<\/p>\n<p>Tubo \/ Bocal \/ Tampa: Polipropileno<br \/>\nM\u00e1scara e Base: PVC At\u00f3xico<br \/>\nMembranas\/V\u00e1lvulas de inala\u00e7\u00e3o e exala\u00e7\u00e3o: Silicone<\/p>\n<p>&nbsp;<\/p>\n<p><em><strong>Capa anti-\u00e1caro<\/strong><\/em><\/p>\n<p><strong><u>BENEFICIOS<\/u><\/strong><\/p>\n<p>\u2022 Evita tosse e dores de garganta decorrentes do refluxo<\/p>\n<p>\u2022 Melhora a respira\u00e7\u00e3o em casos leves de obstru\u00e7\u00e3o nasal<\/p>\n<p>\u2022 Garante um sono tranquilo ao beb\u00ea<\/p>\n<p>\u2022 Ideal para ser colocado abaixo do colch\u00e3o de ber\u00e7o<\/p>\n<p>\u2022 Bipartida, facilita o transporte e a armazenagem<\/p>\n<p>\u2022 Capa remov\u00edvel e lav\u00e1vel em tecido 100 % algod\u00e3o mant\u00e9m a temperatura sempre fresca e pode ser vendida separadamente<\/p>\n<p>\u2022 A \u00fanica com registro na Anvisa. Registrada sob o n\u00famero 80730110001<\/p>\n<p>\u2022 Tamanho: Altura: 12cm\/ 60cm x 88cm<\/p>\n<p>&nbsp;<\/p>\n<p><strong><u>CARACTER\u00cdSTICAS<\/u><\/strong><\/p>\n<p>\u2022 Evita tosse e dores de garganta decorrentes do refluxo<\/p>\n<p>\u2022 Melhora a respira\u00e7\u00e3o em casos leves de obstru\u00e7\u00e3o nasal<\/p>\n<p>\u2022 Garante um sono tranquilo ao beb\u00ea<\/p>\n<p>\u2022 Ideal para ser colocado abaixo do colch\u00e3o de ber\u00e7o<\/p>\n<p>\u2022 Bipartida, facilita o transporte e a armazenagem<\/p>\n<p>\u2022 Capa remov\u00edvel e lav\u00e1vel em tecido 100 % algod\u00e3o mant\u00e9m a temperatura sempre fresca e pode ser vendida separadamente<\/p>\n<p>\u2022 A \u00fanica com registro na Anvisa. Registrada sob o n\u00famero 80730110001<\/p>\n<p>\u2022 Tamanho: Altura: 12cm\/ 60cm x 88cm<\/p>\n<p>&nbsp;<\/p>\n<p><strong><u>MODO DE USAR<\/u><\/strong><\/p>\n<p>Utilize a Almofada Anti-Refluxo Infantil entre o estrado do ber\u00e7o e o colch\u00e3o, na parte superior. Seu formato triangular, eleva suavemente o corpo do beb\u00ea, evitando o refluxo gastroesof\u00e1gico. Seu uso ainda promove os benef\u00edcios:<\/p>\n<p>&nbsp;<\/p>\n<p><strong><u>COMPOSI\u00c7\u00c3O<\/u><\/strong><\/p>\n<div class=\"wrap product-info\">\n<div class=\"content cf\">\n<div id=\"content-inside-composicoes\" class=\"content-inside d-n\">Espuma viscoel\u00e1stica\/ Poli\u00e9ster.<\/div>\n<div><\/div>\n<\/div>\n<\/div>\n<div><\/div>\n<div>\n<p><strong><em>Solu\u00e7\u00e3o ADF Plus<\/em><\/strong><\/p>\n<p><a href=\"https:\/\/alergoshop.com.br\/cosmeticos-e-tratamento\/higiene-pessoal\/155-sabonete-liquido-hipoalergenico-uso-diario-alergoshop\"><strong>Benef\u00edcios<\/strong><\/a><\/p>\n<p>&nbsp;<\/p>\n<p>A Solu\u00e7\u00e3o ADF Plus, 480ml, foi desenvolvida para eliminar, repelir e controlar a quantidade de \u00e1caros, fungos e bact\u00e9rias nos ambientes, mantendo-o livre desses micro-organismos. Indicada principalmente para pessoas que sofrem de asma, rinite e bronquite, pode ser aplicada inclusive em quartos de crian\u00e7as, pois n\u00e3o \u00e9 t\u00f3xica.<\/p>\n<p>A Solu\u00e7\u00e3o pode ser aplicada em tapetes, carpetes, sof\u00e1s, cortinas, pel\u00facias, sapatos, roupas e em outros materiais t\u00eaxteis. Pode tamb\u00e9m ser usada em outras superf\u00edcies que apresentem sinais de poeira e bolor, como cer\u00e2micas, couro e f\u00f3rmicas.<\/p>\n<p>A aplica\u00e7\u00e3o regular, al\u00e9m minimizar a quantidade dos \u00e1caros e outros micro-organismos, impede a reinfesta\u00e7\u00e3o.<\/p>\n<p>Testes de laborat\u00f3rio comprovam a efic\u00e1cia do produto no controle de \u00e1caros, eliminando 86,7% em 6 dias ap\u00f3s a primeira aplica\u00e7\u00e3o. Al\u00e9m disso, manteve \u00edndice de repel\u00eancia de 84,6%, mesmo 10 dias ap\u00f3s a utiliza\u00e7\u00e3o.<\/p>\n<p>&nbsp;<\/p>\n<p><a href=\"https:\/\/alergoshop.com.br\/cosmeticos-e-tratamento\/higiene-pessoal\/155-sabonete-liquido-hipoalergenico-uso-diario-alergoshop\"><strong>Caracter\u00edsticas<\/strong><\/a><\/p>\n<p>&nbsp;<\/p>\n<ul>\n<li>Anti\u00e1caros<\/li>\n<li>Anti fungos<\/li>\n<li>Denaturante<\/li>\n<li>Sem cheiro<\/li>\n<li>N\u00e3o mancha<\/li>\n<li>Efic\u00e1cia comprovada em testes de laborat\u00f3rio.<\/li>\n<li>Exclusividade Alergoshop<\/li>\n<\/ul>\n<p>&nbsp;<\/p>\n<p><a href=\"https:\/\/alergoshop.com.br\/cosmeticos-e-tratamento\/higiene-pessoal\/155-sabonete-liquido-hipoalergenico-uso-diario-alergoshop\"><strong>Modo de Usar<\/strong><\/a><\/p>\n<p>&nbsp;<\/p>\n<p>Com o gatilho no modo Spray aplique aproximadamente 6 borrifadas por m2. Mantenha o jato do spray h\u00e1 aproximadamente 40 cm de dist\u00e2ncia da superf\u00edcie. Durante a aplica\u00e7\u00e3o mantenha o ambiente arejado. Reaplique quinzenalmente.<\/p>\n<p><a href=\"https:\/\/alergoshop.com.br\/cosmeticos-e-tratamento\/higiene-pessoal\/155-sabonete-liquido-hipoalergenico-uso-diario-alergoshop\"><strong>Composi\u00e7\u00f5es<\/strong><\/a><\/p>\n<p>&nbsp;<\/p>\n<p>Ativos, Coadjuvante, Conservante e Ve\u00edculo.<br \/>\n<strong>COMPONENTES ATIVOS:<\/strong>\u00a0Cloreto de Benzalc\u00f4nio 1,04% e Guanidina 0,56%<\/p>\n<p>&nbsp;<\/p>\n<\/div>\n<p>&nbsp;<\/p>\n<p>&nbsp;<\/p>\n","protected":false},"excerpt":{"rendered":"<p>Kit composto por: Capa anti-\u00e1caro, Elefant-Air com mascara Infantil e Solu\u00e7\u00e3o ADF Plus<\/p>\n","protected":false},"featured_media":14594,"comment_status":"open","ping_status":"closed","template":"","meta":[],"product_cat":[15,104,103],"product_tag":[],"class_list":{"0":"post-14574","1":"product","2":"type-product","3":"status-publish","4":"has-post-thumbnail","6":"product_cat-geral","7":"product_cat-kit-alergia-respiratoria","8":"product_cat-kits-alergico","10":"first","11":"instock","12":"featured","13":"shipping-taxable","14":"purchasable","15":"product-type-simple"},"yoast_head":"<!-- This site is optimized with the Yoast SEO plugin v22.7 - https:\/\/yoast.com\/wordpress\/plugins\/seo\/ -->\n<title>Kit Alergia Respirat\u00f3ria - Loja Abbaa<\/title>\n<meta name=\"robots\" content=\"index, follow, max-snippet:-1, max-image-preview:large, max-video-preview:-1\" \/>\n<link rel=\"canonical\" href=\"https:\/\/brasilsemalergia.com.br\/loja_abbaa\/kits-alergico\/kit-alergia-respiratoria\/kit-alergia-respiratoria\/\" \/>\n<meta property=\"og:locale\" content=\"pt_BR\" \/>\n<meta property=\"og:type\" content=\"article\" \/>\n<meta property=\"og:title\" content=\"Kit Alergia Respirat\u00f3ria - Loja Abbaa\" \/>\n<meta property=\"og:description\" content=\"Kit composto por: Capa anti-\u00e1caro, Elefant-Air com mascara Infantil e Solu\u00e7\u00e3o ADF Plus\" \/>\n<meta property=\"og:url\" content=\"https:\/\/brasilsemalergia.com.br\/loja_abbaa\/kits-alergico\/kit-alergia-respiratoria\/kit-alergia-respiratoria\/\" \/>\n<meta property=\"og:site_name\" content=\"Loja Abbaa\" \/>\n<meta property=\"article:modified_time\" content=\"2023-09-04T11:27:11+00:00\" \/>\n<meta property=\"og:image\" content=\"https:\/\/brasilsemalergia.com.br\/loja_abbaa\/wp-content\/uploads\/2023\/06\/Design-sem-nome-fotor-20230629103943.png\" \/>\n\t<meta property=\"og:image:width\" content=\"407\" \/>\n\t<meta property=\"og:image:height\" content=\"458\" \/>\n\t<meta property=\"og:image:type\" content=\"image\/png\" \/>\n<meta name=\"twitter:card\" content=\"summary_large_image\" \/>\n<meta name=\"twitter:label1\" content=\"Est. tempo de leitura\" \/>\n\t<meta name=\"twitter:data1\" content=\"5 minutos\" \/>\n<script type=\"application\/ld+json\" class=\"yoast-schema-graph\">{\"@context\":\"https:\/\/schema.org\",\"@graph\":[{\"@type\":\"WebPage\",\"@id\":\"https:\/\/brasilsemalergia.com.br\/loja_abbaa\/kits-alergico\/kit-alergia-respiratoria\/kit-alergia-respiratoria\/\",\"url\":\"https:\/\/brasilsemalergia.com.br\/loja_abbaa\/kits-alergico\/kit-alergia-respiratoria\/kit-alergia-respiratoria\/\",\"name\":\"Kit Alergia Respirat\u00f3ria - Loja Abbaa\",\"isPartOf\":{\"@id\":\"https:\/\/brasilsemalergia.com.br\/loja_abbaa\/#website\"},\"primaryImageOfPage\":{\"@id\":\"https:\/\/brasilsemalergia.com.br\/loja_abbaa\/kits-alergico\/kit-alergia-respiratoria\/kit-alergia-respiratoria\/#primaryimage\"},\"image\":{\"@id\":\"https:\/\/brasilsemalergia.com.br\/loja_abbaa\/kits-alergico\/kit-alergia-respiratoria\/kit-alergia-respiratoria\/#primaryimage\"},\"thumbnailUrl\":\"https:\/\/brasilsemalergia.com.br\/loja_abbaa\/wp-content\/uploads\/2023\/06\/Design-sem-nome-fotor-20230629103943.png\",\"datePublished\":\"2023-06-28T14:29:24+00:00\",\"dateModified\":\"2023-09-04T11:27:11+00:00\",\"breadcrumb\":{\"@id\":\"https:\/\/brasilsemalergia.com.br\/loja_abbaa\/kits-alergico\/kit-alergia-respiratoria\/kit-alergia-respiratoria\/#breadcrumb\"},\"inLanguage\":\"pt-BR\",\"potentialAction\":[{\"@type\":\"ReadAction\",\"target\":[\"https:\/\/brasilsemalergia.com.br\/loja_abbaa\/kits-alergico\/kit-alergia-respiratoria\/kit-alergia-respiratoria\/\"]}]},{\"@type\":\"ImageObject\",\"inLanguage\":\"pt-BR\",\"@id\":\"https:\/\/brasilsemalergia.com.br\/loja_abbaa\/kits-alergico\/kit-alergia-respiratoria\/kit-alergia-respiratoria\/#primaryimage\",\"url\":\"https:\/\/brasilsemalergia.com.br\/loja_abbaa\/wp-content\/uploads\/2023\/06\/Design-sem-nome-fotor-20230629103943.png\",\"contentUrl\":\"https:\/\/brasilsemalergia.com.br\/loja_abbaa\/wp-content\/uploads\/2023\/06\/Design-sem-nome-fotor-20230629103943.png\",\"width\":407,\"height\":458,\"caption\":\"Kit Alergia Respirat\u00f3ria\"},{\"@type\":\"BreadcrumbList\",\"@id\":\"https:\/\/brasilsemalergia.com.br\/loja_abbaa\/kits-alergico\/kit-alergia-respiratoria\/kit-alergia-respiratoria\/#breadcrumb\",\"itemListElement\":[{\"@type\":\"ListItem\",\"position\":1,\"name\":\"In\u00edcio\",\"item\":\"https:\/\/brasilsemalergia.com.br\/loja_abbaa\/\"},{\"@type\":\"ListItem\",\"position\":2,\"name\":\"Loja\",\"item\":\"https:\/\/brasilsemalergia.com.br\/loja_abbaa\/\"},{\"@type\":\"ListItem\",\"position\":3,\"name\":\"Kit Alergia Respirat\u00f3ria\"}]},{\"@type\":\"WebSite\",\"@id\":\"https:\/\/brasilsemalergia.com.br\/loja_abbaa\/#website\",\"url\":\"https:\/\/brasilsemalergia.com.br\/loja_abbaa\/\",\"name\":\"Loja Abbaa\",\"description\":\"\",\"publisher\":{\"@id\":\"https:\/\/brasilsemalergia.com.br\/loja_abbaa\/#organization\"},\"potentialAction\":[{\"@type\":\"SearchAction\",\"target\":{\"@type\":\"EntryPoint\",\"urlTemplate\":\"https:\/\/brasilsemalergia.com.br\/loja_abbaa\/?s={search_term_string}\"},\"query-input\":\"required name=search_term_string\"}],\"inLanguage\":\"pt-BR\"},{\"@type\":\"Organization\",\"@id\":\"https:\/\/brasilsemalergia.com.br\/loja_abbaa\/#organization\",\"name\":\"Loja Abbaa\",\"url\":\"https:\/\/brasilsemalergia.com.br\/loja_abbaa\/\",\"logo\":{\"@type\":\"ImageObject\",\"inLanguage\":\"pt-BR\",\"@id\":\"https:\/\/brasilsemalergia.com.br\/loja_abbaa\/#\/schema\/logo\/image\/\",\"url\":\"https:\/\/brasilsemalergia.com.br\/loja_abbaa\/wp-content\/uploads\/2023\/03\/logo-hor-site.png\",\"contentUrl\":\"https:\/\/brasilsemalergia.com.br\/loja_abbaa\/wp-content\/uploads\/2023\/03\/logo-hor-site.png\",\"width\":440,\"height\":120,\"caption\":\"Loja Abbaa\"},\"image\":{\"@id\":\"https:\/\/brasilsemalergia.com.br\/loja_abbaa\/#\/schema\/logo\/image\/\"}}]}<\/script>\n<!-- \/ Yoast SEO plugin. -->","yoast_head_json":{"title":"Kit Alergia Respirat\u00f3ria - Loja Abbaa","robots":{"index":"index","follow":"follow","max-snippet":"max-snippet:-1","max-image-preview":"max-image-preview:large","max-video-preview":"max-video-preview:-1"},"canonical":"https:\/\/brasilsemalergia.com.br\/loja_abbaa\/kits-alergico\/kit-alergia-respiratoria\/kit-alergia-respiratoria\/","og_locale":"pt_BR","og_type":"article","og_title":"Kit Alergia Respirat\u00f3ria - Loja Abbaa","og_description":"Kit composto por: Capa anti-\u00e1caro, Elefant-Air com mascara Infantil e Solu\u00e7\u00e3o ADF Plus","og_url":"https:\/\/brasilsemalergia.com.br\/loja_abbaa\/kits-alergico\/kit-alergia-respiratoria\/kit-alergia-respiratoria\/","og_site_name":"Loja Abbaa","article_modified_time":"2023-09-04T11:27:11+00:00","og_image":[{"width":407,"height":458,"url":"https:\/\/brasilsemalergia.com.br\/loja_abbaa\/wp-content\/uploads\/2023\/06\/Design-sem-nome-fotor-20230629103943.png","type":"image\/png"}],"twitter_card":"summary_large_image","twitter_misc":{"Est. tempo de leitura":"5 minutos"},"schema":{"@context":"https:\/\/schema.org","@graph":[{"@type":"WebPage","@id":"https:\/\/brasilsemalergia.com.br\/loja_abbaa\/kits-alergico\/kit-alergia-respiratoria\/kit-alergia-respiratoria\/","url":"https:\/\/brasilsemalergia.com.br\/loja_abbaa\/kits-alergico\/kit-alergia-respiratoria\/kit-alergia-respiratoria\/","name":"Kit Alergia Respirat\u00f3ria - Loja Abbaa","isPartOf":{"@id":"https:\/\/brasilsemalergia.com.br\/loja_abbaa\/#website"},"primaryImageOfPage":{"@id":"https:\/\/brasilsemalergia.com.br\/loja_abbaa\/kits-alergico\/kit-alergia-respiratoria\/kit-alergia-respiratoria\/#primaryimage"},"image":{"@id":"https:\/\/brasilsemalergia.com.br\/loja_abbaa\/kits-alergico\/kit-alergia-respiratoria\/kit-alergia-respiratoria\/#primaryimage"},"thumbnailUrl":"https:\/\/brasilsemalergia.com.br\/loja_abbaa\/wp-content\/uploads\/2023\/06\/Design-sem-nome-fotor-20230629103943.png","datePublished":"2023-06-28T14:29:24+00:00","dateModified":"2023-09-04T11:27:11+00:00","breadcrumb":{"@id":"https:\/\/brasilsemalergia.com.br\/loja_abbaa\/kits-alergico\/kit-alergia-respiratoria\/kit-alergia-respiratoria\/#breadcrumb"},"inLanguage":"pt-BR","potentialAction":[{"@type":"ReadAction","target":["https:\/\/brasilsemalergia.com.br\/loja_abbaa\/kits-alergico\/kit-alergia-respiratoria\/kit-alergia-respiratoria\/"]}]},{"@type":"ImageObject","inLanguage":"pt-BR","@id":"https:\/\/brasilsemalergia.com.br\/loja_abbaa\/kits-alergico\/kit-alergia-respiratoria\/kit-alergia-respiratoria\/#primaryimage","url":"https:\/\/brasilsemalergia.com.br\/loja_abbaa\/wp-content\/uploads\/2023\/06\/Design-sem-nome-fotor-20230629103943.png","contentUrl":"https:\/\/brasilsemalergia.com.br\/loja_abbaa\/wp-content\/uploads\/2023\/06\/Design-sem-nome-fotor-20230629103943.png","width":407,"height":458,"caption":"Kit Alergia Respirat\u00f3ria"},{"@type":"BreadcrumbList","@id":"https:\/\/brasilsemalergia.com.br\/loja_abbaa\/kits-alergico\/kit-alergia-respiratoria\/kit-alergia-respiratoria\/#breadcrumb","itemListElement":[{"@type":"ListItem","position":1,"name":"In\u00edcio","item":"https:\/\/brasilsemalergia.com.br\/loja_abbaa\/"},{"@type":"ListItem","position":2,"name":"Loja","item":"https:\/\/brasilsemalergia.com.br\/loja_abbaa\/"},{"@type":"ListItem","position":3,"name":"Kit Alergia Respirat\u00f3ria"}]},{"@type":"WebSite","@id":"https:\/\/brasilsemalergia.com.br\/loja_abbaa\/#website","url":"https:\/\/brasilsemalergia.com.br\/loja_abbaa\/","name":"Loja Abbaa","description":"","publisher":{"@id":"https:\/\/brasilsemalergia.com.br\/loja_abbaa\/#organization"},"potentialAction":[{"@type":"SearchAction","target":{"@type":"EntryPoint","urlTemplate":"https:\/\/brasilsemalergia.com.br\/loja_abbaa\/?s={search_term_string}"},"query-input":"required name=search_term_string"}],"inLanguage":"pt-BR"},{"@type":"Organization","@id":"https:\/\/brasilsemalergia.com.br\/loja_abbaa\/#organization","name":"Loja Abbaa","url":"https:\/\/brasilsemalergia.com.br\/loja_abbaa\/","logo":{"@type":"ImageObject","inLanguage":"pt-BR","@id":"https:\/\/brasilsemalergia.com.br\/loja_abbaa\/#\/schema\/logo\/image\/","url":"https:\/\/brasilsemalergia.com.br\/loja_abbaa\/wp-content\/uploads\/2023\/03\/logo-hor-site.png","contentUrl":"https:\/\/brasilsemalergia.com.br\/loja_abbaa\/wp-content\/uploads\/2023\/03\/logo-hor-site.png","width":440,"height":120,"caption":"Loja Abbaa"},"image":{"@id":"https:\/\/brasilsemalergia.com.br\/loja_abbaa\/#\/schema\/logo\/image\/"}}]}},"_links":{"self":[{"href":"https:\/\/brasilsemalergia.com.br\/loja_abbaa\/wp-json\/wp\/v2\/product\/14574","targetHints":{"allow":["GET"]}}],"collection":[{"href":"https:\/\/brasilsemalergia.com.br\/loja_abbaa\/wp-json\/wp\/v2\/product"}],"about":[{"href":"https:\/\/brasilsemalergia.com.br\/loja_abbaa\/wp-json\/wp\/v2\/types\/product"}],"replies":[{"embeddable":true,"href":"https:\/\/brasilsemalergia.com.br\/loja_abbaa\/wp-json\/wp\/v2\/comments?post=14574"}],"version-history":[{"count":0,"href":"https:\/\/brasilsemalergia.com.br\/loja_abbaa\/wp-json\/wp\/v2\/product\/14574\/revisions"}],"wp:featuredmedia":[{"embeddable":true,"href":"https:\/\/brasilsemalergia.com.br\/loja_abbaa\/wp-json\/wp\/v2\/media\/14594"}],"wp:attachment":[{"href":"https:\/\/brasilsemalergia.com.br\/loja_abbaa\/wp-json\/wp\/v2\/media?parent=14574"}],"wp:term":[{"taxonomy":"product_cat","embeddable":true,"href":"https:\/\/brasilsemalergia.com.br\/loja_abbaa\/wp-json\/wp\/v2\/product_cat?post=14574"},{"taxonomy":"product_tag","embeddable":true,"href":"https:\/\/brasilsemalergia.com.br\/loja_abbaa\/wp-json\/wp\/v2\/product_tag?post=14574"}],"curies":[{"name":"wp","href":"https:\/\/api.w.org\/{rel}","templated":true}]}}