{"id":14585,"date":"2023-06-28T13:07:31","date_gmt":"2023-06-28T16:07:31","guid":{"rendered":"https:\/\/brasilsemalergia.com.br\/loja_abbaa\/?post_type=product&#038;p=14585"},"modified":"2023-09-04T08:26:18","modified_gmt":"2023-09-04T11:26:18","slug":"kit-dermatite-atopica","status":"publish","type":"product","link":"https:\/\/brasilsemalergia.com.br\/loja_abbaa\/kits-alergico\/kit-dermatite-atopica\/","title":{"rendered":"Kit Dermatite At\u00f3pica"},"content":{"rendered":"<p><strong><em>Faixas para compressa<\/em><\/strong><\/p>\n<p><strong><em>\u00a0<\/em><\/strong><\/p>\n<p><a href=\"https:\/\/alergoshop.com.br\/cosmeticos-e-tratamento\/higiene-pessoal\/155-sabonete-liquido-hipoalergenico-uso-diario-alergoshop\"><strong>Benef\u00edcios<\/strong><\/a><\/p>\n<p>&nbsp;<\/p>\n<p>As faixas para compressa \u00famida, muito utilizadas e conhecidas no exterior como \u201cWet Wrap\u201d s\u00e3o indicadas para o tratamento da dermatite at\u00f3pica. \u00c9 uma t\u00e9cnica que consiste em manter \u00famidas as \u00e1reas do corpo que necessitam de cremes ou medicamentos para tratamento de dermatite at\u00f3pica, principalmente na fase aguda.<\/p>\n<p>&nbsp;<\/p>\n<p><a href=\"https:\/\/alergoshop.com.br\/cosmeticos-e-tratamento\/higiene-pessoal\/155-sabonete-liquido-hipoalergenico-uso-diario-alergoshop\"><strong>Caracter\u00edsticas<\/strong><\/a><\/p>\n<p>&nbsp;<\/p>\n<p>&#8211; Mant\u00e9m\u00a0 a pele \u00famida;<\/p>\n<p>&#8211; Aumenta o tempo de contato e efici\u00eancia do medicamento aplicado;<\/p>\n<p>&#8211; Acelera a melhora no tratamento da dermatite at\u00f3pica.<\/p>\n<p>&nbsp;<\/p>\n<p><a href=\"https:\/\/alergoshop.com.br\/cosmeticos-e-tratamento\/higiene-pessoal\/155-sabonete-liquido-hipoalergenico-uso-diario-alergoshop\"><strong>Modo de Usar<\/strong><\/a><\/p>\n<p>&nbsp;<\/p>\n<ol>\n<li>Aplique a pomada ou creme, conforme orienta\u00e7\u00e3o m\u00e9dica, no local a ser tratado.<br \/>\n2. Corte as faixas (cotton e suplex) no comprimento necess\u00e1rio para cobrir o local desejado.<br \/>\n3. Umede\u00e7a a faixa de cotton em \u00e1gua morna.<br \/>\n4. Vista a faixa de cotton sobre o local do tratamento e por cima, vista a faixa seca de suplex.<br \/>\n5. Use roupas largas para n\u00e3o deslocar as compressas.<br \/>\n6. Fa\u00e7a as compressas durante \u00e0 noite (na hora de dormir) para mant\u00ea-las pelo maior tempo poss\u00edvel. O ideal \u00e9 que as compressas permane\u00e7am, no m\u00ednimo, por 2 horas.<br \/>\n\u2022 Lave as faixas sempre que necess\u00e1rio.<br \/>\n\u2022 Em caso de desgaste do tecido, substituir por novas faixas.<\/li>\n<\/ol>\n<p>Recomenda\u00e7\u00f5es:<\/p>\n<p>\u00c9 de extrema import\u00e2ncia lavar as compressas ap\u00f3s cada uso.<\/p>\n<p>Evite uso sobre a pele infectada.<\/p>\n<p>INSTRU\u00c7\u00d5ES DE LAVAGEM COMPOSI\u00c7\u00c3O<\/p>\n<p>COTTON LYCRA<\/p>\n<ul>\n<li>N\u00e3o lavar os produtos em m\u00e1quina de lavar;<\/li>\n<li>Secar \u00e0 sombra;<\/li>\n<li>N\u00e3o lavar com \u00e1gua quente;<\/li>\n<li>N\u00e3o usar secadora;<\/li>\n<li>\u00c9 considerado normal, na primeira lavagem, um encolhimento de at\u00e9 5% nas malhas de<\/li>\n<\/ul>\n<p>algod\u00e3o.<\/p>\n<p>SUPLEX<\/p>\n<ul>\n<li>N\u00e3o lavar os produtos em m\u00e1quina de lavar;<\/li>\n<li>Secar \u00e0 sombra;<\/li>\n<li>Preferencialmente n\u00e3o lavar com \u00e1gua quente;<\/li>\n<li>N\u00e3o usar secadora;<\/li>\n<li>Se lavadas com \u00e1gua fria e secadas na sombra, t\u00eam encolhimento desprez\u00edvel.<\/li>\n<\/ul>\n<p>&nbsp;<\/p>\n<p><a href=\"https:\/\/alergoshop.com.br\/cosmeticos-e-tratamento\/higiene-pessoal\/155-sabonete-liquido-hipoalergenico-uso-diario-alergoshop\"><strong>Composi\u00e7\u00f5es<\/strong><\/a><\/p>\n<p>&nbsp;<\/p>\n<p>cotton lycra: 95% algod\u00e3o, 5% elastano<br \/>\nsuplex: 100%poli\u00e9ster<\/p>\n<p>&nbsp;<\/p>\n<p><strong>Lo\u00e7\u00e3o Corporal Ultrahidratante Hipoalerg\u00eanica Total Care<\/strong><\/p>\n<p><strong><em>\u00a0<\/em><\/strong><a href=\"https:\/\/alergoshop.com.br\/cosmeticos-e-tratamento\/higiene-pessoal\/155-sabonete-liquido-hipoalergenico-uso-diario-alergoshop\"><strong>Benef\u00edcios<\/strong><\/a><\/p>\n<p>&nbsp;<\/p>\n<p>A\u00a0<strong>Lo\u00e7\u00e3o Corporal Ultrahidratante<\/strong>\u00a0foi desenvolvida livre de 105 subst\u00e2ncias potencialmente sensibilizantes, cont\u00e9m derivado natural do \u00f3leo de oliva, formador de cristais l\u00edquidos biomim\u00e9ticos \u00e0 pele &#8220;second skin&#8221;.<\/p>\n<p>Promove aumento da hidrata\u00e7\u00e3o prolongada e redu\u00e7\u00e3o da perda transepid\u00e9rmica de \u00e1gua.<\/p>\n<p>A altera\u00e7\u00e3o da barreira cut\u00e2nea na dermatite at\u00f3pica \u00e9 causada por uma anomalia na produ\u00e7\u00e3o dos lip\u00eddeos (ou gorduras) presentes na pele.\u00a0Os emolientes presentes na lo\u00e7\u00e3o suavizam, hidratam e protegem a pele, reduzindo assim a inflama\u00e7\u00e3o e a irrita\u00e7\u00e3o.<\/p>\n<p>Usando todos os dias, pode ser suficientes para manter sob controle uma dermatite leve ou moderada.<\/p>\n<p>&nbsp;<\/p>\n<p>&nbsp;<\/p>\n<p><a href=\"https:\/\/alergoshop.com.br\/cosmeticos-e-tratamento\/higiene-pessoal\/155-sabonete-liquido-hipoalergenico-uso-diario-alergoshop\"><strong>Caracter\u00edsticas<\/strong><\/a><\/p>\n<p>&nbsp;<\/p>\n<ul>\n<li>Hipoalerg\u00eanico<\/li>\n<li>\u00d3leo vegetal<\/li>\n<li>Glicerina vegetal<\/li>\n<li>Textura cremosa<\/li>\n<li>Alta emoli\u00eancia<\/li>\n<li>Toque aveludado<\/li>\n<li>Para de todos os tipos de pele, principalmente delicadas, \u00e1speras, extrassecas e com tend\u00eancia a dermatite at\u00f3pica.<\/li>\n<\/ul>\n<p>&nbsp;<\/p>\n<p><a href=\"https:\/\/alergoshop.com.br\/cosmeticos-e-tratamento\/higiene-pessoal\/155-sabonete-liquido-hipoalergenico-uso-diario-alergoshop\"><strong>Modo de Usar<\/strong><\/a><\/p>\n<p>&nbsp;<\/p>\n<p>Aplicar diariamente sobre a pele ap\u00f3s o banho ou sempre que desejar. N\u00e3o \u00e9 necess\u00e1rio enx\u00e1gue.<\/p>\n<p>&nbsp;<\/p>\n<p><a href=\"https:\/\/alergoshop.com.br\/cosmeticos-e-tratamento\/higiene-pessoal\/155-sabonete-liquido-hipoalergenico-uso-diario-alergoshop\"><strong>Composi\u00e7\u00f5es<\/strong><\/a><\/p>\n<p>&nbsp;<\/p>\n<p>AQUA, CETEARYL ALCOHOL, GLYCERIN, DICAPRYLYL CARBONATE, OLUS OIL, SORBITAN OLIVATE, CETEARYL OLIVATE, CYCLOPENTASILOXANE, \u00a0PHENOXYETHANOL AND CAPRYLYL GLYCOL, AMMONIUM ACRYLOYLDIMETHYLTAURATE\/VP COPOLYMER, PARFUM, ETHYLHEXYL OLIVATE, TOCOPHERYL ACETATE, PENTAERYTHRITYL TETRA-DI-T-BUTYL HYDROXYHYDROCINNAMATE, AMINOMETHYL PROPANOL<\/p>\n<p>&nbsp;<\/p>\n<p>&nbsp;<\/p>\n<h2>Sabonete L\u00edquido Hipoalerg\u00eanico Uso Di\u00e1rio Alergoshop<\/h2>\n<p><strong><em>\u00a0<\/em><\/strong><\/p>\n<p><a href=\"https:\/\/alergoshop.com.br\/cosmeticos-e-tratamento\/higiene-pessoal\/155-sabonete-liquido-hipoalergenico-uso-diario-alergoshop\"><strong>Benef\u00edcios<\/strong><\/a><\/p>\n<p>&nbsp;<\/p>\n<p>O Sabonete L\u00edquido Uso Di\u00e1rio \u00e9 menos agressivo que os sabonetes em barra comum. Ideal para o uso no banho, em lavabos e consult\u00f3rios. Por ser muito suave e limpar a pele sem agredi-la, pode ser utilizado em todo o corpo, inclusive no rosto. N\u00e3o possui ess\u00eancia, fator importante para as pessoas com rinite e<\/p>\n<p>asma. Tamb\u00e9m n\u00e3o cont\u00e9m corantes, parabenos e Kathon CG.<\/p>\n<p>&nbsp;<\/p>\n<p>&nbsp;<\/p>\n<p><a href=\"https:\/\/alergoshop.com.br\/cosmeticos-e-tratamento\/higiene-pessoal\/155-sabonete-liquido-hipoalergenico-uso-diario-alergoshop\"><strong>Caracter\u00edsticas<\/strong><\/a><\/p>\n<p>&nbsp;<\/p>\n<ul>\n<li>Hipoalerg\u00eanico<\/li>\n<li>PH fisiol\u00f3gico<\/li>\n<li>Ideal para o banho e lavabos<\/li>\n<li>Pode ser usado por adultos e crian\u00e7as.\u2022 Livre de 95 subst\u00e2ncias potencialmente nocivas<\/li>\n<\/ul>\n<p>&nbsp;<\/p>\n<p>&nbsp;<\/p>\n<p><a href=\"https:\/\/alergoshop.com.br\/cosmeticos-e-tratamento\/higiene-pessoal\/155-sabonete-liquido-hipoalergenico-uso-diario-alergoshop\"><strong>Modo de Usar<\/strong><\/a><\/p>\n<p>&nbsp;<\/p>\n<p>Aplique uma pequena quantidade nas m\u00e3os ou na esponja durante o banho, massageie pelo corpo at\u00e9 obter espuma. Finalize com enx\u00e1gue.<\/p>\n<p>&nbsp;<\/p>\n<p><a href=\"https:\/\/alergoshop.com.br\/cosmeticos-e-tratamento\/higiene-pessoal\/155-sabonete-liquido-hipoalergenico-uso-diario-alergoshop\"><strong>Composi\u00e7\u00f5es<\/strong><\/a><\/p>\n<p>&nbsp;<\/p>\n<p>SODIUM LAURETH SULFATE, COCAMIDE DEA, PEG-120 METHYL GLUCOSE DIOLEATE, PHENOXYETHANOL AND CAPRYLYL GLYCOL, CITRIC ACID, AQUA,PENTAERYTHRITYL TETRA-DI-T-BUTYL HYDROXYHYDROCINNAMATE, AMINOMETHYL PROPANOL<\/p>\n","protected":false},"excerpt":{"rendered":"<p>O Kit \u00e9 composto por: Faixas para compressa, sabonete l\u00edquido hipoalerg\u00eanico uso di\u00e1rio e lo\u00e7\u00e3o corporal ultrahidartante hipoalerg\u00eanica total care.<\/p>\n","protected":false},"featured_media":14595,"comment_status":"open","ping_status":"closed","template":"","meta":[],"product_cat":[15,103],"product_tag":[],"class_list":{"0":"post-14585","1":"product","2":"type-product","3":"status-publish","4":"has-post-thumbnail","6":"product_cat-geral","7":"product_cat-kits-alergico","9":"first","10":"instock","11":"sale","12":"featured","13":"shipping-taxable","14":"purchasable","15":"product-type-simple"},"yoast_head":"<!-- This site is optimized with the Yoast SEO plugin v22.7 - https:\/\/yoast.com\/wordpress\/plugins\/seo\/ -->\n<title>Kit Dermatite At\u00f3pica - Loja Abbaa<\/title>\n<meta name=\"robots\" content=\"index, follow, max-snippet:-1, max-image-preview:large, max-video-preview:-1\" \/>\n<link rel=\"canonical\" href=\"https:\/\/brasilsemalergia.com.br\/loja_abbaa\/kits-alergico\/kit-dermatite-atopica\/\" \/>\n<meta property=\"og:locale\" content=\"pt_BR\" \/>\n<meta property=\"og:type\" content=\"article\" \/>\n<meta property=\"og:title\" content=\"Kit Dermatite At\u00f3pica - Loja Abbaa\" \/>\n<meta property=\"og:description\" content=\"O Kit \u00e9 composto por: Faixas para compressa, sabonete l\u00edquido hipoalerg\u00eanico uso di\u00e1rio e lo\u00e7\u00e3o corporal ultrahidartante hipoalerg\u00eanica total care.\" \/>\n<meta property=\"og:url\" content=\"https:\/\/brasilsemalergia.com.br\/loja_abbaa\/kits-alergico\/kit-dermatite-atopica\/\" \/>\n<meta property=\"og:site_name\" content=\"Loja Abbaa\" \/>\n<meta property=\"article:modified_time\" content=\"2023-09-04T11:26:18+00:00\" \/>\n<meta property=\"og:image\" content=\"https:\/\/brasilsemalergia.com.br\/loja_abbaa\/wp-content\/uploads\/2023\/06\/Kit-Dermatite.png\" \/>\n\t<meta property=\"og:image:width\" content=\"504\" \/>\n\t<meta property=\"og:image:height\" content=\"411\" \/>\n\t<meta property=\"og:image:type\" content=\"image\/png\" \/>\n<meta name=\"twitter:card\" content=\"summary_large_image\" \/>\n<meta name=\"twitter:label1\" content=\"Est. tempo de leitura\" \/>\n\t<meta name=\"twitter:data1\" content=\"4 minutos\" \/>\n<script type=\"application\/ld+json\" class=\"yoast-schema-graph\">{\"@context\":\"https:\/\/schema.org\",\"@graph\":[{\"@type\":\"WebPage\",\"@id\":\"https:\/\/brasilsemalergia.com.br\/loja_abbaa\/kits-alergico\/kit-dermatite-atopica\/\",\"url\":\"https:\/\/brasilsemalergia.com.br\/loja_abbaa\/kits-alergico\/kit-dermatite-atopica\/\",\"name\":\"Kit Dermatite At\u00f3pica - Loja Abbaa\",\"isPartOf\":{\"@id\":\"https:\/\/brasilsemalergia.com.br\/loja_abbaa\/#website\"},\"primaryImageOfPage\":{\"@id\":\"https:\/\/brasilsemalergia.com.br\/loja_abbaa\/kits-alergico\/kit-dermatite-atopica\/#primaryimage\"},\"image\":{\"@id\":\"https:\/\/brasilsemalergia.com.br\/loja_abbaa\/kits-alergico\/kit-dermatite-atopica\/#primaryimage\"},\"thumbnailUrl\":\"https:\/\/brasilsemalergia.com.br\/loja_abbaa\/wp-content\/uploads\/2023\/06\/Kit-Dermatite.png\",\"datePublished\":\"2023-06-28T16:07:31+00:00\",\"dateModified\":\"2023-09-04T11:26:18+00:00\",\"breadcrumb\":{\"@id\":\"https:\/\/brasilsemalergia.com.br\/loja_abbaa\/kits-alergico\/kit-dermatite-atopica\/#breadcrumb\"},\"inLanguage\":\"pt-BR\",\"potentialAction\":[{\"@type\":\"ReadAction\",\"target\":[\"https:\/\/brasilsemalergia.com.br\/loja_abbaa\/kits-alergico\/kit-dermatite-atopica\/\"]}]},{\"@type\":\"ImageObject\",\"inLanguage\":\"pt-BR\",\"@id\":\"https:\/\/brasilsemalergia.com.br\/loja_abbaa\/kits-alergico\/kit-dermatite-atopica\/#primaryimage\",\"url\":\"https:\/\/brasilsemalergia.com.br\/loja_abbaa\/wp-content\/uploads\/2023\/06\/Kit-Dermatite.png\",\"contentUrl\":\"https:\/\/brasilsemalergia.com.br\/loja_abbaa\/wp-content\/uploads\/2023\/06\/Kit-Dermatite.png\",\"width\":504,\"height\":411,\"caption\":\"Kit Dermatite At\u00f3pica\"},{\"@type\":\"BreadcrumbList\",\"@id\":\"https:\/\/brasilsemalergia.com.br\/loja_abbaa\/kits-alergico\/kit-dermatite-atopica\/#breadcrumb\",\"itemListElement\":[{\"@type\":\"ListItem\",\"position\":1,\"name\":\"In\u00edcio\",\"item\":\"https:\/\/brasilsemalergia.com.br\/loja_abbaa\/\"},{\"@type\":\"ListItem\",\"position\":2,\"name\":\"Loja\",\"item\":\"https:\/\/brasilsemalergia.com.br\/loja_abbaa\/\"},{\"@type\":\"ListItem\",\"position\":3,\"name\":\"Kit Dermatite At\u00f3pica\"}]},{\"@type\":\"WebSite\",\"@id\":\"https:\/\/brasilsemalergia.com.br\/loja_abbaa\/#website\",\"url\":\"https:\/\/brasilsemalergia.com.br\/loja_abbaa\/\",\"name\":\"Loja Abbaa\",\"description\":\"\",\"publisher\":{\"@id\":\"https:\/\/brasilsemalergia.com.br\/loja_abbaa\/#organization\"},\"potentialAction\":[{\"@type\":\"SearchAction\",\"target\":{\"@type\":\"EntryPoint\",\"urlTemplate\":\"https:\/\/brasilsemalergia.com.br\/loja_abbaa\/?s={search_term_string}\"},\"query-input\":\"required name=search_term_string\"}],\"inLanguage\":\"pt-BR\"},{\"@type\":\"Organization\",\"@id\":\"https:\/\/brasilsemalergia.com.br\/loja_abbaa\/#organization\",\"name\":\"Loja Abbaa\",\"url\":\"https:\/\/brasilsemalergia.com.br\/loja_abbaa\/\",\"logo\":{\"@type\":\"ImageObject\",\"inLanguage\":\"pt-BR\",\"@id\":\"https:\/\/brasilsemalergia.com.br\/loja_abbaa\/#\/schema\/logo\/image\/\",\"url\":\"https:\/\/brasilsemalergia.com.br\/loja_abbaa\/wp-content\/uploads\/2023\/03\/logo-hor-site.png\",\"contentUrl\":\"https:\/\/brasilsemalergia.com.br\/loja_abbaa\/wp-content\/uploads\/2023\/03\/logo-hor-site.png\",\"width\":440,\"height\":120,\"caption\":\"Loja Abbaa\"},\"image\":{\"@id\":\"https:\/\/brasilsemalergia.com.br\/loja_abbaa\/#\/schema\/logo\/image\/\"}}]}<\/script>\n<!-- \/ Yoast SEO plugin. -->","yoast_head_json":{"title":"Kit Dermatite At\u00f3pica - Loja Abbaa","robots":{"index":"index","follow":"follow","max-snippet":"max-snippet:-1","max-image-preview":"max-image-preview:large","max-video-preview":"max-video-preview:-1"},"canonical":"https:\/\/brasilsemalergia.com.br\/loja_abbaa\/kits-alergico\/kit-dermatite-atopica\/","og_locale":"pt_BR","og_type":"article","og_title":"Kit Dermatite At\u00f3pica - Loja Abbaa","og_description":"O Kit \u00e9 composto por: Faixas para compressa, sabonete l\u00edquido hipoalerg\u00eanico uso di\u00e1rio e lo\u00e7\u00e3o corporal ultrahidartante hipoalerg\u00eanica total care.","og_url":"https:\/\/brasilsemalergia.com.br\/loja_abbaa\/kits-alergico\/kit-dermatite-atopica\/","og_site_name":"Loja Abbaa","article_modified_time":"2023-09-04T11:26:18+00:00","og_image":[{"width":504,"height":411,"url":"https:\/\/brasilsemalergia.com.br\/loja_abbaa\/wp-content\/uploads\/2023\/06\/Kit-Dermatite.png","type":"image\/png"}],"twitter_card":"summary_large_image","twitter_misc":{"Est. tempo de leitura":"4 minutos"},"schema":{"@context":"https:\/\/schema.org","@graph":[{"@type":"WebPage","@id":"https:\/\/brasilsemalergia.com.br\/loja_abbaa\/kits-alergico\/kit-dermatite-atopica\/","url":"https:\/\/brasilsemalergia.com.br\/loja_abbaa\/kits-alergico\/kit-dermatite-atopica\/","name":"Kit Dermatite At\u00f3pica - Loja Abbaa","isPartOf":{"@id":"https:\/\/brasilsemalergia.com.br\/loja_abbaa\/#website"},"primaryImageOfPage":{"@id":"https:\/\/brasilsemalergia.com.br\/loja_abbaa\/kits-alergico\/kit-dermatite-atopica\/#primaryimage"},"image":{"@id":"https:\/\/brasilsemalergia.com.br\/loja_abbaa\/kits-alergico\/kit-dermatite-atopica\/#primaryimage"},"thumbnailUrl":"https:\/\/brasilsemalergia.com.br\/loja_abbaa\/wp-content\/uploads\/2023\/06\/Kit-Dermatite.png","datePublished":"2023-06-28T16:07:31+00:00","dateModified":"2023-09-04T11:26:18+00:00","breadcrumb":{"@id":"https:\/\/brasilsemalergia.com.br\/loja_abbaa\/kits-alergico\/kit-dermatite-atopica\/#breadcrumb"},"inLanguage":"pt-BR","potentialAction":[{"@type":"ReadAction","target":["https:\/\/brasilsemalergia.com.br\/loja_abbaa\/kits-alergico\/kit-dermatite-atopica\/"]}]},{"@type":"ImageObject","inLanguage":"pt-BR","@id":"https:\/\/brasilsemalergia.com.br\/loja_abbaa\/kits-alergico\/kit-dermatite-atopica\/#primaryimage","url":"https:\/\/brasilsemalergia.com.br\/loja_abbaa\/wp-content\/uploads\/2023\/06\/Kit-Dermatite.png","contentUrl":"https:\/\/brasilsemalergia.com.br\/loja_abbaa\/wp-content\/uploads\/2023\/06\/Kit-Dermatite.png","width":504,"height":411,"caption":"Kit Dermatite At\u00f3pica"},{"@type":"BreadcrumbList","@id":"https:\/\/brasilsemalergia.com.br\/loja_abbaa\/kits-alergico\/kit-dermatite-atopica\/#breadcrumb","itemListElement":[{"@type":"ListItem","position":1,"name":"In\u00edcio","item":"https:\/\/brasilsemalergia.com.br\/loja_abbaa\/"},{"@type":"ListItem","position":2,"name":"Loja","item":"https:\/\/brasilsemalergia.com.br\/loja_abbaa\/"},{"@type":"ListItem","position":3,"name":"Kit Dermatite At\u00f3pica"}]},{"@type":"WebSite","@id":"https:\/\/brasilsemalergia.com.br\/loja_abbaa\/#website","url":"https:\/\/brasilsemalergia.com.br\/loja_abbaa\/","name":"Loja Abbaa","description":"","publisher":{"@id":"https:\/\/brasilsemalergia.com.br\/loja_abbaa\/#organization"},"potentialAction":[{"@type":"SearchAction","target":{"@type":"EntryPoint","urlTemplate":"https:\/\/brasilsemalergia.com.br\/loja_abbaa\/?s={search_term_string}"},"query-input":"required name=search_term_string"}],"inLanguage":"pt-BR"},{"@type":"Organization","@id":"https:\/\/brasilsemalergia.com.br\/loja_abbaa\/#organization","name":"Loja Abbaa","url":"https:\/\/brasilsemalergia.com.br\/loja_abbaa\/","logo":{"@type":"ImageObject","inLanguage":"pt-BR","@id":"https:\/\/brasilsemalergia.com.br\/loja_abbaa\/#\/schema\/logo\/image\/","url":"https:\/\/brasilsemalergia.com.br\/loja_abbaa\/wp-content\/uploads\/2023\/03\/logo-hor-site.png","contentUrl":"https:\/\/brasilsemalergia.com.br\/loja_abbaa\/wp-content\/uploads\/2023\/03\/logo-hor-site.png","width":440,"height":120,"caption":"Loja Abbaa"},"image":{"@id":"https:\/\/brasilsemalergia.com.br\/loja_abbaa\/#\/schema\/logo\/image\/"}}]}},"_links":{"self":[{"href":"https:\/\/brasilsemalergia.com.br\/loja_abbaa\/wp-json\/wp\/v2\/product\/14585","targetHints":{"allow":["GET"]}}],"collection":[{"href":"https:\/\/brasilsemalergia.com.br\/loja_abbaa\/wp-json\/wp\/v2\/product"}],"about":[{"href":"https:\/\/brasilsemalergia.com.br\/loja_abbaa\/wp-json\/wp\/v2\/types\/product"}],"replies":[{"embeddable":true,"href":"https:\/\/brasilsemalergia.com.br\/loja_abbaa\/wp-json\/wp\/v2\/comments?post=14585"}],"version-history":[{"count":0,"href":"https:\/\/brasilsemalergia.com.br\/loja_abbaa\/wp-json\/wp\/v2\/product\/14585\/revisions"}],"wp:featuredmedia":[{"embeddable":true,"href":"https:\/\/brasilsemalergia.com.br\/loja_abbaa\/wp-json\/wp\/v2\/media\/14595"}],"wp:attachment":[{"href":"https:\/\/brasilsemalergia.com.br\/loja_abbaa\/wp-json\/wp\/v2\/media?parent=14585"}],"wp:term":[{"taxonomy":"product_cat","embeddable":true,"href":"https:\/\/brasilsemalergia.com.br\/loja_abbaa\/wp-json\/wp\/v2\/product_cat?post=14585"},{"taxonomy":"product_tag","embeddable":true,"href":"https:\/\/brasilsemalergia.com.br\/loja_abbaa\/wp-json\/wp\/v2\/product_tag?post=14585"}],"curies":[{"name":"wp","href":"https:\/\/api.w.org\/{rel}","templated":true}]}}