{"id":14612,"date":"2023-06-30T10:33:19","date_gmt":"2023-06-30T13:33:19","guid":{"rendered":"https:\/\/brasilsemalergia.com.br\/loja_abbaa\/?post_type=product&#038;p=14612"},"modified":"2023-09-04T08:25:02","modified_gmt":"2023-09-04T11:25:02","slug":"kit-dermatite-higiene-pessoal","status":"publish","type":"product","link":"https:\/\/brasilsemalergia.com.br\/loja_abbaa\/kits-alergico\/kit-dermatite-higiene-pessoal\/","title":{"rendered":"Kit Dermatite Higiene Pessoal"},"content":{"rendered":"<h2>Shampoo Hipoalerg\u00eanico Total Care<\/h2>\n<p><strong><em>\u00a0<\/em><\/strong><\/p>\n<p><a href=\"https:\/\/alergoshop.com.br\/cosmeticos-e-tratamento\/higiene-pessoal\/155-sabonete-liquido-hipoalergenico-uso-diario-alergoshop\"><strong>Benef\u00edcios<\/strong><\/a><\/p>\n<p>&nbsp;<\/p>\n<p>O Shampoo Total Care possui uma f\u00f3rmula Low Poo, tensoativos suaves que oferecem uma higieniza\u00e7\u00e3o, sem agredir os fios e o couro cabeludo. Sua f\u00f3rmula \u00e9 livre das 105 principais subst\u00e2ncias nocivas \u00e0 sa\u00fade e substitu\u00eddos por ingredientes seguros. Possui ativos de alta performance que proporciona emoli\u00eancia, hidrata\u00e7\u00e3o, restaura\u00e7\u00e3o e nutri\u00e7\u00e3o aos fios, inclusive dos cabelos coloridos, ajudando a preservar a cor por mais tempo.<\/p>\n<p>&nbsp;<\/p>\n<p><a href=\"https:\/\/alergoshop.com.br\/cosmeticos-e-tratamento\/higiene-pessoal\/155-sabonete-liquido-hipoalergenico-uso-diario-alergoshop\"><strong>Caracter\u00edsticas<\/strong><\/a><\/p>\n<p>&nbsp;<\/p>\n<ul>\n<li>Hipoalerg\u00eanico<\/li>\n<li>Extrato de aveia<\/li>\n<li>Prote\u00edna do trigo<\/li>\n<li>Derivados de oliva<\/li>\n<li>Nutre e hidrata os fios<\/li>\n<li>Alto poder emoliente e repositor da camada lip\u00eddica natural<\/li>\n<li>pH neutro.<\/li>\n<li>Livre de 105 subst\u00e2ncias incluindo Sulfatos<\/li>\n<li>Auxilia na manuten\u00e7\u00e3o da colora\u00e7\u00e3o<\/li>\n<\/ul>\n<p>&nbsp;<\/p>\n<p>&nbsp;<\/p>\n<p><a href=\"https:\/\/alergoshop.com.br\/cosmeticos-e-tratamento\/higiene-pessoal\/155-sabonete-liquido-hipoalergenico-uso-diario-alergoshop\"><strong>Modo de Usar<\/strong><\/a><\/p>\n<p><strong>\u00a0<\/strong><\/p>\n<p>Usar diariamente ou sempre que desejar. Aplicar sobre os cabelos molhados realizar movimentos suaves e circulares massageando at\u00e9 a forma\u00e7\u00e3o de espuma. Enxaguar com \u00e1gua abundante. Repetir a opera\u00e7\u00e3o se necess\u00e1rio.<\/p>\n<p>&nbsp;<\/p>\n<p><a href=\"https:\/\/alergoshop.com.br\/cosmeticos-e-tratamento\/higiene-pessoal\/155-sabonete-liquido-hipoalergenico-uso-diario-alergoshop\"><strong>Composi\u00e7\u00f5es<\/strong><\/a><\/p>\n<p>&nbsp;<\/p>\n<p>AQUA, SODIUM LAUROYL METHYL ISETHIONATE, LAURYL GLUCOSIDE, POLYQUATERNIUM-10, COCAMIDOPROPYL BETAINE, AVENA SATIVA BRAN EXTRACT, TRITICUM, SODIUM BENZOATE, POTASSIUM SORBATE, GLYCERIN, LACTC ACID; VULGARE GERM EXTRACT, PEG-120 METHYL GLUCOSE DIOLEATE, PHENOXYETHANOL AND CAPRYLYL GLYCOL, SODIUM CHLORIDE, OLIVE OIL PEG-7 ESTERS, AMINOMETHYL PROPANOL.<\/p>\n<p>&nbsp;<\/p>\n<h2>Desodorante Antitranspirante Roll-On Hipoalerg\u00eanico Uso Di\u00e1rio Alergoshop<\/h2>\n<p><strong><em>\u00a0<\/em><\/strong><\/p>\n<p><a href=\"https:\/\/alergoshop.com.br\/cosmeticos-e-tratamento\/higiene-pessoal\/155-sabonete-liquido-hipoalergenico-uso-diario-alergoshop\"><strong>Benef\u00edcios<\/strong><\/a><\/p>\n<p>&nbsp;<\/p>\n<p>Uso Di\u00e1rio \u00e9 a linha de formula\u00e7\u00f5es b\u00e1sicas da Alergoshop, ou seja, possui tudo que um bom produto hipoalerg\u00eanico necessita para exercer suas fun\u00e7\u00f5es b\u00e1sicas.<\/p>\n<p>A principal subst\u00e2ncia causadora de alergia contida nos desodorantes comuns \u00e9 o cloridr\u00f3xido de alum\u00ednio, uma mol\u00e9cula pequena que penetra facilmente na pele aumentando os riscos de alergia e ac\u00famulo de alum\u00ednio no organismo.<br \/>\nOs desodorantes da Alergoshop substituem essa mat\u00e9ria-prima por tetracloridr\u00f3xido de alum\u00ednio, zirc\u00f4nio e glicina, uma mol\u00e9cula muito maior e que por isso, n\u00e3o penetra na pele e possui efic\u00e1cia equivalente e efeitos irritantes muito inferiores. Al\u00e9m disso, o desodorante conta em sua f\u00f3rmula com outros agentes anti-irritantes.<\/p>\n<p>O Desodorante Roll-On Uso D\u00ed\u00e1rio \u00e9 indicado para todos tipos de pele, inclusive para as mais sens\u00edveis. N\u00e3o possui perfume, corantes e parabenos.<\/p>\n<p>&nbsp;<\/p>\n<p><a href=\"https:\/\/alergoshop.com.br\/cosmeticos-e-tratamento\/higiene-pessoal\/155-sabonete-liquido-hipoalergenico-uso-diario-alergoshop\"><strong>Caracter\u00edsticas<\/strong><\/a><\/p>\n<p>&nbsp;<\/p>\n<ul>\n<li>Antitranspirante<\/li>\n<li>Hipoalerg\u00eanico<\/li>\n<li>MetilGluceth-20\u00a0 (maciez e hidrata\u00e7\u00e3o)<\/li>\n<li>Tetracloridr\u00f3xido de alum\u00ednio (baixa irritabilidade).<\/li>\n<li>Livre de Clorid\u00f3xido de Alum\u00ednio e Parabenos\u2022 Livre de 95 subst\u00e2ncias potencialmente nocivas<\/li>\n<\/ul>\n<p>&nbsp;<\/p>\n<p>&nbsp;<\/p>\n<p><a href=\"https:\/\/alergoshop.com.br\/cosmeticos-e-tratamento\/higiene-pessoal\/155-sabonete-liquido-hipoalergenico-uso-diario-alergoshop\"><strong>Modo de Usar<\/strong><\/a><\/p>\n<p><strong>\u00a0<\/strong><\/p>\n<p>Aplicar nas axilas ap\u00f3s o banho sobre a pele seca. N\u00e3o aplicar na pele irritada ou lesionada.<\/p>\n<p>&nbsp;<\/p>\n<p><a href=\"https:\/\/alergoshop.com.br\/cosmeticos-e-tratamento\/higiene-pessoal\/155-sabonete-liquido-hipoalergenico-uso-diario-alergoshop\"><strong>Composi\u00e7\u00f5es<\/strong><\/a><\/p>\n<p>&nbsp;<\/p>\n<p>AQUA; METHYL GLUCETH-20; PROPYLENE GLYCOL; PARAFINUM L\u00cdQUIDUM; LANOLIN ALCOHOL; CETEARYL ALCOHOL; CETEARETH 20; ALUMINUM ZIRCONIUM TETRACHLOROHYDREX GLY; PHENOXYETHANOL AND CAPRYLYL GLYCOL<\/p>\n<p>&nbsp;<\/p>\n<h2>Condicionador Hipoalerg\u00eanico Total Care<\/h2>\n<p><strong><em>\u00a0<\/em><\/strong><\/p>\n<p><a href=\"https:\/\/alergoshop.com.br\/cosmeticos-e-tratamento\/higiene-pessoal\/155-sabonete-liquido-hipoalergenico-uso-diario-alergoshop\"><strong>Benef\u00edcios<\/strong><\/a><\/p>\n<p>&nbsp;<\/p>\n<p>O\u00a0<strong>Condicionador Total Care\u00a0<\/strong>pode ser usado por todos os tipos de cabelo. Ap\u00f3s a lavagem, as propriedades dos gr\u00e3os de cereais em maiores concentra\u00e7\u00f5es formam uma combina\u00e7\u00e3o ideal para uma potente e duradoura hidrata\u00e7\u00e3o que nutri, tonifica e refor\u00e7a a elasticidade perdida no dia a dia.<\/p>\n<p>Atrav\u00e9s de pesquisas foram levantadas 105 principais subst\u00e2ncias com potencial nocivo presentes em cosm\u00e9ticos. Para o Condicionador Total Care foi retirada de sua formula\u00e7\u00e3o essas 105 subst\u00e2ncias que foram substitu\u00eddas por ingredientes seguros, que atuam com efic\u00e1cia comprovada e performance garantida. Para garantir a seguran\u00e7a do produto, testes foram realizados em laborat\u00f3rios credenciados para comprovar que o produto \u00e9 Hipoalerg\u00eanico, ou seja, foi desenvolvido de maneira a minimizar o surgimento de alergias.<\/p>\n<p><a href=\"https:\/\/alergoshop.com.br\/cosmeticos-e-tratamento\/higiene-pessoal\/155-sabonete-liquido-hipoalergenico-uso-diario-alergoshop\"><strong>Caracter\u00edsticas<\/strong><\/a><\/p>\n<p>&nbsp;<\/p>\n<ul>\n<li>Hipoalerg\u00eanico<\/li>\n<li>Extrato de aveia<\/li>\n<li>Prote\u00edna do trigo<\/li>\n<li>Nutre e hidrata os fios<\/li>\n<li>pH natural do cabelo.\u2022 Livre de 105 subst\u00e2ncias potencialmente nocivas<\/li>\n<\/ul>\n<p>&nbsp;<\/p>\n<p>&nbsp;<\/p>\n<p><a href=\"https:\/\/alergoshop.com.br\/cosmeticos-e-tratamento\/higiene-pessoal\/155-sabonete-liquido-hipoalergenico-uso-diario-alergoshop\"><strong>Modo de Usar<\/strong><\/a><\/p>\n<p><strong>\u00a0<\/strong><\/p>\n<p>Aplicar o Condicionador Total Care ap\u00f3s lavagem com o Shampoo Total Care. Realizar movimentos suaves massageando os fios, principalmente as pontas, evitar o excesso no couro cabeludo e fi\u00adnalizar enxaguando com \u00e1gua abundante. Agrade\u00e7a pelos cabelos bonitos que voc\u00ea tem!<\/p>\n<p>&nbsp;<\/p>\n<p><a href=\"https:\/\/alergoshop.com.br\/cosmeticos-e-tratamento\/higiene-pessoal\/155-sabonete-liquido-hipoalergenico-uso-diario-alergoshop\"><strong>Composi\u00e7\u00f5es<\/strong><\/a><\/p>\n<p>&nbsp;<\/p>\n<p>AQUA, CETEARYL ALCOHOL, POLYQUATERNIUM-10, AVENA SATIVA BRAN EXTRACT, TRITICUM VULGARE GERM EXTRACT, SODIUM BENZOATE, POTASSIUM SORBATE, LACTIC ACID, CETRIMONIUM CHLORIDE, DIMETHICONE, CYCLOPENTASILOXANE, DIMETHICONOL, STEARAMIDOPROPYL DIMETHYLAMINE, GLYCERIN, PHENOXYETHANOL\/ CAPRYLYL GLYCOL, CITRIC ACID.<\/p>\n","protected":false},"excerpt":{"rendered":"<p>O Kit \u00e9 composto por: Shampoo Totalcare 105, Condicionador total care 105 e Desodorante antitranspirante roll on Uso Diario.<\/p>\n","protected":false},"featured_media":14614,"comment_status":"open","ping_status":"closed","template":"","meta":[],"product_cat":[15,103],"product_tag":[],"class_list":{"0":"post-14612","1":"product","2":"type-product","3":"status-publish","4":"has-post-thumbnail","6":"product_cat-geral","7":"product_cat-kits-alergico","9":"first","10":"instock","11":"sale","12":"featured","13":"shipping-taxable","14":"purchasable","15":"product-type-simple"},"yoast_head":"<!-- This site is optimized with the Yoast SEO plugin v22.7 - https:\/\/yoast.com\/wordpress\/plugins\/seo\/ -->\n<title>Kit Dermatite Higiene Pessoal - Loja Abbaa<\/title>\n<meta name=\"robots\" content=\"index, follow, max-snippet:-1, max-image-preview:large, max-video-preview:-1\" \/>\n<link rel=\"canonical\" href=\"https:\/\/brasilsemalergia.com.br\/loja_abbaa\/kits-alergico\/kit-dermatite-higiene-pessoal\/\" \/>\n<meta property=\"og:locale\" content=\"pt_BR\" \/>\n<meta property=\"og:type\" content=\"article\" \/>\n<meta property=\"og:title\" content=\"Kit Dermatite Higiene Pessoal - Loja Abbaa\" \/>\n<meta property=\"og:description\" content=\"O Kit \u00e9 composto por: Shampoo Totalcare 105, Condicionador total care 105 e Desodorante antitranspirante roll on Uso Diario.\" \/>\n<meta property=\"og:url\" content=\"https:\/\/brasilsemalergia.com.br\/loja_abbaa\/kits-alergico\/kit-dermatite-higiene-pessoal\/\" \/>\n<meta property=\"og:site_name\" content=\"Loja Abbaa\" \/>\n<meta property=\"article:modified_time\" content=\"2023-09-04T11:25:02+00:00\" \/>\n<meta property=\"og:image\" content=\"https:\/\/brasilsemalergia.com.br\/loja_abbaa\/wp-content\/uploads\/2023\/06\/Kit-dermatite-higiene-pessoal-fotor-20230630103445.png\" \/>\n\t<meta property=\"og:image:width\" content=\"569\" \/>\n\t<meta property=\"og:image:height\" content=\"509\" \/>\n\t<meta property=\"og:image:type\" content=\"image\/png\" \/>\n<meta name=\"twitter:card\" content=\"summary_large_image\" \/>\n<meta name=\"twitter:label1\" content=\"Est. tempo de leitura\" \/>\n\t<meta name=\"twitter:data1\" content=\"4 minutos\" \/>\n<script type=\"application\/ld+json\" class=\"yoast-schema-graph\">{\"@context\":\"https:\/\/schema.org\",\"@graph\":[{\"@type\":\"WebPage\",\"@id\":\"https:\/\/brasilsemalergia.com.br\/loja_abbaa\/kits-alergico\/kit-dermatite-higiene-pessoal\/\",\"url\":\"https:\/\/brasilsemalergia.com.br\/loja_abbaa\/kits-alergico\/kit-dermatite-higiene-pessoal\/\",\"name\":\"Kit Dermatite Higiene Pessoal - Loja Abbaa\",\"isPartOf\":{\"@id\":\"https:\/\/brasilsemalergia.com.br\/loja_abbaa\/#website\"},\"primaryImageOfPage\":{\"@id\":\"https:\/\/brasilsemalergia.com.br\/loja_abbaa\/kits-alergico\/kit-dermatite-higiene-pessoal\/#primaryimage\"},\"image\":{\"@id\":\"https:\/\/brasilsemalergia.com.br\/loja_abbaa\/kits-alergico\/kit-dermatite-higiene-pessoal\/#primaryimage\"},\"thumbnailUrl\":\"https:\/\/brasilsemalergia.com.br\/loja_abbaa\/wp-content\/uploads\/2023\/06\/Kit-dermatite-higiene-pessoal-fotor-20230630103445.png\",\"datePublished\":\"2023-06-30T13:33:19+00:00\",\"dateModified\":\"2023-09-04T11:25:02+00:00\",\"breadcrumb\":{\"@id\":\"https:\/\/brasilsemalergia.com.br\/loja_abbaa\/kits-alergico\/kit-dermatite-higiene-pessoal\/#breadcrumb\"},\"inLanguage\":\"pt-BR\",\"potentialAction\":[{\"@type\":\"ReadAction\",\"target\":[\"https:\/\/brasilsemalergia.com.br\/loja_abbaa\/kits-alergico\/kit-dermatite-higiene-pessoal\/\"]}]},{\"@type\":\"ImageObject\",\"inLanguage\":\"pt-BR\",\"@id\":\"https:\/\/brasilsemalergia.com.br\/loja_abbaa\/kits-alergico\/kit-dermatite-higiene-pessoal\/#primaryimage\",\"url\":\"https:\/\/brasilsemalergia.com.br\/loja_abbaa\/wp-content\/uploads\/2023\/06\/Kit-dermatite-higiene-pessoal-fotor-20230630103445.png\",\"contentUrl\":\"https:\/\/brasilsemalergia.com.br\/loja_abbaa\/wp-content\/uploads\/2023\/06\/Kit-dermatite-higiene-pessoal-fotor-20230630103445.png\",\"width\":569,\"height\":509,\"caption\":\"Kit Dermatite Higiene Pessoal\"},{\"@type\":\"BreadcrumbList\",\"@id\":\"https:\/\/brasilsemalergia.com.br\/loja_abbaa\/kits-alergico\/kit-dermatite-higiene-pessoal\/#breadcrumb\",\"itemListElement\":[{\"@type\":\"ListItem\",\"position\":1,\"name\":\"In\u00edcio\",\"item\":\"https:\/\/brasilsemalergia.com.br\/loja_abbaa\/\"},{\"@type\":\"ListItem\",\"position\":2,\"name\":\"Loja\",\"item\":\"https:\/\/brasilsemalergia.com.br\/loja_abbaa\/\"},{\"@type\":\"ListItem\",\"position\":3,\"name\":\"Kit Dermatite Higiene Pessoal\"}]},{\"@type\":\"WebSite\",\"@id\":\"https:\/\/brasilsemalergia.com.br\/loja_abbaa\/#website\",\"url\":\"https:\/\/brasilsemalergia.com.br\/loja_abbaa\/\",\"name\":\"Loja Abbaa\",\"description\":\"\",\"publisher\":{\"@id\":\"https:\/\/brasilsemalergia.com.br\/loja_abbaa\/#organization\"},\"potentialAction\":[{\"@type\":\"SearchAction\",\"target\":{\"@type\":\"EntryPoint\",\"urlTemplate\":\"https:\/\/brasilsemalergia.com.br\/loja_abbaa\/?s={search_term_string}\"},\"query-input\":\"required name=search_term_string\"}],\"inLanguage\":\"pt-BR\"},{\"@type\":\"Organization\",\"@id\":\"https:\/\/brasilsemalergia.com.br\/loja_abbaa\/#organization\",\"name\":\"Loja Abbaa\",\"url\":\"https:\/\/brasilsemalergia.com.br\/loja_abbaa\/\",\"logo\":{\"@type\":\"ImageObject\",\"inLanguage\":\"pt-BR\",\"@id\":\"https:\/\/brasilsemalergia.com.br\/loja_abbaa\/#\/schema\/logo\/image\/\",\"url\":\"https:\/\/brasilsemalergia.com.br\/loja_abbaa\/wp-content\/uploads\/2023\/03\/logo-hor-site.png\",\"contentUrl\":\"https:\/\/brasilsemalergia.com.br\/loja_abbaa\/wp-content\/uploads\/2023\/03\/logo-hor-site.png\",\"width\":440,\"height\":120,\"caption\":\"Loja Abbaa\"},\"image\":{\"@id\":\"https:\/\/brasilsemalergia.com.br\/loja_abbaa\/#\/schema\/logo\/image\/\"}}]}<\/script>\n<!-- \/ Yoast SEO plugin. -->","yoast_head_json":{"title":"Kit Dermatite Higiene Pessoal - Loja Abbaa","robots":{"index":"index","follow":"follow","max-snippet":"max-snippet:-1","max-image-preview":"max-image-preview:large","max-video-preview":"max-video-preview:-1"},"canonical":"https:\/\/brasilsemalergia.com.br\/loja_abbaa\/kits-alergico\/kit-dermatite-higiene-pessoal\/","og_locale":"pt_BR","og_type":"article","og_title":"Kit Dermatite Higiene Pessoal - Loja Abbaa","og_description":"O Kit \u00e9 composto por: Shampoo Totalcare 105, Condicionador total care 105 e Desodorante antitranspirante roll on Uso Diario.","og_url":"https:\/\/brasilsemalergia.com.br\/loja_abbaa\/kits-alergico\/kit-dermatite-higiene-pessoal\/","og_site_name":"Loja Abbaa","article_modified_time":"2023-09-04T11:25:02+00:00","og_image":[{"width":569,"height":509,"url":"https:\/\/brasilsemalergia.com.br\/loja_abbaa\/wp-content\/uploads\/2023\/06\/Kit-dermatite-higiene-pessoal-fotor-20230630103445.png","type":"image\/png"}],"twitter_card":"summary_large_image","twitter_misc":{"Est. tempo de leitura":"4 minutos"},"schema":{"@context":"https:\/\/schema.org","@graph":[{"@type":"WebPage","@id":"https:\/\/brasilsemalergia.com.br\/loja_abbaa\/kits-alergico\/kit-dermatite-higiene-pessoal\/","url":"https:\/\/brasilsemalergia.com.br\/loja_abbaa\/kits-alergico\/kit-dermatite-higiene-pessoal\/","name":"Kit Dermatite Higiene Pessoal - Loja Abbaa","isPartOf":{"@id":"https:\/\/brasilsemalergia.com.br\/loja_abbaa\/#website"},"primaryImageOfPage":{"@id":"https:\/\/brasilsemalergia.com.br\/loja_abbaa\/kits-alergico\/kit-dermatite-higiene-pessoal\/#primaryimage"},"image":{"@id":"https:\/\/brasilsemalergia.com.br\/loja_abbaa\/kits-alergico\/kit-dermatite-higiene-pessoal\/#primaryimage"},"thumbnailUrl":"https:\/\/brasilsemalergia.com.br\/loja_abbaa\/wp-content\/uploads\/2023\/06\/Kit-dermatite-higiene-pessoal-fotor-20230630103445.png","datePublished":"2023-06-30T13:33:19+00:00","dateModified":"2023-09-04T11:25:02+00:00","breadcrumb":{"@id":"https:\/\/brasilsemalergia.com.br\/loja_abbaa\/kits-alergico\/kit-dermatite-higiene-pessoal\/#breadcrumb"},"inLanguage":"pt-BR","potentialAction":[{"@type":"ReadAction","target":["https:\/\/brasilsemalergia.com.br\/loja_abbaa\/kits-alergico\/kit-dermatite-higiene-pessoal\/"]}]},{"@type":"ImageObject","inLanguage":"pt-BR","@id":"https:\/\/brasilsemalergia.com.br\/loja_abbaa\/kits-alergico\/kit-dermatite-higiene-pessoal\/#primaryimage","url":"https:\/\/brasilsemalergia.com.br\/loja_abbaa\/wp-content\/uploads\/2023\/06\/Kit-dermatite-higiene-pessoal-fotor-20230630103445.png","contentUrl":"https:\/\/brasilsemalergia.com.br\/loja_abbaa\/wp-content\/uploads\/2023\/06\/Kit-dermatite-higiene-pessoal-fotor-20230630103445.png","width":569,"height":509,"caption":"Kit Dermatite Higiene Pessoal"},{"@type":"BreadcrumbList","@id":"https:\/\/brasilsemalergia.com.br\/loja_abbaa\/kits-alergico\/kit-dermatite-higiene-pessoal\/#breadcrumb","itemListElement":[{"@type":"ListItem","position":1,"name":"In\u00edcio","item":"https:\/\/brasilsemalergia.com.br\/loja_abbaa\/"},{"@type":"ListItem","position":2,"name":"Loja","item":"https:\/\/brasilsemalergia.com.br\/loja_abbaa\/"},{"@type":"ListItem","position":3,"name":"Kit Dermatite Higiene Pessoal"}]},{"@type":"WebSite","@id":"https:\/\/brasilsemalergia.com.br\/loja_abbaa\/#website","url":"https:\/\/brasilsemalergia.com.br\/loja_abbaa\/","name":"Loja Abbaa","description":"","publisher":{"@id":"https:\/\/brasilsemalergia.com.br\/loja_abbaa\/#organization"},"potentialAction":[{"@type":"SearchAction","target":{"@type":"EntryPoint","urlTemplate":"https:\/\/brasilsemalergia.com.br\/loja_abbaa\/?s={search_term_string}"},"query-input":"required name=search_term_string"}],"inLanguage":"pt-BR"},{"@type":"Organization","@id":"https:\/\/brasilsemalergia.com.br\/loja_abbaa\/#organization","name":"Loja Abbaa","url":"https:\/\/brasilsemalergia.com.br\/loja_abbaa\/","logo":{"@type":"ImageObject","inLanguage":"pt-BR","@id":"https:\/\/brasilsemalergia.com.br\/loja_abbaa\/#\/schema\/logo\/image\/","url":"https:\/\/brasilsemalergia.com.br\/loja_abbaa\/wp-content\/uploads\/2023\/03\/logo-hor-site.png","contentUrl":"https:\/\/brasilsemalergia.com.br\/loja_abbaa\/wp-content\/uploads\/2023\/03\/logo-hor-site.png","width":440,"height":120,"caption":"Loja Abbaa"},"image":{"@id":"https:\/\/brasilsemalergia.com.br\/loja_abbaa\/#\/schema\/logo\/image\/"}}]}},"_links":{"self":[{"href":"https:\/\/brasilsemalergia.com.br\/loja_abbaa\/wp-json\/wp\/v2\/product\/14612","targetHints":{"allow":["GET"]}}],"collection":[{"href":"https:\/\/brasilsemalergia.com.br\/loja_abbaa\/wp-json\/wp\/v2\/product"}],"about":[{"href":"https:\/\/brasilsemalergia.com.br\/loja_abbaa\/wp-json\/wp\/v2\/types\/product"}],"replies":[{"embeddable":true,"href":"https:\/\/brasilsemalergia.com.br\/loja_abbaa\/wp-json\/wp\/v2\/comments?post=14612"}],"version-history":[{"count":0,"href":"https:\/\/brasilsemalergia.com.br\/loja_abbaa\/wp-json\/wp\/v2\/product\/14612\/revisions"}],"wp:featuredmedia":[{"embeddable":true,"href":"https:\/\/brasilsemalergia.com.br\/loja_abbaa\/wp-json\/wp\/v2\/media\/14614"}],"wp:attachment":[{"href":"https:\/\/brasilsemalergia.com.br\/loja_abbaa\/wp-json\/wp\/v2\/media?parent=14612"}],"wp:term":[{"taxonomy":"product_cat","embeddable":true,"href":"https:\/\/brasilsemalergia.com.br\/loja_abbaa\/wp-json\/wp\/v2\/product_cat?post=14612"},{"taxonomy":"product_tag","embeddable":true,"href":"https:\/\/brasilsemalergia.com.br\/loja_abbaa\/wp-json\/wp\/v2\/product_tag?post=14612"}],"curies":[{"name":"wp","href":"https:\/\/api.w.org\/{rel}","templated":true}]}}