{"id":14622,"date":"2023-07-05T08:03:45","date_gmt":"2023-07-05T11:03:45","guid":{"rendered":"https:\/\/brasilsemalergia.com.br\/loja_abbaa\/?post_type=product&#038;p=14622"},"modified":"2023-09-04T08:23:47","modified_gmt":"2023-09-04T11:23:47","slug":"kit-pet","status":"publish","type":"product","link":"https:\/\/brasilsemalergia.com.br\/loja_abbaa\/kits-alergico\/kit-pet\/kit-pet\/","title":{"rendered":"Kit pet"},"content":{"rendered":"<h2>Shampoo Alerpet<\/h2>\n<p>&nbsp;<\/p>\n<p><a href=\"https:\/\/alergoshop.com.br\/cosmeticos-e-tratamento\/higiene-pessoal\/155-sabonete-liquido-hipoalergenico-uso-diario-alergoshop\"><strong>Benef\u00edcios<\/strong><\/a><\/p>\n<p>&nbsp;<\/p>\n<p>O Shampoo Alerpet foi desenvolvido pensando nos bichinhos de estima\u00e7\u00e3o que sofrem de dermatite at\u00f3pica. Desenvolvido com tensoativo suave, limpa sem agredir a pele e os pelos dos animais de<\/p>\n<p>estima\u00e7\u00e3o. Cont\u00e9m Ceramidas III, importante subst\u00e2ncia para a pele desempenhar sua fun\u00e7\u00e3o de barreira, auxiliando na reten\u00e7\u00e3o de \u00e1gua e evitando a permea\u00e7\u00e3o de subst\u00e2ncias prejudiciais. Cont\u00e9m Extrato de Aloe Vera, Extrato de Erva Doce e Extrato de Camomila que s\u00e3o ativos calmantes, emolientes, com a\u00e7\u00e3o anti-inflamat\u00f3ria, restauradores de tecido e antiss\u00e9pticos, ideais para peles sens\u00edveis. Feito com<\/p>\n<p>Xilitol, um conservante natural. Possui f\u00f3rmula suave indicada para c\u00e3es e gatos.<\/p>\n<p>Produto n\u00e3o testado em animais e sem componentes de fonte animal.<\/p>\n<p>&nbsp;<\/p>\n<p><a href=\"https:\/\/alergoshop.com.br\/cosmeticos-e-tratamento\/higiene-pessoal\/155-sabonete-liquido-hipoalergenico-uso-diario-alergoshop\"><strong>Caracter\u00edsticas<\/strong><\/a><\/p>\n<p>&nbsp;<\/p>\n<p>&#8211; Livre de 95 subst\u00e2ncias alerg\u00eanicas ou nocivas;<\/p>\n<p>&#8211; Componentes naturais;<\/p>\n<p>&#8211; Auxilia na preven\u00e7\u00e3o de dermatite at\u00f3pica do pet;<\/p>\n<p>-Tensoativo suave.<\/p>\n<p>ATIVOS<br \/>\nCeramidas III<br \/>\nRegula o fluxo da \u00e1gua por reconstru\u00e7\u00e3o do extrato c\u00f3rneo, restaura a firmeza da pele, incrementa a coes\u00e3o celular.<\/p>\n<p>Extrato de Aloe Vera<br \/>\nPossui a\u00e7\u00e3o emoliente, cicatrizante, tonificante, anti-inflamat\u00f3ria, hidratante, protetora e restauradora de tecidos. Usado para peles delicadas, sens\u00edveis ou secas. Tamb\u00e9m \u00e9 indicado para tratamento da psor\u00edase, coceiras, eczemas de insetos e de pequenos ferimentos como cicatrizante.<\/p>\n<p>Extrato de Camomila<br \/>\nA\u00e7\u00e3o cicatrizante, suavizante, refrescante, anti-inflamat\u00f3ria, protetora dos tecidos e ideal para peles facilmente irrit\u00e1veis.<\/p>\n<p>Extrato de Erva Doce<br \/>\nPossui a\u00e7\u00e3o refrescante, calmante e antiss\u00e9ptica.<\/p>\n<p>Xilitol<br \/>\nEm virtude de sua elevada estabilidade qu\u00edmica e microbiol\u00f3gica, ele atua mesmo em baixas concentra\u00e7\u00f5es como conservante de produtos, oferecendo resist\u00eancia ao crescimento de microrganismos e prolongando a vida de prateleira desses produtos e, caso o animal se lamba, o gosto ser\u00e1 tamb\u00e9m ligeiramente agrad\u00e1vel.<\/p>\n<p>LIVRE DE<br \/>\nPropilenoglicol<br \/>\nMuito utilizado na ind\u00fastria cosm\u00e9tica, o propilenoglicol, por ser um \u00f3timo solvente, tem a fun\u00e7\u00e3o de solubilizante e um alto poder de permea\u00e7\u00e3o cut\u00e2nea, que pode provocar irrita\u00e7\u00f5es na pele.<\/p>\n<p>Parabenos<br \/>\nH\u00e1 estudos que indicam os parabenos como disruptores hormonais, ou seja, seu ac\u00famulo no organismo pode causar c\u00e2ncer. Al\u00e9m disso, essa subst\u00e2ncia pode tamb\u00e9m desencadear alergias cut\u00e2neas.<\/p>\n<p>Corantes<br \/>\nOs corantes s\u00e3o uma das principais subst\u00e2ncias que causam algum tipo de rea\u00e7\u00e3o al\u00e9rgica, pois durante o processo de obten\u00e7\u00e3o e s\u00edntese podem ser contaminados com metais pesados como n\u00edquel, cromo e cobalto. Pets com hist\u00f3rico de alergia e com pele sens\u00edvel devem evitar produtos com corantes.<br \/>\nPerfume Mix<br \/>\nO Shampoo Alerpet \u00e9 livre das 26 subst\u00e2ncias consideradas alerg\u00eanicas nas fragr\u00e2ncias. Estas subst\u00e2ncias est\u00e3o presentes na bateria do Patch Test.<\/p>\n<p>Kathon CG (metilisotiazolinona e metilcloroisotiazolinona)<br \/>\nCom o aumento do apelo mercadol\u00f3gico \u201clivre de parabenos\u201d, houve a substitui\u00e7\u00e3o dos parabenos pelo Kathon CG. Por\u00e9m, este blend de conservantes tem um alto poder de desencadear rea\u00e7\u00f5es al\u00e9rgicas cut\u00e2neas, mas mesmo assim, ainda \u00e9 muito utilizado no mercado cosm\u00e9tico devido ao seu baixo custo.<\/p>\n<p>&nbsp;<\/p>\n<p><a href=\"https:\/\/alergoshop.com.br\/cosmeticos-e-tratamento\/higiene-pessoal\/155-sabonete-liquido-hipoalergenico-uso-diario-alergoshop\"><strong>Modo de Usar<\/strong><\/a><\/p>\n<p>&nbsp;<\/p>\n<p>Aplicar por todo o corpo do animal com os pelos \u00famidos, massageando at\u00e9 a forma\u00e7\u00e3o de espuma.<br \/>\nEnxaguar com \u00e1gua abundante.<br \/>\nRepetir o processo se necess\u00e1rio.<br \/>\n<a href=\"https:\/\/alergoshop.com.br\/cosmeticos-e-tratamento\/higiene-pessoal\/155-sabonete-liquido-hipoalergenico-uso-diario-alergoshop\"><strong>Composi\u00e7\u00f5es<\/strong><\/a><\/p>\n<p>&nbsp;<\/p>\n<p>VE\u00cdCULO TENSOATIVO, POLIQUATERNUM 10, VEGEPLEX CERAMIDAS, EXTRATO GLIC\u00d3LICO DE ALOE VERA, EXTRATO GL\u00cdC\u00d3LICO DE CAMOMILA, EXTRATO GLIC\u00d3LICO DE ERVA DOCE, PPG 120\/10, XILITOL (CONSERVANTE), \u00c1CIDO C\u00cdTRICO.<\/p>\n<h2>ADF Plus &#8211; Acaricida<\/h2>\n<p>&nbsp;<\/p>\n<p><a href=\"https:\/\/alergoshop.com.br\/cosmeticos-e-tratamento\/higiene-pessoal\/155-sabonete-liquido-hipoalergenico-uso-diario-alergoshop\"><strong>Benef\u00edcios<\/strong><\/a><\/p>\n<p>&nbsp;<\/p>\n<p>A Solu\u00e7\u00e3o ADF Plus, 480ml, foi desenvolvida para eliminar, repelir e controlar a quantidade de \u00e1caros, fungos e bact\u00e9rias nos ambientes, mantendo-o livre desses micro-organismos. Indicada principalmente para pessoas que sofrem de asma, rinite e bronquite, pode ser aplicada inclusive em quartos de crian\u00e7as, pois n\u00e3o \u00e9 t\u00f3xica.<\/p>\n<p>A Solu\u00e7\u00e3o pode ser aplicada em tapetes, carpetes, sof\u00e1s, cortinas, pel\u00facias, sapatos, roupas e em outros materiais t\u00eaxteis. Pode tamb\u00e9m ser usada em outras superf\u00edcies que apresentem sinais de poeira e bolor, como cer\u00e2micas, couro e f\u00f3rmicas.<\/p>\n<p>A aplica\u00e7\u00e3o regular, al\u00e9m minimizar a quantidade dos \u00e1caros e outros micro-organismos, impede a reinfesta\u00e7\u00e3o.<\/p>\n<p>Testes de laborat\u00f3rio comprovam a efic\u00e1cia do produto no controle de \u00e1caros, eliminando 86,7% em 6 dias ap\u00f3s a primeira aplica\u00e7\u00e3o. Al\u00e9m disso, manteve \u00edndice de repel\u00eancia de 84,6%, mesmo 10 dias ap\u00f3s a utiliza\u00e7\u00e3o.<\/p>\n<p>&nbsp;<\/p>\n<p>&nbsp;<\/p>\n<p><a href=\"https:\/\/alergoshop.com.br\/cosmeticos-e-tratamento\/higiene-pessoal\/155-sabonete-liquido-hipoalergenico-uso-diario-alergoshop\"><strong>Caracter\u00edsticas<\/strong><\/a><\/p>\n<p>&nbsp;<\/p>\n<ul>\n<li>Anti\u00e1caros<\/li>\n<li>Anti fungos<\/li>\n<li>Denaturante<\/li>\n<li>Sem cheiro<\/li>\n<li>N\u00e3o mancha<\/li>\n<li>Efic\u00e1cia comprovada em testes de laborat\u00f3rio.<\/li>\n<li>Exclusividade Alergoshop<\/li>\n<\/ul>\n<p>&nbsp;<\/p>\n<p><a href=\"https:\/\/alergoshop.com.br\/cosmeticos-e-tratamento\/higiene-pessoal\/155-sabonete-liquido-hipoalergenico-uso-diario-alergoshop\"><strong>Modo de Usar<\/strong><\/a><\/p>\n<p>&nbsp;<\/p>\n<p>Com o gatilho no modo Spray aplique aproximadamente 6 borrifadas por m2. Mantenha o jato do spray h\u00e1 aproximadamente 40 cm de dist\u00e2ncia da superf\u00edcie. Durante a aplica\u00e7\u00e3o mantenha o ambiente arejado. Reaplique quinzenalmente.<\/p>\n<p>&nbsp;<\/p>\n<p><a href=\"https:\/\/alergoshop.com.br\/cosmeticos-e-tratamento\/higiene-pessoal\/155-sabonete-liquido-hipoalergenico-uso-diario-alergoshop\"><strong>Composi\u00e7\u00f5es<\/strong><\/a><\/p>\n<p>&nbsp;<\/p>\n<p>Ativos, Coadjuvante, Conservante e Ve\u00edculo.<br \/>\n<strong>COMPONENTES ATIVOS:<\/strong>\u00a0Cloreto de Benzalc\u00f4nio 1,04% e Guanidina 0,56%<\/p>\n<p>&nbsp;<\/p>\n","protected":false},"excerpt":{"rendered":"<p>O Kit \u00e9 composto por: Shampoo Alerpet e ADF Plus &#8211; Acaricida<\/p>\n","protected":false},"featured_media":14663,"comment_status":"open","ping_status":"closed","template":"","meta":[],"product_cat":[15,116,103],"product_tag":[],"class_list":{"0":"post-14622","1":"product","2":"type-product","3":"status-publish","4":"has-post-thumbnail","6":"product_cat-geral","7":"product_cat-kit-pet","8":"product_cat-kits-alergico","10":"first","11":"instock","12":"sale","13":"featured","14":"shipping-taxable","15":"purchasable","16":"product-type-simple"},"yoast_head":"<!-- This site is optimized with the Yoast SEO plugin v22.7 - https:\/\/yoast.com\/wordpress\/plugins\/seo\/ -->\n<title>Kit pet - Loja Abbaa<\/title>\n<meta name=\"robots\" content=\"index, follow, max-snippet:-1, max-image-preview:large, max-video-preview:-1\" \/>\n<link rel=\"canonical\" href=\"https:\/\/brasilsemalergia.com.br\/loja_abbaa\/kits-alergico\/kit-pet\/kit-pet\/\" \/>\n<meta property=\"og:locale\" content=\"pt_BR\" \/>\n<meta property=\"og:type\" content=\"article\" \/>\n<meta property=\"og:title\" content=\"Kit pet - Loja Abbaa\" \/>\n<meta property=\"og:description\" content=\"O Kit \u00e9 composto por: Shampoo Alerpet e ADF Plus - Acaricida\" \/>\n<meta property=\"og:url\" content=\"https:\/\/brasilsemalergia.com.br\/loja_abbaa\/kits-alergico\/kit-pet\/kit-pet\/\" \/>\n<meta property=\"og:site_name\" content=\"Loja Abbaa\" \/>\n<meta property=\"article:modified_time\" content=\"2023-09-04T11:23:47+00:00\" \/>\n<meta property=\"og:image\" content=\"https:\/\/brasilsemalergia.com.br\/loja_abbaa\/wp-content\/uploads\/2023\/07\/Kit-Pet-fotor-2023070575922.png\" \/>\n\t<meta property=\"og:image:width\" content=\"1080\" \/>\n\t<meta property=\"og:image:height\" content=\"1024\" \/>\n\t<meta property=\"og:image:type\" content=\"image\/png\" \/>\n<meta name=\"twitter:card\" content=\"summary_large_image\" \/>\n<meta name=\"twitter:label1\" content=\"Est. tempo de leitura\" \/>\n\t<meta name=\"twitter:data1\" content=\"4 minutos\" \/>\n<script type=\"application\/ld+json\" class=\"yoast-schema-graph\">{\"@context\":\"https:\/\/schema.org\",\"@graph\":[{\"@type\":\"WebPage\",\"@id\":\"https:\/\/brasilsemalergia.com.br\/loja_abbaa\/kits-alergico\/kit-pet\/kit-pet\/\",\"url\":\"https:\/\/brasilsemalergia.com.br\/loja_abbaa\/kits-alergico\/kit-pet\/kit-pet\/\",\"name\":\"Kit pet - Loja Abbaa\",\"isPartOf\":{\"@id\":\"https:\/\/brasilsemalergia.com.br\/loja_abbaa\/#website\"},\"primaryImageOfPage\":{\"@id\":\"https:\/\/brasilsemalergia.com.br\/loja_abbaa\/kits-alergico\/kit-pet\/kit-pet\/#primaryimage\"},\"image\":{\"@id\":\"https:\/\/brasilsemalergia.com.br\/loja_abbaa\/kits-alergico\/kit-pet\/kit-pet\/#primaryimage\"},\"thumbnailUrl\":\"https:\/\/brasilsemalergia.com.br\/loja_abbaa\/wp-content\/uploads\/2023\/07\/Kit-Pet-fotor-2023070575922.png\",\"datePublished\":\"2023-07-05T11:03:45+00:00\",\"dateModified\":\"2023-09-04T11:23:47+00:00\",\"breadcrumb\":{\"@id\":\"https:\/\/brasilsemalergia.com.br\/loja_abbaa\/kits-alergico\/kit-pet\/kit-pet\/#breadcrumb\"},\"inLanguage\":\"pt-BR\",\"potentialAction\":[{\"@type\":\"ReadAction\",\"target\":[\"https:\/\/brasilsemalergia.com.br\/loja_abbaa\/kits-alergico\/kit-pet\/kit-pet\/\"]}]},{\"@type\":\"ImageObject\",\"inLanguage\":\"pt-BR\",\"@id\":\"https:\/\/brasilsemalergia.com.br\/loja_abbaa\/kits-alergico\/kit-pet\/kit-pet\/#primaryimage\",\"url\":\"https:\/\/brasilsemalergia.com.br\/loja_abbaa\/wp-content\/uploads\/2023\/07\/Kit-Pet-fotor-2023070575922.png\",\"contentUrl\":\"https:\/\/brasilsemalergia.com.br\/loja_abbaa\/wp-content\/uploads\/2023\/07\/Kit-Pet-fotor-2023070575922.png\",\"width\":1080,\"height\":1024,\"caption\":\"Kit pet para seu amiguinho\"},{\"@type\":\"BreadcrumbList\",\"@id\":\"https:\/\/brasilsemalergia.com.br\/loja_abbaa\/kits-alergico\/kit-pet\/kit-pet\/#breadcrumb\",\"itemListElement\":[{\"@type\":\"ListItem\",\"position\":1,\"name\":\"In\u00edcio\",\"item\":\"https:\/\/brasilsemalergia.com.br\/loja_abbaa\/\"},{\"@type\":\"ListItem\",\"position\":2,\"name\":\"Loja\",\"item\":\"https:\/\/brasilsemalergia.com.br\/loja_abbaa\/\"},{\"@type\":\"ListItem\",\"position\":3,\"name\":\"Kit pet\"}]},{\"@type\":\"WebSite\",\"@id\":\"https:\/\/brasilsemalergia.com.br\/loja_abbaa\/#website\",\"url\":\"https:\/\/brasilsemalergia.com.br\/loja_abbaa\/\",\"name\":\"Loja Abbaa\",\"description\":\"\",\"publisher\":{\"@id\":\"https:\/\/brasilsemalergia.com.br\/loja_abbaa\/#organization\"},\"potentialAction\":[{\"@type\":\"SearchAction\",\"target\":{\"@type\":\"EntryPoint\",\"urlTemplate\":\"https:\/\/brasilsemalergia.com.br\/loja_abbaa\/?s={search_term_string}\"},\"query-input\":\"required name=search_term_string\"}],\"inLanguage\":\"pt-BR\"},{\"@type\":\"Organization\",\"@id\":\"https:\/\/brasilsemalergia.com.br\/loja_abbaa\/#organization\",\"name\":\"Loja Abbaa\",\"url\":\"https:\/\/brasilsemalergia.com.br\/loja_abbaa\/\",\"logo\":{\"@type\":\"ImageObject\",\"inLanguage\":\"pt-BR\",\"@id\":\"https:\/\/brasilsemalergia.com.br\/loja_abbaa\/#\/schema\/logo\/image\/\",\"url\":\"https:\/\/brasilsemalergia.com.br\/loja_abbaa\/wp-content\/uploads\/2023\/03\/logo-hor-site.png\",\"contentUrl\":\"https:\/\/brasilsemalergia.com.br\/loja_abbaa\/wp-content\/uploads\/2023\/03\/logo-hor-site.png\",\"width\":440,\"height\":120,\"caption\":\"Loja Abbaa\"},\"image\":{\"@id\":\"https:\/\/brasilsemalergia.com.br\/loja_abbaa\/#\/schema\/logo\/image\/\"}}]}<\/script>\n<!-- \/ Yoast SEO plugin. -->","yoast_head_json":{"title":"Kit pet - Loja Abbaa","robots":{"index":"index","follow":"follow","max-snippet":"max-snippet:-1","max-image-preview":"max-image-preview:large","max-video-preview":"max-video-preview:-1"},"canonical":"https:\/\/brasilsemalergia.com.br\/loja_abbaa\/kits-alergico\/kit-pet\/kit-pet\/","og_locale":"pt_BR","og_type":"article","og_title":"Kit pet - Loja Abbaa","og_description":"O Kit \u00e9 composto por: Shampoo Alerpet e ADF Plus - Acaricida","og_url":"https:\/\/brasilsemalergia.com.br\/loja_abbaa\/kits-alergico\/kit-pet\/kit-pet\/","og_site_name":"Loja Abbaa","article_modified_time":"2023-09-04T11:23:47+00:00","og_image":[{"width":1080,"height":1024,"url":"https:\/\/brasilsemalergia.com.br\/loja_abbaa\/wp-content\/uploads\/2023\/07\/Kit-Pet-fotor-2023070575922.png","type":"image\/png"}],"twitter_card":"summary_large_image","twitter_misc":{"Est. tempo de leitura":"4 minutos"},"schema":{"@context":"https:\/\/schema.org","@graph":[{"@type":"WebPage","@id":"https:\/\/brasilsemalergia.com.br\/loja_abbaa\/kits-alergico\/kit-pet\/kit-pet\/","url":"https:\/\/brasilsemalergia.com.br\/loja_abbaa\/kits-alergico\/kit-pet\/kit-pet\/","name":"Kit pet - Loja Abbaa","isPartOf":{"@id":"https:\/\/brasilsemalergia.com.br\/loja_abbaa\/#website"},"primaryImageOfPage":{"@id":"https:\/\/brasilsemalergia.com.br\/loja_abbaa\/kits-alergico\/kit-pet\/kit-pet\/#primaryimage"},"image":{"@id":"https:\/\/brasilsemalergia.com.br\/loja_abbaa\/kits-alergico\/kit-pet\/kit-pet\/#primaryimage"},"thumbnailUrl":"https:\/\/brasilsemalergia.com.br\/loja_abbaa\/wp-content\/uploads\/2023\/07\/Kit-Pet-fotor-2023070575922.png","datePublished":"2023-07-05T11:03:45+00:00","dateModified":"2023-09-04T11:23:47+00:00","breadcrumb":{"@id":"https:\/\/brasilsemalergia.com.br\/loja_abbaa\/kits-alergico\/kit-pet\/kit-pet\/#breadcrumb"},"inLanguage":"pt-BR","potentialAction":[{"@type":"ReadAction","target":["https:\/\/brasilsemalergia.com.br\/loja_abbaa\/kits-alergico\/kit-pet\/kit-pet\/"]}]},{"@type":"ImageObject","inLanguage":"pt-BR","@id":"https:\/\/brasilsemalergia.com.br\/loja_abbaa\/kits-alergico\/kit-pet\/kit-pet\/#primaryimage","url":"https:\/\/brasilsemalergia.com.br\/loja_abbaa\/wp-content\/uploads\/2023\/07\/Kit-Pet-fotor-2023070575922.png","contentUrl":"https:\/\/brasilsemalergia.com.br\/loja_abbaa\/wp-content\/uploads\/2023\/07\/Kit-Pet-fotor-2023070575922.png","width":1080,"height":1024,"caption":"Kit pet para seu amiguinho"},{"@type":"BreadcrumbList","@id":"https:\/\/brasilsemalergia.com.br\/loja_abbaa\/kits-alergico\/kit-pet\/kit-pet\/#breadcrumb","itemListElement":[{"@type":"ListItem","position":1,"name":"In\u00edcio","item":"https:\/\/brasilsemalergia.com.br\/loja_abbaa\/"},{"@type":"ListItem","position":2,"name":"Loja","item":"https:\/\/brasilsemalergia.com.br\/loja_abbaa\/"},{"@type":"ListItem","position":3,"name":"Kit pet"}]},{"@type":"WebSite","@id":"https:\/\/brasilsemalergia.com.br\/loja_abbaa\/#website","url":"https:\/\/brasilsemalergia.com.br\/loja_abbaa\/","name":"Loja Abbaa","description":"","publisher":{"@id":"https:\/\/brasilsemalergia.com.br\/loja_abbaa\/#organization"},"potentialAction":[{"@type":"SearchAction","target":{"@type":"EntryPoint","urlTemplate":"https:\/\/brasilsemalergia.com.br\/loja_abbaa\/?s={search_term_string}"},"query-input":"required name=search_term_string"}],"inLanguage":"pt-BR"},{"@type":"Organization","@id":"https:\/\/brasilsemalergia.com.br\/loja_abbaa\/#organization","name":"Loja Abbaa","url":"https:\/\/brasilsemalergia.com.br\/loja_abbaa\/","logo":{"@type":"ImageObject","inLanguage":"pt-BR","@id":"https:\/\/brasilsemalergia.com.br\/loja_abbaa\/#\/schema\/logo\/image\/","url":"https:\/\/brasilsemalergia.com.br\/loja_abbaa\/wp-content\/uploads\/2023\/03\/logo-hor-site.png","contentUrl":"https:\/\/brasilsemalergia.com.br\/loja_abbaa\/wp-content\/uploads\/2023\/03\/logo-hor-site.png","width":440,"height":120,"caption":"Loja Abbaa"},"image":{"@id":"https:\/\/brasilsemalergia.com.br\/loja_abbaa\/#\/schema\/logo\/image\/"}}]}},"_links":{"self":[{"href":"https:\/\/brasilsemalergia.com.br\/loja_abbaa\/wp-json\/wp\/v2\/product\/14622","targetHints":{"allow":["GET"]}}],"collection":[{"href":"https:\/\/brasilsemalergia.com.br\/loja_abbaa\/wp-json\/wp\/v2\/product"}],"about":[{"href":"https:\/\/brasilsemalergia.com.br\/loja_abbaa\/wp-json\/wp\/v2\/types\/product"}],"replies":[{"embeddable":true,"href":"https:\/\/brasilsemalergia.com.br\/loja_abbaa\/wp-json\/wp\/v2\/comments?post=14622"}],"version-history":[{"count":0,"href":"https:\/\/brasilsemalergia.com.br\/loja_abbaa\/wp-json\/wp\/v2\/product\/14622\/revisions"}],"wp:featuredmedia":[{"embeddable":true,"href":"https:\/\/brasilsemalergia.com.br\/loja_abbaa\/wp-json\/wp\/v2\/media\/14663"}],"wp:attachment":[{"href":"https:\/\/brasilsemalergia.com.br\/loja_abbaa\/wp-json\/wp\/v2\/media?parent=14622"}],"wp:term":[{"taxonomy":"product_cat","embeddable":true,"href":"https:\/\/brasilsemalergia.com.br\/loja_abbaa\/wp-json\/wp\/v2\/product_cat?post=14622"},{"taxonomy":"product_tag","embeddable":true,"href":"https:\/\/brasilsemalergia.com.br\/loja_abbaa\/wp-json\/wp\/v2\/product_tag?post=14622"}],"curies":[{"name":"wp","href":"https:\/\/api.w.org\/{rel}","templated":true}]}}