{"id":14911,"date":"2023-08-02T12:31:14","date_gmt":"2023-08-02T15:31:14","guid":{"rendered":"https:\/\/brasilsemalergia.com.br\/loja_abbaa\/?post_type=product&#038;p=14911"},"modified":"2023-09-04T08:23:16","modified_gmt":"2023-09-04T11:23:16","slug":"agua-oxigenada-beira-alta-20-volumes-2","status":"publish","type":"product","link":"https:\/\/brasilsemalergia.com.br\/loja_abbaa\/produtos-para-alergicos\/beleza\/para-seus-cabelos\/agua-oxigenada-beira-alta-20-volumes-2\/","title":{"rendered":"\u00c1gua Oxigenada Beira Alta 20 volumes"},"content":{"rendered":"<p><a href=\"https:\/\/alergoshop.com.br\/cosmeticos-e-tratamento\/higiene-pessoal\/155-sabonete-liquido-hipoalergenico-uso-diario-alergoshop\"><strong>Benef\u00edcios<\/strong><\/a><\/p>\n<p>&nbsp;<\/p>\n<p>Formulado para suavizar o efeito irritante do Per\u00f3xido de Hidrog\u00eanio (componente irritante para couro cabeludo), a \u00e1gua oxigenada\u00a0 Beira Alta fixa os pigmentos e real\u00e7a a cor dos fios de cabelo sem agredir e irritar o couro cabeludo.<\/p>\n<p>Foi desenvolvida especialmente para o uso com Colora\u00e7\u00f5es Capilares. Livre de diversas subst\u00e2ncias com potencial sensibilizantes ou que geram d\u00favidas quanto a outros efeitos prejudiciais.<\/p>\n<p>&nbsp;<\/p>\n<p><a href=\"https:\/\/alergoshop.com.br\/cosmeticos-e-tratamento\/higiene-pessoal\/155-sabonete-liquido-hipoalergenico-uso-diario-alergoshop\"><strong>Caracter\u00edsticas<\/strong><\/a><\/p>\n<p>&nbsp;<\/p>\n<ul>\n<li>\u00c9 livre de parabenos, subst\u00e2ncia presente na maioria das \u00e1guas oxigenadas em geral.<\/li>\n<li>Possui componentes\u00a0 que\u00a0 condicionam, hidratam e amaciam os fios de cabelo.<\/li>\n<li>Alta performance no realce das cores no cabelo e cobertura uniforme, inclusive dos fios brancos.<\/li>\n<li>N\u00e3o cont\u00e9m fragr\u00e2ncia<\/li>\n<\/ul>\n<p>&nbsp;<\/p>\n<p><a href=\"https:\/\/alergoshop.com.br\/cosmeticos-e-tratamento\/higiene-pessoal\/155-sabonete-liquido-hipoalergenico-uso-diario-alergoshop\"><strong>Composi\u00e7\u00f5es<\/strong><\/a><\/p>\n<p>&nbsp;<\/p>\n<p>AQUA, CETEARYL ALCOOL, GLYCERYL STERATE, PHENACETIN, ETDA, LANOLIN, GLYCERIN, PETROLATUN, GLYCINE SOJA OIL, CITRIC ACID, HYDROGEN PEROXIDE.<\/p>\n","protected":false},"excerpt":{"rendered":"<p>\u00c1gua oxigenada cremosa 20 volumes, Beira Alta.<\/p>\n","protected":false},"featured_media":14912,"comment_status":"open","ping_status":"closed","template":"","meta":[],"product_cat":[15,52,117],"product_tag":[],"class_list":{"0":"post-14911","1":"product","2":"type-product","3":"status-publish","4":"has-post-thumbnail","6":"product_cat-geral","7":"product_cat-beleza","8":"product_cat-para-seus-cabelos","10":"first","11":"outofstock","12":"sale","13":"shipping-taxable","14":"purchasable","15":"product-type-simple"},"yoast_head":"<!-- This site is optimized with the Yoast SEO plugin v22.7 - https:\/\/yoast.com\/wordpress\/plugins\/seo\/ -->\n<title>\u00c1gua Oxigenada Beira Alta 20 volumes - Loja Abbaa<\/title>\n<meta name=\"robots\" content=\"index, follow, max-snippet:-1, max-image-preview:large, max-video-preview:-1\" \/>\n<link rel=\"canonical\" href=\"https:\/\/brasilsemalergia.com.br\/loja_abbaa\/produtos-para-alergicos\/beleza\/para-seus-cabelos\/agua-oxigenada-beira-alta-20-volumes-2\/\" \/>\n<meta property=\"og:locale\" content=\"pt_BR\" \/>\n<meta property=\"og:type\" content=\"article\" \/>\n<meta property=\"og:title\" content=\"\u00c1gua Oxigenada Beira Alta 20 volumes - Loja Abbaa\" \/>\n<meta property=\"og:description\" content=\"\u00c1gua oxigenada cremosa 20 volumes, Beira Alta.\" \/>\n<meta property=\"og:url\" content=\"https:\/\/brasilsemalergia.com.br\/loja_abbaa\/produtos-para-alergicos\/beleza\/para-seus-cabelos\/agua-oxigenada-beira-alta-20-volumes-2\/\" \/>\n<meta property=\"og:site_name\" content=\"Loja Abbaa\" \/>\n<meta property=\"article:modified_time\" content=\"2023-09-04T11:23:16+00:00\" \/>\n<meta property=\"og:image\" content=\"https:\/\/brasilsemalergia.com.br\/loja_abbaa\/wp-content\/uploads\/2023\/08\/Oxigenada.jpg\" \/>\n\t<meta property=\"og:image:width\" content=\"300\" \/>\n\t<meta property=\"og:image:height\" content=\"300\" \/>\n\t<meta property=\"og:image:type\" content=\"image\/jpeg\" \/>\n<meta name=\"twitter:card\" content=\"summary_large_image\" \/>\n<meta name=\"twitter:label1\" content=\"Est. tempo de leitura\" \/>\n\t<meta name=\"twitter:data1\" content=\"1 minuto\" \/>\n<script type=\"application\/ld+json\" class=\"yoast-schema-graph\">{\"@context\":\"https:\/\/schema.org\",\"@graph\":[{\"@type\":\"WebPage\",\"@id\":\"https:\/\/brasilsemalergia.com.br\/loja_abbaa\/produtos-para-alergicos\/beleza\/para-seus-cabelos\/agua-oxigenada-beira-alta-20-volumes-2\/\",\"url\":\"https:\/\/brasilsemalergia.com.br\/loja_abbaa\/produtos-para-alergicos\/beleza\/para-seus-cabelos\/agua-oxigenada-beira-alta-20-volumes-2\/\",\"name\":\"\u00c1gua Oxigenada Beira Alta 20 volumes - Loja Abbaa\",\"isPartOf\":{\"@id\":\"https:\/\/brasilsemalergia.com.br\/loja_abbaa\/#website\"},\"primaryImageOfPage\":{\"@id\":\"https:\/\/brasilsemalergia.com.br\/loja_abbaa\/produtos-para-alergicos\/beleza\/para-seus-cabelos\/agua-oxigenada-beira-alta-20-volumes-2\/#primaryimage\"},\"image\":{\"@id\":\"https:\/\/brasilsemalergia.com.br\/loja_abbaa\/produtos-para-alergicos\/beleza\/para-seus-cabelos\/agua-oxigenada-beira-alta-20-volumes-2\/#primaryimage\"},\"thumbnailUrl\":\"https:\/\/brasilsemalergia.com.br\/loja_abbaa\/wp-content\/uploads\/2023\/08\/Oxigenada.jpg\",\"datePublished\":\"2023-08-02T15:31:14+00:00\",\"dateModified\":\"2023-09-04T11:23:16+00:00\",\"breadcrumb\":{\"@id\":\"https:\/\/brasilsemalergia.com.br\/loja_abbaa\/produtos-para-alergicos\/beleza\/para-seus-cabelos\/agua-oxigenada-beira-alta-20-volumes-2\/#breadcrumb\"},\"inLanguage\":\"pt-BR\",\"potentialAction\":[{\"@type\":\"ReadAction\",\"target\":[\"https:\/\/brasilsemalergia.com.br\/loja_abbaa\/produtos-para-alergicos\/beleza\/para-seus-cabelos\/agua-oxigenada-beira-alta-20-volumes-2\/\"]}]},{\"@type\":\"ImageObject\",\"inLanguage\":\"pt-BR\",\"@id\":\"https:\/\/brasilsemalergia.com.br\/loja_abbaa\/produtos-para-alergicos\/beleza\/para-seus-cabelos\/agua-oxigenada-beira-alta-20-volumes-2\/#primaryimage\",\"url\":\"https:\/\/brasilsemalergia.com.br\/loja_abbaa\/wp-content\/uploads\/2023\/08\/Oxigenada.jpg\",\"contentUrl\":\"https:\/\/brasilsemalergia.com.br\/loja_abbaa\/wp-content\/uploads\/2023\/08\/Oxigenada.jpg\",\"width\":300,\"height\":300,\"caption\":\"\u00c1gua Oxigenada Beira Alta 20 volumes\"},{\"@type\":\"BreadcrumbList\",\"@id\":\"https:\/\/brasilsemalergia.com.br\/loja_abbaa\/produtos-para-alergicos\/beleza\/para-seus-cabelos\/agua-oxigenada-beira-alta-20-volumes-2\/#breadcrumb\",\"itemListElement\":[{\"@type\":\"ListItem\",\"position\":1,\"name\":\"In\u00edcio\",\"item\":\"https:\/\/brasilsemalergia.com.br\/loja_abbaa\/\"},{\"@type\":\"ListItem\",\"position\":2,\"name\":\"Loja\",\"item\":\"https:\/\/brasilsemalergia.com.br\/loja_abbaa\/\"},{\"@type\":\"ListItem\",\"position\":3,\"name\":\"\u00c1gua Oxigenada Beira Alta 20 volumes\"}]},{\"@type\":\"WebSite\",\"@id\":\"https:\/\/brasilsemalergia.com.br\/loja_abbaa\/#website\",\"url\":\"https:\/\/brasilsemalergia.com.br\/loja_abbaa\/\",\"name\":\"Loja Abbaa\",\"description\":\"\",\"publisher\":{\"@id\":\"https:\/\/brasilsemalergia.com.br\/loja_abbaa\/#organization\"},\"potentialAction\":[{\"@type\":\"SearchAction\",\"target\":{\"@type\":\"EntryPoint\",\"urlTemplate\":\"https:\/\/brasilsemalergia.com.br\/loja_abbaa\/?s={search_term_string}\"},\"query-input\":\"required name=search_term_string\"}],\"inLanguage\":\"pt-BR\"},{\"@type\":\"Organization\",\"@id\":\"https:\/\/brasilsemalergia.com.br\/loja_abbaa\/#organization\",\"name\":\"Loja Abbaa\",\"url\":\"https:\/\/brasilsemalergia.com.br\/loja_abbaa\/\",\"logo\":{\"@type\":\"ImageObject\",\"inLanguage\":\"pt-BR\",\"@id\":\"https:\/\/brasilsemalergia.com.br\/loja_abbaa\/#\/schema\/logo\/image\/\",\"url\":\"https:\/\/brasilsemalergia.com.br\/loja_abbaa\/wp-content\/uploads\/2023\/03\/logo-hor-site.png\",\"contentUrl\":\"https:\/\/brasilsemalergia.com.br\/loja_abbaa\/wp-content\/uploads\/2023\/03\/logo-hor-site.png\",\"width\":440,\"height\":120,\"caption\":\"Loja Abbaa\"},\"image\":{\"@id\":\"https:\/\/brasilsemalergia.com.br\/loja_abbaa\/#\/schema\/logo\/image\/\"}}]}<\/script>\n<!-- \/ Yoast SEO plugin. -->","yoast_head_json":{"title":"\u00c1gua Oxigenada Beira Alta 20 volumes - Loja Abbaa","robots":{"index":"index","follow":"follow","max-snippet":"max-snippet:-1","max-image-preview":"max-image-preview:large","max-video-preview":"max-video-preview:-1"},"canonical":"https:\/\/brasilsemalergia.com.br\/loja_abbaa\/produtos-para-alergicos\/beleza\/para-seus-cabelos\/agua-oxigenada-beira-alta-20-volumes-2\/","og_locale":"pt_BR","og_type":"article","og_title":"\u00c1gua Oxigenada Beira Alta 20 volumes - Loja Abbaa","og_description":"\u00c1gua oxigenada cremosa 20 volumes, Beira Alta.","og_url":"https:\/\/brasilsemalergia.com.br\/loja_abbaa\/produtos-para-alergicos\/beleza\/para-seus-cabelos\/agua-oxigenada-beira-alta-20-volumes-2\/","og_site_name":"Loja Abbaa","article_modified_time":"2023-09-04T11:23:16+00:00","og_image":[{"width":300,"height":300,"url":"https:\/\/brasilsemalergia.com.br\/loja_abbaa\/wp-content\/uploads\/2023\/08\/Oxigenada.jpg","type":"image\/jpeg"}],"twitter_card":"summary_large_image","twitter_misc":{"Est. tempo de leitura":"1 minuto"},"schema":{"@context":"https:\/\/schema.org","@graph":[{"@type":"WebPage","@id":"https:\/\/brasilsemalergia.com.br\/loja_abbaa\/produtos-para-alergicos\/beleza\/para-seus-cabelos\/agua-oxigenada-beira-alta-20-volumes-2\/","url":"https:\/\/brasilsemalergia.com.br\/loja_abbaa\/produtos-para-alergicos\/beleza\/para-seus-cabelos\/agua-oxigenada-beira-alta-20-volumes-2\/","name":"\u00c1gua Oxigenada Beira Alta 20 volumes - Loja Abbaa","isPartOf":{"@id":"https:\/\/brasilsemalergia.com.br\/loja_abbaa\/#website"},"primaryImageOfPage":{"@id":"https:\/\/brasilsemalergia.com.br\/loja_abbaa\/produtos-para-alergicos\/beleza\/para-seus-cabelos\/agua-oxigenada-beira-alta-20-volumes-2\/#primaryimage"},"image":{"@id":"https:\/\/brasilsemalergia.com.br\/loja_abbaa\/produtos-para-alergicos\/beleza\/para-seus-cabelos\/agua-oxigenada-beira-alta-20-volumes-2\/#primaryimage"},"thumbnailUrl":"https:\/\/brasilsemalergia.com.br\/loja_abbaa\/wp-content\/uploads\/2023\/08\/Oxigenada.jpg","datePublished":"2023-08-02T15:31:14+00:00","dateModified":"2023-09-04T11:23:16+00:00","breadcrumb":{"@id":"https:\/\/brasilsemalergia.com.br\/loja_abbaa\/produtos-para-alergicos\/beleza\/para-seus-cabelos\/agua-oxigenada-beira-alta-20-volumes-2\/#breadcrumb"},"inLanguage":"pt-BR","potentialAction":[{"@type":"ReadAction","target":["https:\/\/brasilsemalergia.com.br\/loja_abbaa\/produtos-para-alergicos\/beleza\/para-seus-cabelos\/agua-oxigenada-beira-alta-20-volumes-2\/"]}]},{"@type":"ImageObject","inLanguage":"pt-BR","@id":"https:\/\/brasilsemalergia.com.br\/loja_abbaa\/produtos-para-alergicos\/beleza\/para-seus-cabelos\/agua-oxigenada-beira-alta-20-volumes-2\/#primaryimage","url":"https:\/\/brasilsemalergia.com.br\/loja_abbaa\/wp-content\/uploads\/2023\/08\/Oxigenada.jpg","contentUrl":"https:\/\/brasilsemalergia.com.br\/loja_abbaa\/wp-content\/uploads\/2023\/08\/Oxigenada.jpg","width":300,"height":300,"caption":"\u00c1gua Oxigenada Beira Alta 20 volumes"},{"@type":"BreadcrumbList","@id":"https:\/\/brasilsemalergia.com.br\/loja_abbaa\/produtos-para-alergicos\/beleza\/para-seus-cabelos\/agua-oxigenada-beira-alta-20-volumes-2\/#breadcrumb","itemListElement":[{"@type":"ListItem","position":1,"name":"In\u00edcio","item":"https:\/\/brasilsemalergia.com.br\/loja_abbaa\/"},{"@type":"ListItem","position":2,"name":"Loja","item":"https:\/\/brasilsemalergia.com.br\/loja_abbaa\/"},{"@type":"ListItem","position":3,"name":"\u00c1gua Oxigenada Beira Alta 20 volumes"}]},{"@type":"WebSite","@id":"https:\/\/brasilsemalergia.com.br\/loja_abbaa\/#website","url":"https:\/\/brasilsemalergia.com.br\/loja_abbaa\/","name":"Loja Abbaa","description":"","publisher":{"@id":"https:\/\/brasilsemalergia.com.br\/loja_abbaa\/#organization"},"potentialAction":[{"@type":"SearchAction","target":{"@type":"EntryPoint","urlTemplate":"https:\/\/brasilsemalergia.com.br\/loja_abbaa\/?s={search_term_string}"},"query-input":"required name=search_term_string"}],"inLanguage":"pt-BR"},{"@type":"Organization","@id":"https:\/\/brasilsemalergia.com.br\/loja_abbaa\/#organization","name":"Loja Abbaa","url":"https:\/\/brasilsemalergia.com.br\/loja_abbaa\/","logo":{"@type":"ImageObject","inLanguage":"pt-BR","@id":"https:\/\/brasilsemalergia.com.br\/loja_abbaa\/#\/schema\/logo\/image\/","url":"https:\/\/brasilsemalergia.com.br\/loja_abbaa\/wp-content\/uploads\/2023\/03\/logo-hor-site.png","contentUrl":"https:\/\/brasilsemalergia.com.br\/loja_abbaa\/wp-content\/uploads\/2023\/03\/logo-hor-site.png","width":440,"height":120,"caption":"Loja Abbaa"},"image":{"@id":"https:\/\/brasilsemalergia.com.br\/loja_abbaa\/#\/schema\/logo\/image\/"}}]}},"_links":{"self":[{"href":"https:\/\/brasilsemalergia.com.br\/loja_abbaa\/wp-json\/wp\/v2\/product\/14911","targetHints":{"allow":["GET"]}}],"collection":[{"href":"https:\/\/brasilsemalergia.com.br\/loja_abbaa\/wp-json\/wp\/v2\/product"}],"about":[{"href":"https:\/\/brasilsemalergia.com.br\/loja_abbaa\/wp-json\/wp\/v2\/types\/product"}],"replies":[{"embeddable":true,"href":"https:\/\/brasilsemalergia.com.br\/loja_abbaa\/wp-json\/wp\/v2\/comments?post=14911"}],"version-history":[{"count":0,"href":"https:\/\/brasilsemalergia.com.br\/loja_abbaa\/wp-json\/wp\/v2\/product\/14911\/revisions"}],"wp:featuredmedia":[{"embeddable":true,"href":"https:\/\/brasilsemalergia.com.br\/loja_abbaa\/wp-json\/wp\/v2\/media\/14912"}],"wp:attachment":[{"href":"https:\/\/brasilsemalergia.com.br\/loja_abbaa\/wp-json\/wp\/v2\/media?parent=14911"}],"wp:term":[{"taxonomy":"product_cat","embeddable":true,"href":"https:\/\/brasilsemalergia.com.br\/loja_abbaa\/wp-json\/wp\/v2\/product_cat?post=14911"},{"taxonomy":"product_tag","embeddable":true,"href":"https:\/\/brasilsemalergia.com.br\/loja_abbaa\/wp-json\/wp\/v2\/product_tag?post=14911"}],"curies":[{"name":"wp","href":"https:\/\/api.w.org\/{rel}","templated":true}]}}