{"id":14924,"date":"2023-08-02T13:05:17","date_gmt":"2023-08-02T16:05:17","guid":{"rendered":"https:\/\/brasilsemalergia.com.br\/loja_abbaa\/?post_type=product&#038;p=14924"},"modified":"2023-09-04T08:22:47","modified_gmt":"2023-09-04T11:22:47","slug":"desodorante-aerossol-total-care","status":"publish","type":"product","link":"https:\/\/brasilsemalergia.com.br\/loja_abbaa\/produtos-para-alergicos\/cosmeticos\/desodorante-aerossol-total-care\/","title":{"rendered":"Desodorante Aerossol Total Care"},"content":{"rendered":"<p><a href=\"https:\/\/alergoshop.com.br\/cosmeticos-e-tratamento\/higiene-pessoal\/155-sabonete-liquido-hipoalergenico-uso-diario-alergoshop\"><strong>Benef\u00edcios<\/strong><\/a><\/p>\n<p>&nbsp;<\/p>\n<ul>\n<li>Livre 105 subst\u00e2ncias com potencial nocivo<strong>;<\/strong><\/li>\n<li>Hipoalerg\u00eanico ;<\/li>\n<li>Promove 12h de prote\u00e7\u00e3o sem bloquear a pele;<\/li>\n<li>Com Magn\u00e9sio;<\/li>\n<li>Livre de sais de Alum\u00ednio e \u00c1lcool Et\u00edlico;<\/li>\n<li>Livre de Parabenos e Triclosan;<\/li>\n<li>Hidrata a pele;<\/li>\n<li>Possui\u00a0 jato de toque seco de f\u00e1cil aplica\u00e7\u00e3o;<\/li>\n<li>Dermatologicamente Testado;<\/li>\n<li>Adequado at\u00e9 mesmo para adolescentes a partir dos 12 anos;<\/li>\n<li>Sem fragr\u00e2ncia.<\/li>\n<\/ul>\n<p>&nbsp;<\/p>\n<p><a href=\"https:\/\/alergoshop.com.br\/cosmeticos-e-tratamento\/higiene-pessoal\/155-sabonete-liquido-hipoalergenico-uso-diario-alergoshop\"><strong>Caracter\u00edsticas<\/strong><\/a><\/p>\n<p>&nbsp;<\/p>\n<p>O Desodorante Sem Alum\u00ednio Total Care foi cuidadosamente desenvolvido com uma tecnologia inovadora para controlar o mau odor das axilas sem utilizar sais de alum\u00ednio em sua composi\u00e7\u00e3o. Foram retiradas de sua formula\u00e7\u00e3o 105 principais subst\u00e2ncias com potencial nocivo presentes em cosm\u00e9ticos, e substitu\u00eddas por ingredientes seguros, que atuam com efic\u00e1cia comprovada e performance garantida. Com a\u00e7\u00e3o anti-odor promovida, \u00e9 eficaz e garante 12h de extrema prote\u00e7\u00e3o ao longo do dia, \u00e9 refrescante e possui uma secagem bem r\u00e1pida.<\/p>\n<p>\u00c9 indicado para pessoas que transpiram intensamente, eliminando o odor atrav\u00e9s da neutraliza\u00e7\u00e3o.<br \/>\n<a href=\"https:\/\/alergoshop.com.br\/cosmeticos-e-tratamento\/higiene-pessoal\/155-sabonete-liquido-hipoalergenico-uso-diario-alergoshop\"><strong>Composi\u00e7\u00f5es<\/strong><\/a><\/p>\n<p>&nbsp;<\/p>\n<p>BUTANE \/ PROPANE\/ ISOBUTANE\/ CYCLOPENTASILOXANE\/ DIMETHICONE \/ ISOPROPYL MYRISTATE\/ C12-15 ALKYL BENZOATE\/ MAGNESIUM HYDROXIDE\/ MAGNESIUM CARBONATE\/ CYCLOHEXASILOXANE\/ QUATERNIUM-90 BENTONITE\/ HEXAMETHYLINDANOPYRAN\/ DIPROPYLENE GLYCOL\/ TOCOPHERYL ACETATE\/ PROPYLENE CARBONATE\/ ALLANTOIN \/ AQUA.<\/p>\n<p><strong>COMPOSI\u00c7\u00c2O (PORT):<\/strong>\u00a0BUTANO, PROPANO, ISOBUTANO, SILICONE, DIMETICONA, MIRISTATO DE ISOPROPILA, C12-15 BENZOATO DE ALQUILA, HIDR\u00d3XIDO DE MAGN\u00c9SIO, CARBONATO DE MAGN\u00c9SIO, SILICONE, BENTONITA QUATERNIUM-90, HEXAMETILINDANOPIRANO, DIPROPILENOGLICOL, ACETATO DE TOCOFERILA, CARBONATO DE PROPILENO, ALANTO\u00cdNA, \u00c1GUA.<\/p>\n<p><a href=\"https:\/\/alergoshop.com.br\/cosmeticos-e-tratamento\/higiene-pessoal\/155-sabonete-liquido-hipoalergenico-uso-diario-alergoshop\"><strong>Modo de Usar<\/strong><\/a><\/p>\n<p>&nbsp;<\/p>\n<p>Agite bem antes de usar.<br \/>\nCom o tubo na posi\u00e7\u00e3o vertical e uma dist\u00e2ncia de no m\u00ednimo 15 cm, aplique o produto nas axilas.<br \/>\nProteja os olhos antes da aplica\u00e7\u00e3o.<br \/>\nReaplicar quando achar necess\u00e1rio.<\/p>\n","protected":false},"excerpt":{"rendered":"<p>Desodorante Aerossol sem fragr\u00e2ncia 150ml<br \/>\nHipoalerg\u00eanico<br \/>\nDermatologiscamente testado<br \/>\nCruelty Free<br \/>\nVegano<\/p>\n","protected":false},"featured_media":14925,"comment_status":"open","ping_status":"closed","template":"","meta":[],"product_cat":[15,98],"product_tag":[],"class_list":{"0":"post-14924","1":"product","2":"type-product","3":"status-publish","4":"has-post-thumbnail","6":"product_cat-geral","7":"product_cat-cosmeticos","9":"first","10":"outofstock","11":"shipping-taxable","12":"purchasable","13":"product-type-simple"},"yoast_head":"<!-- This site is optimized with the Yoast SEO plugin v22.7 - https:\/\/yoast.com\/wordpress\/plugins\/seo\/ -->\n<title>Desodorante Aerossol Total Care - Loja Abbaa<\/title>\n<meta name=\"robots\" content=\"index, follow, max-snippet:-1, max-image-preview:large, max-video-preview:-1\" \/>\n<link rel=\"canonical\" href=\"https:\/\/brasilsemalergia.com.br\/loja_abbaa\/produtos-para-alergicos\/cosmeticos\/desodorante-aerossol-total-care\/\" \/>\n<meta property=\"og:locale\" content=\"pt_BR\" \/>\n<meta property=\"og:type\" content=\"article\" \/>\n<meta property=\"og:title\" content=\"Desodorante Aerossol Total Care - Loja Abbaa\" \/>\n<meta property=\"og:description\" content=\"Desodorante Aerossol sem fragr\u00e2ncia 150ml Hipoalerg\u00eanico Dermatologiscamente testado Cruelty Free Vegano\" \/>\n<meta property=\"og:url\" content=\"https:\/\/brasilsemalergia.com.br\/loja_abbaa\/produtos-para-alergicos\/cosmeticos\/desodorante-aerossol-total-care\/\" \/>\n<meta property=\"og:site_name\" content=\"Loja Abbaa\" \/>\n<meta property=\"article:modified_time\" content=\"2023-09-04T11:22:47+00:00\" \/>\n<meta property=\"og:image\" content=\"https:\/\/brasilsemalergia.com.br\/loja_abbaa\/wp-content\/uploads\/2023\/08\/6305e9d099e2171308e5a7b45de2e05d8d451f9b.jpg\" \/>\n\t<meta property=\"og:image:width\" content=\"300\" \/>\n\t<meta property=\"og:image:height\" content=\"300\" \/>\n\t<meta property=\"og:image:type\" content=\"image\/jpeg\" \/>\n<meta name=\"twitter:card\" content=\"summary_large_image\" \/>\n<meta name=\"twitter:label1\" content=\"Est. tempo de leitura\" \/>\n\t<meta name=\"twitter:data1\" content=\"2 minutos\" \/>\n<script type=\"application\/ld+json\" class=\"yoast-schema-graph\">{\"@context\":\"https:\/\/schema.org\",\"@graph\":[{\"@type\":\"WebPage\",\"@id\":\"https:\/\/brasilsemalergia.com.br\/loja_abbaa\/produtos-para-alergicos\/cosmeticos\/desodorante-aerossol-total-care\/\",\"url\":\"https:\/\/brasilsemalergia.com.br\/loja_abbaa\/produtos-para-alergicos\/cosmeticos\/desodorante-aerossol-total-care\/\",\"name\":\"Desodorante Aerossol Total Care - Loja Abbaa\",\"isPartOf\":{\"@id\":\"https:\/\/brasilsemalergia.com.br\/loja_abbaa\/#website\"},\"primaryImageOfPage\":{\"@id\":\"https:\/\/brasilsemalergia.com.br\/loja_abbaa\/produtos-para-alergicos\/cosmeticos\/desodorante-aerossol-total-care\/#primaryimage\"},\"image\":{\"@id\":\"https:\/\/brasilsemalergia.com.br\/loja_abbaa\/produtos-para-alergicos\/cosmeticos\/desodorante-aerossol-total-care\/#primaryimage\"},\"thumbnailUrl\":\"https:\/\/brasilsemalergia.com.br\/loja_abbaa\/wp-content\/uploads\/2023\/08\/6305e9d099e2171308e5a7b45de2e05d8d451f9b.jpg\",\"datePublished\":\"2023-08-02T16:05:17+00:00\",\"dateModified\":\"2023-09-04T11:22:47+00:00\",\"breadcrumb\":{\"@id\":\"https:\/\/brasilsemalergia.com.br\/loja_abbaa\/produtos-para-alergicos\/cosmeticos\/desodorante-aerossol-total-care\/#breadcrumb\"},\"inLanguage\":\"pt-BR\",\"potentialAction\":[{\"@type\":\"ReadAction\",\"target\":[\"https:\/\/brasilsemalergia.com.br\/loja_abbaa\/produtos-para-alergicos\/cosmeticos\/desodorante-aerossol-total-care\/\"]}]},{\"@type\":\"ImageObject\",\"inLanguage\":\"pt-BR\",\"@id\":\"https:\/\/brasilsemalergia.com.br\/loja_abbaa\/produtos-para-alergicos\/cosmeticos\/desodorante-aerossol-total-care\/#primaryimage\",\"url\":\"https:\/\/brasilsemalergia.com.br\/loja_abbaa\/wp-content\/uploads\/2023\/08\/6305e9d099e2171308e5a7b45de2e05d8d451f9b.jpg\",\"contentUrl\":\"https:\/\/brasilsemalergia.com.br\/loja_abbaa\/wp-content\/uploads\/2023\/08\/6305e9d099e2171308e5a7b45de2e05d8d451f9b.jpg\",\"width\":300,\"height\":300,\"caption\":\"Desodorante Aerossol Total Care\"},{\"@type\":\"BreadcrumbList\",\"@id\":\"https:\/\/brasilsemalergia.com.br\/loja_abbaa\/produtos-para-alergicos\/cosmeticos\/desodorante-aerossol-total-care\/#breadcrumb\",\"itemListElement\":[{\"@type\":\"ListItem\",\"position\":1,\"name\":\"In\u00edcio\",\"item\":\"https:\/\/brasilsemalergia.com.br\/loja_abbaa\/\"},{\"@type\":\"ListItem\",\"position\":2,\"name\":\"Loja\",\"item\":\"https:\/\/brasilsemalergia.com.br\/loja_abbaa\/\"},{\"@type\":\"ListItem\",\"position\":3,\"name\":\"Desodorante Aerossol Total Care\"}]},{\"@type\":\"WebSite\",\"@id\":\"https:\/\/brasilsemalergia.com.br\/loja_abbaa\/#website\",\"url\":\"https:\/\/brasilsemalergia.com.br\/loja_abbaa\/\",\"name\":\"Loja Abbaa\",\"description\":\"\",\"publisher\":{\"@id\":\"https:\/\/brasilsemalergia.com.br\/loja_abbaa\/#organization\"},\"potentialAction\":[{\"@type\":\"SearchAction\",\"target\":{\"@type\":\"EntryPoint\",\"urlTemplate\":\"https:\/\/brasilsemalergia.com.br\/loja_abbaa\/?s={search_term_string}\"},\"query-input\":\"required name=search_term_string\"}],\"inLanguage\":\"pt-BR\"},{\"@type\":\"Organization\",\"@id\":\"https:\/\/brasilsemalergia.com.br\/loja_abbaa\/#organization\",\"name\":\"Loja Abbaa\",\"url\":\"https:\/\/brasilsemalergia.com.br\/loja_abbaa\/\",\"logo\":{\"@type\":\"ImageObject\",\"inLanguage\":\"pt-BR\",\"@id\":\"https:\/\/brasilsemalergia.com.br\/loja_abbaa\/#\/schema\/logo\/image\/\",\"url\":\"https:\/\/brasilsemalergia.com.br\/loja_abbaa\/wp-content\/uploads\/2023\/03\/logo-hor-site.png\",\"contentUrl\":\"https:\/\/brasilsemalergia.com.br\/loja_abbaa\/wp-content\/uploads\/2023\/03\/logo-hor-site.png\",\"width\":440,\"height\":120,\"caption\":\"Loja Abbaa\"},\"image\":{\"@id\":\"https:\/\/brasilsemalergia.com.br\/loja_abbaa\/#\/schema\/logo\/image\/\"}}]}<\/script>\n<!-- \/ Yoast SEO plugin. -->","yoast_head_json":{"title":"Desodorante Aerossol Total Care - Loja Abbaa","robots":{"index":"index","follow":"follow","max-snippet":"max-snippet:-1","max-image-preview":"max-image-preview:large","max-video-preview":"max-video-preview:-1"},"canonical":"https:\/\/brasilsemalergia.com.br\/loja_abbaa\/produtos-para-alergicos\/cosmeticos\/desodorante-aerossol-total-care\/","og_locale":"pt_BR","og_type":"article","og_title":"Desodorante Aerossol Total Care - Loja Abbaa","og_description":"Desodorante Aerossol sem fragr\u00e2ncia 150ml Hipoalerg\u00eanico Dermatologiscamente testado Cruelty Free Vegano","og_url":"https:\/\/brasilsemalergia.com.br\/loja_abbaa\/produtos-para-alergicos\/cosmeticos\/desodorante-aerossol-total-care\/","og_site_name":"Loja Abbaa","article_modified_time":"2023-09-04T11:22:47+00:00","og_image":[{"width":300,"height":300,"url":"https:\/\/brasilsemalergia.com.br\/loja_abbaa\/wp-content\/uploads\/2023\/08\/6305e9d099e2171308e5a7b45de2e05d8d451f9b.jpg","type":"image\/jpeg"}],"twitter_card":"summary_large_image","twitter_misc":{"Est. tempo de leitura":"2 minutos"},"schema":{"@context":"https:\/\/schema.org","@graph":[{"@type":"WebPage","@id":"https:\/\/brasilsemalergia.com.br\/loja_abbaa\/produtos-para-alergicos\/cosmeticos\/desodorante-aerossol-total-care\/","url":"https:\/\/brasilsemalergia.com.br\/loja_abbaa\/produtos-para-alergicos\/cosmeticos\/desodorante-aerossol-total-care\/","name":"Desodorante Aerossol Total Care - Loja Abbaa","isPartOf":{"@id":"https:\/\/brasilsemalergia.com.br\/loja_abbaa\/#website"},"primaryImageOfPage":{"@id":"https:\/\/brasilsemalergia.com.br\/loja_abbaa\/produtos-para-alergicos\/cosmeticos\/desodorante-aerossol-total-care\/#primaryimage"},"image":{"@id":"https:\/\/brasilsemalergia.com.br\/loja_abbaa\/produtos-para-alergicos\/cosmeticos\/desodorante-aerossol-total-care\/#primaryimage"},"thumbnailUrl":"https:\/\/brasilsemalergia.com.br\/loja_abbaa\/wp-content\/uploads\/2023\/08\/6305e9d099e2171308e5a7b45de2e05d8d451f9b.jpg","datePublished":"2023-08-02T16:05:17+00:00","dateModified":"2023-09-04T11:22:47+00:00","breadcrumb":{"@id":"https:\/\/brasilsemalergia.com.br\/loja_abbaa\/produtos-para-alergicos\/cosmeticos\/desodorante-aerossol-total-care\/#breadcrumb"},"inLanguage":"pt-BR","potentialAction":[{"@type":"ReadAction","target":["https:\/\/brasilsemalergia.com.br\/loja_abbaa\/produtos-para-alergicos\/cosmeticos\/desodorante-aerossol-total-care\/"]}]},{"@type":"ImageObject","inLanguage":"pt-BR","@id":"https:\/\/brasilsemalergia.com.br\/loja_abbaa\/produtos-para-alergicos\/cosmeticos\/desodorante-aerossol-total-care\/#primaryimage","url":"https:\/\/brasilsemalergia.com.br\/loja_abbaa\/wp-content\/uploads\/2023\/08\/6305e9d099e2171308e5a7b45de2e05d8d451f9b.jpg","contentUrl":"https:\/\/brasilsemalergia.com.br\/loja_abbaa\/wp-content\/uploads\/2023\/08\/6305e9d099e2171308e5a7b45de2e05d8d451f9b.jpg","width":300,"height":300,"caption":"Desodorante Aerossol Total Care"},{"@type":"BreadcrumbList","@id":"https:\/\/brasilsemalergia.com.br\/loja_abbaa\/produtos-para-alergicos\/cosmeticos\/desodorante-aerossol-total-care\/#breadcrumb","itemListElement":[{"@type":"ListItem","position":1,"name":"In\u00edcio","item":"https:\/\/brasilsemalergia.com.br\/loja_abbaa\/"},{"@type":"ListItem","position":2,"name":"Loja","item":"https:\/\/brasilsemalergia.com.br\/loja_abbaa\/"},{"@type":"ListItem","position":3,"name":"Desodorante Aerossol Total Care"}]},{"@type":"WebSite","@id":"https:\/\/brasilsemalergia.com.br\/loja_abbaa\/#website","url":"https:\/\/brasilsemalergia.com.br\/loja_abbaa\/","name":"Loja Abbaa","description":"","publisher":{"@id":"https:\/\/brasilsemalergia.com.br\/loja_abbaa\/#organization"},"potentialAction":[{"@type":"SearchAction","target":{"@type":"EntryPoint","urlTemplate":"https:\/\/brasilsemalergia.com.br\/loja_abbaa\/?s={search_term_string}"},"query-input":"required name=search_term_string"}],"inLanguage":"pt-BR"},{"@type":"Organization","@id":"https:\/\/brasilsemalergia.com.br\/loja_abbaa\/#organization","name":"Loja Abbaa","url":"https:\/\/brasilsemalergia.com.br\/loja_abbaa\/","logo":{"@type":"ImageObject","inLanguage":"pt-BR","@id":"https:\/\/brasilsemalergia.com.br\/loja_abbaa\/#\/schema\/logo\/image\/","url":"https:\/\/brasilsemalergia.com.br\/loja_abbaa\/wp-content\/uploads\/2023\/03\/logo-hor-site.png","contentUrl":"https:\/\/brasilsemalergia.com.br\/loja_abbaa\/wp-content\/uploads\/2023\/03\/logo-hor-site.png","width":440,"height":120,"caption":"Loja Abbaa"},"image":{"@id":"https:\/\/brasilsemalergia.com.br\/loja_abbaa\/#\/schema\/logo\/image\/"}}]}},"_links":{"self":[{"href":"https:\/\/brasilsemalergia.com.br\/loja_abbaa\/wp-json\/wp\/v2\/product\/14924","targetHints":{"allow":["GET"]}}],"collection":[{"href":"https:\/\/brasilsemalergia.com.br\/loja_abbaa\/wp-json\/wp\/v2\/product"}],"about":[{"href":"https:\/\/brasilsemalergia.com.br\/loja_abbaa\/wp-json\/wp\/v2\/types\/product"}],"replies":[{"embeddable":true,"href":"https:\/\/brasilsemalergia.com.br\/loja_abbaa\/wp-json\/wp\/v2\/comments?post=14924"}],"version-history":[{"count":0,"href":"https:\/\/brasilsemalergia.com.br\/loja_abbaa\/wp-json\/wp\/v2\/product\/14924\/revisions"}],"wp:featuredmedia":[{"embeddable":true,"href":"https:\/\/brasilsemalergia.com.br\/loja_abbaa\/wp-json\/wp\/v2\/media\/14925"}],"wp:attachment":[{"href":"https:\/\/brasilsemalergia.com.br\/loja_abbaa\/wp-json\/wp\/v2\/media?parent=14924"}],"wp:term":[{"taxonomy":"product_cat","embeddable":true,"href":"https:\/\/brasilsemalergia.com.br\/loja_abbaa\/wp-json\/wp\/v2\/product_cat?post=14924"},{"taxonomy":"product_tag","embeddable":true,"href":"https:\/\/brasilsemalergia.com.br\/loja_abbaa\/wp-json\/wp\/v2\/product_tag?post=14924"}],"curies":[{"name":"wp","href":"https:\/\/api.w.org\/{rel}","templated":true}]}}