{"id":14932,"date":"2023-08-02T13:25:28","date_gmt":"2023-08-02T16:25:28","guid":{"rendered":"https:\/\/brasilsemalergia.com.br\/loja_abbaa\/?post_type=product&#038;p=14932"},"modified":"2023-09-04T08:22:20","modified_gmt":"2023-09-04T11:22:20","slug":"desodorante-spray-sem-fragrancia-hipoalergenico-uso-diario","status":"publish","type":"product","link":"https:\/\/brasilsemalergia.com.br\/loja_abbaa\/produtos-para-alergicos\/cosmeticos\/desodorante-spray-sem-fragrancia-hipoalergenico-uso-diario\/","title":{"rendered":"Desodorante Spray Sem Fragr\u00e2ncia Hipoalerg\u00eanico Uso Di\u00e1rio"},"content":{"rendered":"<p>&nbsp;<\/p>\n<p><a href=\"https:\/\/alergoshop.com.br\/cosmeticos-e-tratamento\/higiene-pessoal\/155-sabonete-liquido-hipoalergenico-uso-diario-alergoshop\"><strong>Benef\u00edcios<\/strong><\/a><\/p>\n<p>&nbsp;<\/p>\n<p>O desodorante sem fragrancia uso di\u00e1rio \u00e9 livres de 105 subst\u00e2ncias incluindo triclosan e alum\u00ednio. N\u00e3o possui a\u00e7\u00e3o antitranspirante, para quem prefere uma prote\u00e7\u00e3o suave.<\/p>\n<p>Cont\u00e9m inibidor enzim\u00e1tico que age impedindo a prolifera\u00e7\u00e3o das bact\u00e9rias causadoras do mau odor. Protege de forma natural, suave e alternativa \u00e0s outras f\u00f3rmulas do mercado. Cont\u00e9m ativos emolientes que diminuem o ressecamento e auxiliam na hidrata\u00e7\u00e3o da pele.<\/p>\n<p>&nbsp;<\/p>\n<p><a href=\"https:\/\/alergoshop.com.br\/cosmeticos-e-tratamento\/higiene-pessoal\/155-sabonete-liquido-hipoalergenico-uso-diario-alergoshop\"><strong>Caracter\u00edsticas<\/strong><\/a><\/p>\n<p>&nbsp;<\/p>\n<ul>\n<li>Hipoalerg\u00eanico<\/li>\n<li>Livre de 105 subst\u00e2ncias nocivas<\/li>\n<li>Com ativos emolientes que diminuem o ressecamento e auxiliam na hidrata\u00e7\u00e3o da \u00e1rea<\/li>\n<li>Cont\u00e9m um inibidor enzim\u00e1tico que age de forma natural na minimiza\u00e7\u00e3o dos maus odores corporais<\/li>\n<li>N\u00e3o possui a\u00e7\u00e3o antitranspirante.<\/li>\n<\/ul>\n<p>.<br \/>\n<a href=\"https:\/\/alergoshop.com.br\/cosmeticos-e-tratamento\/higiene-pessoal\/155-sabonete-liquido-hipoalergenico-uso-diario-alergoshop\"><strong>Composi\u00e7\u00f5es<\/strong><\/a><\/p>\n<p>&nbsp;<\/p>\n<p>Alcohol, Aqua, C12-13 Alkyl Lactate, Glycerin, Phenoxyethanol\/ Caprylyl Glycol, Citric Acid, Sodium Hydroxide.<\/p>\n<p>&nbsp;<\/p>\n<p><a href=\"https:\/\/alergoshop.com.br\/cosmeticos-e-tratamento\/higiene-pessoal\/155-sabonete-liquido-hipoalergenico-uso-diario-alergoshop\"><strong>Modo de Usar<\/strong><\/a><\/p>\n<p>&nbsp;<\/p>\n<p>Aplicar nas axilas ap\u00f3s o banho sobre a pele seca. Reaplicar a cada 6 horas.<\/p>\n","protected":false},"excerpt":{"rendered":"<p>Desodorante Spray sem Fragr\u00e2ncia Uso di\u00e1rio 100mL.<br \/>\nLivre de 105 subst\u00e2ncias alerg\u00eanicas.<br \/>\nN\u00e3o possui a\u00e7\u00e3o antitranspirante<br \/>\n\u2022 Vegano<br \/>\n\u2022 Cruelty Free<\/p>\n","protected":false},"featured_media":14933,"comment_status":"open","ping_status":"closed","template":"","meta":[],"product_cat":[15,98],"product_tag":[],"class_list":{"0":"post-14932","1":"product","2":"type-product","3":"status-publish","4":"has-post-thumbnail","6":"product_cat-geral","7":"product_cat-cosmeticos","9":"first","10":"outofstock","11":"shipping-taxable","12":"product-type-simple"},"yoast_head":"<!-- This site is optimized with the Yoast SEO plugin v22.7 - https:\/\/yoast.com\/wordpress\/plugins\/seo\/ -->\n<title>Desodorante Spray Sem Fragr\u00e2ncia Hipoalerg\u00eanico Uso Di\u00e1rio - Loja Abbaa<\/title>\n<meta name=\"robots\" content=\"index, follow, max-snippet:-1, max-image-preview:large, max-video-preview:-1\" \/>\n<link rel=\"canonical\" href=\"https:\/\/brasilsemalergia.com.br\/loja_abbaa\/produtos-para-alergicos\/cosmeticos\/desodorante-spray-sem-fragrancia-hipoalergenico-uso-diario\/\" \/>\n<meta property=\"og:locale\" content=\"pt_BR\" \/>\n<meta property=\"og:type\" content=\"article\" \/>\n<meta property=\"og:title\" content=\"Desodorante Spray Sem Fragr\u00e2ncia Hipoalerg\u00eanico Uso Di\u00e1rio - Loja Abbaa\" \/>\n<meta property=\"og:description\" content=\"Desodorante Spray sem Fragr\u00e2ncia Uso di\u00e1rio 100mL. Livre de 105 subst\u00e2ncias alerg\u00eanicas. N\u00e3o possui a\u00e7\u00e3o antitranspirante \u2022 Vegano \u2022 Cruelty Free\" \/>\n<meta property=\"og:url\" content=\"https:\/\/brasilsemalergia.com.br\/loja_abbaa\/produtos-para-alergicos\/cosmeticos\/desodorante-spray-sem-fragrancia-hipoalergenico-uso-diario\/\" \/>\n<meta property=\"og:site_name\" content=\"Loja Abbaa\" \/>\n<meta property=\"article:modified_time\" content=\"2023-09-04T11:22:20+00:00\" \/>\n<meta property=\"og:image\" content=\"https:\/\/brasilsemalergia.com.br\/loja_abbaa\/wp-content\/uploads\/2023\/08\/sem-fragancia.jpg\" \/>\n\t<meta property=\"og:image:width\" content=\"1200\" \/>\n\t<meta property=\"og:image:height\" content=\"1200\" \/>\n\t<meta property=\"og:image:type\" content=\"image\/jpeg\" \/>\n<meta name=\"twitter:card\" content=\"summary_large_image\" \/>\n<meta name=\"twitter:label1\" content=\"Est. tempo de leitura\" \/>\n\t<meta name=\"twitter:data1\" content=\"1 minuto\" \/>\n<script type=\"application\/ld+json\" class=\"yoast-schema-graph\">{\"@context\":\"https:\/\/schema.org\",\"@graph\":[{\"@type\":\"WebPage\",\"@id\":\"https:\/\/brasilsemalergia.com.br\/loja_abbaa\/produtos-para-alergicos\/cosmeticos\/desodorante-spray-sem-fragrancia-hipoalergenico-uso-diario\/\",\"url\":\"https:\/\/brasilsemalergia.com.br\/loja_abbaa\/produtos-para-alergicos\/cosmeticos\/desodorante-spray-sem-fragrancia-hipoalergenico-uso-diario\/\",\"name\":\"Desodorante Spray Sem Fragr\u00e2ncia Hipoalerg\u00eanico Uso Di\u00e1rio - Loja Abbaa\",\"isPartOf\":{\"@id\":\"https:\/\/brasilsemalergia.com.br\/loja_abbaa\/#website\"},\"primaryImageOfPage\":{\"@id\":\"https:\/\/brasilsemalergia.com.br\/loja_abbaa\/produtos-para-alergicos\/cosmeticos\/desodorante-spray-sem-fragrancia-hipoalergenico-uso-diario\/#primaryimage\"},\"image\":{\"@id\":\"https:\/\/brasilsemalergia.com.br\/loja_abbaa\/produtos-para-alergicos\/cosmeticos\/desodorante-spray-sem-fragrancia-hipoalergenico-uso-diario\/#primaryimage\"},\"thumbnailUrl\":\"https:\/\/brasilsemalergia.com.br\/loja_abbaa\/wp-content\/uploads\/2023\/08\/sem-fragancia.jpg\",\"datePublished\":\"2023-08-02T16:25:28+00:00\",\"dateModified\":\"2023-09-04T11:22:20+00:00\",\"breadcrumb\":{\"@id\":\"https:\/\/brasilsemalergia.com.br\/loja_abbaa\/produtos-para-alergicos\/cosmeticos\/desodorante-spray-sem-fragrancia-hipoalergenico-uso-diario\/#breadcrumb\"},\"inLanguage\":\"pt-BR\",\"potentialAction\":[{\"@type\":\"ReadAction\",\"target\":[\"https:\/\/brasilsemalergia.com.br\/loja_abbaa\/produtos-para-alergicos\/cosmeticos\/desodorante-spray-sem-fragrancia-hipoalergenico-uso-diario\/\"]}]},{\"@type\":\"ImageObject\",\"inLanguage\":\"pt-BR\",\"@id\":\"https:\/\/brasilsemalergia.com.br\/loja_abbaa\/produtos-para-alergicos\/cosmeticos\/desodorante-spray-sem-fragrancia-hipoalergenico-uso-diario\/#primaryimage\",\"url\":\"https:\/\/brasilsemalergia.com.br\/loja_abbaa\/wp-content\/uploads\/2023\/08\/sem-fragancia.jpg\",\"contentUrl\":\"https:\/\/brasilsemalergia.com.br\/loja_abbaa\/wp-content\/uploads\/2023\/08\/sem-fragancia.jpg\",\"width\":1200,\"height\":1200,\"caption\":\"Desodorante Spray Sem Fragr\u00e2ncia Hipoalerg\u00eanico Uso Di\u00e1rio\"},{\"@type\":\"BreadcrumbList\",\"@id\":\"https:\/\/brasilsemalergia.com.br\/loja_abbaa\/produtos-para-alergicos\/cosmeticos\/desodorante-spray-sem-fragrancia-hipoalergenico-uso-diario\/#breadcrumb\",\"itemListElement\":[{\"@type\":\"ListItem\",\"position\":1,\"name\":\"In\u00edcio\",\"item\":\"https:\/\/brasilsemalergia.com.br\/loja_abbaa\/\"},{\"@type\":\"ListItem\",\"position\":2,\"name\":\"Loja\",\"item\":\"https:\/\/brasilsemalergia.com.br\/loja_abbaa\/\"},{\"@type\":\"ListItem\",\"position\":3,\"name\":\"Desodorante Spray Sem Fragr\u00e2ncia Hipoalerg\u00eanico Uso Di\u00e1rio\"}]},{\"@type\":\"WebSite\",\"@id\":\"https:\/\/brasilsemalergia.com.br\/loja_abbaa\/#website\",\"url\":\"https:\/\/brasilsemalergia.com.br\/loja_abbaa\/\",\"name\":\"Loja Abbaa\",\"description\":\"\",\"publisher\":{\"@id\":\"https:\/\/brasilsemalergia.com.br\/loja_abbaa\/#organization\"},\"potentialAction\":[{\"@type\":\"SearchAction\",\"target\":{\"@type\":\"EntryPoint\",\"urlTemplate\":\"https:\/\/brasilsemalergia.com.br\/loja_abbaa\/?s={search_term_string}\"},\"query-input\":\"required name=search_term_string\"}],\"inLanguage\":\"pt-BR\"},{\"@type\":\"Organization\",\"@id\":\"https:\/\/brasilsemalergia.com.br\/loja_abbaa\/#organization\",\"name\":\"Loja Abbaa\",\"url\":\"https:\/\/brasilsemalergia.com.br\/loja_abbaa\/\",\"logo\":{\"@type\":\"ImageObject\",\"inLanguage\":\"pt-BR\",\"@id\":\"https:\/\/brasilsemalergia.com.br\/loja_abbaa\/#\/schema\/logo\/image\/\",\"url\":\"https:\/\/brasilsemalergia.com.br\/loja_abbaa\/wp-content\/uploads\/2023\/03\/logo-hor-site.png\",\"contentUrl\":\"https:\/\/brasilsemalergia.com.br\/loja_abbaa\/wp-content\/uploads\/2023\/03\/logo-hor-site.png\",\"width\":440,\"height\":120,\"caption\":\"Loja Abbaa\"},\"image\":{\"@id\":\"https:\/\/brasilsemalergia.com.br\/loja_abbaa\/#\/schema\/logo\/image\/\"}}]}<\/script>\n<!-- \/ Yoast SEO plugin. -->","yoast_head_json":{"title":"Desodorante Spray Sem Fragr\u00e2ncia Hipoalerg\u00eanico Uso Di\u00e1rio - Loja Abbaa","robots":{"index":"index","follow":"follow","max-snippet":"max-snippet:-1","max-image-preview":"max-image-preview:large","max-video-preview":"max-video-preview:-1"},"canonical":"https:\/\/brasilsemalergia.com.br\/loja_abbaa\/produtos-para-alergicos\/cosmeticos\/desodorante-spray-sem-fragrancia-hipoalergenico-uso-diario\/","og_locale":"pt_BR","og_type":"article","og_title":"Desodorante Spray Sem Fragr\u00e2ncia Hipoalerg\u00eanico Uso Di\u00e1rio - Loja Abbaa","og_description":"Desodorante Spray sem Fragr\u00e2ncia Uso di\u00e1rio 100mL. Livre de 105 subst\u00e2ncias alerg\u00eanicas. N\u00e3o possui a\u00e7\u00e3o antitranspirante \u2022 Vegano \u2022 Cruelty Free","og_url":"https:\/\/brasilsemalergia.com.br\/loja_abbaa\/produtos-para-alergicos\/cosmeticos\/desodorante-spray-sem-fragrancia-hipoalergenico-uso-diario\/","og_site_name":"Loja Abbaa","article_modified_time":"2023-09-04T11:22:20+00:00","og_image":[{"width":1200,"height":1200,"url":"https:\/\/brasilsemalergia.com.br\/loja_abbaa\/wp-content\/uploads\/2023\/08\/sem-fragancia.jpg","type":"image\/jpeg"}],"twitter_card":"summary_large_image","twitter_misc":{"Est. tempo de leitura":"1 minuto"},"schema":{"@context":"https:\/\/schema.org","@graph":[{"@type":"WebPage","@id":"https:\/\/brasilsemalergia.com.br\/loja_abbaa\/produtos-para-alergicos\/cosmeticos\/desodorante-spray-sem-fragrancia-hipoalergenico-uso-diario\/","url":"https:\/\/brasilsemalergia.com.br\/loja_abbaa\/produtos-para-alergicos\/cosmeticos\/desodorante-spray-sem-fragrancia-hipoalergenico-uso-diario\/","name":"Desodorante Spray Sem Fragr\u00e2ncia Hipoalerg\u00eanico Uso Di\u00e1rio - Loja Abbaa","isPartOf":{"@id":"https:\/\/brasilsemalergia.com.br\/loja_abbaa\/#website"},"primaryImageOfPage":{"@id":"https:\/\/brasilsemalergia.com.br\/loja_abbaa\/produtos-para-alergicos\/cosmeticos\/desodorante-spray-sem-fragrancia-hipoalergenico-uso-diario\/#primaryimage"},"image":{"@id":"https:\/\/brasilsemalergia.com.br\/loja_abbaa\/produtos-para-alergicos\/cosmeticos\/desodorante-spray-sem-fragrancia-hipoalergenico-uso-diario\/#primaryimage"},"thumbnailUrl":"https:\/\/brasilsemalergia.com.br\/loja_abbaa\/wp-content\/uploads\/2023\/08\/sem-fragancia.jpg","datePublished":"2023-08-02T16:25:28+00:00","dateModified":"2023-09-04T11:22:20+00:00","breadcrumb":{"@id":"https:\/\/brasilsemalergia.com.br\/loja_abbaa\/produtos-para-alergicos\/cosmeticos\/desodorante-spray-sem-fragrancia-hipoalergenico-uso-diario\/#breadcrumb"},"inLanguage":"pt-BR","potentialAction":[{"@type":"ReadAction","target":["https:\/\/brasilsemalergia.com.br\/loja_abbaa\/produtos-para-alergicos\/cosmeticos\/desodorante-spray-sem-fragrancia-hipoalergenico-uso-diario\/"]}]},{"@type":"ImageObject","inLanguage":"pt-BR","@id":"https:\/\/brasilsemalergia.com.br\/loja_abbaa\/produtos-para-alergicos\/cosmeticos\/desodorante-spray-sem-fragrancia-hipoalergenico-uso-diario\/#primaryimage","url":"https:\/\/brasilsemalergia.com.br\/loja_abbaa\/wp-content\/uploads\/2023\/08\/sem-fragancia.jpg","contentUrl":"https:\/\/brasilsemalergia.com.br\/loja_abbaa\/wp-content\/uploads\/2023\/08\/sem-fragancia.jpg","width":1200,"height":1200,"caption":"Desodorante Spray Sem Fragr\u00e2ncia Hipoalerg\u00eanico Uso Di\u00e1rio"},{"@type":"BreadcrumbList","@id":"https:\/\/brasilsemalergia.com.br\/loja_abbaa\/produtos-para-alergicos\/cosmeticos\/desodorante-spray-sem-fragrancia-hipoalergenico-uso-diario\/#breadcrumb","itemListElement":[{"@type":"ListItem","position":1,"name":"In\u00edcio","item":"https:\/\/brasilsemalergia.com.br\/loja_abbaa\/"},{"@type":"ListItem","position":2,"name":"Loja","item":"https:\/\/brasilsemalergia.com.br\/loja_abbaa\/"},{"@type":"ListItem","position":3,"name":"Desodorante Spray Sem Fragr\u00e2ncia Hipoalerg\u00eanico Uso Di\u00e1rio"}]},{"@type":"WebSite","@id":"https:\/\/brasilsemalergia.com.br\/loja_abbaa\/#website","url":"https:\/\/brasilsemalergia.com.br\/loja_abbaa\/","name":"Loja Abbaa","description":"","publisher":{"@id":"https:\/\/brasilsemalergia.com.br\/loja_abbaa\/#organization"},"potentialAction":[{"@type":"SearchAction","target":{"@type":"EntryPoint","urlTemplate":"https:\/\/brasilsemalergia.com.br\/loja_abbaa\/?s={search_term_string}"},"query-input":"required name=search_term_string"}],"inLanguage":"pt-BR"},{"@type":"Organization","@id":"https:\/\/brasilsemalergia.com.br\/loja_abbaa\/#organization","name":"Loja Abbaa","url":"https:\/\/brasilsemalergia.com.br\/loja_abbaa\/","logo":{"@type":"ImageObject","inLanguage":"pt-BR","@id":"https:\/\/brasilsemalergia.com.br\/loja_abbaa\/#\/schema\/logo\/image\/","url":"https:\/\/brasilsemalergia.com.br\/loja_abbaa\/wp-content\/uploads\/2023\/03\/logo-hor-site.png","contentUrl":"https:\/\/brasilsemalergia.com.br\/loja_abbaa\/wp-content\/uploads\/2023\/03\/logo-hor-site.png","width":440,"height":120,"caption":"Loja Abbaa"},"image":{"@id":"https:\/\/brasilsemalergia.com.br\/loja_abbaa\/#\/schema\/logo\/image\/"}}]}},"_links":{"self":[{"href":"https:\/\/brasilsemalergia.com.br\/loja_abbaa\/wp-json\/wp\/v2\/product\/14932","targetHints":{"allow":["GET"]}}],"collection":[{"href":"https:\/\/brasilsemalergia.com.br\/loja_abbaa\/wp-json\/wp\/v2\/product"}],"about":[{"href":"https:\/\/brasilsemalergia.com.br\/loja_abbaa\/wp-json\/wp\/v2\/types\/product"}],"replies":[{"embeddable":true,"href":"https:\/\/brasilsemalergia.com.br\/loja_abbaa\/wp-json\/wp\/v2\/comments?post=14932"}],"version-history":[{"count":0,"href":"https:\/\/brasilsemalergia.com.br\/loja_abbaa\/wp-json\/wp\/v2\/product\/14932\/revisions"}],"wp:featuredmedia":[{"embeddable":true,"href":"https:\/\/brasilsemalergia.com.br\/loja_abbaa\/wp-json\/wp\/v2\/media\/14933"}],"wp:attachment":[{"href":"https:\/\/brasilsemalergia.com.br\/loja_abbaa\/wp-json\/wp\/v2\/media?parent=14932"}],"wp:term":[{"taxonomy":"product_cat","embeddable":true,"href":"https:\/\/brasilsemalergia.com.br\/loja_abbaa\/wp-json\/wp\/v2\/product_cat?post=14932"},{"taxonomy":"product_tag","embeddable":true,"href":"https:\/\/brasilsemalergia.com.br\/loja_abbaa\/wp-json\/wp\/v2\/product_tag?post=14932"}],"curies":[{"name":"wp","href":"https:\/\/api.w.org\/{rel}","templated":true}]}}